{"id":2,"date":"2025-03-10T17:41:40","date_gmt":"2025-03-10T17:41:40","guid":{"rendered":"https:\/\/skak.is\/icelandic100\/?page_id=2"},"modified":"2025-04-23T17:50:06","modified_gmt":"2025-04-23T17:50:06","slug":"daemi-um-sidu","status":"publish","type":"page","link":"https:\/\/skak.is\/icelandic100\/","title":{"rendered":"Icelandic Open &#8211; 100 \u00e1ra afm\u00e6lism\u00f3t Sk\u00e1ksambands \u00cdslands"},"content":{"rendered":"\r\n<p>(English below)<\/p>\r\n<p>Sk\u00e1ksamband \u00cdslands var stofna\u00f0 \u00ed l\u00e6knisb\u00fasta\u00f0num \u00e1 Bl\u00f6ndu\u00f3si 23. j\u00fan\u00ed 1925. Sex sk\u00e1kf\u00e9l\u00f6g af Nor\u00f0urlandi stofnu\u00f0u sambandi\u00f0. \u00dea\u00f0 voru Sk\u00e1kf\u00e9lag Bl\u00f6ndu\u00f3ss, Sk\u00e1kf\u00e9lag Sau\u00f0\u00e1rkr\u00f3ks, Sk\u00e1kf\u00e9lag H\u00f6rgd\u00e6la, Sk\u00e1kf\u00e9lag Akureyrar, Sk\u00e1kf\u00e9lag Hvammstanga og\u00a0 Sk\u00e1kf\u00e9lag Siglufjar\u00f0ar.\u00a0 \u00derj\u00fa \u00feessara f\u00e9laga eru enn til. Sk\u00e1kf\u00e9l\u00f6g Akureyrar, Sau\u00f0\u00e1rkr\u00f3ks og Siglufjar\u00f0ar.<\/p>\r\n<p>\u00cd tilefni af 100 \u00e1ra afm\u00e6lis Sk\u00e1ksambandsins ver\u00f0ur brug\u00f0i\u00f0 \u00e1 leik. Opna \u00cdslandsm\u00f3ti\u00f0 \u00ed sk\u00e1k (Icelandic Open) ver\u00f0ur haldi\u00f0 \u00e1 Bl\u00f6ndu\u00f3si dagana\u00a0<strong>15.-21. j\u00fan\u00ed.\u00a0<\/strong>M\u00f3ti\u00f0 fer fram vi\u00f0 afar skemmtilegar a\u00f0st\u00e6\u00f0ur \u00ed\u00a0<a href=\"https:\/\/hotelblonduos.is\/is\/kruttid\/\">Kr\u00fattinu<\/a>\u00a0sem \u00e1\u00f0ur h\u00fdsti brau\u00f0ger\u00f0ina Kr\u00fatti\u00f0.<\/p>\r\n<p><strong>A\u00f0alfundur Sk\u00e1ksambands \u00cdslands<\/strong>\u00a0ver\u00f0ur haldinn laugardaginn\u00a0<strong>14. j\u00fan\u00ed<\/strong>\u00a0\u00ed f\u00e9lagsheimilinu \u00e1 Bl\u00f6ndu\u00f3si. Fyrir m\u00f3t mun fr\u00e1farandi stj\u00f3rn S\u00cd halda sinn s\u00ed\u00f0asta stj\u00f3rnarfund \u00ed l\u00e6knish\u00fasinu og eftir a\u00f0alfundinn mun n\u00fd stj\u00f3rn halda sinn fyrsta stj\u00f3rnarfund \u00ed sama h\u00fasi!<\/p>\r\n<p>A\u00f0 lokinni s\u00ed\u00f0ustu umfer\u00f0 m\u00f3tsins, laugardaginn,\u00a0<strong>21. j\u00fan\u00ed<\/strong>, fer fram afm\u00e6lish\u00e1t\u00ed\u00f0 S\u00cd me\u00f0 h\u00e1t\u00ed\u00f0arkv\u00f6ldver\u00f0i.<\/p>\r\n<p><strong>Sunnudaginn, 22. j\u00fan\u00ed<\/strong>, fer fram\u00a0<strong>Bl\u00f6ndu\u00f3s Blitz<\/strong>\u00a0sem ver\u00f0ur sterkt hra\u00f0sk\u00e1km\u00f3t v\u00e6ntanlega me\u00f0 \u00fe\u00e1ttt\u00f6ku \u00feekktra erlenda sk\u00e1kmanna.<\/p>\r\n<p>Alls konar skemmtilegir hli\u00f0arvi\u00f0bur\u00f0ir fara fram m\u00f3tinu samhli\u00f0a. N\u00e1nar um \u00fea\u00f0 s\u00ed\u00f0ar!<\/p>\r\n<p>H\u00e6gt ver\u00f0ur a\u00f0 fyrir \u00e1hugasama, \u00fe\u00e1 sem vilja s\u00e6kja a\u00f0alfundinn e\u00f0a Bl\u00f6ndu\u00f3s Blitz a\u00f0 f\u00e1 herbergi \u00ed H\u00f3tel Bl\u00f6ndu\u00f3si e\u00f0a \u00ed sumarb\u00fast\u00f6\u00f0um \u00ed Gla\u00f0heimum \u00e1 g\u00f3\u00f0um kj\u00f6rum.<\/p>\r\n<p><strong>*** ENGLISH ***<\/strong><\/p>\r\n<p class=\"\" data-start=\"62\" data-end=\"441\"><strong data-start=\"62\" data-end=\"164\">The Icelandic Chess Federation was founded in the doctor\u2019s residence in Bl\u00f6ndu\u00f3s on June 23, 1925.<\/strong><br data-start=\"164\" data-end=\"167\" \/>Six chess clubs from North Iceland founded the federation. These were the chess clubs of Bl\u00f6ndu\u00f3s, Sau\u00f0\u00e1rkr\u00f3kur, H\u00f6rg\u00e1rdalur, Akureyri, Hvammstangi, and Siglufj\u00f6r\u00f0ur.<br data-start=\"333\" data-end=\"336\" \/>Three of these clubs are still active today: the chess clubs of Akureyri, Sau\u00f0\u00e1rkr\u00f3kur, and Siglufj\u00f6r\u00f0ur.<\/p>\r\n<p class=\"\" data-start=\"443\" data-end=\"730\"><strong data-start=\"443\" data-end=\"547\">To celebrate the 100th anniversary of the Icelandic Chess Federation, a special event is being held.<\/strong><br data-start=\"547\" data-end=\"550\" \/>The Icelandic Open will take place in Bl\u00f6ndu\u00f3s from June 15\u201321. The tournament will be held in a charming venue called <em data-start=\"669\" data-end=\"678\">Kr\u00fatti\u00f0<\/em>, which previously housed a bakery by the same name.<\/p>\r\n<p class=\"\" data-start=\"732\" data-end=\"1069\">The <strong data-start=\"736\" data-end=\"796\">Annual General Meeting of the Icelandic Chess Federation<\/strong> will be held on <strong data-start=\"813\" data-end=\"834\">Saturday, June 14<\/strong>, in the community center in Bl\u00f6ndu\u00f3s. Before the tournament, the outgoing board of the federation will hold its final board meeting in the old doctor\u2019s house, and after the AGM, the new board will hold its first meeting there as well!<\/p>\r\n<p class=\"\" data-start=\"1071\" data-end=\"1231\"><strong data-start=\"1071\" data-end=\"1118\">Following the final round of the tournament<\/strong>, on <strong data-start=\"1123\" data-end=\"1144\">Saturday, June 21<\/strong>, a <strong data-start=\"1148\" data-end=\"1174\">centennial celebration<\/strong> of the federation will take place with a festive dinner.<\/p>\r\n<p class=\"\" data-start=\"1233\" data-end=\"1378\">On <strong data-start=\"1236\" data-end=\"1255\">Sunday, June 22<\/strong>, the <strong data-start=\"1261\" data-end=\"1279\">Bl\u00f6ndu\u00f3s Blitz<\/strong> will be held \u2014 a strong blitz tournament, likely featuring well-known international chess players.<\/p>\r\n<p class=\"\" data-start=\"1380\" data-end=\"1480\">Various fun side events will take place alongside the tournament \u2014 more information on that to come!<\/p>\r\n<p class=\"\" data-start=\"1482\" data-end=\"1664\"><strong data-start=\"1482\" data-end=\"1499\">Accommodation<\/strong> will be available at <strong data-start=\"1521\" data-end=\"1539\">Hotel Bl\u00f6ndu\u00f3s<\/strong> or in <strong data-start=\"1546\" data-end=\"1579\">summer cottages in Gla\u00f0heimar<\/strong> at reasonable rates for those interested in attending the AGM or the Bl\u00f6ndu\u00f3s Blitz.<\/p>\r\n<p data-start=\"1482\" data-end=\"1664\">Contact: <a href=\"mailto:icelandicopen@gmail.com\">icelandicopen@gmail.com\u00a0<\/a><\/p>\r\n","protected":false},"excerpt":{"rendered":"<p>(English below) Sk\u00e1ksamband \u00cdslands var stofna\u00f0 \u00ed l\u00e6knisb\u00fasta\u00f0num \u00e1 Bl\u00f6ndu\u00f3si 23. j\u00fan\u00ed 1925. Sex sk\u00e1kf\u00e9l\u00f6g af Nor\u00f0urlandi stofnu\u00f0u sambandi\u00f0. \u00dea\u00f0 voru Sk\u00e1kf\u00e9lag Bl\u00f6ndu\u00f3ss, Sk\u00e1kf\u00e9lag Sau\u00f0\u00e1rkr\u00f3ks, Sk\u00e1kf\u00e9lag H\u00f6rgd\u00e6la, Sk\u00e1kf\u00e9lag Akureyrar, Sk\u00e1kf\u00e9lag Hvammstanga og\u00a0 Sk\u00e1kf\u00e9lag Siglufjar\u00f0ar.\u00a0 \u00derj\u00fa \u00feessara f\u00e9laga eru enn til. Sk\u00e1kf\u00e9l\u00f6g Akureyrar, Sau\u00f0\u00e1rkr\u00f3ks og Siglufjar\u00f0ar. \u00cd tilefni af 100 \u00e1ra afm\u00e6lis Sk\u00e1ksambandsins ver\u00f0ur brug\u00f0i\u00f0 \u00e1 [&hellip;]<\/p>\n","protected":false},"author":6,"featured_media":0,"parent":0,"menu_order":0,"comment_status":"closed","ping_status":"open","template":"","meta":{"footnotes":""},"class_list":["post-2","page","type-page","status-publish","hentry"],"_links":{"self":[{"href":"https:\/\/skak.is\/icelandic100\/wp-json\/wp\/v2\/pages\/2","targetHints":{"allow":["GET"]}}],"collection":[{"href":"https:\/\/skak.is\/icelandic100\/wp-json\/wp\/v2\/pages"}],"about":[{"href":"https:\/\/skak.is\/icelandic100\/wp-json\/wp\/v2\/types\/page"}],"author":[{"embeddable":true,"href":"https:\/\/skak.is\/icelandic100\/wp-json\/wp\/v2\/users\/6"}],"replies":[{"embeddable":true,"href":"https:\/\/skak.is\/icelandic100\/wp-json\/wp\/v2\/comments?post=2"}],"version-history":[{"count":5,"href":"https:\/\/skak.is\/icelandic100\/wp-json\/wp\/v2\/pages\/2\/revisions"}],"predecessor-version":[{"id":71,"href":"https:\/\/skak.is\/icelandic100\/wp-json\/wp\/v2\/pages\/2\/revisions\/71"}],"wp:attachment":[{"href":"https:\/\/skak.is\/icelandic100\/wp-json\/wp\/v2\/media?parent=2"}],"curies":[{"name":"wp","href":"https:\/\/api.w.org\/{rel}","templated":true}]}}