{"id":40,"date":"2025-03-11T16:32:42","date_gmt":"2025-03-11T16:32:42","guid":{"rendered":"https:\/\/skak.is\/icelandic100\/?page_id=40"},"modified":"2025-06-15T12:24:02","modified_gmt":"2025-06-15T12:24:02","slug":"dagskra-schedule","status":"publish","type":"page","link":"https:\/\/skak.is\/icelandic100\/dagskra-schedule\/","title":{"rendered":"Dagskr\u00e1\/Schedule"},"content":{"rendered":"<p><strong>F\u00f6studagurinn, 13. j\u00fan\u00ed<\/strong><\/p>\n<p>18:00: Sm\u00e1b\u00e6jarm\u00f3ti\u00f0 \u00ed sk\u00e1k (F\u00e9lagsheimili\u00f0)<\/p>\n<p><strong>Laugardagurinn, 14. j\u00fan\u00ed<\/strong><\/p>\n<p>13:00: A\u00f0alfundur S\u00cd (B\u00ed\u00f3salurinn \u00ed F\u00e9lagsheimilinu)<\/p>\n<p><strong>Sunnudagurinn, 15. j\u00fan\u00ed<\/strong><\/p>\n<p>13:00: Bikarsyrpa st\u00falkna (H\u00f3tel Bl\u00f6ndu\u00f3si)<\/p>\n<p>15:00: Icelandic Open (1. umfer\u00f0)<\/p>\n<p><strong>M\u00e1nudagurinn, 16. j\u00fan\u00ed<\/strong><\/p>\n<p>10:00: Icelandic Open (2. umfer\u00f0)<\/p>\n<p>16:00: Icelandic Open (3. umfer\u00f0)<\/p>\n<p>20:30: Sk\u00e1k Pub Quiz B&amp;S Restaurant<\/p>\n<p><strong>\u00deri\u00f0judagurinn, 17. j\u00fan\u00ed<\/strong><\/p>\n<p>13:00: Opnum \u00fatitafls<\/p>\n<p>15:00: Fj\u00f6ltefli \u00ed H\u00fanask\u00f3la<\/p>\n<p>16:00: Icelandic Open (4.umfer\u00f0)<\/p>\n<p><strong>Mi\u00f0vikudagurinn, 18. j\u00fan\u00ed<\/strong><\/p>\n<p>10:00: Icelandic Open (5. umfer\u00f0)<\/p>\n<p>16:00: Icelandic Open (6. umfer\u00f0)<\/p>\n<p>20:30: Sk\u00e1kp\u00edla \u00ed Ap\u00f3tekarastofunni<\/p>\n<p><strong>Fimmtudagurinn, 19. j\u00fan\u00ed<\/strong><\/p>\n<p>Golfm\u00f3t \u00e1 Vatnahverfisvelli<\/p>\n<p>15:00: Icelandic Open (7. umfer\u00f0)<\/p>\n<p><strong>F\u00f6studagurinn, 20. j\u00fan\u00ed<\/strong><\/p>\n<p>15:00: Icelandic Open (8. umfer\u00f0)<\/p>\n<p>16:00: Meistaram\u00f3t H\u00fanabygg\u00f0ar \u00e1 H\u00f3tel Bl\u00f6ndu\u00f3si<\/p>\n<p><strong>Laugardagurinn, 21. j\u00fan\u00ed<\/strong><\/p>\n<p>09:00: Icelandic Open (9. umfer\u00f0)<\/p>\n<p>14:30: Icelandic Open (Aukakeppni \u2013 ef \u00fearf)<\/p>\n<p>19:00: Fordrykkur og ver\u00f0launaafhending<\/p>\n<p>20:00: H\u00e1t\u00ed\u00f0arkv\u00f6ldver\u00f0ur<\/p>\n<p><strong>Sunnudagurinn, 21. j\u00fan\u00ed<\/strong><\/p>\n<p>13:00: Bl\u00f6ndu\u00f3s Blitz \u00ed F\u00e9lagsheimilinu<\/p>\n","protected":false},"excerpt":{"rendered":"<p>F\u00f6studagurinn, 13. j\u00fan\u00ed 18:00: Sm\u00e1b\u00e6jarm\u00f3ti\u00f0 \u00ed sk\u00e1k (F\u00e9lagsheimili\u00f0) Laugardagurinn, 14. j\u00fan\u00ed 13:00: A\u00f0alfundur S\u00cd (B\u00ed\u00f3salurinn \u00ed F\u00e9lagsheimilinu) Sunnudagurinn, 15. j\u00fan\u00ed 13:00: Bikarsyrpa st\u00falkna (H\u00f3tel Bl\u00f6ndu\u00f3si) 15:00: Icelandic Open (1. umfer\u00f0) M\u00e1nudagurinn, 16. j\u00fan\u00ed 10:00: Icelandic Open (2. umfer\u00f0) 16:00: Icelandic Open (3. umfer\u00f0) 20:30: Sk\u00e1k Pub Quiz B&amp;S Restaurant \u00deri\u00f0judagurinn, 17. j\u00fan\u00ed 13:00: Opnum \u00fatitafls [&hellip;]<\/p>\n","protected":false},"author":7,"featured_media":0,"parent":0,"menu_order":0,"comment_status":"closed","ping_status":"closed","template":"","meta":{"footnotes":""},"class_list":["post-40","page","type-page","status-publish","hentry"],"_links":{"self":[{"href":"https:\/\/skak.is\/icelandic100\/wp-json\/wp\/v2\/pages\/40","targetHints":{"allow":["GET"]}}],"collection":[{"href":"https:\/\/skak.is\/icelandic100\/wp-json\/wp\/v2\/pages"}],"about":[{"href":"https:\/\/skak.is\/icelandic100\/wp-json\/wp\/v2\/types\/page"}],"author":[{"embeddable":true,"href":"https:\/\/skak.is\/icelandic100\/wp-json\/wp\/v2\/users\/7"}],"replies":[{"embeddable":true,"href":"https:\/\/skak.is\/icelandic100\/wp-json\/wp\/v2\/comments?post=40"}],"version-history":[{"count":6,"href":"https:\/\/skak.is\/icelandic100\/wp-json\/wp\/v2\/pages\/40\/revisions"}],"predecessor-version":[{"id":94,"href":"https:\/\/skak.is\/icelandic100\/wp-json\/wp\/v2\/pages\/40\/revisions\/94"}],"wp:attachment":[{"href":"https:\/\/skak.is\/icelandic100\/wp-json\/wp\/v2\/media?parent=40"}],"curies":[{"name":"wp","href":"https:\/\/api.w.org\/{rel}","templated":true}]}}