{"id":47,"date":"2025-03-11T17:13:57","date_gmt":"2025-03-11T17:13:57","guid":{"rendered":"https:\/\/skak.is\/icelandic100\/?page_id=47"},"modified":"2025-05-30T12:53:27","modified_gmt":"2025-05-30T12:53:27","slug":"gisting-accomodation","status":"publish","type":"page","link":"https:\/\/skak.is\/icelandic100\/gisting-accomodation\/","title":{"rendered":"Gisting \/ Accomodation"},"content":{"rendered":"<p>\u00c1 Bl\u00f6ndu\u00f3si eru nokkrir sta\u00f0ir sem bj\u00f3\u00f0a upp \u00e1 gistingu og hefur Sk\u00e1ksambandi\u00f0<br \/>\nsami\u00f0 vi\u00f0 H\u00f3tel Bl\u00f6ndu\u00f3s og Gla\u00f0heima um s\u00e9rstakt tilbo\u00f0 fyrir \u00fe\u00e1 sem s\u00e6kja m\u00f3ti\u00f0<br \/>\nheim.<\/p>\n<p>\u00c1 heimas\u00ed\u00f0u Pr\u00f3njagle\u00f0i m\u00e1 finna gott yfirlit yfir gistista\u00f0i \u00ed Bl\u00f6ndu\u00f3si og n\u00e1grennis.<\/p>\n<p><a href=\"https:\/\/prjonagledi.is\/pages\/gisting-1\">N\u00e1nar h\u00e9r<\/a><\/p>\n<p>&#8212;&#8212;&#8212;&#8212;&#8212;&#8212;&#8212;&#8211;<\/p>\n<p>H\u00f3tel Bl\u00f6ndu\u00f3s er sta\u00f0sett \u00ed Gamla B\u00e6num og rekur jafnframt veitingasta\u00f0 og bar.<br \/>\n\u00deau bj\u00f3\u00f0a upp \u00e1 \u00fdmis tilbo\u00f0 fyrir sk\u00e1kgesti \u00e1 me\u00f0an \u00e1 m\u00f3tinu stendur og \u00ed<br \/>\na\u00f0draganda \u00feess. Tilbo\u00f0in ver\u00f0a augl\u00fdst n\u00e1nar s\u00ed\u00f0ar. \u00c1 bo\u00f0st\u00f3lnum ver\u00f0ur me\u00f0al<br \/>\nannars s\u00e9rstakur sk\u00e1kse\u00f0ill, hamingjustund og fleira skemmtilegt og hagst\u00e6tt.<br \/>\nH\u00f3teli\u00f0 mun ver\u00f0a mi\u00f0punktur m\u00f3tsins og er t.d. Kr\u00fatti\u00f0 \u00fear sem m\u00f3ti\u00f0 fer fram<br \/>\neinungis 29,5 skrefum fr\u00e1 anddyri h\u00f3telsins. Morgunver\u00f0ar- og veitingasalur<br \/>\nh\u00f3telsins er \u00e1 jar\u00f0h\u00e6\u00f0inni l\u00edkt og m\u00f3ttaka h\u00f3telsins. \u00c1 sama sv\u00e6\u00f0i, e\u00f0a uppi \u00e1 palli<br \/>\ner barinn S\u00fdsluma\u00f0urinn sta\u00f0settur og \u00fear munu lifandi sk\u00e1kl\u00fdsingar fara fram.<br \/>\nS\u00fdsluma\u00f0urinn og veitingasalurinn ver\u00f0ur opinn \u00ed takt vi\u00f0 dagskr\u00e1 m\u00f3tsins.<br \/>\nMitt \u00e1 milli H\u00f3tel Bl\u00f6ndu\u00f3s og Kr\u00fattsins er Ap\u00f3tekarastofan \u00fear sem h\u00e6gt ver\u00f0ur a\u00f0<br \/>\nn\u00e6la s\u00e9r \u00ed l\u00e9ttan bita, s\u00fapur, kaffi og l\u00e9ttar veitingar.<\/p>\n<p>\u00c1 Bl\u00f6ndu\u00f3si er einnig E\u00fe\u00ed\u00f3p\u00edskur veitingasta\u00f0ur sem heitir Teni og h\u00f6fum vi\u00f0 vi\u00f0ra\u00f0<br \/>\n\u00fea\u00f0 vi\u00f0 rekstrara\u00f0ila \u00fear a\u00f0 vera me\u00f0 s\u00e9rst\u00f6k sk\u00e1ktilbo\u00f0 sem ver\u00f0a kynnt s\u00ed\u00f0ar. R\u00e9tt<br \/>\nvi\u00f0 \u00fej\u00f3\u00f0veginn er svo veitingasta\u00f0urinn B&amp;S sem b\u00ed\u00f0ur upp \u00e1 r\u00e9tti dagsins \u00e1samt<br \/>\ng\u00f3\u00f0u \u00farvali af allskyns g\u00f3\u00f0g\u00e6ti. Rekstrara\u00f0ilar \u00fear t\u00f3ku l\u00edka vel \u00ed \u00fea\u00f0 a\u00f0 bj\u00f3\u00f0a upp \u00e1<br \/>\ns\u00e9rst\u00f6k tilbo\u00f0 og s\u00e9rstakan sk\u00e1kse\u00f0il fyrir m\u00f3tsgesti og ver\u00f0a \u00feau tilbo\u00f0 s\u00f6mulei\u00f0is<br \/>\nkynnt s\u00ed\u00f0ar.<\/p>\n<p>&#8212;&#8212;&#8212;&#8212;&#8212;&#8212;&#8212;&#8212;<\/p>\n<p>Gla\u00f0heimar eru sta\u00f0settir h\u00e6gra megin vi\u00f0 \u00fej\u00f3\u00f0veginn vi\u00f0 N1 og bj\u00f3\u00f0a \u00feeir upp\u00e1<br \/>\nnokkrar tegundir h\u00fasa \u00ed gistingu fyrir allt a\u00f0 8 manns saman \u00ed b\u00fasta\u00f0. Ver\u00f0 \u00e1 gistingu<br \/>\nfyrir 7 n\u00e6tur er allt fr\u00e1 49.000 kr \u00e1 mann, allt eftir \u00fev\u00ed hva\u00f0a gisting er valin.<br \/>\nH\u00e9r a\u00f0 ne\u00f0an m\u00e1 sj\u00e1 sundurli\u00f0un \u00e1 ver\u00f0um hj\u00e1 H\u00f3tel Bl\u00f6ndu\u00f3si og Gla\u00f0heimum.<\/p>\n<p>Innifali\u00f0 \u00ed ver\u00f0i hj\u00e1 H\u00f3telinu er morgunver\u00f0ur og er veittur 5% auka afsl\u00e1ttur s\u00e9 b\u00f3ka\u00f0<br \/>\nfyrir 31.mars n.k. Jafnframt \u00fearf a\u00f0 lj\u00faka vi\u00f0 b\u00f3kun hj\u00e1 Gla\u00f0heimum fyrir 31.mars \u00fear<br \/>\nsem h\u00fasin eru fr\u00e1tekin \u00e1 s\u00e9rver\u00f0um fyrir Sk\u00e1ksambandi\u00f0.<\/p>\n<p><strong>Athugi\u00f0 a\u00f0 \u00feessi ver\u00f0 eru \u00ed gildi til 31.mars og gildir hin\u00a0gamla tugga, fyrstur kemur fyrstur f\u00e6r!<\/strong><\/p>\n<p>&nbsp;<\/p>\n<p>************* IN ENGLISH ****************<\/p>\n<p data-start=\"54\" data-end=\"252\">In Bl\u00f6ndu\u00f3s, there are several places offering accommodation, and the Icelandic Chess Federation has arranged a special offer with H\u00f3tel Bl\u00f6ndu\u00f3s and Gla\u00f0heimar for those attending the tournament.<\/p>\n<p data-start=\"254\" data-end=\"1021\">H\u00f3tel Bl\u00f6ndu\u00f3s is located in the Old Town and also operates a restaurant and bar. They will offer various deals for chess guests during and leading up to the tournament. The offers will be announced later. Among other things, there will be a special chess menu, a happy hour, and other enjoyable and affordable options. The hotel will be the central hub of the tournament, and for example, Kr\u00fatti\u00f0, where the tournament takes place, is only 29.5 steps from the hotel entrance. The breakfast and dining hall are on the ground floor, along with the hotel reception. In the same area, or on the upper level, is the bar &#8220;S\u00fdsluma\u00f0urinn,&#8221; where live chess commentary will be held. S\u00fdsluma\u00f0urinn and the dining hall will be open in accordance with the tournament schedule.<\/p>\n<p data-start=\"1023\" data-end=\"1142\">Between H\u00f3tel Bl\u00f6ndu\u00f3s and Kr\u00fatti\u00f0 is Ap\u00f3tekarastofan, where guests can grab a light meal, soups, coffee, and snacks.<\/p>\n<p data-start=\"1144\" data-end=\"1589\">Bl\u00f6ndu\u00f3s also has an Ethiopian restaurant called Teni, and we have discussed with its operators the possibility of offering special chess deals, which will be announced later. Right by the main road is the restaurant B&amp;S, which serves daily specials along with a great selection of various treats. The operators there have also agreed to offer special deals and a dedicated chess menu for tournament guests, which will also be announced later.<\/p>\n<p data-start=\"1591\" data-end=\"1854\">Gla\u00f0heimar is located on the right side of the main road near the N1 gas station and offers various types of accommodation for up to 8 people per cabin. The price for a 7-night stay starts at 49,000 ISK per person, depending on the type of accommodation chosen.<\/p>\n<p data-start=\"1856\" data-end=\"2208\">Below, you will find a breakdown of prices at H\u00f3tel Bl\u00f6ndu\u00f3s and Gla\u00f0heimar. Breakfast is included in the price at the hotel, and a 5% additional discount is available for bookings made before March 31st. Likewise, bookings at Gla\u00f0heimar must be completed by March 31st, as the cabins are reserved at special rates for the Icelandic Chess Federation.<\/p>\n<p data-start=\"1856\" data-end=\"2208\"><img loading=\"lazy\" decoding=\"async\" class=\"alignnone size-large wp-image-53\" src=\"https:\/\/skak.is\/icelandic100\/wp-content\/uploads\/sites\/19\/2025\/03\/HotelBlonduosGisting-1024x402.png\" alt=\"\" width=\"696\" height=\"273\" srcset=\"https:\/\/skak.is\/icelandic100\/wp-content\/uploads\/sites\/19\/2025\/03\/HotelBlonduosGisting-1024x402.png 1024w, https:\/\/skak.is\/icelandic100\/wp-content\/uploads\/sites\/19\/2025\/03\/HotelBlonduosGisting-300x118.png 300w, https:\/\/skak.is\/icelandic100\/wp-content\/uploads\/sites\/19\/2025\/03\/HotelBlonduosGisting-768x301.png 768w, https:\/\/skak.is\/icelandic100\/wp-content\/uploads\/sites\/19\/2025\/03\/HotelBlonduosGisting-696x273.png 696w, https:\/\/skak.is\/icelandic100\/wp-content\/uploads\/sites\/19\/2025\/03\/HotelBlonduosGisting.png 1032w\" sizes=\"auto, (max-width: 696px) 100vw, 696px\" \/><img loading=\"lazy\" decoding=\"async\" class=\"alignnone size-full wp-image-52\" src=\"https:\/\/skak.is\/icelandic100\/wp-content\/uploads\/sites\/19\/2025\/03\/GladheimarSumarhus.png\" alt=\"\" width=\"904\" height=\"518\" srcset=\"https:\/\/skak.is\/icelandic100\/wp-content\/uploads\/sites\/19\/2025\/03\/GladheimarSumarhus.png 904w, https:\/\/skak.is\/icelandic100\/wp-content\/uploads\/sites\/19\/2025\/03\/GladheimarSumarhus-300x172.png 300w, https:\/\/skak.is\/icelandic100\/wp-content\/uploads\/sites\/19\/2025\/03\/GladheimarSumarhus-768x440.png 768w, https:\/\/skak.is\/icelandic100\/wp-content\/uploads\/sites\/19\/2025\/03\/GladheimarSumarhus-696x399.png 696w, https:\/\/skak.is\/icelandic100\/wp-content\/uploads\/sites\/19\/2025\/03\/GladheimarSumarhus-733x420.png 733w\" sizes=\"auto, (max-width: 904px) 100vw, 904px\" \/><\/p>\n","protected":false},"excerpt":{"rendered":"<p>\u00c1 Bl\u00f6ndu\u00f3si eru nokkrir sta\u00f0ir sem bj\u00f3\u00f0a upp \u00e1 gistingu og hefur Sk\u00e1ksambandi\u00f0 sami\u00f0 vi\u00f0 H\u00f3tel Bl\u00f6ndu\u00f3s og Gla\u00f0heima um s\u00e9rstakt tilbo\u00f0 fyrir \u00fe\u00e1 sem s\u00e6kja m\u00f3ti\u00f0 heim. \u00c1 heimas\u00ed\u00f0u Pr\u00f3njagle\u00f0i m\u00e1 finna gott yfirlit yfir gistista\u00f0i \u00ed Bl\u00f6ndu\u00f3si og n\u00e1grennis. N\u00e1nar h\u00e9r &#8212;&#8212;&#8212;&#8212;&#8212;&#8212;&#8212;&#8211; H\u00f3tel Bl\u00f6ndu\u00f3s er sta\u00f0sett \u00ed Gamla B\u00e6num og rekur jafnframt veitingasta\u00f0 [&hellip;]<\/p>\n","protected":false},"author":6,"featured_media":0,"parent":0,"menu_order":0,"comment_status":"closed","ping_status":"closed","template":"","meta":{"footnotes":""},"class_list":["post-47","page","type-page","status-publish","hentry"],"_links":{"self":[{"href":"https:\/\/skak.is\/icelandic100\/wp-json\/wp\/v2\/pages\/47","targetHints":{"allow":["GET"]}}],"collection":[{"href":"https:\/\/skak.is\/icelandic100\/wp-json\/wp\/v2\/pages"}],"about":[{"href":"https:\/\/skak.is\/icelandic100\/wp-json\/wp\/v2\/types\/page"}],"author":[{"embeddable":true,"href":"https:\/\/skak.is\/icelandic100\/wp-json\/wp\/v2\/users\/6"}],"replies":[{"embeddable":true,"href":"https:\/\/skak.is\/icelandic100\/wp-json\/wp\/v2\/comments?post=47"}],"version-history":[{"count":7,"href":"https:\/\/skak.is\/icelandic100\/wp-json\/wp\/v2\/pages\/47\/revisions"}],"predecessor-version":[{"id":78,"href":"https:\/\/skak.is\/icelandic100\/wp-json\/wp\/v2\/pages\/47\/revisions\/78"}],"wp:attachment":[{"href":"https:\/\/skak.is\/icelandic100\/wp-json\/wp\/v2\/media?parent=47"}],"curies":[{"name":"wp","href":"https:\/\/api.w.org\/{rel}","templated":true}]}}