{"id":48,"date":"2021-03-05T11:31:32","date_gmt":"2021-03-05T11:31:32","guid":{"rendered":"https:\/\/skak.is\/islandsbikarinn\/?page_id=48"},"modified":"2021-03-08T12:20:29","modified_gmt":"2021-03-08T12:20:29","slug":"forsida","status":"publish","type":"page","link":"https:\/\/skak.is\/islandsbikarinn\/","title":{"rendered":"Fors\u00ed\u00f0a"},"content":{"rendered":"<div id=\"td_uid_1_69e6eabcd5892\" class=\"tdc-row\"><div class=\"vc_row td_uid_1_69e6eabcd5898_rand  wpb_row td-pb-row\" >\n<style scoped>\n\n\/* custom css *\/\n.td_uid_1_69e6eabcd5898_rand {\r\n                    min-height: 0;\r\n                }\n<\/style><div class=\"vc_column td_uid_2_69e6eabcd59f7_rand  wpb_column vc_column_container tdc-column td-pb-span12\"><div class=\"wpb_wrapper\"><div class=\"td_block_wrap td_block_big_grid_12 td_uid_3_69e6eabcd5ab9_rand td-grid-style-1 td-hover-1 td-big-grids td-pb-border-top td_block_template_1\"  data-td-block-uid=\"td_uid_3_69e6eabcd5ab9\" ><div id=td_uid_3_69e6eabcd5ab9 class=\"td_block_inner\"><div class=\"td-big-grid-wrapper\">\r\n        <div class=\"td_module_mx5 td-animation-stack td-big-grid-post-0 td-big-grid-post td-big-thumb\">\r\n            <div class=\"td-module-thumb\"><a href=\"https:\/\/skak.is\/islandsbikarinn\/2021\/03\/14\/hjovar-steinn-vann-islandsbikarinn-faer-keppnisrett-a-heimsbikarmotinu-i-skak\/\" rel=\"bookmark\" class=\"td-image-wrap\" title=\"Hj\u00f6rvar Steinn vann \u00cdslandsbikarinn &#8211; f\u00e6r keppnisr\u00e9tt \u00e1 Heimsbikarm\u00f3tinu \u00ed sk\u00e1k!\"><img loading=\"lazy\" decoding=\"async\" width=\"534\" height=\"462\" class=\"entry-thumb\" src=\"https:\/\/skak.is\/islandsbikarinn\/wp-content\/uploads\/sites\/15\/2021\/03\/20210314_164839-scaled-534x462.jpg\" alt=\"\" title=\"Hj\u00f6rvar Steinn vann \u00cdslandsbikarinn &#8211; f\u00e6r keppnisr\u00e9tt \u00e1 Heimsbikarm\u00f3tinu \u00ed sk\u00e1k!\"\/><\/a><\/div>            <div class=\"td-meta-info-container\">\r\n                <div class=\"td-meta-align\">\r\n                    <div class=\"td-big-grid-meta\">\r\n                        <a href=\"https:\/\/skak.is\/islandsbikarinn\/category\/frettir\/\" class=\"td-post-category\">Fr\u00e9ttir<\/a>                        <h3 class=\"entry-title td-module-title\"><a href=\"https:\/\/skak.is\/islandsbikarinn\/2021\/03\/14\/hjovar-steinn-vann-islandsbikarinn-faer-keppnisrett-a-heimsbikarmotinu-i-skak\/\" rel=\"bookmark\" title=\"Hj\u00f6rvar Steinn vann \u00cdslandsbikarinn &#8211; f\u00e6r keppnisr\u00e9tt \u00e1 Heimsbikarm\u00f3tinu \u00ed sk\u00e1k!\">Hj\u00f6rvar Steinn vann \u00cdslandsbikarinn &#8211; f\u00e6r keppnisr\u00e9tt \u00e1 Heimsbikarm\u00f3tinu \u00ed sk\u00e1k!<\/a><\/h3>                    <\/div>\r\n                    <div class=\"td-module-meta-info\">\r\n                        <span class=\"td-post-author-name\"><a href=\"https:\/\/skak.is\/islandsbikarinn\/author\/gunnar\/\">Gunnar Bj\u00f6rnsson<\/a> <span>-<\/span> <\/span>                        <span class=\"td-post-date\"><time class=\"entry-date updated td-module-date\" datetime=\"2021-03-14T19:17:53+00:00\" >14. mars, 2021<\/time><\/span>                    <\/div>\r\n                <\/div>\r\n            <\/div>\r\n\r\n        <\/div>\r\n\r\n        \r\n        <div class=\"td_module_mx11 td-animation-stack td-big-grid-post-1 td-big-grid-post td-medium-thumb\">\r\n            <div class=\"td-module-thumb\"><a href=\"https:\/\/skak.is\/islandsbikarinn\/2021\/03\/14\/naer-hannes-ad-jafna-metin-gegn-hjorvari-skak-dagsins-byrjar-kl-14\/\" rel=\"bookmark\" class=\"td-image-wrap\" title=\"N\u00e6r Hannes a\u00f0 jafna metin gegn Hj\u00f6rvari? Sk\u00e1k dagsins byrjar kl. 14.\"><img loading=\"lazy\" decoding=\"async\" width=\"533\" height=\"261\" class=\"entry-thumb\" src=\"https:\/\/skak.is\/islandsbikarinn\/wp-content\/uploads\/sites\/15\/2021\/03\/Hannes-og-Hjorvar-533x261.jpg\" srcset=\"https:\/\/skak.is\/islandsbikarinn\/wp-content\/uploads\/sites\/15\/2021\/03\/Hannes-og-Hjorvar-533x261.jpg 533w, https:\/\/skak.is\/islandsbikarinn\/wp-content\/uploads\/sites\/15\/2021\/03\/Hannes-og-Hjorvar-324x160.jpg 324w\" sizes=\"auto, (max-width: 533px) 100vw, 533px\" alt=\"\" title=\"N\u00e6r Hannes a\u00f0 jafna metin gegn Hj\u00f6rvari? Sk\u00e1k dagsins byrjar kl. 14.\"\/><\/a><\/div>            <div class=\"td-meta-info-container\">\r\n                <div class=\"td-meta-align\">\r\n                    <div class=\"td-big-grid-meta\">\r\n                        <a href=\"https:\/\/skak.is\/islandsbikarinn\/category\/frettir\/\" class=\"td-post-category\">Fr\u00e9ttir<\/a>                        <h3 class=\"entry-title td-module-title\"><a href=\"https:\/\/skak.is\/islandsbikarinn\/2021\/03\/14\/naer-hannes-ad-jafna-metin-gegn-hjorvari-skak-dagsins-byrjar-kl-14\/\" rel=\"bookmark\" title=\"N\u00e6r Hannes a\u00f0 jafna metin gegn Hj\u00f6rvari? Sk\u00e1k dagsins byrjar kl. 14.\">N\u00e6r Hannes a\u00f0 jafna metin gegn Hj\u00f6rvari? Sk\u00e1k dagsins byrjar kl. 14.<\/a><\/h3>                    <\/div>\r\n                <\/div>\r\n            <\/div>\r\n\r\n        <\/div>\r\n\r\n        \r\n        <div class=\"td_module_mx11 td-animation-stack td-big-grid-post-2 td-big-grid-post td-medium-thumb\">\r\n            <div class=\"td-module-thumb\"><a href=\"https:\/\/skak.is\/islandsbikarinn\/2021\/03\/13\/hjorvar-vann-hannes-med-svortu-hannes-tharf-ad-sigur-a-morgun\/\" rel=\"bookmark\" class=\"td-image-wrap\" title=\"Hj\u00f6rvar vann Hannes me\u00f0 sv\u00f6rtu &#8211; Hannes \u00fearf a\u00f0 vinna \u00e1 morgun\"><img loading=\"lazy\" decoding=\"async\" width=\"533\" height=\"261\" class=\"entry-thumb\" src=\"https:\/\/skak.is\/islandsbikarinn\/wp-content\/uploads\/sites\/15\/2021\/03\/160222115_10159583846793291_6692110593120197212_o-533x261.jpg\" srcset=\"https:\/\/skak.is\/islandsbikarinn\/wp-content\/uploads\/sites\/15\/2021\/03\/160222115_10159583846793291_6692110593120197212_o-533x261.jpg 533w, https:\/\/skak.is\/islandsbikarinn\/wp-content\/uploads\/sites\/15\/2021\/03\/160222115_10159583846793291_6692110593120197212_o-324x160.jpg 324w\" sizes=\"auto, (max-width: 533px) 100vw, 533px\" alt=\"\" title=\"Hj\u00f6rvar vann Hannes me\u00f0 sv\u00f6rtu &#8211; Hannes \u00fearf a\u00f0 vinna \u00e1 morgun\"\/><\/a><\/div>            <div class=\"td-meta-info-container\">\r\n                <div class=\"td-meta-align\">\r\n                    <div class=\"td-big-grid-meta\">\r\n                        <a href=\"https:\/\/skak.is\/islandsbikarinn\/category\/frettir\/\" class=\"td-post-category\">Fr\u00e9ttir<\/a>                        <h3 class=\"entry-title td-module-title\"><a href=\"https:\/\/skak.is\/islandsbikarinn\/2021\/03\/13\/hjorvar-vann-hannes-med-svortu-hannes-tharf-ad-sigur-a-morgun\/\" rel=\"bookmark\" title=\"Hj\u00f6rvar vann Hannes me\u00f0 sv\u00f6rtu &#8211; Hannes \u00fearf a\u00f0 vinna \u00e1 morgun\">Hj\u00f6rvar vann Hannes me\u00f0 sv\u00f6rtu &#8211; Hannes \u00fearf a\u00f0 vinna \u00e1 morgun<\/a><\/h3>                    <\/div>\r\n                <\/div>\r\n            <\/div>\r\n\r\n        <\/div>\r\n\r\n        <\/div><div class=\"clearfix\"><\/div><\/div><\/div> <!-- .\/block --><\/div><\/div><\/div><\/div>\r\n\t\t<script>\r\n\r\n\t\t\tjQuery(window).load(function () {\r\n\t\t\t\tjQuery('body').find('#td_uid_1_69e6eabcd5892 .td-element-style').each(function (index, element) {\r\n\t\t\t\t\tjQuery(element).css('opacity', 1);\r\n\t\t\t\t\treturn;\r\n\t\t\t\t});\r\n\t\t\t});\r\n\r\n\t\t<\/script>\r\n\r\n\t\t\r\n\t\t\t<script>\r\n\r\n\t\t\t\tjQuery(window).ready(function () {\r\n\r\n\t\t\t\t\t\/\/ We need timeout because the content must be rendered and interpreted on client\r\n\t\t\t\t\tsetTimeout(function () {\r\n\r\n\t\t\t\t\t\tvar $content = jQuery('body').find('#tdc-live-iframe'),\r\n\t\t\t\t\t\t\trefWindow = undefined;\r\n\r\n\t\t\t\t\t\tif ($content.length) {\r\n\t\t\t\t\t\t\t$content = $content.contents();\r\n\t\t\t\t\t\t\trefWindow = document.getElementById('tdc-live-iframe').contentWindow || document.getElementById('tdc-live-iframe').contentDocument;\r\n\r\n\t\t\t\t\t\t} else {\r\n\t\t\t\t\t\t\t$content = jQuery('body');\r\n\t\t\t\t\t\t\trefWindow = window;\r\n\t\t\t\t\t\t}\r\n\r\n\t\t\t\t\t\t$content.find('#td_uid_1_69e6eabcd5892 .td-element-style').each(function (index, element) {\r\n\t\t\t\t\t\t\tjQuery(element).css('opacity', 1);\r\n\t\t\t\t\t\t\treturn;\r\n\t\t\t\t\t\t});\r\n\t\t\t\t\t});\r\n\r\n\t\t\t\t}, 200);\r\n\t\t\t<\/script>\r\n\r\n\t\t\t<div id=\"td_uid_3_69e6eabcd7be3\" class=\"tdc-row\"><div class=\"vc_row td_uid_4_69e6eabcd7be7_rand  wpb_row td-pb-row\" >\n<style scoped>\n\n\/* custom css *\/\n.td_uid_4_69e6eabcd7be7_rand {\r\n                    min-height: 0;\r\n                }\n<\/style><div class=\"vc_column td_uid_5_69e6eabcd7cd7_rand  wpb_column vc_column_container tdc-column td-pb-span12\"><div class=\"wpb_wrapper\">[vc_text_separator title=&#8220;BEIN L\u00ddSING: INGVAR &amp; BJ\u00d6RN \u00cdVAR&#8220; color=&#8220;black&#8220; border_width=&#8220;3&#8243; el_class=&#8220;lysing_bar&#8220;]<\/div><\/div><\/div><\/div>\r\n\t\t<script>\r\n\r\n\t\t\tjQuery(window).load(function () {\r\n\t\t\t\tjQuery('body').find('#td_uid_3_69e6eabcd7be3 .td-element-style').each(function (index, element) {\r\n\t\t\t\t\tjQuery(element).css('opacity', 1);\r\n\t\t\t\t\treturn;\r\n\t\t\t\t});\r\n\t\t\t});\r\n\r\n\t\t<\/script>\r\n\r\n\t\t\r\n\t\t\t<script>\r\n\r\n\t\t\t\tjQuery(window).ready(function () {\r\n\r\n\t\t\t\t\t\/\/ We need timeout because the content must be rendered and interpreted on client\r\n\t\t\t\t\tsetTimeout(function () {\r\n\r\n\t\t\t\t\t\tvar $content = jQuery('body').find('#tdc-live-iframe'),\r\n\t\t\t\t\t\t\trefWindow = undefined;\r\n\r\n\t\t\t\t\t\tif ($content.length) {\r\n\t\t\t\t\t\t\t$content = $content.contents();\r\n\t\t\t\t\t\t\trefWindow = document.getElementById('tdc-live-iframe').contentWindow || document.getElementById('tdc-live-iframe').contentDocument;\r\n\r\n\t\t\t\t\t\t} else {\r\n\t\t\t\t\t\t\t$content = jQuery('body');\r\n\t\t\t\t\t\t\trefWindow = window;\r\n\t\t\t\t\t\t}\r\n\r\n\t\t\t\t\t\t$content.find('#td_uid_3_69e6eabcd7be3 .td-element-style').each(function (index, element) {\r\n\t\t\t\t\t\t\tjQuery(element).css('opacity', 1);\r\n\t\t\t\t\t\t\treturn;\r\n\t\t\t\t\t\t});\r\n\t\t\t\t\t});\r\n\r\n\t\t\t\t}, 200);\r\n\t\t\t<\/script>\r\n\r\n\t\t\t<div id=\"td_uid_5_69e6eabcd7d17\" class=\"tdc-row\"><div class=\"vc_row td_uid_6_69e6eabcd7d18_rand  wpb_row td-pb-row\" >\n<style scoped>\n\n\/* custom css *\/\n.td_uid_6_69e6eabcd7d18_rand {\r\n                    min-height: 0;\r\n                }\n<\/style><div class=\"vc_column td_uid_7_69e6eabcd7e1e_rand  wpb_column vc_column_container tdc-column td-pb-span12\"><div class=\"wpb_wrapper\"><div class=\"wpb_wrapper wpb_text_column td_block_wrap td_block_wrap vc_column_text td_uid_8_69e6eabcd7eaf_rand  td-pb-border-top td_block_template_1\"  data-td-block-uid=\"td_uid_8_69e6eabcd7eaf\" \"><div class=\"td-block-title-wrap\"><\/div><div class=\"td-fix-index\"><div class=\"stream\"><div class=\"stream\"><iframe loading=\"lazy\" src=\"\/\/fidget.io\/resources\/video\/utsendingskaksamband?from_plugin=true\" frameborder=\"0\" scrolling=\"no\" height=\"378\" width=\"100%\"><\/iframe><\/div><\/div>\n<\/div><\/div><\/div><\/div><\/div><\/div>\r\n\t\t<script>\r\n\r\n\t\t\tjQuery(window).load(function () {\r\n\t\t\t\tjQuery('body').find('#td_uid_5_69e6eabcd7d17 .td-element-style').each(function (index, element) {\r\n\t\t\t\t\tjQuery(element).css('opacity', 1);\r\n\t\t\t\t\treturn;\r\n\t\t\t\t});\r\n\t\t\t});\r\n\r\n\t\t<\/script>\r\n\r\n\t\t\r\n\t\t\t<script>\r\n\r\n\t\t\t\tjQuery(window).ready(function () {\r\n\r\n\t\t\t\t\t\/\/ We need timeout because the content must be rendered and interpreted on client\r\n\t\t\t\t\tsetTimeout(function () {\r\n\r\n\t\t\t\t\t\tvar $content = jQuery('body').find('#tdc-live-iframe'),\r\n\t\t\t\t\t\t\trefWindow = undefined;\r\n\r\n\t\t\t\t\t\tif ($content.length) {\r\n\t\t\t\t\t\t\t$content = $content.contents();\r\n\t\t\t\t\t\t\trefWindow = document.getElementById('tdc-live-iframe').contentWindow || document.getElementById('tdc-live-iframe').contentDocument;\r\n\r\n\t\t\t\t\t\t} else {\r\n\t\t\t\t\t\t\t$content = jQuery('body');\r\n\t\t\t\t\t\t\trefWindow = window;\r\n\t\t\t\t\t\t}\r\n\r\n\t\t\t\t\t\t$content.find('#td_uid_5_69e6eabcd7d17 .td-element-style').each(function (index, element) {\r\n\t\t\t\t\t\t\tjQuery(element).css('opacity', 1);\r\n\t\t\t\t\t\t\treturn;\r\n\t\t\t\t\t\t});\r\n\t\t\t\t\t});\r\n\r\n\t\t\t\t}, 200);\r\n\t\t\t<\/script>\r\n\r\n\t\t\t<div id=\"td_uid_7_69e6eabcd8dab\" class=\"tdc-row\"><div class=\"vc_row td_uid_9_69e6eabcd8db0_rand  wpb_row td-pb-row\" >\n<style scoped>\n\n\/* custom css *\/\n.td_uid_9_69e6eabcd8db0_rand {\r\n                    min-height: 0;\r\n                }\n<\/style><div class=\"vc_column td_uid_10_69e6eabcd8e8f_rand  wpb_column vc_column_container tdc-column td-pb-span12\"><div class=\"wpb_wrapper\"><div class=\"wpb_wrapper wpb_text_column td_block_wrap td_block_wrap vc_column_text td_uid_11_69e6eabcd8f08_rand  td-pb-border-top td_block_template_1\"  data-td-block-uid=\"td_uid_11_69e6eabcd8f08\" \"><div class=\"td-block-title-wrap\"><\/div><div class=\"td-fix-index\"><p><iframe loading=\"lazy\" title=\"BracketCloud Tournament\" src=\"\/\/bracketcloud.com\/embed\/181921\" width=\"1068\" height=\"500\" frameborder=\"0\" scrolling=\"yes\" allowfullscreen=\"allowfullscreen\"><\/iframe><\/p>\n<\/div><\/div><\/div><\/div><\/div><\/div>\r\n\t\t<script>\r\n\r\n\t\t\tjQuery(window).load(function () {\r\n\t\t\t\tjQuery('body').find('#td_uid_7_69e6eabcd8dab .td-element-style').each(function (index, element) {\r\n\t\t\t\t\tjQuery(element).css('opacity', 1);\r\n\t\t\t\t\treturn;\r\n\t\t\t\t});\r\n\t\t\t});\r\n\r\n\t\t<\/script>\r\n\r\n\t\t\r\n\t\t\t<script>\r\n\r\n\t\t\t\tjQuery(window).ready(function () {\r\n\r\n\t\t\t\t\t\/\/ We need timeout because the content must be rendered and interpreted on client\r\n\t\t\t\t\tsetTimeout(function () {\r\n\r\n\t\t\t\t\t\tvar $content = jQuery('body').find('#tdc-live-iframe'),\r\n\t\t\t\t\t\t\trefWindow = undefined;\r\n\r\n\t\t\t\t\t\tif ($content.length) {\r\n\t\t\t\t\t\t\t$content = $content.contents();\r\n\t\t\t\t\t\t\trefWindow = document.getElementById('tdc-live-iframe').contentWindow || document.getElementById('tdc-live-iframe').contentDocument;\r\n\r\n\t\t\t\t\t\t} else {\r\n\t\t\t\t\t\t\t$content = jQuery('body');\r\n\t\t\t\t\t\t\trefWindow = window;\r\n\t\t\t\t\t\t}\r\n\r\n\t\t\t\t\t\t$content.find('#td_uid_7_69e6eabcd8dab .td-element-style').each(function (index, element) {\r\n\t\t\t\t\t\t\tjQuery(element).css('opacity', 1);\r\n\t\t\t\t\t\t\treturn;\r\n\t\t\t\t\t\t});\r\n\t\t\t\t\t});\r\n\r\n\t\t\t\t}, 200);\r\n\t\t\t<\/script>\r\n\r\n\t\t\t<div id=\"td_uid_9_69e6eabcd9599\" class=\"tdc-row\"><div class=\"vc_row td_uid_12_69e6eabcd959d_rand  wpb_row td-pb-row\" >\n<style scoped>\n\n\/* custom css *\/\n.td_uid_12_69e6eabcd959d_rand {\r\n                    min-height: 0;\r\n                }\n<\/style><div class=\"vc_column td_uid_13_69e6eabcd9688_rand  wpb_column vc_column_container tdc-column td-pb-span8\"><div class=\"wpb_wrapper\"><div class=\"wpb_wrapper wpb_text_column td_block_wrap td_block_wrap vc_column_text td_uid_14_69e6eabcd96fc_rand  td-pb-border-top td_block_template_1\"  data-td-block-uid=\"td_uid_14_69e6eabcd96fc\" \"><div class=\"td-block-title-wrap\"><\/div><div class=\"td-fix-index\"><h2 class=\"block-title\"><strong>DAGSKR\u00c1<\/strong><\/h2>\n<p>Tefldar eru tv\u00e6r kappsk\u00e1kir \u00e1 tveimur d\u00f6gum. S\u00e9 jafnt er teflt til \u00ferautar me\u00f0 skemmri umhugsunart\u00edma \u00e1 degi \u00ferj\u00fa.<\/p>\n<p>\u00cd undan\u00farslitum m\u00e6tast annars vegar sigurvegarar \u00ed einv\u00edgum 1 og 4 hins vegar 2 og 3.<\/p>\n<p><strong>Dagskr\u00e1 m\u00f3tsins<\/strong><\/p>\n<table width=\"396\">\n<tbody>\n<tr>\n<td width=\"64\"><strong>Dags.<\/strong><\/td>\n<td width=\"40\"><strong>Kl.<\/strong><\/td>\n<td width=\"93\"><strong>Vikudagur<\/strong><\/td>\n<td width=\"115\"><strong>Hluti<\/strong><\/td>\n<td width=\"84\"><strong>Sk\u00e1k<\/strong><\/td>\n<\/tr>\n<tr>\n<td width=\"64\">06-Mar<\/td>\n<td width=\"40\">14:00<\/td>\n<td width=\"93\">Laugardagur<\/td>\n<td width=\"115\">\u00c1tta manna \u00farslit<\/td>\n<td width=\"84\">Sk\u00e1k 1<\/td>\n<\/tr>\n<tr>\n<td width=\"64\">07-Mar<\/td>\n<td width=\"40\">14:00<\/td>\n<td width=\"93\">Sunnudagur<\/td>\n<td width=\"115\">\u00c1tta manna \u00farslit<\/td>\n<td width=\"84\">Sk\u00e1k 2<\/td>\n<\/tr>\n<tr>\n<td width=\"64\">08-Mar<\/td>\n<td width=\"40\">17:00<\/td>\n<td width=\"93\">M\u00e1nudagur<\/td>\n<td width=\"115\">\u00c1tta manna \u00farslit<\/td>\n<td width=\"84\">Framlenging<\/td>\n<\/tr>\n<tr>\n<td width=\"64\">09-Mar<\/td>\n<td width=\"40\">17:00<\/td>\n<td width=\"93\">\u00deri\u00f0judagur<\/td>\n<td width=\"115\">Undan\u00farslit<\/td>\n<td width=\"84\">Sk\u00e1k 1<\/td>\n<\/tr>\n<tr>\n<td width=\"64\">10-Mar<\/td>\n<td width=\"40\">17:00<\/td>\n<td width=\"93\">Mi\u00f0vikudagur<\/td>\n<td width=\"115\">Undan\u00farslit<\/td>\n<td width=\"84\">Sk\u00e1k 2<\/td>\n<\/tr>\n<tr>\n<td width=\"64\">11-Mar<\/td>\n<td width=\"40\">17:00<\/td>\n<td width=\"93\">Fimmtudagur<\/td>\n<td width=\"115\">Undan\u00farslit<\/td>\n<td width=\"84\">Framlenging<\/td>\n<\/tr>\n<tr>\n<td width=\"64\">12-Mar<\/td>\n<td width=\"40\">17:00<\/td>\n<td width=\"93\">F\u00f6studagur<\/td>\n<td width=\"115\">\u00darslit<\/td>\n<td width=\"84\">Sk\u00e1k 1<\/td>\n<\/tr>\n<tr>\n<td width=\"64\">13-Mar<\/td>\n<td width=\"40\">14:00<\/td>\n<td width=\"93\">Laugardagur<\/td>\n<td width=\"115\">\u00darslit<\/td>\n<td width=\"84\">Sk\u00e1k 2<\/td>\n<\/tr>\n<tr>\n<td width=\"64\">14-Mar<\/td>\n<td width=\"40\">14:00<\/td>\n<td width=\"93\">Sunnudagur<\/td>\n<td width=\"115\">\u00darslit<\/td>\n<td width=\"84\">Framlenging<\/td>\n<\/tr>\n<\/tbody>\n<\/table>\n<\/div><\/div><\/div><\/div><div class=\"vc_column td_uid_15_69e6eabcd9e03_rand  wpb_column vc_column_container tdc-column td-pb-span4\"><div class=\"wpb_wrapper\"><div class=\"wpb_wrapper wpb_text_column td_block_wrap td_block_wrap vc_column_text td_uid_16_69e6eabcd9e5a_rand  td-pb-border-top td_block_template_1\"  data-td-block-uid=\"td_uid_16_69e6eabcd9e5a\" \"><div class=\"td-block-title-wrap\"><\/div><div class=\"td-fix-index\"><h2 class=\"block-title\"><strong>\u00cdSLANDSBIKARINN<\/strong><\/h2>\n<p>6.-14. MARS!<\/p>\n<ul>\n<li><a href=\"https:\/\/skak.is\/islandsbikarinn\/2021\/03\/02\/islandsbikarinn-hefst-a-laugardaginn-teflt-um-laust-saeti-a-heimsbikarmotid\/\" rel=\"noopener noreferrer\">UM M\u00d3TI\u00d0<\/a><\/li>\n<li><a href=\"http:\/\/bracketcloud.com\/tournament\/181921\" target=\"_blank\" rel=\"noopener\">\u00daRSLIT OG STA\u00d0A<\/a><\/li>\n<li><a href=\"http:\/\/live.chess.is\/icelandiccup\/\" target=\"_blank\" rel=\"noopener\">BEINAR \u00daTSENDINGAR<\/a><\/li>\n<li><a href=\"https:\/\/chess24.com\/en\/watch\/live-tournaments\/icelandic-world-cup-qualifier-2021\" target=\"_blank\" rel=\"noopener\">BEINAR \u00daTSENDINGAR (Chess24)<\/a><\/li>\n<li><a href=\"https:\/\/www.twitch.tv\/utsendingskaksamband\" target=\"_blank\" rel=\"noopener\">BEIN L\u00ddSING: INGVAR &amp; BJ\u00d6RN \u00cdVAR<\/a><\/li>\n<li>SK\u00c1KIR (PGN)<\/li>\n<\/ul>\n<\/div><\/div><\/div><\/div><\/div><\/div>\r\n\t\t<script>\r\n\r\n\t\t\tjQuery(window).load(function () {\r\n\t\t\t\tjQuery('body').find('#td_uid_9_69e6eabcd9599 .td-element-style').each(function (index, element) {\r\n\t\t\t\t\tjQuery(element).css('opacity', 1);\r\n\t\t\t\t\treturn;\r\n\t\t\t\t});\r\n\t\t\t});\r\n\r\n\t\t<\/script>\r\n\r\n\t\t\r\n\t\t\t<script>\r\n\r\n\t\t\t\tjQuery(window).ready(function () {\r\n\r\n\t\t\t\t\t\/\/ We need timeout because the content must be rendered and interpreted on client\r\n\t\t\t\t\tsetTimeout(function () {\r\n\r\n\t\t\t\t\t\tvar $content = jQuery('body').find('#tdc-live-iframe'),\r\n\t\t\t\t\t\t\trefWindow = undefined;\r\n\r\n\t\t\t\t\t\tif ($content.length) {\r\n\t\t\t\t\t\t\t$content = $content.contents();\r\n\t\t\t\t\t\t\trefWindow = document.getElementById('tdc-live-iframe').contentWindow || document.getElementById('tdc-live-iframe').contentDocument;\r\n\r\n\t\t\t\t\t\t} else {\r\n\t\t\t\t\t\t\t$content = jQuery('body');\r\n\t\t\t\t\t\t\trefWindow = window;\r\n\t\t\t\t\t\t}\r\n\r\n\t\t\t\t\t\t$content.find('#td_uid_9_69e6eabcd9599 .td-element-style').each(function (index, element) {\r\n\t\t\t\t\t\t\tjQuery(element).css('opacity', 1);\r\n\t\t\t\t\t\t\treturn;\r\n\t\t\t\t\t\t});\r\n\t\t\t\t\t});\r\n\r\n\t\t\t\t}, 200);\r\n\t\t\t<\/script>\r\n\r\n\t\t\t","protected":false},"excerpt":{"rendered":"<p>Fr\u00e9ttir Hj\u00f6rvar Steinn vann \u00cdslandsbikarinn &#8211; f\u00e6r keppnisr\u00e9tt \u00e1 Heimsbikarm\u00f3tinu \u00ed sk\u00e1k! Gunnar Bj\u00f6rnsson - 14. mars, 2021 Fr\u00e9ttir N\u00e6r Hannes a\u00f0 jafna metin gegn Hj\u00f6rvari? Sk\u00e1k dagsins byrjar kl. 14. Fr\u00e9ttir Hj\u00f6rvar vann Hannes me\u00f0 sv\u00f6rtu &#8211; Hannes \u00fearf a\u00f0 vinna \u00e1 morgun [vc_text_separator title=\"BEIN L\u00ddSING: INGVAR &amp; BJ\u00d6RN \u00cdVAR\" color=\"black\" border_width=\"3\" el_class=\"lysing_bar\"] \u00cdSLANDSBIKARINN [...]<\/p>\n","protected":false},"author":1,"featured_media":0,"parent":0,"menu_order":0,"comment_status":"closed","ping_status":"closed","template":"","meta":{"footnotes":""},"class_list":["post-48","page","type-page","status-publish","hentry"],"jetpack_sharing_enabled":true,"_links":{"self":[{"href":"https:\/\/skak.is\/islandsbikarinn\/wp-json\/wp\/v2\/pages\/48","targetHints":{"allow":["GET"]}}],"collection":[{"href":"https:\/\/skak.is\/islandsbikarinn\/wp-json\/wp\/v2\/pages"}],"about":[{"href":"https:\/\/skak.is\/islandsbikarinn\/wp-json\/wp\/v2\/types\/page"}],"author":[{"embeddable":true,"href":"https:\/\/skak.is\/islandsbikarinn\/wp-json\/wp\/v2\/users\/1"}],"replies":[{"embeddable":true,"href":"https:\/\/skak.is\/islandsbikarinn\/wp-json\/wp\/v2\/comments?post=48"}],"version-history":[{"count":57,"href":"https:\/\/skak.is\/islandsbikarinn\/wp-json\/wp\/v2\/pages\/48\/revisions"}],"predecessor-version":[{"id":137,"href":"https:\/\/skak.is\/islandsbikarinn\/wp-json\/wp\/v2\/pages\/48\/revisions\/137"}],"wp:attachment":[{"href":"https:\/\/skak.is\/islandsbikarinn\/wp-json\/wp\/v2\/media?parent=48"}],"curies":[{"name":"wp","href":"https:\/\/api.w.org\/{rel}","templated":true}]}}