{"id":162,"date":"2020-02-05T20:55:00","date_gmt":"2020-02-05T20:55:00","guid":{"rendered":"https:\/\/skak.is\/islandsmot-skakfelaga\/?page_id=162"},"modified":"2025-11-08T17:06:31","modified_gmt":"2025-11-08T17:06:31","slug":"motsreglur","status":"publish","type":"page","link":"https:\/\/skak.is\/islandsmot-skakfelaga\/motsreglur\/","title":{"rendered":"M\u00f3tsreglur \u00cdslandsm\u00f3ts sk\u00e1kf\u00e9laga 2025-26"},"content":{"rendered":"<p>Fyrri hluti \u00cdslandsm\u00f3ts sk\u00e1kf\u00e9laga 2025-26 fer fram dagana 13.\u201316. n\u00f3vember 2025 \u00ed Rimask\u00f3la, Reykjav\u00edk.<\/p>\n<ul>\n<li><a href=\"https:\/\/s1.chess-results.com\/tnr1240783.aspx?lan=1&amp;art=2&amp;SNode=S0\">\u00darvalsdeild<\/a><\/li>\n<li><a href=\"https:\/\/s2.chess-results.com\/tnr1277896.aspx?lan=1&amp;art=2&amp;SNode=S0\">1. deild<\/a><\/li>\n<li><a href=\"https:\/\/s2.chess-results.com\/tnr1277912.aspx?lan=1&amp;art=2&amp;SNode=S0\">2. deild<\/a><\/li>\n<li><a href=\"https:\/\/chess-results.com\/tnr1277914.aspx?lan=1&amp;art=2\">3. deild<\/a><\/li>\n<li><a href=\"https:\/\/s2.chess-results.com\/tnr1290765.aspx?lan=1&amp;SNode=S0\">4. deild<\/a><\/li>\n<\/ul>\n<p dir=\"ltr\"><strong>M\u00f3tsuppl\u00fdsingar:<\/strong><\/p>\n<p dir=\"ltr\">Fyrsta umfer\u00f0 \u00ed \u00farvalsdeild hefst fimmtudaginn 13. n\u00f3vember kl. 19:00. A\u00f0rar deildir hefjast f\u00f6studaginn 14. n\u00f3vember kl. 19:00. Teflt ver\u00f0ur laugardaginn 15. n\u00f3vember kl. 11:00 og 17:30, og s\u00ed\u00f0asta umfer\u00f0 fyrri hlutans fer fram sunnudaginn 16. n\u00f3vember kl. 11:00. Allar deildir hefjast \u00e1 sama t\u00edma nema anna\u00f0 s\u00e9 teki\u00f0 fram.<\/p>\n<p dir=\"ltr\"><strong>T\u00edmam\u00f6rk:<\/strong><\/p>\n<ul>\n<li dir=\"ltr\"><strong>\u00darvalsdeild:<\/strong>\u00a090 m\u00edn\u00fatur fyrir fyrstu 40 leiki, auk 15 m\u00edn\u00fatna eftir 40 leiki, me\u00f0 30 sek\u00fandna vi\u00f0b\u00f3tart\u00edma \u00e1 hvern leik.<\/li>\n<li dir=\"ltr\"><strong>A\u00f0rar deildir:<\/strong>\u00a090 m\u00edn\u00fatur \u00e1 sk\u00e1kina me\u00f0 30 sek\u00fandna vi\u00f0b\u00f3tart\u00edma \u00e1 hvern leik.<\/li>\n<\/ul>\n<p dir=\"ltr\"><strong>\u00de\u00e1ttt\u00f6kugj\u00f6ld 2025-26:<\/strong><\/p>\n<ul>\n<li dir=\"ltr\">\u00darvalsdeild: 140.000 kr.<\/li>\n<li dir=\"ltr\">1. deild: 95.000 kr.<\/li>\n<li dir=\"ltr\">2. deild: 45.000 kr.<\/li>\n<li dir=\"ltr\">3. deild: 35.000 kr.<\/li>\n<li dir=\"ltr\">4. deild: 25.000 kr.<\/li>\n<\/ul>\n<p dir=\"ltr\"><strong>Fer\u00f0akostna\u00f0ur:<\/strong><\/p>\n<p dir=\"ltr\">Sk\u00e1ksamband \u00cdslands endurgrei\u00f0ir fer\u00f0akostna\u00f0 innanlands fyrir keppendur sem koma langt a\u00f0. Allt a\u00f0 30.000 kr. \u00ed \u00farvalsdeild fyrir \u00fe\u00e1 sem tefla allar fimm umfer\u00f0irnar, en 15.000 kr. fyrir a\u00f0ra \u00ed \u00farvalsdeild og 1. deild, gegn framv\u00edsun kvittana. Enginn fer\u00f0akostna\u00f0ur er endurgreiddur fyrir a\u00f0rar deildir.<\/p>\n<p dir=\"ltr\"><strong>Skr\u00e1ning:<\/strong><\/p>\n<ul>\n<li dir=\"ltr\"><a href=\"https:\/\/docs.google.com\/forms\/d\/e\/1FAIpQLSeScHqnUrr2aAl2NLNC4uNiHATII_ge_RcB4MDx-ZU2XZ48KA\/viewform?usp=preview\">Skr\u00e1ningaform<\/a><\/li>\n<li dir=\"ltr\"><a href=\"https:\/\/docs.google.com\/spreadsheets\/d\/1D8izA3nmQl1IOXrfGzPS3gs1Xx--fWLWBnGpwk2iydc\/edit?resourcekey=&amp;gid=309996848#gid=309996848\">\u00deegar skr\u00e1\u00f0ar sveitir<\/a><\/li>\n<\/ul>\n<p dir=\"ltr\"><strong>Skr\u00e1ningarfrestur:<\/strong><\/p>\n<ul>\n<li dir=\"ltr\">\u00darvalsdeild, 1. deild, 2. deild og 3. deild: 20. okt\u00f3ber 2025.<\/li>\n<li dir=\"ltr\">4. deild: 6. n\u00f3vember 2025.<\/li>\n<\/ul>\n<p dir=\"ltr\"><strong>F\u00e9lagaskipti:<\/strong><\/p>\n<p dir=\"ltr\">S\u00ed\u00f0asti m\u00f6guleiki fyrir f\u00e9lagaskipti er 24. okt\u00f3ber 2025 kl. 23:59.\u00a0<strong>Sk\u00e1kmenn \u00e1n f\u00e9lags og al\u00fej\u00f3\u00f0legra kappsk\u00e1kstiga eru undan\u00feegnir \u00feessum fresti.<\/strong><\/p>\n<ul>\n<li><a href=\"https:\/\/docs.google.com\/forms\/d\/e\/1FAIpQLScKHvFGK8aWKgpoE0vqOVN8Zs0BTdAG5KcHVxK0qU07na5LOA\/viewform\">F\u00e9lagaskiptaform<\/a><\/li>\n<li><a href=\"https:\/\/docs.google.com\/spreadsheets\/d\/1FFTkGNxGrbHHZYoHcE3S6TRUxS0dNTw27Dhxf2vsAjY\/edit?gid=2#gid=2\">N\u00fdjustu f\u00e9lagaskipti<\/a><\/li>\n<\/ul>\n<p dir=\"ltr\"><strong>S\u00ed\u00f0ari hluti m\u00f3tsins:<\/strong><\/p>\n<p dir=\"ltr\">S\u00ed\u00f0ari hluti \u00cdslandsm\u00f3ts sk\u00e1kf\u00e9laga 2025-26 er \u00e1\u00e6tla\u00f0ur dagana 5.\u20138. mars 2026.<\/p>\n<p><strong style=\"color: #111111; font-family: Roboto, sans-serif; font-size: 22px;\">M\u00d3TSREGLUR<\/strong><\/p>\n<p>M\u00e6ta \u00fearf innan 30 m\u00edn\u00fatna eftir a\u00f0 umfer\u00f0 hefst. Annars er d\u00e6mt tap.<\/p>\n<p>\u00d6ll notkun rafeindat\u00e6kja (s\u00edmar, snjall\u00far, heyrnart\u00f3l) er stranglega b\u00f6nnu\u00f0 \u00ed sk\u00e1ksal. M\u00e6lt er me\u00f0 keppendur geymi \u00ed b\u00edl e\u00f0a \u00ed geymslu hj\u00e1 sk\u00e1kstj\u00f3ra. A\u00f0 \u00f6\u00f0rum kosti geta sk\u00e1kstj\u00f3rar d\u00e6mt tap \u00e1 keppendur.<\/p>\n<p>Skv. n\u00fdjum reglum FIDE er li\u00f0stj\u00f3um a\u00f0 hafa afskipti af einst\u00f6kum sk\u00e1kum \u00e1 me\u00f0an teflt er. Ekki m\u00e1 gefa r\u00e1\u00f0 um jafnteflibo\u00f0 e\u00f0a svara spurningum \u00ed \u00fe\u00e1 veru. Ef keppendur \u00feurfa nau\u00f0synlega a\u00f0 tala vi\u00f0 li\u00f0sstj\u00f3ra (\u00fe\u00e1 um eitthva\u00f0 anna\u00f0 en um \u00fe\u00e1 sk\u00e1k sem er \u00ed gangi) skal gera \u00fea\u00f0 \u00ed n\u00e1vist sk\u00e1kstj\u00f3ra.<\/p>\n<p><strong>L\u00d6G OG REGLUR<\/strong><\/p>\n<ul>\n<li><a href=\"https:\/\/skak.is\/skaksamband\/um-ssi\/skaklog-skaksambands-islands\/\">Sk\u00e1kl\u00f6g Sk\u00e1ksambands \u00cdslands<\/a> (12. grein)<\/li>\n<li><a href=\"https:\/\/skak.is\/skaksamband\/um-ssi\/reglugerdir\/reglugerd-um-islandsmot-skakfelaga\/\">Regluger\u00f0 um \u00cdslandsm\u00f3t sk\u00e1kf\u00e9laga<\/a><\/li>\n<\/ul>\n<p><strong>M\u00f3tsstj\u00f3rn \u00cdslandsm\u00f3ts sk\u00e1kf\u00e9laga<\/strong>: Stj\u00f3rn S\u00cd<\/p>\n","protected":false},"excerpt":{"rendered":"<p>Fyrri hluti \u00cdslandsm\u00f3ts sk\u00e1kf\u00e9laga 2025-26 fer fram dagana 13.\u201316. n\u00f3vember 2025 \u00ed Rimask\u00f3la, Reykjav\u00edk. \u00darvalsdeild 1. deild 2. deild 3. deild 4. deild M\u00f3tsuppl\u00fdsingar: Fyrsta umfer\u00f0 \u00ed \u00farvalsdeild hefst fimmtudaginn 13. n\u00f3vember kl. 19:00. A\u00f0rar deildir hefjast f\u00f6studaginn 14. n\u00f3vember kl. 19:00. Teflt ver\u00f0ur laugardaginn 15. n\u00f3vember kl. 11:00 og 17:30, og s\u00ed\u00f0asta umfer\u00f0 fyrri [&hellip;]<\/p>\n","protected":false},"author":1,"featured_media":0,"parent":0,"menu_order":0,"comment_status":"closed","ping_status":"closed","template":"","meta":{"footnotes":""},"class_list":["post-162","page","type-page","status-publish","hentry"],"_links":{"self":[{"href":"https:\/\/skak.is\/islandsmot-skakfelaga\/wp-json\/wp\/v2\/pages\/162","targetHints":{"allow":["GET"]}}],"collection":[{"href":"https:\/\/skak.is\/islandsmot-skakfelaga\/wp-json\/wp\/v2\/pages"}],"about":[{"href":"https:\/\/skak.is\/islandsmot-skakfelaga\/wp-json\/wp\/v2\/types\/page"}],"author":[{"embeddable":true,"href":"https:\/\/skak.is\/islandsmot-skakfelaga\/wp-json\/wp\/v2\/users\/1"}],"replies":[{"embeddable":true,"href":"https:\/\/skak.is\/islandsmot-skakfelaga\/wp-json\/wp\/v2\/comments?post=162"}],"version-history":[{"count":17,"href":"https:\/\/skak.is\/islandsmot-skakfelaga\/wp-json\/wp\/v2\/pages\/162\/revisions"}],"predecessor-version":[{"id":1059,"href":"https:\/\/skak.is\/islandsmot-skakfelaga\/wp-json\/wp\/v2\/pages\/162\/revisions\/1059"}],"wp:attachment":[{"href":"https:\/\/skak.is\/islandsmot-skakfelaga\/wp-json\/wp\/v2\/media?parent=162"}],"curies":[{"name":"wp","href":"https:\/\/api.w.org\/{rel}","templated":true}]}}