{"id":20,"date":"2024-04-25T15:17:40","date_gmt":"2024-04-25T15:17:40","guid":{"rendered":"https:\/\/skak.is\/nmgirls\/?page_id=20"},"modified":"2024-04-25T16:26:13","modified_gmt":"2024-04-25T16:26:13","slug":"forsida","status":"publish","type":"page","link":"https:\/\/skak.is\/nmgirls\/","title":{"rendered":"Fors\u00ed\u00f0a"},"content":{"rendered":"<div id=\"td_uid_1_69f281041fbd1\" class=\"tdc-row\"><div class=\"vc_row td_uid_1_69f281041fbd7_rand  wpb_row td-pb-row\" >\n<style scoped>\n\n\/* custom css *\/\n.td_uid_1_69f281041fbd7_rand {\r\n                    min-height: 0;\r\n                }\n<\/style><div class=\"vc_column td_uid_2_69f281041fd13_rand  wpb_column vc_column_container tdc-column td-pb-span12\"><div class=\"wpb_wrapper\"><div class=\"td_block_wrap td_block_big_grid_fl_3 td_uid_3_69f281042004d_rand td-grid-style-1 td-hover-1 td-big-grids-fl td-big-grids-margin td-pb-border-top td_block_template_1\"  data-td-block-uid=\"td_uid_3_69f281042004d\" ><div id=td_uid_3_69f281042004d class=\"td_block_inner\"><div class=\"td-big-grid-wrapper td-posts-3\">\r\n        <div class=\"td_module_mx20 td_module_wrap td-animation-stack td-big-grid-post-0 td-big-grid-post td-mx-19\">\r\n            <div class=\"td-module-image\">\r\n                <div class=\"td-module-thumb\"><a href=\"https:\/\/skak.is\/nmgirls\/2024\/04\/28\/margarita-anna-sofie-and-sol-are-the-champions\/\" rel=\"bookmark\" class=\"td-image-wrap\" title=\"Margarita, Anna Sofie and Sol &#8211; are the champions!\"><span class=\"entry-thumb td-thumb-css\" style=\"background-image: url(https:\/\/skak.is\/nmgirls\/wp-content\/uploads\/sites\/17\/2024\/04\/a-fl-1-696x522.jpg)\"><\/span><\/a><\/div>            <\/div>\r\n\r\n            <div class=\"td-meta-info-container\">\r\n                <div class=\"td-meta-align\">\r\n                    <div class=\"td-big-grid-meta\">\r\n                                                <h3 class=\"entry-title td-module-title\"><a href=\"https:\/\/skak.is\/nmgirls\/2024\/04\/28\/margarita-anna-sofie-and-sol-are-the-champions\/\" rel=\"bookmark\" title=\"Margarita, Anna Sofie and Sol &#8211; are the champions!\">Margarita, Anna Sofie and Sol &#8211; are the champions!<\/a><\/h3>                    <\/div>\r\n\r\n                    <div class=\"td-module-meta-info\">\r\n                        <span class=\"td-post-author-name\"><a href=\"https:\/\/skak.is\/nmgirls\/author\/bjornivar\/\">Bj\u00f6rn \u00cdvar Karlsson<\/a> <span>-<\/span> <\/span>                        <span class=\"td-post-date\"><time class=\"entry-date updated td-module-date\" datetime=\"2024-04-28T20:48:56+00:00\" >28. apr\u00edl, 2024<\/time><\/span>                    <\/div>\r\n                <\/div>\r\n            <\/div>\r\n        <\/div>\r\n\r\n        \r\n        <div class=\"td_module_mx20 td_module_wrap td-animation-stack td-big-grid-post-1 td-big-grid-post td-mx-19\">\r\n            <div class=\"td-module-image\">\r\n                <div class=\"td-module-thumb\"><a href=\"https:\/\/skak.is\/nmgirls\/2024\/04\/28\/round-4\/\" rel=\"bookmark\" class=\"td-image-wrap\" title=\"Round 4\"><span class=\"entry-thumb td-thumb-css\" style=\"background-image: url(https:\/\/skak.is\/nmgirls\/wp-content\/uploads\/sites\/17\/2024\/04\/island-nm-2024-696x457.jpg)\"><\/span><\/a><\/div>            <\/div>\r\n\r\n            <div class=\"td-meta-info-container\">\r\n                <div class=\"td-meta-align\">\r\n                    <div class=\"td-big-grid-meta\">\r\n                                                <h3 class=\"entry-title td-module-title\"><a href=\"https:\/\/skak.is\/nmgirls\/2024\/04\/28\/round-4\/\" rel=\"bookmark\" title=\"Round 4\">Round 4<\/a><\/h3>                    <\/div>\r\n\r\n                    <div class=\"td-module-meta-info\">\r\n                        <span class=\"td-post-author-name\"><a href=\"https:\/\/skak.is\/nmgirls\/author\/bjornivar\/\">Bj\u00f6rn \u00cdvar Karlsson<\/a> <span>-<\/span> <\/span>                        <span class=\"td-post-date\"><time class=\"entry-date updated td-module-date\" datetime=\"2024-04-28T13:12:07+00:00\" >28. apr\u00edl, 2024<\/time><\/span>                    <\/div>\r\n                <\/div>\r\n            <\/div>\r\n        <\/div>\r\n\r\n        \r\n        <div class=\"td_module_mx20 td_module_wrap td-animation-stack td-big-grid-post-2 td-big-grid-post td-mx-19\">\r\n            <div class=\"td-module-image\">\r\n                <div class=\"td-module-thumb\"><a href=\"https:\/\/skak.is\/nmgirls\/2024\/04\/27\/round-3\/\" rel=\"bookmark\" class=\"td-image-wrap\" title=\"Round 3\"><span class=\"entry-thumb td-thumb-css\" style=\"background-image: url(https:\/\/skak.is\/nmgirls\/wp-content\/uploads\/sites\/17\/2024\/04\/IMG_20240427_090830-1-1-696x523.jpg)\"><\/span><\/a><\/div>            <\/div>\r\n\r\n            <div class=\"td-meta-info-container\">\r\n                <div class=\"td-meta-align\">\r\n                    <div class=\"td-big-grid-meta\">\r\n                                                <h3 class=\"entry-title td-module-title\"><a href=\"https:\/\/skak.is\/nmgirls\/2024\/04\/27\/round-3\/\" rel=\"bookmark\" title=\"Round 3\">Round 3<\/a><\/h3>                    <\/div>\r\n\r\n                    <div class=\"td-module-meta-info\">\r\n                        <span class=\"td-post-author-name\"><a href=\"https:\/\/skak.is\/nmgirls\/author\/bjornivar\/\">Bj\u00f6rn \u00cdvar Karlsson<\/a> <span>-<\/span> <\/span>                        <span class=\"td-post-date\"><time class=\"entry-date updated td-module-date\" datetime=\"2024-04-27T19:17:08+00:00\" >27. apr\u00edl, 2024<\/time><\/span>                    <\/div>\r\n                <\/div>\r\n            <\/div>\r\n        <\/div>\r\n\r\n        <div class=\"clearfix\"><\/div><\/div><\/div><\/div> <!-- .\/block --><\/div><\/div><\/div><\/div>\r\n\t\t<script>\r\n\r\n\t\t\tjQuery(window).load(function () {\r\n\t\t\t\tjQuery('body').find('#td_uid_1_69f281041fbd1 .td-element-style').each(function (index, element) {\r\n\t\t\t\t\tjQuery(element).css('opacity', 1);\r\n\t\t\t\t\treturn;\r\n\t\t\t\t});\r\n\t\t\t});\r\n\r\n\t\t<\/script>\r\n\r\n\t\t\r\n\t\t\t<script>\r\n\r\n\t\t\t\tjQuery(window).ready(function () {\r\n\r\n\t\t\t\t\t\/\/ We need timeout because the content must be rendered and interpreted on client\r\n\t\t\t\t\tsetTimeout(function () {\r\n\r\n\t\t\t\t\t\tvar $content = jQuery('body').find('#tdc-live-iframe'),\r\n\t\t\t\t\t\t\trefWindow = undefined;\r\n\r\n\t\t\t\t\t\tif ($content.length) {\r\n\t\t\t\t\t\t\t$content = $content.contents();\r\n\t\t\t\t\t\t\trefWindow = document.getElementById('tdc-live-iframe').contentWindow || document.getElementById('tdc-live-iframe').contentDocument;\r\n\r\n\t\t\t\t\t\t} else {\r\n\t\t\t\t\t\t\t$content = jQuery('body');\r\n\t\t\t\t\t\t\trefWindow = window;\r\n\t\t\t\t\t\t}\r\n\r\n\t\t\t\t\t\t$content.find('#td_uid_1_69f281041fbd1 .td-element-style').each(function (index, element) {\r\n\t\t\t\t\t\t\tjQuery(element).css('opacity', 1);\r\n\t\t\t\t\t\t\treturn;\r\n\t\t\t\t\t\t});\r\n\t\t\t\t\t});\r\n\r\n\t\t\t\t}, 200);\r\n\t\t\t<\/script>\r\n\r\n\t\t\t<div id=\"td_uid_3_69f2810422edd\" class=\"tdc-row\"><div class=\"vc_row td_uid_4_69f2810422ee0_rand  wpb_row td-pb-row\" >\n<style scoped>\n\n\/* custom css *\/\n.td_uid_4_69f2810422ee0_rand {\r\n                    min-height: 0;\r\n                }\n<\/style><div class=\"vc_column td_uid_5_69f2810422fb6_rand  wpb_column vc_column_container tdc-column td-pb-span8\"><div class=\"wpb_wrapper\"><div class=\"td_block_wrap td_block_21 td_uid_6_69f281042305f_rand td-pb-border-top td_block_template_1 td-column-2\"  data-td-block-uid=\"td_uid_6_69f281042305f\" ><script>var block_td_uid_6_69f281042305f = new tdBlock();\nblock_td_uid_6_69f281042305f.id = \"td_uid_6_69f281042305f\";\nblock_td_uid_6_69f281042305f.atts = '{\"offset\":\"3\",\"separator\":\"\",\"custom_title\":\"\",\"custom_url\":\"\",\"block_template_id\":\"\",\"m16_tl\":\"\",\"m16_el\":\"\",\"post_ids\":\"\",\"category_id\":\"\",\"category_ids\":\"\",\"tag_slug\":\"\",\"autors_id\":\"\",\"installed_post_types\":\"\",\"sort\":\"\",\"limit\":\"5\",\"el_class\":\"\",\"td_ajax_filter_type\":\"\",\"td_ajax_filter_ids\":\"\",\"td_filter_default_txt\":\"All\",\"td_ajax_preloading\":\"\",\"f_header_font_header\":\"\",\"f_header_font_title\":\"Block header\",\"f_header_font_settings\":\"\",\"f_header_font_family\":\"\",\"f_header_font_size\":\"\",\"f_header_font_line_height\":\"\",\"f_header_font_style\":\"\",\"f_header_font_weight\":\"\",\"f_header_font_transform\":\"\",\"f_header_font_spacing\":\"\",\"f_header_\":\"\",\"f_ajax_font_title\":\"Ajax categories\",\"f_ajax_font_settings\":\"\",\"f_ajax_font_family\":\"\",\"f_ajax_font_size\":\"\",\"f_ajax_font_line_height\":\"\",\"f_ajax_font_style\":\"\",\"f_ajax_font_weight\":\"\",\"f_ajax_font_transform\":\"\",\"f_ajax_font_spacing\":\"\",\"f_ajax_\":\"\",\"f_more_font_title\":\"Load more button\",\"f_more_font_settings\":\"\",\"f_more_font_family\":\"\",\"f_more_font_size\":\"\",\"f_more_font_line_height\":\"\",\"f_more_font_style\":\"\",\"f_more_font_weight\":\"\",\"f_more_font_transform\":\"\",\"f_more_font_spacing\":\"\",\"f_more_\":\"\",\"m16f_title_font_header\":\"\",\"m16f_title_font_title\":\"Article title\",\"m16f_title_font_settings\":\"\",\"m16f_title_font_family\":\"\",\"m16f_title_font_size\":\"\",\"m16f_title_font_line_height\":\"\",\"m16f_title_font_style\":\"\",\"m16f_title_font_weight\":\"\",\"m16f_title_font_transform\":\"\",\"m16f_title_font_spacing\":\"\",\"m16f_title_\":\"\",\"m16f_cat_font_title\":\"Article category tag\",\"m16f_cat_font_settings\":\"\",\"m16f_cat_font_family\":\"\",\"m16f_cat_font_size\":\"\",\"m16f_cat_font_line_height\":\"\",\"m16f_cat_font_style\":\"\",\"m16f_cat_font_weight\":\"\",\"m16f_cat_font_transform\":\"\",\"m16f_cat_font_spacing\":\"\",\"m16f_cat_\":\"\",\"m16f_meta_font_title\":\"Article meta info\",\"m16f_meta_font_settings\":\"\",\"m16f_meta_font_family\":\"\",\"m16f_meta_font_size\":\"\",\"m16f_meta_font_line_height\":\"\",\"m16f_meta_font_style\":\"\",\"m16f_meta_font_weight\":\"\",\"m16f_meta_font_transform\":\"\",\"m16f_meta_font_spacing\":\"\",\"m16f_meta_\":\"\",\"m16f_ex_font_title\":\"Article excerpt\",\"m16f_ex_font_settings\":\"\",\"m16f_ex_font_family\":\"\",\"m16f_ex_font_size\":\"\",\"m16f_ex_font_line_height\":\"\",\"m16f_ex_font_style\":\"\",\"m16f_ex_font_weight\":\"\",\"m16f_ex_font_transform\":\"\",\"m16f_ex_font_spacing\":\"\",\"m16f_ex_\":\"\",\"ajax_pagination\":\"\",\"ajax_pagination_infinite_stop\":\"\",\"css\":\"\",\"tdc_css\":\"\",\"td_column_number\":2,\"header_color\":\"\",\"color_preset\":\"\",\"border_top\":\"\",\"class\":\"td_uid_6_69f281042305f_rand\",\"tdc_css_class\":\"td_uid_6_69f281042305f_rand\",\"tdc_css_class_style\":\"td_uid_6_69f281042305f_rand_style\"}';\nblock_td_uid_6_69f281042305f.td_column_number = \"2\";\nblock_td_uid_6_69f281042305f.block_type = \"td_block_21\";\nblock_td_uid_6_69f281042305f.post_count = \"3\";\nblock_td_uid_6_69f281042305f.found_posts = \"6\";\nblock_td_uid_6_69f281042305f.header_color = \"\";\nblock_td_uid_6_69f281042305f.ajax_pagination_infinite_stop = \"\";\nblock_td_uid_6_69f281042305f.max_num_pages = \"1\";\ntdBlocksArray.push(block_td_uid_6_69f281042305f);\n<\/script><div class=\"td-block-title-wrap\"><\/div><div id=td_uid_6_69f281042305f class=\"td_block_inner\">\r\n        <div class=\"td_module_16 td_module_wrap td-animation-stack\">\r\n            <div class=\"td-module-thumb\"><a href=\"https:\/\/skak.is\/nmgirls\/2024\/04\/27\/round-2\/\" rel=\"bookmark\" class=\"td-image-wrap\" title=\"Round 2\"><img loading=\"lazy\" decoding=\"async\" width=\"150\" height=\"150\" class=\"entry-thumb\" src=\"https:\/\/skak.is\/nmgirls\/wp-content\/uploads\/sites\/17\/2024\/04\/IMG_20240427_090830-1-150x150.jpg\" srcset=\"https:\/\/skak.is\/nmgirls\/wp-content\/uploads\/sites\/17\/2024\/04\/IMG_20240427_090830-1-150x150.jpg 150w, https:\/\/skak.is\/nmgirls\/wp-content\/uploads\/sites\/17\/2024\/04\/IMG_20240427_090830-1-300x300.jpg 300w, https:\/\/skak.is\/nmgirls\/wp-content\/uploads\/sites\/17\/2024\/04\/IMG_20240427_090830-1-100x100.jpg 100w\" sizes=\"auto, (max-width: 150px) 100vw, 150px\" alt=\"\" title=\"Round 2\"\/><\/a><\/div>\r\n            <div class=\"item-details\">\r\n                <h3 class=\"entry-title td-module-title\"><a href=\"https:\/\/skak.is\/nmgirls\/2024\/04\/27\/round-2\/\" rel=\"bookmark\" title=\"Round 2\">Round 2<\/a><\/h3>\r\n                <div class=\"td-module-meta-info\">\r\n                    <a href=\"https:\/\/skak.is\/nmgirls\/category\/oflokkad\/\" class=\"td-post-category\">\u00d3flokka\u00f0<\/a>                    <span class=\"td-post-author-name\"><a href=\"https:\/\/skak.is\/nmgirls\/author\/bjornivar\/\">Bj\u00f6rn \u00cdvar Karlsson<\/a> <span>-<\/span> <\/span>                    <span class=\"td-post-date\"><time class=\"entry-date updated td-module-date\" datetime=\"2024-04-27T14:51:18+00:00\" >27. apr\u00edl, 2024<\/time><\/span>                                    <\/div>\r\n\r\n                <div class=\"td-excerpt\">\r\n                    The second day of the Nordic girl chess championship started at 09:00 in sunny Reykjav\u00edk. Hard fought games combined with smiles and good atmosphere.\r\n\r\nFormer...                <\/div>\r\n            <\/div>\r\n\r\n        <\/div>\r\n\r\n        \r\n        <div class=\"td_module_16 td_module_wrap td-animation-stack\">\r\n            <div class=\"td-module-thumb\"><a href=\"https:\/\/skak.is\/nmgirls\/2024\/04\/26\/day-1-report\/\" rel=\"bookmark\" class=\"td-image-wrap\" title=\"Round 1 report\"><img loading=\"lazy\" decoding=\"async\" width=\"150\" height=\"150\" class=\"entry-thumb\" src=\"https:\/\/skak.is\/nmgirls\/wp-content\/uploads\/sites\/17\/2024\/04\/1round-150x150.jpg\" srcset=\"https:\/\/skak.is\/nmgirls\/wp-content\/uploads\/sites\/17\/2024\/04\/1round-150x150.jpg 150w, https:\/\/skak.is\/nmgirls\/wp-content\/uploads\/sites\/17\/2024\/04\/1round-300x300.jpg 300w, https:\/\/skak.is\/nmgirls\/wp-content\/uploads\/sites\/17\/2024\/04\/1round-100x100.jpg 100w\" sizes=\"auto, (max-width: 150px) 100vw, 150px\" alt=\"\" title=\"Round 1 report\"\/><\/a><\/div>\r\n            <div class=\"item-details\">\r\n                <h3 class=\"entry-title td-module-title\"><a href=\"https:\/\/skak.is\/nmgirls\/2024\/04\/26\/day-1-report\/\" rel=\"bookmark\" title=\"Round 1 report\">Round 1 report<\/a><\/h3>\r\n                <div class=\"td-module-meta-info\">\r\n                    <a href=\"https:\/\/skak.is\/nmgirls\/category\/oflokkad\/\" class=\"td-post-category\">\u00d3flokka\u00f0<\/a>                    <span class=\"td-post-author-name\"><a href=\"https:\/\/skak.is\/nmgirls\/author\/bjornivar\/\">Bj\u00f6rn \u00cdvar Karlsson<\/a> <span>-<\/span> <\/span>                    <span class=\"td-post-date\"><time class=\"entry-date updated td-module-date\" datetime=\"2024-04-26T23:14:20+00:00\" >26. apr\u00edl, 2024<\/time><\/span>                                    <\/div>\r\n\r\n                <div class=\"td-excerpt\">\r\n                    The Nordic girl chess championship started today in Reykjav\u00edk, Iceland.\r\nThe tournament is played in three age categories, A, B, and C respectively. With forty...                <\/div>\r\n            <\/div>\r\n\r\n        <\/div>\r\n\r\n        \r\n        <div class=\"td_module_16 td_module_wrap td-animation-stack\">\r\n            <div class=\"td-module-thumb\"><a href=\"https:\/\/skak.is\/nmgirls\/2024\/04\/25\/the-tournament-starts-tomorrow\/\" rel=\"bookmark\" class=\"td-image-wrap\" title=\"The tournament starts tomorrow!\"><img loading=\"lazy\" decoding=\"async\" width=\"150\" height=\"150\" class=\"entry-thumb\" src=\"https:\/\/skak.is\/nmgirls\/wp-content\/uploads\/sites\/17\/2024\/04\/nordic-TR-150x150.jpg\" srcset=\"https:\/\/skak.is\/nmgirls\/wp-content\/uploads\/sites\/17\/2024\/04\/nordic-TR-150x150.jpg 150w, https:\/\/skak.is\/nmgirls\/wp-content\/uploads\/sites\/17\/2024\/04\/nordic-TR-300x300.jpg 300w, https:\/\/skak.is\/nmgirls\/wp-content\/uploads\/sites\/17\/2024\/04\/nordic-TR-100x100.jpg 100w\" sizes=\"auto, (max-width: 150px) 100vw, 150px\" alt=\"\" title=\"The tournament starts tomorrow!\"\/><\/a><\/div>\r\n            <div class=\"item-details\">\r\n                <h3 class=\"entry-title td-module-title\"><a href=\"https:\/\/skak.is\/nmgirls\/2024\/04\/25\/the-tournament-starts-tomorrow\/\" rel=\"bookmark\" title=\"The tournament starts tomorrow!\">The tournament starts tomorrow!<\/a><\/h3>\r\n                <div class=\"td-module-meta-info\">\r\n                    <a href=\"https:\/\/skak.is\/nmgirls\/category\/oflokkad\/\" class=\"td-post-category\">\u00d3flokka\u00f0<\/a>                    <span class=\"td-post-author-name\"><a href=\"https:\/\/skak.is\/nmgirls\/author\/bjornivar\/\">Bj\u00f6rn \u00cdvar Karlsson<\/a> <span>-<\/span> <\/span>                    <span class=\"td-post-date\"><time class=\"entry-date updated td-module-date\" datetime=\"2024-04-25T19:58:01+00:00\" >25. apr\u00edl, 2024<\/time><\/span>                                    <\/div>\r\n\r\n                <div class=\"td-excerpt\">\r\n                    The Nordic chess championship for girls will start tomorrow, Friday 26th of April, in Reykjavik Iceland. The five round tournament will star 40 players...                <\/div>\r\n            <\/div>\r\n\r\n        <\/div>\r\n\r\n        <\/div><\/div> <!-- .\/block --><\/div><\/div><div class=\"vc_column td_uid_7_69f2810424c49_rand  wpb_column vc_column_container tdc-column td-pb-span4\"><div class=\"wpb_wrapper\"><div class=\"wpb_wrapper td_block_wrap vc_widget_sidebar td_uid_8_69f2810424ccb_rand \" ><div class=\"td_block_wrap td_block_text_with_title td_block_widget td_uid_9_69f2810424d94_rand td-pb-border-top td_block_template_1\"  data-td-block-uid=\"td_uid_9_69f2810424d94\" ><div class=\"td-block-title-wrap\"><h4 class=\"block-title td-block-title\"><span class=\"td-pulldown-size\">LIVE BROADCAST<\/span><\/h4><\/div><div class=\"td_mod_wrap td-fix-index\"><\/div><\/div><aside class=\"td_block_template_1 widget widget_block widget_media_image\">\n<figure class=\"wp-block-image size-full\"><img loading=\"lazy\" decoding=\"async\" width=\"450\" height=\"450\" src=\"https:\/\/skak.is\/nmgirls\/wp-content\/uploads\/sites\/17\/2024\/04\/QR-Live-1.png\" alt=\"\" class=\"wp-image-59\" srcset=\"https:\/\/skak.is\/nmgirls\/wp-content\/uploads\/sites\/17\/2024\/04\/QR-Live-1.png 450w, https:\/\/skak.is\/nmgirls\/wp-content\/uploads\/sites\/17\/2024\/04\/QR-Live-1-300x300.png 300w, https:\/\/skak.is\/nmgirls\/wp-content\/uploads\/sites\/17\/2024\/04\/QR-Live-1-150x150.png 150w, https:\/\/skak.is\/nmgirls\/wp-content\/uploads\/sites\/17\/2024\/04\/QR-Live-1-420x420.png 420w, https:\/\/skak.is\/nmgirls\/wp-content\/uploads\/sites\/17\/2024\/04\/QR-Live-1-100x100.png 100w\" sizes=\"auto, (max-width: 450px) 100vw, 450px\" \/><\/figure>\n<\/aside><\/div><\/div><\/div><\/div><\/div>\r\n\t\t<script>\r\n\r\n\t\t\tjQuery(window).load(function () {\r\n\t\t\t\tjQuery('body').find('#td_uid_3_69f2810422edd .td-element-style').each(function (index, element) {\r\n\t\t\t\t\tjQuery(element).css('opacity', 1);\r\n\t\t\t\t\treturn;\r\n\t\t\t\t});\r\n\t\t\t});\r\n\r\n\t\t<\/script>\r\n\r\n\t\t\r\n\t\t\t<script>\r\n\r\n\t\t\t\tjQuery(window).ready(function () {\r\n\r\n\t\t\t\t\t\/\/ We need timeout because the content must be rendered and interpreted on client\r\n\t\t\t\t\tsetTimeout(function () {\r\n\r\n\t\t\t\t\t\tvar $content = jQuery('body').find('#tdc-live-iframe'),\r\n\t\t\t\t\t\t\trefWindow = undefined;\r\n\r\n\t\t\t\t\t\tif ($content.length) {\r\n\t\t\t\t\t\t\t$content = $content.contents();\r\n\t\t\t\t\t\t\trefWindow = document.getElementById('tdc-live-iframe').contentWindow || document.getElementById('tdc-live-iframe').contentDocument;\r\n\r\n\t\t\t\t\t\t} else {\r\n\t\t\t\t\t\t\t$content = jQuery('body');\r\n\t\t\t\t\t\t\trefWindow = window;\r\n\t\t\t\t\t\t}\r\n\r\n\t\t\t\t\t\t$content.find('#td_uid_3_69f2810422edd .td-element-style').each(function (index, element) {\r\n\t\t\t\t\t\t\tjQuery(element).css('opacity', 1);\r\n\t\t\t\t\t\t\treturn;\r\n\t\t\t\t\t\t});\r\n\t\t\t\t\t});\r\n\r\n\t\t\t\t}, 200);\r\n\t\t\t<\/script>\r\n\r\n\t\t\t","protected":false},"excerpt":{"rendered":"Margarita, Anna Sofie and Sol &#8211; are the champions! Bj\u00f6rn \u00cdvar Karlsson - 28. apr\u00edl, 2024 Round 4 Bj\u00f6rn \u00cdvar Karlsson - 28. apr\u00edl, 2024 Round 3 Bj\u00f6rn \u00cdvar Karlsson - 27. apr\u00edl, 2024 Round 2 \u00d3flokka\u00f0 Bj\u00f6rn \u00cdvar Karlsson - 27. apr\u00edl, 2024 The second day of the Nordic girl chess championship started at [...]","protected":false},"author":1,"featured_media":0,"parent":0,"menu_order":0,"comment_status":"closed","ping_status":"closed","template":"","meta":{"footnotes":""},"class_list":["post-20","page","type-page","status-publish","hentry"],"_links":{"self":[{"href":"https:\/\/skak.is\/nmgirls\/wp-json\/wp\/v2\/pages\/20","targetHints":{"allow":["GET"]}}],"collection":[{"href":"https:\/\/skak.is\/nmgirls\/wp-json\/wp\/v2\/pages"}],"about":[{"href":"https:\/\/skak.is\/nmgirls\/wp-json\/wp\/v2\/types\/page"}],"author":[{"embeddable":true,"href":"https:\/\/skak.is\/nmgirls\/wp-json\/wp\/v2\/users\/1"}],"replies":[{"embeddable":true,"href":"https:\/\/skak.is\/nmgirls\/wp-json\/wp\/v2\/comments?post=20"}],"version-history":[{"count":11,"href":"https:\/\/skak.is\/nmgirls\/wp-json\/wp\/v2\/pages\/20\/revisions"}],"predecessor-version":[{"id":60,"href":"https:\/\/skak.is\/nmgirls\/wp-json\/wp\/v2\/pages\/20\/revisions\/60"}],"wp:attachment":[{"href":"https:\/\/skak.is\/nmgirls\/wp-json\/wp\/v2\/media?parent=20"}],"curies":[{"name":"wp","href":"https:\/\/api.w.org\/{rel}","templated":true}]}}