{"id":450,"date":"2018-08-24T06:47:15","date_gmt":"2018-08-24T06:47:15","guid":{"rendered":"https:\/\/skak.is\/skakkennsla\/?page_id=450"},"modified":"2018-10-17T21:48:37","modified_gmt":"2018-10-17T21:48:37","slug":"italski-leikurinn","status":"publish","type":"page","link":"https:\/\/skak.is\/skakkennsla\/byrjanir-2\/italski-leikurinn\/","title":{"rendered":"\u00cdtalski leikurinn"},"content":{"rendered":"<div id=\"td_uid_1_69e33e0614d94\" class=\"tdc-row\"><div class=\"vc_row td_uid_1_69e33e0614d9b_rand  wpb_row td-pb-row\" >\n<style scoped>\n\n\/* custom css *\/\n.td_uid_1_69e33e0614d9b_rand {\r\n                    min-height: 0;\r\n                }\n<\/style><div class=\"vc_column td_uid_2_69e33e0614eff_rand  wpb_column vc_column_container tdc-column td-pb-span6\"><div class=\"wpb_wrapper\"><section class=\"mxYouTubeR mxYouTubeR_video mxYouTubeR_theme_default\">\r\n\t<div class=\"mxyt-video\">\r\n    \t<a href=\"https:\/\/youtu.be\/V__lB-ztQJA?rel=0&autoplay=1&showinfo=1\" data-ratio=\"1.78\" class=\"mxyt-img-placeholder mxyt-videolink  mxyt-lightbox\"  target=\"_blank\"><img decoding=\"async\" src=\"https:\/\/i.ytimg.com\/vi\/V__lB-ztQJA\/mqdefault.jpg\" alt=\"&Iacute;talski leikurinn - J&oacute;n Viktor - Slobodjan 2001 og J&oacute;n Viktor - Fiona Steil Antoni 2008\" \/><span class=\"mxyt-play\"><i class=\"mxyt-icon mxyt-icon-play\"><\/i><\/span><span class=\"mxyt-time\">17:41<\/span><\/a>    <\/div>\r\n    \t\t<div class=\"mxyt-title\">\r\n\t\t\t<h1>\u00cdtalski leikurinn - J\u00f3n Viktor - Slobodjan 2001 og J\u00f3n Viktor - Fiona Steil Antoni 2008<\/h1>                <div class=\"mxyt-channel\">\r\n                \t<img decoding=\"async\" src=\"https:\/\/yt3.ggpht.com\/ytc\/AIdro_l8ko48nHZ_dBHAweIqNSg3YAVRV91v8ECBtP32JvXqJ1A=s88-c-k-c0x00ffffff-no-rj\" alt=\"Bj\u00f6rn \u00cdvar Karlsson\">\r\n                    <h3>Bj\u00f6rn \u00cdvar Karlsson<\/h3>\r\n                <\/div>\r\n                \t\t<\/div>\r\n\t\t        <div class=\"mxyt-description\">\r\n        \t<div class=\"mxyt-text-description mxyt-less\"><div class=\"mxyt-text-description-full\">\u00cdtalski leikurinn er ein af klass\u00edsku byrjununum og s\u00fa sem flestir byrjendur l\u00e6ra fyrst. \u00c1st\u00e6\u00f0an fyrir \u00fev\u00ed er a\u00f0 byrjunin er frekar einf\u00f6ld og hugmyndirnar sk\u00fdrar.\nHv\u00edtur reynir anna\u00f0hvort a\u00f0 n\u00e1 t\u00f6kum \u00e1 mi\u00f0bor\u00f0inu me\u00f0 \u00fev\u00ed a\u00f0 leika d4 snemma, e\u00f0a a\u00f0 hann heldur mi\u00f0bor\u00f0inu loku\u00f0u og undirb\u00fdr s\u00f3kn \u00e1 k\u00f3ngsv\u00e6ng.<\/div><\/div>\r\n        <\/div>\r\n\t\t<\/section>\r\n\r\n\r\n\r\n\r\n\r\n\r\n\r\n\r\n\r\n\r\n\r\n\r\n\r\n\r\n\r\n\r\n<\/div><\/div><div class=\"vc_column td_uid_3_69e33e0712d66_rand  wpb_column vc_column_container tdc-column td-pb-span6\"><div class=\"wpb_wrapper\"><div class=\"wpb_wrapper wpb_text_column td_block_wrap td_block_wrap vc_column_text td_uid_4_69e33e0712e7d_rand  td-pb-border-top td_block_template_1 tdc-no-posts\"  data-td-block-uid=\"td_uid_4_69e33e0712e7d\" \"><div class=\"td-block-title-wrap\"><\/div><div class=\"td-fix-index\"><p><strong>\u00cdtalski leikurinn<\/strong> er ein af klass\u00edsku byrjununum og s\u00fa sem flestir byrjendur l\u00e6ra fyrst. \u00c1st\u00e6\u00f0an fyrir \u00fev\u00ed er a\u00f0 byrjunin er frekar einf\u00f6ld og hugmyndirnar sk\u00fdrar.<\/p>\n<p>Hv\u00edtur reynir anna\u00f0hvort a\u00f0 n\u00e1 t\u00f6kum \u00e1 mi\u00f0bor\u00f0inu me\u00f0 \u00fev\u00ed a\u00f0 leika d4 snemma, e\u00f0a a\u00f0 hann heldur mi\u00f0bor\u00f0inu loku\u00f0u og undirb\u00fdr s\u00f3kn \u00e1 k\u00f3ngsv\u00e6ng.<\/p>\n<\/div><\/div><\/div><\/div><\/div><\/div>\r\n\t\t<script>\r\n\r\n\t\t\tjQuery(window).load(function () {\r\n\t\t\t\tjQuery('body').find('#td_uid_1_69e33e0614d94 .td-element-style').each(function (index, element) {\r\n\t\t\t\t\tjQuery(element).css('opacity', 1);\r\n\t\t\t\t\treturn;\r\n\t\t\t\t});\r\n\t\t\t});\r\n\r\n\t\t<\/script>\r\n\r\n\t\t\r\n\t\t\t<script>\r\n\r\n\t\t\t\tjQuery(window).ready(function () {\r\n\r\n\t\t\t\t\t\/\/ We need timeout because the content must be rendered and interpreted on client\r\n\t\t\t\t\tsetTimeout(function () {\r\n\r\n\t\t\t\t\t\tvar $content = jQuery('body').find('#tdc-live-iframe'),\r\n\t\t\t\t\t\t\trefWindow = undefined;\r\n\r\n\t\t\t\t\t\tif ($content.length) {\r\n\t\t\t\t\t\t\t$content = $content.contents();\r\n\t\t\t\t\t\t\trefWindow = document.getElementById('tdc-live-iframe').contentWindow || document.getElementById('tdc-live-iframe').contentDocument;\r\n\r\n\t\t\t\t\t\t} else {\r\n\t\t\t\t\t\t\t$content = jQuery('body');\r\n\t\t\t\t\t\t\trefWindow = window;\r\n\t\t\t\t\t\t}\r\n\r\n\t\t\t\t\t\t$content.find('#td_uid_1_69e33e0614d94 .td-element-style').each(function (index, element) {\r\n\t\t\t\t\t\t\tjQuery(element).css('opacity', 1);\r\n\t\t\t\t\t\t\treturn;\r\n\t\t\t\t\t\t});\r\n\t\t\t\t\t});\r\n\r\n\t\t\t\t}, 200);\r\n\t\t\t<\/script>\r\n\r\n\t\t\t","protected":false},"excerpt":{"rendered":"<p>17:41 \u00cdtalski leikurinn - J\u00f3n Viktor - Slobodjan 2001 og J\u00f3n Viktor - Fiona Steil Antoni 2008 Bj\u00f6rn \u00cdvar Karlsson \u00cdtalski leikurinn er ein af klass\u00edsku byrjununum og s\u00fa sem flestir byrjendur l\u00e6ra fyrst. \u00c1st\u00e6\u00f0an fyrir \u00fev\u00ed er a\u00f0 byrjunin er frekar einf\u00f6ld og hugmyndirnar sk\u00fdrar. Hv\u00edtur reynir anna\u00f0hvort a\u00f0 n\u00e1 t\u00f6kum \u00e1 mi\u00f0bor\u00f0inu me\u00f0 [...]<\/p>\n","protected":false},"author":1,"featured_media":0,"parent":436,"menu_order":0,"comment_status":"closed","ping_status":"closed","template":"","meta":{"footnotes":""},"class_list":["post-450","page","type-page","status-publish","hentry"],"_links":{"self":[{"href":"https:\/\/skak.is\/skakkennsla\/wp-json\/wp\/v2\/pages\/450","targetHints":{"allow":["GET"]}}],"collection":[{"href":"https:\/\/skak.is\/skakkennsla\/wp-json\/wp\/v2\/pages"}],"about":[{"href":"https:\/\/skak.is\/skakkennsla\/wp-json\/wp\/v2\/types\/page"}],"author":[{"embeddable":true,"href":"https:\/\/skak.is\/skakkennsla\/wp-json\/wp\/v2\/users\/1"}],"replies":[{"embeddable":true,"href":"https:\/\/skak.is\/skakkennsla\/wp-json\/wp\/v2\/comments?post=450"}],"version-history":[{"count":2,"href":"https:\/\/skak.is\/skakkennsla\/wp-json\/wp\/v2\/pages\/450\/revisions"}],"predecessor-version":[{"id":536,"href":"https:\/\/skak.is\/skakkennsla\/wp-json\/wp\/v2\/pages\/450\/revisions\/536"}],"up":[{"embeddable":true,"href":"https:\/\/skak.is\/skakkennsla\/wp-json\/wp\/v2\/pages\/436"}],"wp:attachment":[{"href":"https:\/\/skak.is\/skakkennsla\/wp-json\/wp\/v2\/media?parent=450"}],"curies":[{"name":"wp","href":"https:\/\/api.w.org\/{rel}","templated":true}]}}