{"id":456,"date":"2018-08-24T06:49:31","date_gmt":"2018-08-24T06:49:31","guid":{"rendered":"https:\/\/skak.is\/skakkennsla\/?page_id=456"},"modified":"2018-10-17T21:50:28","modified_gmt":"2018-10-17T21:50:28","slug":"midbragd","status":"publish","type":"page","link":"https:\/\/skak.is\/skakkennsla\/byrjanir-2\/midbragd\/","title":{"rendered":"Mi\u00f0brag\u00f0"},"content":{"rendered":"<div id=\"td_uid_1_69e1ec9625a56\" class=\"tdc-row\"><div class=\"vc_row td_uid_1_69e1ec9625a5c_rand  wpb_row td-pb-row\" >\n<style scoped>\n\n\/* custom css *\/\n.td_uid_1_69e1ec9625a5c_rand {\r\n                    min-height: 0;\r\n                }\n<\/style><div class=\"vc_column td_uid_2_69e1ec9625be3_rand  wpb_column vc_column_container tdc-column td-pb-span6\"><div class=\"wpb_wrapper\"><section class=\"mxYouTubeR mxYouTubeR_video mxYouTubeR_theme_default\">\r\n\t<div class=\"mxyt-video\">\r\n    \t<a href=\"https:\/\/youtu.be\/PvhuJYsqk-k?rel=0&autoplay=1&showinfo=1\" data-ratio=\"1.78\" class=\"mxyt-img-placeholder mxyt-videolink  mxyt-lightbox\"  target=\"_blank\"><img decoding=\"async\" src=\"https:\/\/i.ytimg.com\/vi\/PvhuJYsqk-k\/mqdefault.jpg\" alt=\"Mi&eth;brag&eth; - R&oacute;bert Lagerman - Jirka 2001\" \/><span class=\"mxyt-play\"><i class=\"mxyt-icon mxyt-icon-play\"><\/i><\/span><span class=\"mxyt-time\">6:02<\/span><\/a>    <\/div>\r\n    \t\t<div class=\"mxyt-title\">\r\n\t\t\t<h1>Mi\u00f0brag\u00f0 - R\u00f3bert Lagerman - Jirka 2001<\/h1>                <div class=\"mxyt-channel\">\r\n                \t<img decoding=\"async\" src=\"https:\/\/yt3.ggpht.com\/ytc\/AIdro_l8ko48nHZ_dBHAweIqNSg3YAVRV91v8ECBtP32JvXqJ1A=s88-c-k-c0x00ffffff-no-rj\" alt=\"Bj\u00f6rn \u00cdvar Karlsson\">\r\n                    <h3>Bj\u00f6rn \u00cdvar Karlsson<\/h3>\r\n                <\/div>\r\n                \t\t<\/div>\r\n\t\t        <div class=\"mxyt-description\">\r\n        \t<div class=\"mxyt-text-description mxyt-less\"><div class=\"mxyt-text-description-full\">Mi\u00f0brag\u00f0 er sjaldg\u00e6f byrjun \u00fear sem hv\u00edtur br\u00fdst strax fram \u00e1 mi\u00f0bor\u00f0inu \u00e1\u00f0ur en hann kemur m\u00f6nnum s\u00ednum \u00fat. \u00deetta lei\u00f0ir af s\u00e9r a\u00f0 hann lendir snemma \u00e1 flandri me\u00f0 drottninguna s\u00edna en f\u00e6r \u00feess \u00ed sta\u00f0 t\u00e6kif\u00e6ri til a\u00f0 hr\u00f3kera langt og s\u00e6kja \u00e1 k\u00f3ngsv\u00e6ngnum.\nSk\u00e1kir sem koma upp \u00far Mi\u00f0brag\u00f0i geta snemma or\u00f0i\u00f0 mj\u00f6g spennandi \u00fear sem keppendur s\u00e6kja \u00e1 andst\u00e6\u00f0um v\u00e6ng.\n\u00cdslensku sk\u00e1kmeistararnir R\u00f3bert Lagerman og \u00der\u00f6stur \u00de\u00f3rhallsson hafa oft teflt Mi\u00f0brag\u00f0 me\u00f0 g\u00f3\u00f0um \u00e1rangri.<\/div><\/div>\r\n        <\/div>\r\n\t\t<\/section>\r\n\r\n\r\n\r\n\r\n\r\n\r\n\r\n\r\n\r\n\r\n\r\n\r\n\r\n\r\n\r\n\r\n<\/div><\/div><div class=\"vc_column td_uid_3_69e1ec9626454_rand  wpb_column vc_column_container tdc-column td-pb-span6\"><div class=\"wpb_wrapper\"><div class=\"wpb_wrapper wpb_text_column td_block_wrap td_block_wrap vc_column_text td_uid_4_69e1ec96264f6_rand  td-pb-border-top td_block_template_1 tdc-no-posts\"  data-td-block-uid=\"td_uid_4_69e1ec96264f6\" \"><div class=\"td-block-title-wrap\"><\/div><div class=\"td-fix-index\"><p><strong>Mi\u00f0brag\u00f0<\/strong> er sjaldg\u00e6f byrjun \u00fear sem hv\u00edtur br\u00fdst strax fram \u00e1 mi\u00f0bor\u00f0inu \u00e1\u00f0ur en hann kemur m\u00f6nnum s\u00ednum \u00fat. \u00deetta lei\u00f0ir af s\u00e9r a\u00f0 hann lendir snemma \u00e1 flandri me\u00f0 drottninguna s\u00edna en f\u00e6r \u00feess \u00ed sta\u00f0 t\u00e6kif\u00e6ri til a\u00f0 hr\u00f3kera langt og s\u00e6kja \u00e1 k\u00f3ngsv\u00e6ngnum.<\/p>\n<p>Sk\u00e1kir sem koma upp \u00far Mi\u00f0brag\u00f0i geta snemma or\u00f0i\u00f0 mj\u00f6g spennandi \u00fear sem keppendur s\u00e6kja \u00e1 andst\u00e6\u00f0um v\u00e6ng.<\/p>\n<p>\u00cdslensku sk\u00e1kmeistararnir <strong>R\u00f3bert Lagerman<\/strong> og <strong>\u00der\u00f6stur \u00de\u00f3rhallsson<\/strong> hafa oft teflt Mi\u00f0brag\u00f0 me\u00f0 g\u00f3\u00f0um \u00e1rangri.<\/p>\n<\/div><\/div><\/div><\/div><\/div><\/div>\r\n\t\t<script>\r\n\r\n\t\t\tjQuery(window).load(function () {\r\n\t\t\t\tjQuery('body').find('#td_uid_1_69e1ec9625a56 .td-element-style').each(function (index, element) {\r\n\t\t\t\t\tjQuery(element).css('opacity', 1);\r\n\t\t\t\t\treturn;\r\n\t\t\t\t});\r\n\t\t\t});\r\n\r\n\t\t<\/script>\r\n\r\n\t\t\r\n\t\t\t<script>\r\n\r\n\t\t\t\tjQuery(window).ready(function () {\r\n\r\n\t\t\t\t\t\/\/ We need timeout because the content must be rendered and interpreted on client\r\n\t\t\t\t\tsetTimeout(function () {\r\n\r\n\t\t\t\t\t\tvar $content = jQuery('body').find('#tdc-live-iframe'),\r\n\t\t\t\t\t\t\trefWindow = undefined;\r\n\r\n\t\t\t\t\t\tif ($content.length) {\r\n\t\t\t\t\t\t\t$content = $content.contents();\r\n\t\t\t\t\t\t\trefWindow = document.getElementById('tdc-live-iframe').contentWindow || document.getElementById('tdc-live-iframe').contentDocument;\r\n\r\n\t\t\t\t\t\t} else {\r\n\t\t\t\t\t\t\t$content = jQuery('body');\r\n\t\t\t\t\t\t\trefWindow = window;\r\n\t\t\t\t\t\t}\r\n\r\n\t\t\t\t\t\t$content.find('#td_uid_1_69e1ec9625a56 .td-element-style').each(function (index, element) {\r\n\t\t\t\t\t\t\tjQuery(element).css('opacity', 1);\r\n\t\t\t\t\t\t\treturn;\r\n\t\t\t\t\t\t});\r\n\t\t\t\t\t});\r\n\r\n\t\t\t\t}, 200);\r\n\t\t\t<\/script>\r\n\r\n\t\t\t","protected":false},"excerpt":{"rendered":"<p>6:02 Mi\u00f0brag\u00f0 - R\u00f3bert Lagerman - Jirka 2001 Bj\u00f6rn \u00cdvar Karlsson Mi\u00f0brag\u00f0 er sjaldg\u00e6f byrjun \u00fear sem hv\u00edtur br\u00fdst strax fram \u00e1 mi\u00f0bor\u00f0inu \u00e1\u00f0ur en hann kemur m\u00f6nnum s\u00ednum \u00fat. \u00deetta lei\u00f0ir af s\u00e9r a\u00f0 hann lendir snemma \u00e1 flandri me\u00f0 drottninguna s\u00edna en f\u00e6r \u00feess \u00ed sta\u00f0 t\u00e6kif\u00e6ri til a\u00f0 hr\u00f3kera langt og s\u00e6kja [...]<\/p>\n","protected":false},"author":1,"featured_media":0,"parent":436,"menu_order":0,"comment_status":"closed","ping_status":"closed","template":"","meta":{"footnotes":""},"class_list":["post-456","page","type-page","status-publish","hentry"],"_links":{"self":[{"href":"https:\/\/skak.is\/skakkennsla\/wp-json\/wp\/v2\/pages\/456","targetHints":{"allow":["GET"]}}],"collection":[{"href":"https:\/\/skak.is\/skakkennsla\/wp-json\/wp\/v2\/pages"}],"about":[{"href":"https:\/\/skak.is\/skakkennsla\/wp-json\/wp\/v2\/types\/page"}],"author":[{"embeddable":true,"href":"https:\/\/skak.is\/skakkennsla\/wp-json\/wp\/v2\/users\/1"}],"replies":[{"embeddable":true,"href":"https:\/\/skak.is\/skakkennsla\/wp-json\/wp\/v2\/comments?post=456"}],"version-history":[{"count":2,"href":"https:\/\/skak.is\/skakkennsla\/wp-json\/wp\/v2\/pages\/456\/revisions"}],"predecessor-version":[{"id":539,"href":"https:\/\/skak.is\/skakkennsla\/wp-json\/wp\/v2\/pages\/456\/revisions\/539"}],"up":[{"embeddable":true,"href":"https:\/\/skak.is\/skakkennsla\/wp-json\/wp\/v2\/pages\/436"}],"wp:attachment":[{"href":"https:\/\/skak.is\/skakkennsla\/wp-json\/wp\/v2\/media?parent=456"}],"curies":[{"name":"wp","href":"https:\/\/api.w.org\/{rel}","templated":true}]}}