{"id":129,"date":"2019-06-23T17:28:03","date_gmt":"2019-06-23T17:28:03","guid":{"rendered":"https:\/\/skak.is\/skaksamband\/?page_id=129"},"modified":"2026-04-30T11:18:14","modified_gmt":"2026-04-30T11:18:14","slug":"log-skaksambands-islands","status":"publish","type":"page","link":"https:\/\/skak.is\/skaksamband\/um-ssi\/log-skaksambands-islands\/","title":{"rendered":"L\u00f6g Sk\u00e1ksambands \u00cdslands"},"content":{"rendered":"<p><strong>L\u00f6g Sk\u00e1ksambands \u00cdslands<\/strong><\/p>\n<p>L\u00f6g sam\u00feykkt \u00e1 a\u00f0alfundi S\u00cd, 14. j\u00fan\u00ed 2025.<\/p>\n<p><strong>L\u00d6G SK\u00c1KSAMBANDS \u00cdSLANDS\u00a0<\/strong><\/p>\n<p><strong><u>I. kafli Almenn \u00e1kv\u00e6\u00f0i, hlutverk og stj\u00f3rnkerfi<\/u><\/strong><\/p>\n<p><strong>1. grein. Heiti og a\u00f0setur<\/strong><br \/>\nSk\u00e1ksamband \u00cdslands (S\u00cd) er landssamband \u00edslenskra sk\u00e1kf\u00e9laga. Heimili sambandsins og varnar\u00feing er \u00ed Reykjav\u00edk.<\/p>\n<p>Sambandi\u00f0 er a\u00f0ili a\u00f0 Al\u00fej\u00f3\u00f0a sk\u00e1ksambandinu (FIDE), nema a\u00f0 a\u00f0alfundur \u00e1kve\u00f0i anna\u00f0. Jafnframt er sambandi\u00f0 a\u00f0ili a\u00f0 \u00f6\u00f0rum al\u00fej\u00f3\u00f0legu samt\u00f6kum sk\u00e1kmanna sem a\u00f0alfundur \u00e1kve\u00f0ur hverju sinni.<\/p>\n<p><strong>2. grein. Hlutverk og tilgangur S\u00cd<br \/>\n<\/strong>S\u00cd er \u00e6\u00f0sti a\u00f0ili sk\u00e1khreyfingarinnar \u00e1 \u00cdslandi og er hlutverk \u00feess \u00ed meginatri\u00f0um:<\/p>\n<p>a) a\u00f0 fara me\u00f0 yfirstj\u00f3rn \u00edslenskra sk\u00e1km\u00e1la,<\/p>\n<p>b) a\u00f0 vinna a\u00f0 eflingu sk\u00e1karinnar \u00ed landinu og standa v\u00f6r\u00f0 um hagsmuni \u00edslenskra sk\u00e1kmanna,<\/p>\n<p>c) a\u00f0 efla og treysta samskipti sambandsf\u00e9laganna innbyr\u00f0is,<\/p>\n<p>d) a\u00f0 setja \u00edslensku sk\u00e1khreyfingunni l\u00f6g og reglur og a\u00f0 framfylgja \u00feeim,<\/p>\n<p>e) a\u00f0 annast \u00fe\u00e1ttt\u00f6ku og val \u00e1 keppendum sem keppa fyrir \u00cdslands h\u00f6nd \u00e1 al\u00fej\u00f3\u00f0legum vettvangi, hvort sem um er a\u00f0 r\u00e6\u00f0a li\u00f0a- e\u00f0a einstaklingskeppni,<\/p>\n<p>f) a\u00f0 annast erlend samskipti, m.a. me\u00f0 \u00fev\u00ed a\u00f0 grei\u00f0a fyrir samskiptum vi\u00f0 sk\u00e1kmenn annarra \u00fej\u00f3\u00f0a.<\/p>\n<p><strong>g) Rekstur Sk\u00e1ksk\u00f3la \u00cdslands <\/strong><\/p>\n<p>S\u00cd starfar a\u00f0 \u00f6llu leyti sj\u00e1lfst\u00e6tt og er hlutlaust \u00feegar kemur a\u00f0 stj\u00f3rnm\u00e1lum og tr\u00faarbr\u00f6g\u00f0um. S\u00cd skal g\u00e6ta jafnr\u00e6\u00f0is og jafnr\u00e9ttis. Jafnr\u00e6\u00f0i fyrir l\u00f6gum og regluger\u00f0um S\u00cd skal virt \u00ed hv\u00edvetna.<\/p>\n<p><strong>3. grein. Stj\u00f3rnkerfi S\u00cd<br \/>\n<\/strong>M\u00e1lefnum S\u00cd stj\u00f3rna:<\/p>\n<p>a) a\u00f0alfundur sem fer me\u00f0 \u00e6\u00f0sta vald \u00ed m\u00e1lefnum S\u00cd og setur l\u00f6g sambandsins, sem og sk\u00e1kl\u00f6g sem gilda m.a. um m\u00f3tahald \u00e1 vegum \u00feess,<\/p>\n<p>b) stj\u00f3rn S\u00cd sem fer me\u00f0 \u00e6\u00f0sta vald \u00ed m\u00e1lefnum sambandsins milli a\u00f0alfunda,<\/p>\n<p>c) fastanefndir S\u00cd sem vinna samkv\u00e6mt l\u00f6gum og regluger\u00f0um S\u00cd og starfsreglum sem stj\u00f3rn S\u00cd setur \u00feeim,<\/p>\n<p>d) s\u00e9rstakar nefndir sem skipa\u00f0ar eru af a\u00f0alfundi e\u00f0a stj\u00f3rn S\u00cd og starfa a\u00f0 afm\u00f6rku\u00f0um m\u00e1lefnum,<\/p>\n<p>e) anna\u00f0 hvort forseti \u00ed launu\u00f0u starfi, sbr. 11. gr., e\u00f0a framkv\u00e6mdastj\u00f3ri S\u00cd, sem \u00e1byrg\u00f0 ber \u00e1 daglegum rekstri sambandsins.<\/p>\n<p>D\u00f3mst\u00f3ll S\u00cd er \u00e1 einu d\u00f3mstigi og starfar samkv\u00e6mt \u00feessum l\u00f6gum, sk\u00e1kl\u00f6gum S\u00cd og \u00f6\u00f0rum reglum sem falla undir valdsvi\u00f0 hans.<\/p>\n<p><strong><u>II. kafli A\u00f0ild a\u00f0 S\u00cd og a\u00f0alfundur<\/u><\/strong><\/p>\n<p><strong>4. grein. A\u00f0ild a\u00f0 S\u00cd og brottvikning f\u00e9lags<br \/>\n<\/strong>Me\u00f0 sam\u00feykki a\u00f0alfundar getur sk\u00e1kf\u00e9lag or\u00f0i\u00f0 a\u00f0ili a\u00f0 S\u00cd. \u00c1 milli a\u00f0alfunda getur stj\u00f3rn S\u00cd veitt f\u00e9lagi inng\u00f6ngu \u00ed sambandi\u00f0. F\u00e9lag telst \u00fe\u00f3 ekki fullgildur a\u00f0ili \u00feess fyrr en inntakan hefur hloti\u00f0 sam\u00feykki a\u00f0alfundar. Fulltr\u00faar sl\u00edks f\u00e9lags mega sitja a\u00f0alfund me\u00f0 till\u00f6gur\u00e9tti og m\u00e1lfrelsi uns fjalla\u00f0 hefur veri\u00f0 um inng\u00f6ngu \u00feess \u00e1 fundinum.<\/p>\n<p>F\u00e9lag sem s\u00f3tt hefur um inng\u00f6ngu \u00ed S\u00cd og hloti\u00f0 sam\u00feykki stj\u00f3rnarinnar til \u00feess skal f\u00e1 a\u00f0gang a\u00f0 m\u00f3tum S\u00cd fram a\u00f0 n\u00e6sta a\u00f0alfundi.<\/p>\n<p>Sk\u00e1kdeildir \u00ed f\u00e9l\u00f6gum geta \u00e1tt a\u00f0ild a\u00f0 sambandinu, enda hafi \u00fe\u00e1 minnst 10 menn bundist sl\u00edkum samt\u00f6kum. Heimilt er tveimur e\u00f0a fleiri a\u00f0ildarf\u00e9l\u00f6gum \u00ed sama landshluta a\u00f0 stofna me\u00f0 s\u00e9r sv\u00e6\u00f0issamband.<\/p>\n<p>Ekki m\u00e1 v\u00edkja a\u00f0ildarf\u00e9lagi \u00far sambandinu nema me\u00f0 sam\u00feykki 2\/3 greiddra atkv\u00e6\u00f0a \u00e1 a\u00f0alfundi. Brottvikning \u00far sambandinu \u00fearf a\u00f0 sty\u00f0jast vi\u00f0 m\u00e1lefnaleg r\u00f6k, svo sem a\u00f0 f\u00e9lag hafi um langa hr\u00ed\u00f0 ekki sta\u00f0i\u00f0 skil \u00e1 gjaldfallinni skuld til sambandsins og \u00fea\u00f0 hafi me\u00f0 gr\u00f3fum e\u00f0a \u00edtreku\u00f0um h\u00e6tti broti\u00f0 gegn reglum sambandsins. A\u00f0ildarf\u00e9lag, sem viki\u00f0 hefur veri\u00f0 \u00far sambandinu, getur bori\u00f0 l\u00f6gm\u00e6ti brottvikningarinnar undir d\u00f3mst\u00f3l S\u00cd.<\/p>\n<p><strong>5. grein. A\u00f0alfundur S\u00cd<br \/>\n<\/strong>A\u00f0alfundur skal haldinn \u00e1rlega, eigi s\u00ed\u00f0ar en\u00a0<strong>15. j\u00fan\u00ed (breytt 2023)<\/strong><\/p>\n<p>Stj\u00f3rn S\u00cd \u00e1kve\u00f0ur fundarsta\u00f0 og skal h\u00fan bo\u00f0a fundinn me\u00f0 rafr\u00e6num h\u00e6tti, e\u00f0a \u00f6\u00f0rum sannanlegum h\u00e6tti, me\u00f0 minnst eins m\u00e1na\u00f0ar fyrirvara. Ef br\u00fdna nau\u00f0syn ber til er heimilt a\u00f0 \u00e1kve\u00f0a a\u00f0 fundurinn fari fram \u00ed gegnum fjarfundab\u00fana\u00f0.<\/p>\n<p>Fundurinn telst l\u00f6gm\u00e6tur ef r\u00e9tt er til hans bo\u00f0a\u00f0.<\/p>\n<p><strong>6. grein. Atkv\u00e6\u00f0isr\u00e9ttur \u00e1 a\u00f0alfundi<\/strong><\/p>\n<p>Vi\u00f0 atkv\u00e6\u00f0agrei\u00f0slu \u00e1 a\u00f0alfundi fer hvert f\u00e9lag me\u00f0 eitt atkv\u00e6\u00f0i enda geti \u00fea\u00f0 s\u00fdnt fram \u00e1 a.m.k. 10 f\u00e9lagsmenn me\u00f0 l\u00f6gheimili \u00e1 \u00cdslandi og virka sk\u00e1kstarfsemi.<\/p>\n<p>Eitt atkv\u00e6\u00f0i b\u00e6tist vi\u00f0 hj\u00e1 f\u00e9lagi fyrir hverja sveit sem \u00fea\u00f0 sendir \u00e1 \u00cdslandsm\u00f3t sk\u00e1kf\u00e9laga \u00fea\u00f0 \u00e1ri\u00f0.<\/p>\n<p>Standi a\u00f0ildarf\u00e9lag \u00ed gjaldfallinni skuld vi\u00f0 sambandi\u00f0 hefur \u00fea\u00f0 ekki r\u00e9tt til a\u00f0 eiga fulltr\u00faa me\u00f0 atkv\u00e6\u00f0isr\u00e9tt \u00e1 a\u00f0alfundi.<\/p>\n<p>Vi\u00f0 atkv\u00e6\u00f0agrei\u00f0slu um kj\u00f6rbr\u00e9f \u00ed upphafi fundar skal gilda s\u00fa regla, a\u00f0 hvert f\u00e9lag fari ekki me\u00f0 fleiri atkv\u00e6\u00f0i en \u00fea\u00f0 haf\u00f0i \u00e1 a\u00f0alfundi \u00e1ri\u00f0 \u00e1\u00f0ur.<\/p>\n<p>Hver kj\u00f6rinn a\u00f0alfundarfulltr\u00fai fer a\u00f0eins me\u00f0 eitt atkv\u00e6\u00f0i. Ekki er heimilt a\u00f0 grei\u00f0a atkv\u00e6\u00f0i samkv\u00e6mt umbo\u00f0i e\u00f0a br\u00e9flei\u00f0is.<\/p>\n<p>Vi\u00f0 atkv\u00e6\u00f0agrei\u00f0slur \u00e1 a\u00f0alfundi r\u00e6\u00f0ur einfaldur meirihluti atkv\u00e6\u00f0a, nema um \u00feau m\u00e1l sem s\u00e9rstaklega eru tilgreind \u00ed \u00feessum l\u00f6gum.<\/p>\n<p>\u00c1 a\u00f0alfundi m\u00e1 takmarka till\u00f6gur\u00e9tt og m\u00e1lfrelsi \u00feeirra fundarmanna sem ekki hafa r\u00e9tt til a\u00f0 grei\u00f0a atkv\u00e6\u00f0i \u00e1 fundinum. \u00deeir sem sitja \u00ed stj\u00f3rn og varastj\u00f3rn S\u00cd hafa \u00fe\u00f3 \u00e1vallt till\u00f6gur\u00e9tt og m\u00e1lfrelsi \u00e1 a\u00f0alfundi.<\/p>\n<p><strong>7. grein. \u00c1rsreikningur S\u00cd<br \/>\n<\/strong>Reiknings\u00e1r S\u00cd hefst 1. jan\u00faar \u00e1r hvert. \u00c1rsreikningur, \u00e1rita\u00f0ur af l\u00f6ggiltum endursko\u00f0anda, skal sendur a\u00f0ildarf\u00e9l\u00f6gum og birtur \u00e1 heimas\u00ed\u00f0u sambandsins 14 d\u00f6gum fyrir a\u00f0alfund.<\/p>\n<p><strong>8. grein. Verkefni a\u00f0alfundar<br \/>\n<\/strong>Verkefni a\u00f0alfundar skulu vera \u00feessi:<\/p>\n<p>Forseti S\u00cd setur fundinn og l\u00e6tur kj\u00f3sa fundarstj\u00f3ra og einn til vara og tvo fundarritara sem taka \u00feegar til starfa.<br \/>\n2. Kynnt fundarger\u00f0 s\u00ed\u00f0asta a\u00f0alfundar.<br \/>\n3. Kj\u00f6rbr\u00e9fanefnd gerir grein fyrir kj\u00f6rbr\u00e9fum og kannar fundars\u00f3kn.<br \/>\n4. Forseti flytur sk\u00fdrslu stj\u00f3rnar.<br \/>\n5. Gjaldkeri gerir grein fyrir reikningum s\u00ed\u00f0asta \u00e1rs.<br \/>\n6. Umr\u00e6\u00f0ur um st\u00f6rf stj\u00f3rnarinnar og afgrei\u00f0sla reikninga.<br \/>\n7. Inntaka n\u00fdrra f\u00e9laga.<br \/>\n8. L\u00f6g\u00f0 fram fj\u00e1rhags\u00e1\u00e6tlun fyrir n\u00e6sta starfs\u00e1r og tillaga stj\u00f3rnarinnar um \u00e1rgj\u00f6ld til sambandsins. Almennar umr\u00e6\u00f0ur og afgrei\u00f0sla.<br \/>\n9. Kosning forseta fyrst (anna\u00f0 hvert \u00e1r), svo annarra stj\u00f3rnarmanna og a\u00f0 lokum varastj\u00f3rnar, sbr. 10. gr.<br \/>\n10. Kosnir tveir sko\u00f0unarmenn reikninga og einn til vara.<br \/>\n11. Kosnir 3 menn \u00ed kj\u00f6rbr\u00e9fanefnd og 3 til vara, til a\u00f0 athuga kj\u00f6rbr\u00e9f fyrir n\u00e6sta a\u00f0alfund.<br \/>\n12. Kosnir 3 menn, \u00fe.e. forma\u00f0ur og tveir me\u00f0d\u00f3mendur, og \u00fer\u00edr varad\u00f3mendur \u00ed d\u00f3mst\u00f3l S\u00cd.<br \/>\n13. Kosnir 3 menn \u00ed kjaranefnd og einn til vara (anna\u00f0 hvert \u00e1r).<br \/>\n14. Umr\u00e6\u00f0ur og breytingar \u00e1 l\u00f6gum og keppnisreglum (sk\u00e1kl\u00f6gum) S\u00cd.<br \/>\n15. \u00d6nnur m\u00e1l.<\/p>\n<p>R\u00f6\u00f0 verkefna m\u00e1 a\u00f0eins breyta me\u00f0 sam\u00feykki a\u00f0alfundar.<\/p>\n<p><strong>9. grein. Kosning hei\u00f0ursf\u00e9laga<\/strong><\/p>\n<p>A\u00f0alfundur getur kosi\u00f0 hei\u00f0ursf\u00e9laga S\u00cd eftir till\u00f6gu sambandsstj\u00f3rnar. Stj\u00f3rn S\u00cd getur \u00e1kve\u00f0i\u00f0 a\u00f0 veita hei\u00f0ursmerki S\u00cd, sem eru gullmerki og silfurmerki.<\/p>\n<p><strong><u>III. kafli Stj\u00f3rn S\u00cd og stj\u00f3rnunarh\u00e6ttir<\/u><\/strong><\/p>\n<p><strong>10. grein. Kosning stj\u00f3rnar S\u00cd<\/strong><\/p>\n<p>Stj\u00f3rn S\u00cd er kosin \u00e1 a\u00f0alfundi og hafa allir kj\u00f6rnir a\u00f0alfundarfulltr\u00faar atkv\u00e6\u00f0isr\u00e9tt.<\/p>\n<p>Stj\u00f3rn S\u00cd skipa sj\u00f6 menn, \u00fe.e. forseti, varaforseti, ritari, gjaldkeri, \u00e6skul\u00fd\u00f0sfulltr\u00fai og tveir me\u00f0stj\u00f3rnendur. Fj\u00f3rir menn sitja \u00ed varastj\u00f3rn. Varamenn \u00ed stj\u00f3rn taka s\u00e6ti \u00ed stj\u00f3rninni ef a\u00f0alma\u00f0ur forfallast og koma inn \u00ed stj\u00f3rnina \u00ed s\u00f6mu r\u00f6\u00f0 og \u00feeir eru kosnir.<\/p>\n<p>Kosningar til forseta og stj\u00f3rnar skulu vera leynilegar og skriflegar nema frambj\u00f3\u00f0endur s\u00e9u jafn margir og kj\u00f3sa skal.<\/p>\n<p>Fyrst skal kj\u00f3sa beinni kosningu forseta til tveggja \u00e1ra. Forseti skal ekki sitja lengur en sex kj\u00f6rt\u00edmabil samfleytt.<\/p>\n<p>Kj\u00f6rt\u00edmabil annarra stj\u00f3rnarmanna en forseta er til eins \u00e1rs.<\/p>\n<p>Tilkynning um frambo\u00f0 til emb\u00e6ttis forseta S\u00cd skal berast <strong>formanni kj\u00f6rbr\u00e9fanefndar<\/strong> minnst 10 d\u00f6gum fyrir a\u00f0alfund. Hafi engin gild frambo\u00f0 til forseta borist innan tilskilins frests m\u00e1 hven\u00e6r sem er eftir \u00fea\u00f0 tilkynna um frambo\u00f0, m.a. \u00e1 a\u00f0alfundinum sj\u00e1lfum.<\/p>\n<p>Til a\u00f0 n\u00e1 kj\u00f6ri sem forseti S\u00cd \u00fearf meirihluta greiddra atkv\u00e6\u00f0a. N\u00e1ist ekki meirihluti vi\u00f0 fyrstu kosningu skal kj\u00f3sa \u00e1 n\u00fd, bindandi kosningu, um \u00fe\u00e1 tvo menn sem flest atkv\u00e6\u00f0i hlutu. R\u00e6\u00f0ur \u00fe\u00e1 einfaldur meirihluti atkv\u00e6\u00f0a.<\/p>\n<p><strong>Tilkynning um frambo\u00f0 til stj\u00f3rnar S\u00cd skal berast skrifstofu S\u00cd minnst 3 d\u00f6gum fyrir a\u00f0alfund. Hafi f\u00e6rri en 10 frambo\u00f0 borist innan tilskilins frests m\u00e1 tilkynna um frambo\u00f0 \u00e1 a\u00f0alfundinum sj\u00e1lfum.<\/strong><\/p>\n<p>Kosning annarra stj\u00f3rnarmanna en forseta skal vera bundin vi\u00f0 \u00fe\u00e1 sem gefa kost \u00e1 s\u00e9r og er atkv\u00e6\u00f0i a\u00f0eins gilt ef kosnir eru jafnmargir og kj\u00f3sa \u00e1. F\u00e1i fleiri en \u00feeir sem kj\u00f3sa \u00e1 jafnm\u00f6rg atkv\u00e6\u00f0i skal kj\u00f3sa um \u00fe\u00e1 \u00e1 n\u00fd, bindandi kosningu. Ver\u00f0i \u00feeir enn jafnir r\u00e6\u00f0ur hlutkesti.<\/p>\n<p><strong>11. grein. Sta\u00f0a forseta og framkv\u00e6mdastj\u00f3ra<br \/>\n<\/strong>Heimilt er a\u00f0 forseti S\u00cd s\u00e9 \u00ed f\u00f6stu launu\u00f0u starfi fyrir sambandi\u00f0, en fara \u00fe\u00e1 skal eftir 13. gr vi\u00f0 \u00e1kv\u00f6r\u00f0un starfskjara hans. Me\u00f0 f\u00f6stu launu\u00f0u starfi er \u00e1tt vi\u00f0 a\u00f0 forseti s\u00e9 einnig \u00ed r\u00e1\u00f0ningarsambandi vi\u00f0 S\u00cd og a\u00f0 starfshlutfalli\u00f0 s\u00e9 a\u00f0 l\u00e1gmarki 20%. S\u00e9 forseti S\u00cd einnig starfsma\u00f0ur sambandsins, er stj\u00f3rn \u00f3skylt a\u00f0 r\u00e1\u00f0a framkv\u00e6mdastj\u00f3ra. Forseti tekur ekki \u00fe\u00e1tt \u00ed atkv\u00e6\u00f0agrei\u00f0slu stj\u00f3rnar um hvort hann ver\u00f0i \u00ed f\u00f6stu launu\u00f0u starfi.<\/p>\n<p>S\u00e9 forseti anna\u00f0 hvort ekki \u00ed f\u00f6stu starfi fyrir sambandi\u00f0 e\u00f0a \u00ed minna en 20% starfshlutfalli er stj\u00f3rn skylt a\u00f0 r\u00e1\u00f0a framkv\u00e6mdastj\u00f3ra.<\/p>\n<p>Forseti e\u00f0a framkv\u00e6mdastj\u00f3ri fer me\u00f0 pr\u00f3k\u00faru en allar meirih\u00e1ttar skuldbindingar af h\u00e1lfu S\u00cd skulu sam\u00feykktar af meirihluta stj\u00f3rnar.<\/p>\n<p>Stj\u00f3rn setur launu\u00f0um starfsm\u00f6nnum sambandsins starfsl\u00fdsingu, \u00fe.m.t. forseta og framkv\u00e6mdastj\u00f3ra.<\/p>\n<p><strong>12. grein. Verkaskipting stj\u00f3rnar<br \/>\n<\/strong>Stj\u00f3rn S\u00cd skiptir me\u00f0 s\u00e9r starfsheitum og verkefnum.<\/p>\n<p>Forseti bo\u00f0ar til stj\u00f3rnarfunda og st\u00fdrir \u00feeim. \u00cd forf\u00f6llum forseta gegnir varaforseti st\u00f6rfum hans.<\/p>\n<p>Stj\u00f3rnarfundir skulu haldnir eigi sjaldnar en annan hvern m\u00e1nu\u00f0. \u00d3ski \u00fer\u00edr e\u00f0a fleiri stj\u00f3rnarmenn eftir stj\u00f3rnarfundi skal til hans bo\u00f0a\u00f0 eigi s\u00ed\u00f0ar en 7 d\u00f6gum eftir a\u00f0 \u00f3sk \u00fear a\u00f0 l\u00fatandi hefur veri\u00f0 borin fram.<\/p>\n<p>Stj\u00f3rnarfundur er l\u00f6gm\u00e6tur ef a.m.k. fj\u00f3rir stj\u00f3rnarmenn e\u00f0a varastj\u00f3rnarmenn sitja hann. Ver\u00f0i \u00e1greiningur \u00e1 stj\u00f3rnarfundum skal bera afgrei\u00f0slu m\u00e1lsins undir atkv\u00e6\u00f0i. Ef atkv\u00e6\u00f0i falla j\u00f6fn r\u00e6\u00f0ur atkv\u00e6\u00f0i forseta \u00farslitum.<\/p>\n<p><strong>13. grein. Kjaranefnd<br \/>\n<\/strong>Kjaranefnd S\u00cd er skipu\u00f0 \u00feremur m\u00f6nnum og einum til vara og er kosin \u00e1 a\u00f0alfundi S\u00cd til tveggja \u00e1ra.<\/p>\n<p>S\u00e9 forseti S\u00cd \u00ed f\u00f6stu launu\u00f0u starfi vi\u00f0 sambandi\u00f0 skal nefndin leggja til laun hans, vi\u00f0mi\u00f0un launabreytinga og starfstengd kj\u00f6r og ganga fr\u00e1 launasamningi vi\u00f0 hann a\u00f0 fenginni sta\u00f0festingu stj\u00f3rnar S\u00cd \u00e1 till\u00f6gu nefndarinnar. A\u00f0 breyttu breytanda getur stj\u00f3rn S\u00cd leita\u00f0 til kjaranefndar vegna starfskjara annarra starfsmanna, enda s\u00e9 \u00fe\u00e1 forseti ekki \u00ed f\u00f6stu launu\u00f0u starfi vi\u00f0 sambandi\u00f0.<\/p>\n<p>Kjaranefnd skal halda fundarger\u00f0ir um fundi s\u00edna og leggja fyrir stj\u00f3rn S\u00cd. \u00c1kvar\u00f0anir nefndarinnar skulu b\u00f3ka\u00f0ar og r\u00f6kstuddar.<\/p>\n<p>Um h\u00e6fi \u00feeirra sem kosnir eru \u00ed kjaranefnd skal fari\u00f0 eftir h\u00e6fisreglum stj\u00f3rns\u00fdslulaga. \u00deeir sem kosnir eru \u00ed kjaranefnd skulu ekki sitja \u00ed stj\u00f3rn S\u00cd e\u00f0a varastj\u00f3rn.<\/p>\n<p><strong>14. grein. Fastanefndir S\u00cd<\/strong><\/p>\n<p>Stj\u00f3rn S\u00cd skal a\u00f0 loknum a\u00f0alfundi skipa eftirfarandi fastanefndir:<\/p>\n<ol>\n<li>M\u00f3tanefnd,<\/li>\n<\/ol>\n<p>2. Fj\u00e1rhagsnefnd,<\/p>\n<p>3. Landsli\u00f0snefnd,<\/p>\n<p>4. Kvennask\u00e1knefnd,<\/p>\n<p>5. \u00c6skul\u00fd\u00f0snefnd,<\/p>\n<p>6. Sk\u00e1kd\u00f3maranefnd,<\/p>\n<p>7. Sk\u00e1k\u00fej\u00e1lfaranefnd.<\/p>\n<p>Nefndir starfa samkv\u00e6mt vi\u00f0eigandi reglum S\u00cd og hafa ekki s\u00e9rstakan fj\u00e1rhag. Stj\u00f3rn getur sett nefndum erindisbr\u00e9f \u00fear sem verkefni \u00feeirra eru afm\u00f6rku\u00f0 n\u00e1nar.<\/p>\n<p>\u00c1 a\u00f0alfundi er h\u00e6gt a\u00f0 skipa s\u00e9rstakar t\u00edmabundnar nefndir sem starfa \u00e1 milli a\u00f0alfunda til a\u00f0 fjalla um m\u00e1lefni sem n\u00e1nar eru \u00e1kv\u00f6r\u00f0u\u00f0 af a\u00f0alfundi.<\/p>\n<p>Stj\u00f3rn S\u00cd getur skipa\u00f0 s\u00e9rstakar nefndir til a\u00f0 fjalla um afm\u00f6rku\u00f0 verkefni.<\/p>\n<p><strong><u>IV. kafli D\u00f3mst\u00f3ll S\u00cd<\/u><\/strong><\/p>\n<p><strong>15, grein. D\u00f3mst\u00f3ll S\u00cd<br \/>\n<\/strong>D\u00f3mst\u00f3ll S\u00cd skal skipa\u00f0ur formanni og tveimur me\u00f0d\u00f3mendum. Skulu \u00feeir, \u00e1samt \u00feremur varad\u00f3mendum, vera kj\u00f6rnir \u00e1 a\u00f0alfundi S\u00cd til eins \u00e1rs, sbr. 8. gr. \u00deeir sem kj\u00f6rnir eru \u00ed d\u00f3mst\u00f3linn skulu hvorki vera a\u00f0al- n\u00e9 varamenn \u00ed stj\u00f3rn S\u00cd. A\u00f0 l\u00e1gmarki skulu tveir af \u00feeim sex sem kj\u00f6rnir eru d\u00f3marar og varad\u00f3marar vera l\u00f6gl\u00e6r\u00f0ir.<\/p>\n<p>D\u00f3mst\u00f3ll S\u00cd skal \u00ed hverju m\u00e1li skipa\u00f0ur \u00feremur d\u00f3mendum og skal a\u00f0 minnsta kosti einn \u00feeirra vera l\u00f6gl\u00e6r\u00f0ur. D\u00f3mari skal g\u00e6ta a\u00f0 h\u00e6fi s\u00ednu og me\u00f0d\u00f3msmanna til a\u00f0 fara me\u00f0 m\u00e1l og gera \u00fea\u00f0 \u00ed samr\u00e6mi vi\u00f0 almennt vi\u00f0urkenndar meginreglur um h\u00e6fi d\u00f3mara.<\/p>\n<p>D\u00f3mst\u00f3llinn skal hafa endanlegt \u00farskur\u00f0arvald um \u00e1greiningsm\u00e1l sem koma upp innan v\u00e9banda S\u00cd og var\u00f0a l\u00f6g og reglur sambandsins. D\u00f3mst\u00f3llinn skal byggja ni\u00f0urst\u00f6\u00f0ur s\u00ednar \u00e1 l\u00f6gum og regluger\u00f0um S\u00cd, auk laga og reglna Al\u00fej\u00f3\u00f0a sk\u00e1ksambandsins (FIDE) eftir \u00fev\u00ed sem vi\u00f0 \u00e1. Aga- og \u00farskur\u00f0arm\u00e1l innan S\u00cd skulu rekin fyrir d\u00f3mst\u00f3lnum nema \u00feau s\u00e9u s\u00e9rstaklega falin \u00f6\u00f0rum samkv\u00e6mt l\u00f6gum og regluger\u00f0um sambandsins.<\/p>\n<p>Sk\u00e1kmenn, taflf\u00e9l\u00f6g og a\u00f0rir a\u00f0ilar innan sk\u00e1khreyfingarinnar geta \u00e1tt a\u00f0ild a\u00f0 m\u00e1lum fyrir d\u00f3mst\u00f3lnum, til s\u00f3knar e\u00f0a varnar, a\u00f0 \u00fev\u00ed tilskyldu a\u00f0 \u00feeir hafi l\u00f6gvar\u00f0a hagsmuni af \u00farlausn \u00feeirra og um s\u00e9 a\u00f0 r\u00e6\u00f0a m\u00e1lefni sem heyrir undir d\u00f3mst\u00f3linn. \u00cd \u00fev\u00ed felst a\u00f0 m\u00e1lsa\u00f0ili \u00fearf a\u00f0 hafa s\u00e9rst\u00f6k tengsl vi\u00f0 \u00e1greiningsefni\u00f0, umfram a\u00f0ra, og \u00e1greiningsefni\u00f0 a\u00f0 snerta l\u00f6g e\u00f0a reglur S\u00cd. D\u00f3mst\u00f3llinn metur hvort m\u00e1l sem lagt er fyrir hann heyri undir l\u00f6gs\u00f6gu hans og hvort skilyr\u00f0i m\u00e1lsa\u00f0ildar s\u00e9u uppfyllt. Vi\u00f0 mat \u00e1 \u00fev\u00ed hvort skilyr\u00f0i\u00f0 um l\u00f6gvar\u00f0a hagsmuni s\u00e9 uppfyllt skal d\u00f3mst\u00f3llinn hafa hli\u00f0sj\u00f3n af reglum stj\u00f3rns\u00fdslur\u00e9ttar \u00fear a\u00f0 l\u00fatandi.<\/p>\n<p>D\u00f3mst\u00f3ll S\u00cd getur teki\u00f0 \u00e1kv\u00f6r\u00f0un um vi\u00f0url\u00f6g samkv\u00e6mt l\u00f6gum \u00feessum, sk\u00e1kl\u00f6gum S\u00cd og \u00f6\u00f0rum reglum sem falla undir valdsvi\u00f0 d\u00f3mst\u00f3lsins. Brot \u00e1 l\u00f6gum og reglum S\u00cd getur var\u00f0a\u00f0 \u00e1minningu, keppnisbanni e\u00f0a banni vi\u00f0 annarri a\u00f0komu a\u00f0 sk\u00e1kvi\u00f0bur\u00f0um, sem gildir \u00fdmist \u00e1 einst\u00f6kum m\u00f3tum e\u00f0a \u00ed tiltekinn t\u00edma. Stj\u00f3rn S\u00cd skal setja regluger\u00f0 um agam\u00e1l, \u00fear sem n\u00e1nar er kve\u00f0i\u00f0 \u00e1 um hva\u00f0a h\u00e1ttsemi getur var\u00f0a\u00f0 vi\u00f0url\u00f6gum.<\/p>\n<p>Stj\u00f3rn S\u00cd skal \u00ed samr\u00e1\u00f0i vi\u00f0 d\u00f3mst\u00f3linn setja regluger\u00f0 um st\u00f6rf og valdsvi\u00f0 d\u00f3mst\u00f3lsins.<\/p>\n<p><strong><u>V. kafli Loka\u00e1kv\u00e6\u00f0i<\/u><\/strong><\/p>\n<p><strong>16. grein. Slit S\u00cd<\/strong><\/p>\n<p>Komi til \u00feess a\u00f0 S\u00cd ver\u00f0i sliti\u00f0 skulu eignir sambandsins renna til a\u00f0ildarf\u00e9laga \u00feess \u00ed hlutfalli vi\u00f0 atkv\u00e6\u00f0isr\u00e9tt \u00feeirra \u00e1 a\u00f0alfundi, sbr. 6. gr (breytt 2023)<\/p>\n<p><strong>17. grein. Breytingar \u00e1 l\u00f6gum \u00feessum<br \/>\n<\/strong>Breytingar \u00e1 l\u00f6gum og sk\u00e1kl\u00f6gum sambandsins ver\u00f0a einungis ger\u00f0ar \u00e1 a\u00f0alfundi. Allar lagabreytingartill\u00f6gur ver\u00f0a a\u00f0 vera fluttar af stj\u00f3rn S\u00cd, a\u00f0ildarf\u00e9l\u00f6gum S\u00cd e\u00f0a fulltr\u00faum \u00feeirra \u00e1 a\u00f0alfundi. Til a\u00f0 tillaga ver\u00f0i tekin fyrir \u00fearf till\u00f6guflytjandi e\u00f0a fulltr\u00fai hans a\u00f0 vera vi\u00f0staddur \u00e1 a\u00f0alfundi og m\u00e6la sj\u00e1lfur fyrir henni.<\/p>\n<p>Til a\u00f0 breytingar \u00e1 l\u00f6gum \u00f6\u00f0list gildi \u00fearf sam\u00feykki 2\/3 greiddra atkv\u00e6\u00f0a, en til breytinga \u00e1 sk\u00e1kl\u00f6gum n\u00e6gir einfaldur meirihluti.<\/p>\n<p>Allar till\u00f6gur h\u00e9r a\u00f0 l\u00fatandi ber a\u00f0 senda stj\u00f3rn S\u00cd eigi s\u00ed\u00f0ar en 20 d\u00f6gum fyrir a\u00f0alfund og skulu \u00fe\u00e6r ger\u00f0ar a\u00f0gengilegar \u00e1 heimas\u00ed\u00f0u sambandsins eigi s\u00ed\u00f0ar en \u00e1 sama t\u00edma og \u00e1rsreikningar sambandsins, sbr. 7. gr.<\/p>\n<p><strong>18. grein. Gildistaka\u00a0<\/strong><\/p>\n<p>L\u00f6g \u00feessi \u00f6\u00f0last \u00feegar gildi. Jafnframt eru \u00far gildi fallin eldri l\u00f6g S\u00cd.<\/p>\n<p>\u2014\u2014\u2014\u2014\u2014-<\/p>\n<p><em>Heildarl\u00f6g \u00feessi voru sam\u00feykkt \u00e1 a\u00f0alfundi S\u00cd 29. ma\u00ed 2021.<\/em><\/p>\n<p><em>N\u00fdrri 16. gr. (slit S\u00cd) var b\u00e6tt vi\u00f0 \u00e1 a\u00f0alfundi 21. ma\u00ed 2022 og \u00fe\u00e6r greinar sem \u00e1 eftir komu fengu \u00fe\u00e1 n\u00fd n\u00famer. Breytingar voru ger\u00f0ar \u00e1 a\u00f0alfundum SI og 2023. <strong>Breytingar sem ger\u00f0ar voru 2025 eru feitletra\u00f0ar. <\/strong><\/em><\/p>\n<p><a href=\"https:\/\/skak.is\/skaksamband\/wp-content\/uploads\/sites\/8\/2026\/04\/Log-Skaksambands-Islands-fra-2023.pdf\">L\u00f6g S\u00cd 2023 (PDF)<\/a><\/p>\n<p><a href=\"https:\/\/skak.is\/skaksamband\/wp-content\/uploads\/sites\/8\/2022\/06\/LOG-SKAKSAMBANDS-ISLANDS-2022.pdf\">L\u00f6g S\u00cd 2022 (PDF)<\/a><\/p>\n<p><a href=\"https:\/\/skak.is\/skaksamband\/wp-content\/uploads\/sites\/8\/2022\/06\/LOG-SKAKSAMBANDS-ISLANDS-2022.docx\">L\u00f6g S\u00cd 2022 (Word)<\/a><\/p>\n<p><a href=\"https:\/\/skak.is\/skaksamband\/wp-content\/uploads\/sites\/8\/2021\/06\/LOG-SKAKSAMBANDS-ISLANDS-2021.pdf\">L\u00f6g S\u00cd 2021 (PDF)<\/a><\/p>\n<p><a href=\"https:\/\/skak.is\/skaksamband\/wp-content\/uploads\/sites\/8\/2021\/06\/LOG-SKAKSAMBANDS-ISLANDS-2021.docx\">L\u00f6g S\u00cd 2021 (Word)<\/a><\/p>\n<p><a href=\"https:\/\/skak.is\/skaksamband\/wp-content\/uploads\/sites\/8\/2021\/06\/Skyringar-med-tillogu-ad-nyjum-logum-SI-2021.pdf\">Sk\u00fdringar me\u00f0 till\u00f6gu a\u00f0 n\u00fdjum l\u00f6gum S\u00cd 2021<\/a><\/p>\n<p><a href=\"https:\/\/web.archive.org\/web\/20200813235356\/https:\/\/skak.is\/skaksamband\/um-ssi\/log-skaksambands-islands\/\">Eldri l\u00f6g S\u00cd<\/a><\/p>\n","protected":false},"excerpt":{"rendered":"<p>L\u00f6g Sk\u00e1ksambands \u00cdslands L\u00f6g sam\u00feykkt \u00e1 a\u00f0alfundi S\u00cd, 14. j\u00fan\u00ed 2025. L\u00d6G SK\u00c1KSAMBANDS \u00cdSLANDS\u00a0 I. kafli Almenn \u00e1kv\u00e6\u00f0i, hlutverk og stj\u00f3rnkerfi 1. grein. Heiti og a\u00f0setur Sk\u00e1ksamband \u00cdslands (S\u00cd) er landssamband \u00edslenskra sk\u00e1kf\u00e9laga. Heimili sambandsins og varnar\u00feing er \u00ed Reykjav\u00edk. Sambandi\u00f0 er a\u00f0ili a\u00f0 Al\u00fej\u00f3\u00f0a sk\u00e1ksambandinu (FIDE), nema a\u00f0 a\u00f0alfundur \u00e1kve\u00f0i anna\u00f0. Jafnframt er sambandi\u00f0 [&hellip;]<\/p>\n","protected":false},"author":1,"featured_media":0,"parent":104,"menu_order":0,"comment_status":"closed","ping_status":"closed","template":"","meta":{"footnotes":""},"class_list":["post-129","page","type-page","status-publish","hentry"],"_links":{"self":[{"href":"https:\/\/skak.is\/skaksamband\/wp-json\/wp\/v2\/pages\/129","targetHints":{"allow":["GET"]}}],"collection":[{"href":"https:\/\/skak.is\/skaksamband\/wp-json\/wp\/v2\/pages"}],"about":[{"href":"https:\/\/skak.is\/skaksamband\/wp-json\/wp\/v2\/types\/page"}],"author":[{"embeddable":true,"href":"https:\/\/skak.is\/skaksamband\/wp-json\/wp\/v2\/users\/1"}],"replies":[{"embeddable":true,"href":"https:\/\/skak.is\/skaksamband\/wp-json\/wp\/v2\/comments?post=129"}],"version-history":[{"count":16,"href":"https:\/\/skak.is\/skaksamband\/wp-json\/wp\/v2\/pages\/129\/revisions"}],"predecessor-version":[{"id":3636,"href":"https:\/\/skak.is\/skaksamband\/wp-json\/wp\/v2\/pages\/129\/revisions\/3636"}],"up":[{"embeddable":true,"href":"https:\/\/skak.is\/skaksamband\/wp-json\/wp\/v2\/pages\/104"}],"wp:attachment":[{"href":"https:\/\/skak.is\/skaksamband\/wp-json\/wp\/v2\/media?parent=129"}],"curies":[{"name":"wp","href":"https:\/\/api.w.org\/{rel}","templated":true}]}}