{"id":1475,"date":"2020-11-27T10:42:32","date_gmt":"2020-11-27T10:42:32","guid":{"rendered":"https:\/\/skak.is\/skaksamband\/?page_id=1475"},"modified":"2020-11-27T10:42:32","modified_gmt":"2020-11-27T10:42:32","slug":"reglur-um-styrktarsjod-skaksambandsins","status":"publish","type":"page","link":"https:\/\/skak.is\/skaksamband\/reglur-um-styrktarsjod-skaksambandsins\/","title":{"rendered":"Reglur um styrktarsj\u00f3\u00f0 Sk\u00e1ksambandsins"},"content":{"rendered":"<p>Stj\u00f3rn S\u00cd \u00e1kva\u00f0 \u00e1 fundi s\u00ednum 27.\u00a0september 2020 a\u00f0 stofna s\u00e9rstakan styrktarsj\u00f3\u00f0 sem er \u00e6tla\u00f0 a\u00f0 veita styrki til \u00fdmiss konar verkefna innan hreyfingarinnar.<\/p>\n<p>A\u00f0ildarf\u00e9l\u00f6g og einstaklingar geta s\u00f3tt um styrki til s\u00e9rstakra verkefna, eftir \u00fev\u00ed sem m\u00e6lt er fyrir um \u00ed reglum \u00feessum.<\/p>\n<p>Sj\u00f3\u00f0num er einnig \u00e6tla\u00f0 a\u00f0 standa undir styrkjum til einstaklinga til a\u00f0 s\u00e6kja m\u00f3t erlendis \u00ed samr\u00e6mi vi\u00f0 regluger\u00f0 um sl\u00edka styrki:<a href=\"https:\/\/skak.is\/skaksamband\/um-ssi\/reglugerdir\/styrkjareglur-si\/\"> https:\/\/skak.is\/skaksamband\/um-ssi\/reglugerdir\/styrkjareglur-si\/<\/a>.<\/p>\n<h3><strong>Gjafir \u00ed sj\u00f3\u00f0inn<\/strong><\/h3>\n<p>H\u00e6gt er a\u00f0 gefa \u00ed sj\u00f3\u00f0inn\u00a0 me\u00f0 millif\u00e6rslu inn \u00e1 reikning <strong>114-26-58026, kt. 580269-5409<\/strong>.\u00a0Allt f\u00e9 sem fer \u00ed styrktarsj\u00f3\u00f0inn rennur alfari\u00f0 \u00ed styrkveitingar \u2015 ekkert \u00ed kostna\u00f0.<\/p>\n<p><strong>Hva\u00f0 styrkir sj\u00f3\u00f0urinn?<\/strong><\/p>\n<p><strong>a)<\/strong> \u00a0 \u00a0 <strong>Einstaklinga sem halda \u00e1 m\u00f3t erlendis<\/strong><\/p>\n<p>Sj\u00e1 reglur um sl\u00edka styrki <a href=\"https:\/\/skak.is\/skaksamband\/um-ssi\/reglugerdir\/styrkjareglur-si\/\">h\u00e9r<\/a><\/p>\n<p><strong>b)<\/strong> <strong>S\u00e9rt\u00e6k verkefni<\/strong><\/p>\n<ol>\n<li>Fr\u00e6\u00f0slum\u00e1l og \u00fatg\u00e1fum\u00e1l-<\/li>\n<li>M\u00f3tahald me\u00f0 \u00e1herslu \u00e1 ungmenni, konur og landsbygg\u00f0.<\/li>\n<li>H\u00f3pfer\u00f0ir taflf\u00e9laga e\u00f0a annarra formlegra h\u00f3pa \u00e1 sk\u00e1km\u00f3t erlendis me\u00f0 \u00e1herslu \u00e1 ofangreint<\/li>\n<li>\u00d6nnur verkefni \u2013 sem sj\u00f3\u00f0sstj\u00f3rn telur r\u00e9tt a\u00f0 styrkja<\/li>\n<\/ol>\n<p>Almennt er ekki styrkt fyrir launakostna\u00f0i.<\/p>\n<h3><strong>Styrkveiting<\/strong><\/h3>\n<p>H\u00e6gt er a\u00f0 s\u00e6kja um styrki allt \u00e1ri\u00f0 og skulu styrkbei\u00f0nir\u00a0vera afgreiddar innan 30 daga eftir a\u00f0 ums\u00f3kn berst. Styrkir til s\u00e9rt\u00e6kra verkefna geta a\u00f0 hluta e\u00f0a \u00f6llu leyti veri\u00f0 \u00ed formi sk\u00e1kb\u00fana\u00f0ar.<\/p>\n<h3><strong>Ums\u00f3kn og ums\u00e6kjendur<\/strong><\/h3>\n<p>Ums\u00f3knir um styrk skulu berast sj\u00f3\u00f0sstj\u00f3rn \u00e1 s\u00e9rst\u00f6ku ums\u00f3knarbla\u00f0i<\/p>\n<ul>\n<li>\u00a0 <a href=\"https:\/\/docs.google.com\/forms\/d\/e\/1FAIpQLSfpm7QH-YedayZAtFSXyDVMC5s6l2tuTExK2wVw1tABfQ6MJA\/viewform\">Fer\u00f0astyrkir \u00e1 sk\u00e1km\u00f3t erlendis<\/a><\/li>\n<li>\u00a0 <strong>Styrkir \u00ed s\u00e9rt\u00e6k verkefni (form ekki tilb\u00fai\u00f0)<\/strong><\/li>\n<\/ul>\n<h3><strong>Sj\u00f3\u00f0sstj\u00f3rn<\/strong><\/h3>\n<p>\u00cd sj\u00f3\u00f0sstj\u00f3rn situr a\u00f0alstj\u00f3rn S\u00cd. Reikningur styrktarsj\u00f3\u00f0s S\u00cd ver\u00f0i birtur \u00ed \u00e1rssk\u00fdrslu S\u00cd \u00e1r hvert sem og yfirlit yfir allra styrkveitingar sj\u00f3\u00f0sins.<\/p>\n<h3><strong>Tekjur sj\u00f3\u00f0sins<\/strong><\/h3>\n<p>\u00d6ll \u00e1skriftargj\u00f6ld Sk\u00e1ksambandsins skulu renna \u00ed sj\u00f3\u00f0inn fr\u00e1 og me\u00f0 starfs\u00e1rinu 2020-21. Stj\u00f3rn S\u00cd getur auk \u00feess sett inn s\u00e9rst\u00f6k framl\u00f6g \u00ed sj\u00f3\u00f0inn ef h\u00fan telur \u00e1st\u00e6\u00f0u til.\u00a0 Ver\u00f0i eftirst\u00f6\u00f0var \u00ed lok starfs\u00e1rs flytjast \u00fe\u00e6r yfir \u00e1 n\u00e6sta \u00e1r.<\/p>\n<h3><strong>\u00datborgun styrkja<\/strong><\/h3>\n<p>Styrk\u00feegar skulu a\u00f0 verkefni loknu skila inn greinarger\u00f0 (form v\u00e6ntanlegt) um verkefni\u00f0. Styrki skal almennt grei\u00f0a \u00fat a\u00f0 verkefni\/m\u00f3ti loknu en gera m\u00e1 undantekningar \u00e1 \u00fev\u00ed ef a\u00f0st\u00e6\u00f0ur krefjast.<\/p>\n<h3><strong>Breyting \u00e1 stofnskr\u00e1 sj\u00f3\u00f0sins<\/strong><\/h3>\n<p>Sj\u00f3\u00f0urinn var stofna\u00f0ur \u00e1 stj\u00f3rnarfundi S\u00cd \u00ed 27. september 2020 og tekur gildi 1. desember 2020. Stefnt er \u00e1 a\u00f0 sta\u00f0festa reglur sj\u00f3\u00f0sins \u00e1 n\u00e6sta a\u00f0alfundi S\u00cd og framvegis ver\u00f0i a\u00f0eins h\u00e6gt a\u00f0 breyta \u00feeim \u00e1 a\u00f0alfundum.<\/p>\n","protected":false},"excerpt":{"rendered":"<p>Stj\u00f3rn S\u00cd \u00e1kva\u00f0 \u00e1 fundi s\u00ednum 27.\u00a0september 2020 a\u00f0 stofna s\u00e9rstakan styrktarsj\u00f3\u00f0 sem er \u00e6tla\u00f0 a\u00f0 veita styrki til \u00fdmiss konar verkefna innan hreyfingarinnar. A\u00f0ildarf\u00e9l\u00f6g og einstaklingar geta s\u00f3tt um styrki til s\u00e9rstakra verkefna, eftir \u00fev\u00ed sem m\u00e6lt er fyrir um \u00ed reglum \u00feessum. Sj\u00f3\u00f0num er einnig \u00e6tla\u00f0 a\u00f0 standa undir styrkjum til einstaklinga til [&hellip;]<\/p>\n","protected":false},"author":2,"featured_media":0,"parent":0,"menu_order":0,"comment_status":"closed","ping_status":"closed","template":"","meta":{"footnotes":""},"class_list":["post-1475","page","type-page","status-publish","hentry"],"_links":{"self":[{"href":"https:\/\/skak.is\/skaksamband\/wp-json\/wp\/v2\/pages\/1475","targetHints":{"allow":["GET"]}}],"collection":[{"href":"https:\/\/skak.is\/skaksamband\/wp-json\/wp\/v2\/pages"}],"about":[{"href":"https:\/\/skak.is\/skaksamband\/wp-json\/wp\/v2\/types\/page"}],"author":[{"embeddable":true,"href":"https:\/\/skak.is\/skaksamband\/wp-json\/wp\/v2\/users\/2"}],"replies":[{"embeddable":true,"href":"https:\/\/skak.is\/skaksamband\/wp-json\/wp\/v2\/comments?post=1475"}],"version-history":[{"count":1,"href":"https:\/\/skak.is\/skaksamband\/wp-json\/wp\/v2\/pages\/1475\/revisions"}],"predecessor-version":[{"id":1477,"href":"https:\/\/skak.is\/skaksamband\/wp-json\/wp\/v2\/pages\/1475\/revisions\/1477"}],"wp:attachment":[{"href":"https:\/\/skak.is\/skaksamband\/wp-json\/wp\/v2\/media?parent=1475"}],"curies":[{"name":"wp","href":"https:\/\/api.w.org\/{rel}","templated":true}]}}