{"id":148,"date":"2019-06-23T17:42:08","date_gmt":"2019-06-23T17:42:08","guid":{"rendered":"https:\/\/skak.is\/skaksamband\/?page_id=148"},"modified":"2026-02-18T08:58:59","modified_gmt":"2026-02-18T08:58:59","slug":"reglugerd-um-skolaskak","status":"publish","type":"page","link":"https:\/\/skak.is\/skaksamband\/um-ssi\/reglugerdir\/reglugerd-um-skolaskak\/","title":{"rendered":"Regluger\u00f0 um sk\u00f3lask\u00e1k"},"content":{"rendered":"<h1><b>Regluger\u00f0 um sk\u00f3lask\u00e1k<\/b><\/h1>\n<p><b>Landsm\u00f3t \u00ed sk\u00f3lask\u00e1k \u2015 regluger\u00f0<\/b><\/p>\n<p><b>(sett fyrir landsm\u00f3t 2023 &#8211; 4. og 6. gr. breytt fyrir landsm\u00f3t 2026)\u00a0<\/b><\/p>\n<ol>\n<li style=\"font-weight: 400;\" aria-level=\"1\"><b>grein<\/b><b><br \/>\n<\/b><span style=\"font-weight: 400;\">Landsm\u00f3t \u00ed sk\u00f3lask\u00e1k er sk\u00e1kkeppni nemenda \u00ed grunnsk\u00f3lum. R\u00e9tt til \u00fe\u00e1ttt\u00f6ku hafa allir nemendur \u00ed grunnsk\u00f3lum landsins.<\/span><\/li>\n<li style=\"font-weight: 400;\" aria-level=\"1\"><b>grein<\/b><b><br \/>\n<\/b><span style=\"font-weight: 400;\">\u00cd keppninni skal nemendum skipt \u00ed \u00ferj\u00e1 flokka: 1. \u2013 4. bekkur, 5. \u2013 7. bekkur og 8. \u2013 10. bekkur<\/span><b>\u00a0<\/b><\/li>\n<li><b>grein<\/b><\/li>\n<\/ol>\n<p><span style=\"font-weight: 400;\">Keppnin skiptist \u00ed undankeppni og \u00farslit.<\/span><b>\u00a0<\/b><\/p>\n<p><b>4. grein<\/b><\/p>\n<p><span style=\"font-weight: 400;\">Undankeppnin \u00e1 s\u00e9r sta\u00f0 \u00e1 nokkrum sv\u00e6\u00f0am\u00f3tum \u00fear sem teflt er um s\u00e6ti \u00ed \u00farslitum Landsm\u00f3tsins. \u00c1ri\u00f0 2026 eru sv\u00e6\u00f0am\u00f3t haldin fyrir eftirfarandi sv\u00e6\u00f0i:<\/span><\/p>\n<ol>\n<li style=\"font-weight: 400;\" aria-level=\"1\"><span style=\"font-weight: 400;\">Reykjav\u00edk og Seltjarnarnes<\/span><\/li>\n<li style=\"font-weight: 400;\" aria-level=\"1\"><span style=\"font-weight: 400;\">Kragann og Su\u00f0urnes<\/span><\/li>\n<li style=\"font-weight: 400;\" aria-level=\"1\"><span style=\"font-weight: 400;\">Vesturland<\/span><\/li>\n<li style=\"font-weight: 400;\" aria-level=\"1\"><span style=\"font-weight: 400;\">Vestfir\u00f0i<\/span><\/li>\n<li style=\"font-weight: 400;\" aria-level=\"1\"><span style=\"font-weight: 400;\">Nor\u00f0urland vestra<\/span><\/li>\n<li style=\"font-weight: 400;\" aria-level=\"1\"><span style=\"font-weight: 400;\">Nor\u00f0urland eystra<\/span><\/li>\n<li style=\"font-weight: 400;\" aria-level=\"1\"><span style=\"font-weight: 400;\">Austurland<\/span><\/li>\n<li style=\"font-weight: 400;\" aria-level=\"1\"><span style=\"font-weight: 400;\">Su\u00f0urland<\/span><\/li>\n<\/ol>\n<p>&nbsp;<\/p>\n<p><b>5. grein<\/b><\/p>\n<p><span style=\"font-weight: 400;\">\u00c1 fj\u00f6lmennum sv\u00e6\u00f0um me\u00f0 mikla sk\u00e1kvirkni skal mi\u00f0a vi\u00f0 a\u00f0 keppnisr\u00e9tt \u00ed sv\u00e6\u00f0am\u00f3ti vi\u00f0 \u00fe\u00e1 sem teflt hafa me\u00f0 a-sveit s\u00edns sk\u00f3la \u00ed sveitakeppnum \u00feess vetrar.<\/span><b>\u00a0<\/b><\/p>\n<p><b>6. grein<\/b><\/p>\n<p><span style=\"font-weight: 400;\">\u00cd \u00farslitum eiga eftirfarandi keppnisr\u00e9tt \u00ed hverjum aldursflokki:<\/span><\/p>\n<ol>\n<li style=\"font-weight: 400;\" aria-level=\"1\"><span style=\"font-weight: 400;\">Reykjav\u00edk og Seltjarnarnes &#8211; 3 s\u00e6ti<\/span><\/li>\n<li style=\"font-weight: 400;\" aria-level=\"1\"><span style=\"font-weight: 400;\">Kragann og Su\u00f0urnes &#8211; 3 s\u00e6ti<\/span><\/li>\n<li style=\"font-weight: 400;\" aria-level=\"1\"><span style=\"font-weight: 400;\">Vesturland &#8211; 1 s\u00e6ti<\/span><\/li>\n<li style=\"font-weight: 400;\" aria-level=\"1\"><span style=\"font-weight: 400;\">Vestfir\u00f0i &#8211; 1 s\u00e6ti<\/span><\/li>\n<li style=\"font-weight: 400;\" aria-level=\"1\"><span style=\"font-weight: 400;\">Nor\u00f0urland vestra &#8211; 1 s\u00e6ti<\/span><\/li>\n<li style=\"font-weight: 400;\" aria-level=\"1\"><span style=\"font-weight: 400;\">Nor\u00f0urland eystra &#8211; 1 s\u00e6ti<\/span><\/li>\n<li style=\"font-weight: 400;\" aria-level=\"1\"><span style=\"font-weight: 400;\">Austurland &#8211; 1 s\u00e6ti<\/span><\/li>\n<li style=\"font-weight: 400;\" aria-level=\"1\"><span style=\"font-weight: 400;\">Su\u00f0urland &#8211; 1 s\u00e6ti<\/span><\/li>\n<\/ol>\n<p>&nbsp;<\/p>\n<p><b>7. grein<\/b><\/p>\n<p><span style=\"font-weight: 400;\">Ef sv\u00e6\u00f0am\u00f3t fellur ni\u00f0ur \u00ed einhverjum landshluta \u00fathlutar stj\u00f3rn S\u00cd s\u00e6tum sem losna.<\/span><\/p>\n<p><span style=\"font-weight: 400;\">Vi\u00f0 val \u00e1 bo\u00f0ss\u00e6tum skulu eftirfarandi sj\u00f3narmi\u00f0 h\u00f6f\u00f0 \u00ed huga:<\/span><\/p>\n<ol>\n<li style=\"font-weight: 400;\" aria-level=\"1\"><span style=\"font-weight: 400;\">Kynjasj\u00f3narmi\u00f0.<\/span><\/li>\n<li style=\"font-weight: 400;\" aria-level=\"1\"><span style=\"font-weight: 400;\">Landsbygg\u00f0arsj\u00f3narmi\u00f0.<\/span><\/li>\n<li style=\"font-weight: 400;\" aria-level=\"1\"><span style=\"font-weight: 400;\">Sta\u00f0setning \u00farslita Landsm\u00f3ts.<\/span><\/li>\n<li style=\"font-weight: 400;\" aria-level=\"1\"><span style=\"font-weight: 400;\">Stigasj\u00f3narmi\u00f0.<\/span><\/li>\n<li style=\"font-weight: 400;\" aria-level=\"1\"><span style=\"font-weight: 400;\">\u00darslit undankeppna.<\/span><\/li>\n<\/ol>\n<p>&nbsp;<\/p>\n<p><b>8. grein<\/b><\/p>\n<p><span style=\"font-weight: 400;\">Stj\u00f3rn Sk\u00e1ksambands \u00cdslands skal skipa \u00feriggja manna valnefnd sem kemur me\u00f0 till\u00f6gu a\u00f0 \u00fathlutun bo\u00f0ss\u00e6ta. Valnefndin er \u00f3opinber og er tilgangur \u00feess s\u00e1 a\u00f0 styrkja sj\u00e1lfst\u00e6\u00f0i hennar gagnvart utana\u00f0komandi \u00e1hrifum. \u00cd henni skulu vera einstaklingar af fleiri en einu kyni og \u00far \u00feremur taflf\u00e9l\u00f6gum, \u00fear af einu af landsbygg\u00f0inni og tveimur af h\u00f6fu\u00f0borgarsv\u00e6\u00f0inu. Me\u00f0limir valnefndar geta hvorki komi\u00f0 \u00far a\u00f0alstj\u00f3rn S\u00cd n\u00e9 varastj\u00f3rn S\u00cd. Stj\u00f3rn S\u00cd skal fara eftir till\u00f6gum valnefndar.<\/span><b>\u00a0<\/b><\/p>\n<p><b>9. grein<\/b><\/p>\n<p><span style=\"font-weight: 400;\">\u00cd \u00farslitum tefla t\u00f3lf keppendur \u00ed hverjum flokki, allir vi\u00f0 alla, atsk\u00e1k. \u00darslitin skulu haldin \u00e1 tveimur d\u00f6gum. Stj\u00f3rn Sk\u00e1ksambandsins er heimilt a\u00f0 fj\u00f6lga e\u00f0a f\u00e6kka keppendum \u00ed \u00farslitum hvers flokks ef tilefni er til, \u00e1n minnsta fyrirvara, \u00fe\u00f3 \u00feannig a\u00f0 keppendur ver\u00f0i ekki f\u00e6rri en 8 og ekki fleiri en 14 \u00ed hverjum flokki. Stj\u00f3rn S\u00cd er heimilt a\u00f0 breyta t\u00edmam\u00f6rkum komi til f\u00e6kkunar e\u00f0a fj\u00f6lgunar keppenda.<\/span><\/p>\n<p><b>10. grein<\/b><\/p>\n<p><span style=\"font-weight: 400;\">Sk\u00e1ksamband \u00cdslands er \u00e1byrg\u00f0ara\u00f0ili m\u00f3tsins en getur lagt framkv\u00e6md undankeppna og \u00farslita \u00ed hendur annarra a\u00f0ila, svo sem sk\u00e1kf\u00e9laga, sk\u00f3la e\u00f0a einstaklinga.<\/span><\/p>\n<p>&#8212;&#8211;<\/p>\n<p><b>Eldri regluger\u00f0 (Ekki lengur \u00ed gildi)<\/b><span style=\"font-weight: 400;\">\u00a0<\/span><\/p>\n<p><span style=\"font-weight: 400;\">\u00a0<\/span><span style=\"font-weight: 400;\">Regluger\u00f0 um sk\u00f3lask\u00e1k<\/span><\/p>\n<p><span style=\"font-weight: 400;\">fr\u00e1 2005<\/span><\/p>\n<ol>\n<li><span style=\"font-weight: 400;\"> grein<\/span><span style=\"font-weight: 400;\"><br \/>\n<\/span><span style=\"font-weight: 400;\">Sk\u00f3lask\u00e1k er sk\u00e1kkeppni nemenda \u00ed grunnsk\u00f3lum. R\u00e9tt til \u00fe\u00e1ttt\u00f6ku hafa allir nemendur \u00ed grunnsk\u00f3lum landsins.<\/span><span style=\"font-weight: 400;\"><br \/>\n<\/span><span style=\"font-weight: 400;\">2. grein<\/span><span style=\"font-weight: 400;\"><br \/>\n<\/span><span style=\"font-weight: 400;\">\u00cd keppninni skal nemendum skipt \u00ed tvo flokka, yngri og eldri flokk. \u00cd yngri flokki keppa nemendur \u00ed 1.- 7. bekk, en \u00ed eldri flokki nemendur \u00ed 8.- 10. bekk.<\/span><\/li>\n<li><span style=\"font-weight: 400;\"> grein<\/span><span style=\"font-weight: 400;\"><br \/>\n<\/span><span style=\"font-weight: 400;\">Keppnin skiptist \u00ed:<\/span><\/li>\n<li><span style=\"font-weight: 400;\">a) Sk\u00f3lam\u00f3t, sem \u00ed keppa nemendur hvers sk\u00f3la um titilinn sk\u00e1kmeistari vi\u00f0komandi sk\u00f3la \u00ed hvorum flokki samkv\u00e6mt 2. grein.<\/span><\/li>\n<li><span style=\"font-weight: 400;\">b) S\u00fdslum\u00f3t\/Kaupsta\u00f0am\u00f3t, sem \u00ed keppa sk\u00e1kmeistarar sk\u00f3lanna innan hverrar s\u00fdslu og \u00ed hvorum flokki (samkv. 2. gr.) um titilinn sk\u00f3lask\u00e1kmeistari vi\u00f0komandi s\u00fdslu, og sk\u00e1kmeistarar sk\u00f3lanna \u00ed Reykjav\u00edk, K\u00f3pavogi, Akureyri og Hafnarfir\u00f0i um titilinn sk\u00f3lask\u00e1kmeistari vi\u00f0komandi kaupsta\u00f0ar. S\u00fdslum\u00f3tsstj\u00f3rum er heimilt a\u00f0 fj\u00f6lga keppendum \u00far hverjum sk\u00f3la ef a\u00f0st\u00e6\u00f0ur leyfa.<\/span><\/li>\n<li><span style=\"font-weight: 400;\">c) Kj\u00f6rd\u00e6mam\u00f3t, sem \u00ed keppa 2 efstu menn hverrar s\u00fdslu \u00ed vi\u00f0komandi kj\u00f6rd\u00e6mi og 2 efstu menn kaupsta\u00f0anna, Reykjav\u00edk, Akureyri, K\u00f3pavogur og Hafnarfj\u00f6r\u00f0ur, hver \u00ed s\u00ednu kj\u00f6rd\u00e6mi um titilinn sk\u00f3lask\u00e1kmeistari vi\u00f0komandi kj\u00f6rd\u00e6mis. Sk\u00f3lask\u00e1kmeistarar Vestmannaeyja \u00f6\u00f0last r\u00e9tt til \u00fe\u00e1ttt\u00f6ku \u00ed kj\u00f6rd\u00e6mam\u00f3ti.<\/span><\/li>\n<li><span style=\"font-weight: 400;\">d) Landsm\u00f3t, \u00fear sem keppt er \u00ed tveimur flokkum, 1.- 7. bekk og 8.- 10. bekk. 12 keppendur eru \u00ed hvorum flokki. \u00deeir \u00e1kvar\u00f0ast \u00feannig a\u00f0 1 keppandi er \u00far hverju kj\u00f6rd\u00e6mi (alls 8) einn aukama\u00f0ur \u00far \u00fev\u00ed kj\u00f6rd\u00e6mi er heldur Landsm\u00f3ti\u00f0 hverju sinni og 3 keppendur sem koma \u00far s\u00f6mu kj\u00f6rd\u00e6mum og 3 efstu menn \u00e1 s\u00ed\u00f0asta Landsm\u00f3ti \u00e1 undan. Sendi eitthvert kj\u00f6rd\u00e6mi ekki \u00feann fj\u00f6lda \u00fe\u00e1tttakenda sem \u00fea\u00f0 hefur r\u00e9tt \u00e1 skal Landsm\u00f3tsstj\u00f3ri velja keppendur (1 e\u00f0a fleiri) \u00ed sta\u00f0inn. \u00deessir keppendur keppa um titilinn Sk\u00f3lask\u00e1kmeistari \u00cdslands \u00ed hvorum flokki fyrir sig.<\/span><span style=\"font-weight: 400;\"><br \/>\n<\/span><span style=\"font-weight: 400;\"> grein<\/span><span style=\"font-weight: 400;\"><br \/>\n<\/span><span style=\"font-weight: 400;\">Sk\u00e1ksamband \u00cdslands hefur yfirumsj\u00f3n me\u00f0 keppninni en getur fali\u00f0 stj\u00f3rnum sk\u00e1ksambanda, taflf\u00e9laga e\u00f0a \u00f6\u00f0rum a\u00f0ilum a\u00f0 annast framkv\u00e6md m\u00f3tanna \u00e1 tilteknum sv\u00e6\u00f0um. Sk\u00e1ksamband \u00cdslands s\u00e9r um framkv\u00e6md Landsm\u00f3tsins \u00ed samr\u00e1\u00f0i vi\u00f0 m\u00f3tshaldara hverju sinni.<\/span><span style=\"font-weight: 400;\"><br \/>\n<\/span><span style=\"font-weight: 400;\">5. grein<\/span><span style=\"font-weight: 400;\"><br \/>\n<\/span><span style=\"font-weight: 400;\">Keppt skal samkv\u00e6mt gildandi sk\u00e1kreglum. Umhugsunart\u00edmi skal vera \u00f3tiltekinn \u00e1 sk\u00f3la-og s\u00fdslum\u00f3tum og kaupsta\u00f0a- og kj\u00f6rd\u00e6mam\u00f3tum. \u00c1 Landsm\u00f3ti skal umhugsunart\u00edminn vera 1 klukkustund \u00e1 alla sk\u00e1kina. Stj\u00f3rnendum Landsm\u00f3ts er heimilt a\u00f0 v\u00edkja fr\u00e1 \u00feessum t\u00edmam\u00f6rkum ef a\u00f0st\u00e6\u00f0ur krefjast \u00feess.<\/span><\/li>\n<li><span style=\"font-weight: 400;\"> grein<\/span><span style=\"font-weight: 400;\"><br \/>\n<\/span><span style=\"font-weight: 400;\">Sk\u00f3lam\u00f3tunum skal loki\u00f0 eigi s\u00ed\u00f0ar en 1. mars, s\u00fdslum\u00f3tum\/kaupsta\u00f0am\u00f3tum eigi s\u00ed\u00f0ar en 1. apr\u00edl og kj\u00f6rd\u00e6mam\u00f3tum eigi s\u00ed\u00f0ar en 20. apr\u00edl nema anna\u00f0 s\u00e9 \u00e1kve\u00f0i\u00f0 af stj\u00f3rn S.\u00cd. Landsm\u00f3ti\u00f0 skal haldi\u00f0 sem fyrst eftir a\u00f0 kj\u00f6rd\u00e6mam\u00f3tum er loki\u00f0.<\/span><\/li>\n<li><span style=\"font-weight: 400;\"> grein<\/span><span style=\"font-weight: 400;\"><br \/>\n<\/span><span style=\"font-weight: 400;\">Komi upp \u00e1greiningsm\u00e1l var\u00f0andi framkv\u00e6md m\u00f3tanna, skal v\u00edsa \u00feeim til stj\u00f3rnar Sk\u00e1ksambands \u00cdslands, sem hefur endanlegt \u00farskur\u00f0arvald.<\/span><\/li>\n<\/ol>\n<p>&nbsp;<\/p>\n<p><strong>Landsm\u00f3t \u00ed sk\u00f3lask\u00e1k \u2015 regluger\u00f0<\/strong><\/p>\n<p><strong>(gildir fyrir Landsm\u00f3t 2023 og skal endursko\u00f0u\u00f0 a\u00f0 hausti)<\/strong><strong>\u00a0<\/strong><\/p>\n<ol>\n<li><strong> grein<\/strong><br \/>\nLandsm\u00f3t \u00ed sk\u00f3lask\u00e1k er sk\u00e1kkeppni nemenda \u00ed grunnsk\u00f3lum. R\u00e9tt til \u00fe\u00e1ttt\u00f6ku hafa allir nemendur \u00ed grunnsk\u00f3lum landsins.<\/li>\n<li><strong> grein<\/strong><br \/>\n\u00cd keppninni skal nemendum skipt \u00ed \u00ferj\u00e1 flokka: 1. \u2013 4. bekkur, 5. \u2013 7. bekkur og 8. \u2013 10. bekkur<strong>\u00a0<\/strong><\/li>\n<\/ol>\n<ol start=\"3\">\n<li><strong> grein<\/strong><\/li>\n<\/ol>\n<p>Keppnin skiptist \u00ed undankeppni og \u00farslit.<strong>\u00a0<\/strong><\/p>\n<ol start=\"4\">\n<li><strong> grein<\/strong><\/li>\n<\/ol>\n<p>Undankeppnin \u00e1 s\u00e9r sta\u00f0 \u00e1 nokkrum sv\u00e6\u00f0am\u00f3tum \u00fear sem teflt er um s\u00e6ti \u00ed \u00farslitum Landsm\u00f3tsins. \u00c1ri\u00f0 2023 eru sv\u00e6\u00f0am\u00f3t haldin fyrir eftirfarandi sv\u00e6\u00f0i:<\/p>\n<ol>\n<li>Reykjav\u00edk.<\/li>\n<li>K\u00f3pavog.<\/li>\n<li>Kragann (Hafnarfj\u00f6r\u00f0, Gar\u00f0ab\u00e6, Seltjarnarnes, Mosfellsb\u00e6).<\/li>\n<li>Su\u00f0urnes.<\/li>\n<li>Su\u00f0urland.<\/li>\n<li>Nor\u00f0urland.<\/li>\n<li>\u00c1samt sv\u00e6\u00f0am\u00f3tunum er haldin ein undankeppni \u00e1 netinu fyrir grunnsk\u00f3lanemendur sem b\u00faa \u00e1 sv\u00e6\u00f0um (hinum g\u00f6mlu kj\u00f6rd\u00e6mum) sem eru ekki tilgreind a\u00f0 ofan: Nor\u00f0urland vestra, Vestfir\u00f0ir, Austfir\u00f0ir og Vesturland.<\/li>\n<\/ol>\n<ol start=\"5\">\n<li><strong> grein<\/strong><\/li>\n<\/ol>\n<p>\u00c1 fj\u00f6lmennum sv\u00e6\u00f0um me\u00f0 mikla sk\u00e1kvirkni skal mi\u00f0a vi\u00f0 a\u00f0 keppnisr\u00e9tt \u00ed sv\u00e6\u00f0am\u00f3ti vi\u00f0 \u00fe\u00e1 sem teflt hafa me\u00f0 a-sveit s\u00edns sk\u00f3la \u00ed sveitakeppnum \u00feess vetrar.<strong>\u00a0<\/strong><\/p>\n<ol start=\"6\">\n<li><strong> grein<\/strong><\/li>\n<\/ol>\n<p>\u00cd \u00farslitum eiga eftirfarandi keppnisr\u00e9tt \u00ed hverjum aldursflokki:<\/p>\n<ol>\n<li>Reykjav\u00edk: \u00derj\u00fa s\u00e6ti.<\/li>\n<li>K\u00f3pavogur: Tv\u00f6 s\u00e6ti.<\/li>\n<li>Kraginn: Eitt s\u00e6ti.<\/li>\n<li>Su\u00f0urnes: Eitt s\u00e6ti.<\/li>\n<li>Su\u00f0urland: Eitt s\u00e6ti.<\/li>\n<li>Nor\u00f0urland: Eitt s\u00e6ti.<\/li>\n<li>Undankeppni \u00e1 netinu fyrir sv\u00e6\u00f0i tilgreind a\u00f0 ofan \u00ed g-li\u00f0 fj\u00f3r\u00f0u greinar: Eitt s\u00e6ti.<\/li>\n<li>Bo\u00f0ss\u00e6ti: Tv\u00f6 s\u00e6ti.<\/li>\n<\/ol>\n<ol start=\"7\">\n<li><strong> grein<\/strong><\/li>\n<\/ol>\n<p>Vi\u00f0 val \u00e1 bo\u00f0ss\u00e6tum skulu eftirfarandi sj\u00f3narmi\u00f0 h\u00f6f\u00f0 \u00ed huga:<\/p>\n<ol>\n<li>Kynjasj\u00f3narmi\u00f0.<\/li>\n<li>Landsbygg\u00f0arsj\u00f3narmi\u00f0.<\/li>\n<li>Sta\u00f0setning \u00farslita Landsm\u00f3ts.<\/li>\n<li>Stigasj\u00f3narmi\u00f0.<\/li>\n<li>\u00darslit undankeppna.<\/li>\n<\/ol>\n<ol start=\"8\">\n<li><strong> grein<\/strong><\/li>\n<\/ol>\n<p>Stj\u00f3rn Sk\u00e1ksambands \u00cdslands skal skipa \u00feriggja manna valnefnd sem kemur me\u00f0 till\u00f6gu a\u00f0 \u00fathlutun bo\u00f0ss\u00e6ta. Valnefndin er \u00f3opinber og er tilgangur \u00feess s\u00e1 a\u00f0 styrkja sj\u00e1lfst\u00e6\u00f0i hennar gagnvart utana\u00f0komandi \u00e1hrifum. \u00cd henni skulu vera einstaklingar af fleiri en einu kyni og \u00far \u00feremur taflf\u00e9l\u00f6gum, \u00fear af einu af landsbygg\u00f0inni og tveimur af h\u00f6fu\u00f0borgarsv\u00e6\u00f0inu. Me\u00f0limir valnefndar geta hvorki komi\u00f0 \u00far a\u00f0alstj\u00f3rn S\u00cd n\u00e9 varastj\u00f3rn S\u00cd. Stj\u00f3rn S\u00cd skal fara eftir till\u00f6gum valnefndar.<strong>\u00a0<\/strong><\/p>\n<ol start=\"9\">\n<li><strong> grein<\/strong><\/li>\n<\/ol>\n<p>\u00cd \u00farslitum tefla t\u00f3lf keppendur \u00ed hverjum flokki, allir vi\u00f0 alla, atsk\u00e1k. \u00darslitin skulu haldin \u00e1 tveimur d\u00f6gum. Stj\u00f3rn Sk\u00e1ksambandsins er heimilt a\u00f0 fj\u00f6lga e\u00f0a f\u00e6kka keppendum \u00ed \u00farslitum hvers flokks ef tilefni er til, \u00e1n minnsta fyrirvara, \u00fe\u00f3 \u00feannig a\u00f0 keppendur ver\u00f0i ekki f\u00e6rri en 8 og ekki fleiri en 14 \u00ed hverjum flokki. Stj\u00f3rn S\u00cd er heimilt a\u00f0 breyta t\u00edmam\u00f6rkum komi til f\u00e6kkunar e\u00f0a fj\u00f6lgunar keppenda.<\/p>\n<ol start=\"10\">\n<li><strong> grein<\/strong><\/li>\n<\/ol>\n<p>Sk\u00e1ksamband \u00cdslands er \u00e1byrg\u00f0ara\u00f0ili m\u00f3tsins en getur lagt framkv\u00e6md undankeppna og \u00farslita \u00ed hendur annarra a\u00f0ila, svo sem sk\u00e1kf\u00e9laga, sk\u00f3la e\u00f0a einstaklinga.<\/p>\n<p><strong>Eldri regluger\u00f0 (Ekki lengur \u00ed gildir)<\/strong><\/p>\n<p>&nbsp;<\/p>\n<p>&nbsp;<\/p>\n<p>Regluger\u00f0 um sk\u00f3lask\u00e1k<\/p>\n<p>fr\u00e1 2005<\/p>\n<p>1. grein<br \/>\nSk\u00f3lask\u00e1k er sk\u00e1kkeppni nemenda \u00ed grunnsk\u00f3lum. R\u00e9tt til \u00fe\u00e1ttt\u00f6ku hafa allir nemendur \u00ed grunnsk\u00f3lum landsins.<br \/>\n2. grein<br \/>\n\u00cd keppninni skal nemendum skipt \u00ed tvo flokka, yngri og eldri flokk. \u00cd yngri flokki keppa nemendur \u00ed 1.- 7. bekk, en \u00ed eldri flokki nemendur \u00ed 8.- 10. bekk.<\/p>\n<p>3. grein<br \/>\nKeppnin skiptist \u00ed:<\/p>\n<p>a) Sk\u00f3lam\u00f3t, sem \u00ed keppa nemendur hvers sk\u00f3la um titilinn sk\u00e1kmeistari vi\u00f0komandi sk\u00f3la \u00ed hvorum flokki samkv\u00e6mt 2. grein.<\/p>\n<p>b) S\u00fdslum\u00f3t\/Kaupsta\u00f0am\u00f3t, sem \u00ed keppa sk\u00e1kmeistarar sk\u00f3lanna innan hverrar s\u00fdslu og \u00ed hvorum flokki (samkv. 2. gr.) um titilinn sk\u00f3lask\u00e1kmeistari vi\u00f0komandi s\u00fdslu, og sk\u00e1kmeistarar sk\u00f3lanna \u00ed Reykjav\u00edk, K\u00f3pavogi, Akureyri og Hafnarfir\u00f0i um titilinn sk\u00f3lask\u00e1kmeistari vi\u00f0komandi kaupsta\u00f0ar. S\u00fdslum\u00f3tsstj\u00f3rum er heimilt a\u00f0 fj\u00f6lga keppendum \u00far hverjum sk\u00f3la ef a\u00f0st\u00e6\u00f0ur leyfa.<\/p>\n<p>c) Kj\u00f6rd\u00e6mam\u00f3t, sem \u00ed keppa 2 efstu menn hverrar s\u00fdslu \u00ed vi\u00f0komandi kj\u00f6rd\u00e6mi og 2 efstu menn kaupsta\u00f0anna, Reykjav\u00edk, Akureyri, K\u00f3pavogur og Hafnarfj\u00f6r\u00f0ur, hver \u00ed s\u00ednu kj\u00f6rd\u00e6mi um titilinn sk\u00f3lask\u00e1kmeistari vi\u00f0komandi kj\u00f6rd\u00e6mis. Sk\u00f3lask\u00e1kmeistarar Vestmannaeyja \u00f6\u00f0last r\u00e9tt til \u00fe\u00e1ttt\u00f6ku \u00ed kj\u00f6rd\u00e6mam\u00f3ti.<\/p>\n<p>d) Landsm\u00f3t, \u00fear sem keppt er \u00ed tveimur flokkum, 1.- 7. bekk og 8.- 10. bekk. 12 keppendur eru \u00ed hvorum flokki. \u00deeir \u00e1kvar\u00f0ast \u00feannig a\u00f0 1 keppandi er \u00far hverju kj\u00f6rd\u00e6mi (alls 8) einn aukama\u00f0ur \u00far \u00fev\u00ed kj\u00f6rd\u00e6mi er heldur Landsm\u00f3ti\u00f0 hverju sinni og 3 keppendur sem koma \u00far s\u00f6mu kj\u00f6rd\u00e6mum og 3 efstu menn \u00e1 s\u00ed\u00f0asta Landsm\u00f3ti \u00e1 undan. Sendi eitthvert kj\u00f6rd\u00e6mi ekki \u00feann fj\u00f6lda \u00fe\u00e1tttakenda sem \u00fea\u00f0 hefur r\u00e9tt \u00e1 skal Landsm\u00f3tsstj\u00f3ri velja keppendur (1 e\u00f0a fleiri) \u00ed sta\u00f0inn. \u00deessir keppendur keppa um titilinn Sk\u00f3lask\u00e1kmeistari \u00cdslands \u00ed hvorum flokki fyrir sig.<br \/>\n4. grein<br \/>\nSk\u00e1ksamband \u00cdslands hefur yfirumsj\u00f3n me\u00f0 keppninni en getur fali\u00f0 stj\u00f3rnum sk\u00e1ksambanda, taflf\u00e9laga e\u00f0a \u00f6\u00f0rum a\u00f0ilum a\u00f0 annast framkv\u00e6md m\u00f3tanna \u00e1 tilteknum sv\u00e6\u00f0um. Sk\u00e1ksamband \u00cdslands s\u00e9r um framkv\u00e6md Landsm\u00f3tsins \u00ed samr\u00e1\u00f0i vi\u00f0 m\u00f3tshaldara hverju sinni.<br \/>\n5. grein<br \/>\nKeppt skal samkv\u00e6mt gildandi sk\u00e1kreglum. Umhugsunart\u00edmi skal vera \u00f3tiltekinn \u00e1 sk\u00f3la-og s\u00fdslum\u00f3tum og kaupsta\u00f0a- og kj\u00f6rd\u00e6mam\u00f3tum. \u00c1 Landsm\u00f3ti skal umhugsunart\u00edminn vera 1 klukkustund \u00e1 alla sk\u00e1kina. Stj\u00f3rnendum Landsm\u00f3ts er heimilt a\u00f0 v\u00edkja fr\u00e1 \u00feessum t\u00edmam\u00f6rkum ef a\u00f0st\u00e6\u00f0ur krefjast \u00feess.<\/p>\n<p>6. grein<br \/>\nSk\u00f3lam\u00f3tunum skal loki\u00f0 eigi s\u00ed\u00f0ar en 1. mars, s\u00fdslum\u00f3tum\/kaupsta\u00f0am\u00f3tum eigi s\u00ed\u00f0ar en 1. apr\u00edl og kj\u00f6rd\u00e6mam\u00f3tum eigi s\u00ed\u00f0ar en 20. apr\u00edl nema anna\u00f0 s\u00e9 \u00e1kve\u00f0i\u00f0 af stj\u00f3rn S.\u00cd. Landsm\u00f3ti\u00f0 skal haldi\u00f0 sem fyrst eftir a\u00f0 kj\u00f6rd\u00e6mam\u00f3tum er loki\u00f0.<\/p>\n<p>7. grein<br \/>\nKomi upp \u00e1greiningsm\u00e1l var\u00f0andi framkv\u00e6md m\u00f3tanna, skal v\u00edsa \u00feeim til stj\u00f3rnar Sk\u00e1ksambands \u00cdslands, sem hefur endanlegt \u00farskur\u00f0arvald.<\/p>\n","protected":false},"excerpt":{"rendered":"<p>Regluger\u00f0 um sk\u00f3lask\u00e1k Landsm\u00f3t \u00ed sk\u00f3lask\u00e1k \u2015 regluger\u00f0 (sett fyrir landsm\u00f3t 2023 &#8211; 4. og 6. gr. breytt fyrir landsm\u00f3t 2026)\u00a0 grein Landsm\u00f3t \u00ed sk\u00f3lask\u00e1k er sk\u00e1kkeppni nemenda \u00ed grunnsk\u00f3lum. R\u00e9tt til \u00fe\u00e1ttt\u00f6ku hafa allir nemendur \u00ed grunnsk\u00f3lum landsins. grein \u00cd keppninni skal nemendum skipt \u00ed \u00ferj\u00e1 flokka: 1. \u2013 4. bekkur, 5. \u2013 7. [&hellip;]<\/p>\n","protected":false},"author":1,"featured_media":0,"parent":144,"menu_order":0,"comment_status":"closed","ping_status":"closed","template":"","meta":{"footnotes":""},"class_list":["post-148","page","type-page","status-publish","hentry"],"_links":{"self":[{"href":"https:\/\/skak.is\/skaksamband\/wp-json\/wp\/v2\/pages\/148","targetHints":{"allow":["GET"]}}],"collection":[{"href":"https:\/\/skak.is\/skaksamband\/wp-json\/wp\/v2\/pages"}],"about":[{"href":"https:\/\/skak.is\/skaksamband\/wp-json\/wp\/v2\/types\/page"}],"author":[{"embeddable":true,"href":"https:\/\/skak.is\/skaksamband\/wp-json\/wp\/v2\/users\/1"}],"replies":[{"embeddable":true,"href":"https:\/\/skak.is\/skaksamband\/wp-json\/wp\/v2\/comments?post=148"}],"version-history":[{"count":4,"href":"https:\/\/skak.is\/skaksamband\/wp-json\/wp\/v2\/pages\/148\/revisions"}],"predecessor-version":[{"id":3626,"href":"https:\/\/skak.is\/skaksamband\/wp-json\/wp\/v2\/pages\/148\/revisions\/3626"}],"up":[{"embeddable":true,"href":"https:\/\/skak.is\/skaksamband\/wp-json\/wp\/v2\/pages\/144"}],"wp:attachment":[{"href":"https:\/\/skak.is\/skaksamband\/wp-json\/wp\/v2\/media?parent=148"}],"curies":[{"name":"wp","href":"https:\/\/api.w.org\/{rel}","templated":true}]}}