{"id":167,"date":"2019-06-23T17:55:41","date_gmt":"2019-06-23T17:55:41","guid":{"rendered":"https:\/\/skak.is\/skaksamband\/?page_id=167"},"modified":"2019-06-23T17:55:41","modified_gmt":"2019-06-23T17:55:41","slug":"reglugerd-um-skakdomstol","status":"publish","type":"page","link":"https:\/\/skak.is\/skaksamband\/um-ssi\/reglugerdir\/reglugerd-um-skakdomstol\/","title":{"rendered":"Regluger\u00f0 um sk\u00e1kd\u00f3mst\u00f3l"},"content":{"rendered":"<p>Regluger\u00f0 um sk\u00e1kd\u00f3mst\u00f3l<br \/>\nKristian Guttesen<br \/>\n03. jan\u00faar 2005<\/p>\n<p>1. gr.<br \/>\nD\u00f3mst\u00f3ll Sk\u00e1ksambands \u00cdslands er kosinn \u00e1 a\u00f0alfundi Sk\u00e1ksambandsins og skipa hann \u00fer\u00edr menn og \u00fer\u00edr til vara. (\u00c6skilegt er a\u00f0 einn d\u00f3mara og einn varad\u00f3mara s\u00e9 l\u00f6gfr\u00e6\u00f0ingur, en hinir hafi r\u00e9ttindi sk\u00e1kd\u00f3mara.)<\/p>\n<p>Hlutverk d\u00f3mst\u00f3lsins er a\u00f0 \u00farskur\u00f0a um \u00e1greining, er kemur upp um t\u00falkun \u00e1 sk\u00e1kl\u00f6gum Sk\u00e1ksambands \u00cdslands, sbr. 10. gr. \u00feeirra laga, a\u00f0 fella fullna\u00f0ar\u00farskur\u00f0 um vi\u00f0url\u00f6g vi\u00f0 brotum \u00e1 13. gr. laga um Sk\u00e1ksamband \u00cdslands og vera \u00e1fr\u00fdjunard\u00f3mst\u00f3ll vegna \u00farskur\u00f0a sk\u00e1kstj\u00f3ra \u00ed sk\u00e1km\u00f3tum, sem reiknu\u00f0 er til al\u00fej\u00f3\u00f0legra sk\u00e1kstiga, um t\u00falkun \u00e1 sk\u00e1kl\u00f6gum F.I.D.E og sk\u00e1kl\u00f6gum Sk\u00e1ksamband \u00cdslands sbr. 2. gr. \u00feeirra laga.<\/p>\n<p>A\u00f0setur d\u00f3mst\u00f3lsins er \u00e1 skrifstofu Sk\u00e1ksambands \u00cdslands, sem var\u00f0veitir skj\u00f6l hans og ger\u00f0arb\u00e6kur.<\/p>\n<p>2. gr.<br \/>\nA\u00f0ilar m\u00e1ls eru \u00feessir:<\/p>\n<p>Ef \u00e1greiningur sn\u00fdst um \u00farskur\u00f0 sk\u00e1kstj\u00f3ra, eru a\u00f0ilar vi\u00f0komandi sk\u00e1kmenn ef um er a\u00f0 r\u00e6\u00f0a sk\u00e1km\u00f3t, en ef um er a\u00f0 r\u00e6\u00f0a sveitakeppni, eru \u00fea\u00f0 vi\u00f0komandi sk\u00e1kf\u00e9l\u00f6g. \u00de\u00f3 geta einstakir sk\u00e1kmenn \u00e6t\u00ed\u00f0 k\u00e6rt, ef \u00e1greiningur sn\u00fdst um \u00farslit einstakra sk\u00e1ka. S\u00e1 a\u00f0ili, sem k\u00e6rir \u00farskur\u00f0 sk\u00e1kstj\u00f3ra, telst s\u00f3knara\u00f0ili, en s\u00e1, sem n\u00fdtur \u00farskur\u00f0arins, telst varnara\u00f0ili. Sama gildir, ef \u00e1greiningur fellur undir 10. gr. sk\u00e1klaga Sk\u00e1ksambands \u00cdslands.<br \/>\nEf d\u00f3mst\u00f3linn \u00farskur\u00f0ar um vi\u00f0url\u00f6g vi\u00f0 brotum \u00e1 13. gr. laga um Sk\u00e1ksamband \u00cdslands, skal s\u00e1, er krefst vi\u00f0urlaganna, vera s\u00f3knara\u00f0ili. A\u00f0ilar sl\u00edks m\u00e1ls eru annars vegar s\u00e1, er k\u00e6ran beinist gegn, en hins vegar s\u00e1, er telur \u00e1 broti\u00f0 \u00e1 s\u00e9r, sk\u00e1kstj\u00f3ri vi\u00f0komandi sk\u00e1km\u00f3ts, m\u00f3tshaldari e\u00f0a stj\u00f3rn Sk\u00e1ksambands \u00cdslands.<br \/>\n3. gr.<br \/>\nS\u00e1, er k\u00e6ra vill til d\u00f3mst\u00f3lsins, skal koma skriflegri k\u00e6ru \u00ed tveimur eint\u00f6kum til skrifstofu Sk\u00e1ksambands \u00cdslands, til einhvers hinna \u00feriggja a\u00f0ald\u00f3mara, e\u00f0a til a\u00f0alsk\u00e1kstj\u00f3ra vi\u00f0komandi sk\u00e1km\u00f3ts. S\u00e1, er tekur \u00e1 m\u00f3ti k\u00e6runni, skal \u00e1rita b\u00e6\u00f0i eint\u00f6k um klukkan hva\u00f0 og hven\u00e6r k\u00e6ran var m\u00f3ttekin, og skal k\u00e6randi f\u00e1 anna\u00f0 eintaki\u00f0. Heimilt er a\u00f0 senda k\u00e6ru til skrifstofu Sk\u00e1ksambands \u00cdslands \u00ed s\u00edmbr\u00e9fi, me\u00f0 t\u00f6lvup\u00f3sti e\u00f0a s\u00edmskeyti, og f\u00e6r \u00fe\u00e1 k\u00e6randi kvitta\u00f0 afrit hj\u00e1 skrifstofu Sk\u00e1ksambands \u00cdslands. K\u00e6ra er gild, \u00fe\u00f3tt h\u00fan berist a\u00f0eins \u00ed einu eintaki.<\/p>\n<p>\u00cd k\u00e6ru skv. 1. tl. 2. gr. skal greina:<\/p>\n<p>a) Hver hin k\u00e6r\u00f0a \u00e1kv\u00f6r\u00f0un e\u00f0a t\u00falkun er<br \/>\nb) hverjir eru a\u00f0ilar m\u00e1lsins<br \/>\nc) \u00e1 hva\u00f0a grunni k\u00e6ran er reist.<\/p>\n<p>\u00cd k\u00e6ru skv. 2. tl. 2. gr. skal greina:<\/p>\n<p>a) Hver er saka\u00f0ur um broti\u00f0<br \/>\nb) hvert hi\u00f0 meinta brot er<br \/>\nc) hva\u00f0a vi\u00f0urlaga er krafizt<br \/>\nd) \u00e1 hva\u00f0a grunni k\u00e6ran er reist.<\/p>\n<p>4. gr.<br \/>\nK\u00e6rufrestur er einn s\u00f3larhringur, ef atvik var\u00f0a framkv\u00e6md sk\u00e1km\u00f3ts, sem er hafi\u00f0.<br \/>\nHann telst fr\u00e1 lokum \u00feeirrar sk\u00e1kar, er k\u00e6rt er \u00fat af, ef um er a\u00f0 r\u00e6\u00f0a einstaka sk\u00e1k; en ef um er a\u00f0 r\u00e6\u00f0a sk\u00e1k \u00ed sk\u00e1km\u00f3ti, \u00fe\u00e1 einn s\u00f3larhringur fr\u00e1 reglulegum lokum \u00feeirrar umfer\u00f0ar, sem sk\u00e1kin var tefld \u00ed.<\/p>\n<p>Ef um er a\u00f0 r\u00e6\u00f0a a\u00f0ra \u00farskur\u00f0i sk\u00e1kstj\u00f3ra telst fresturinn fr\u00e1 \u00fev\u00ed, a\u00f0 s\u00f3knara\u00f0ila var kunnugt um \u00farskur\u00f0inn. Ef um er a\u00f0 r\u00e6\u00f0a sveitakeppni, telst fresturinn fr\u00e1 \u00fev\u00ed, a\u00f0 sk\u00e1kstj\u00f3ri kunnger\u00f0i fyrirli\u00f0a e\u00f0a li\u00f0sstj\u00f3ra um \u00farskur\u00f0 sinn.<\/p>\n<p>Ef um er a\u00f0 r\u00e6\u00f0a \u00farskur\u00f0 m\u00f3tstj\u00f3rnar e\u00f0a annarra telst fresturinn \u00e1 sama h\u00e1tt og \u00ed 4. tl.<br \/>\nEf um er a\u00f0 r\u00e6\u00f0a a\u00f0rar k\u00e6ranlegar \u00e1kvar\u00f0anir skv. 1. tl. 2. gr. telst fresturinn fr\u00e1 \u00fev\u00ed a\u00f0 k\u00e6randi vissi af honum.<\/p>\n<p>Ef um er a\u00f0 r\u00e6\u00f0a \u00f6nnur atvik en var\u00f0a einstakar sk\u00e1kir e\u00f0a sk\u00e1km\u00f3t, sem er hafi\u00f0, er k\u00e6rufrestur ein vika og telst \u00e1 sama h\u00e1tt og \u00ed 1. til 5. tl., nema a\u00f0 tali\u00f0 er fr\u00e1 lokum \u00feess dags, sem hin k\u00e6r\u00f0a ath\u00f6fn \u00e1tti s\u00e9r sta\u00f0.<\/p>\n<p>Ef um er a\u00f0 r\u00e6\u00f0a atvik er var\u00f0a 13. gr. laga um Sk\u00e1ksamband \u00cdslands skal k\u00e6rufrestur vera einn m\u00e1nu\u00f0ur.<\/p>\n<p>5. gr.<br \/>\n\u00deegar k\u00e6ra hefur borizt, skal d\u00f3mst\u00f3llinn koma saman eins flj\u00f3tt og h\u00e6gt er. Jafnframt skal varnara\u00f0ila gert vi\u00f0vart um k\u00e6runa og honum gefinn stuttur frestur, \u00fe\u00f3 ekki skemmri en tveir t\u00edmar, til a\u00f0 sk\u00fdra sj\u00f3narmi\u00f0 sitt. Ef um \u00farskur\u00f0 sk\u00e1kstj\u00f3ra er a\u00f0 r\u00e6\u00f0a, skal einnig gefa honum frest til a\u00f0 r\u00f6ksty\u00f0ja skriflega \u00farskur\u00f0 sinn. D\u00f3murinn getur kalla\u00f0 a\u00f0ila fyrir og sk\u00e1kstj\u00f3ra til a\u00f0 uppl\u00fdsa m\u00e1li\u00f0 betur, og eins getur d\u00f3murinn kalla\u00f0 fyrir vitni, ef nau\u00f0syn krefur. Ef k\u00e6ran er um galla \u00e1 sk\u00e1kb\u00fana\u00f0i, t.d. klukku, skal sk\u00e1kstj\u00f3ri taka vi\u00f0komandi b\u00fana\u00f0 til var\u00f0veizlu til a\u00f0 d\u00f3murinn geti sko\u00f0a\u00f0 hann.<\/p>\n<p>D\u00f3mst\u00f3llinn metur sj\u00e1lfur um h\u00e6fi d\u00f3mara til a\u00f0 d\u00e6ma \u00ed m\u00e1li og skal fara eftir almennum vanh\u00e6fisreglum \u00edslenzkra d\u00f3mskapa.<\/p>\n<p>Mi\u00f0a skal vi\u00f0, a\u00f0 \u00farskur\u00f0ur s\u00e9 felldur innan s\u00f3larhrings fr\u00e1 \u00fev\u00ed a\u00f0 k\u00e6ra hefur borizt d\u00f3mst\u00f3lnum, ef m\u00e1li\u00f0 var\u00f0ar 1. mgr. 4. gr.<\/p>\n<p>N\u00fa telur d\u00f3mst\u00f3llinn, a\u00f0 m\u00e1l heyri ekki undir hann, og v\u00edsar hann \u00fe\u00e1 m\u00e1linu fr\u00e1.<\/p>\n<p>\u00darskur\u00f0ir d\u00f3mst\u00f3lsins skulu vera skriflegir. Halda skal s\u00e9rstaka ger\u00f0arb\u00f3k um st\u00f6rf hans.<\/p>\n<p>6. gr.<br \/>\n\u00darskur\u00f0ir d\u00f3mst\u00f3lsins taka gildi fr\u00e1 upps\u00f6gu hans. \u00darskur\u00f0urinn skal afhentur a\u00f0ilum, ef \u00feeir eru n\u00e6rstaddir, en ella sendir \u00feeim \u00ed p\u00f3sti. Ef um sk\u00e1km\u00f3t \u00ed gangi er a\u00f0 r\u00e6\u00f0a, skal birta \u00farskur\u00f0inn \u00e1 sk\u00e1ksta\u00f0.<\/p>\n<p>\u00darskur\u00f0ir d\u00f3mst\u00f3lsins eru endanlegir.<\/p>\n<p>7. gr.<br \/>\nRegluger\u00f0 \u00feessi er sett af stj\u00f3rn Sk\u00e1ksambands \u00cdslands me\u00f0 sto\u00f0 \u00ed 13. gr. laga Sk\u00e1ksambands \u00cdslands til a\u00f0 \u00f6\u00f0last \u00feegar gildi.<\/p>\n","protected":false},"excerpt":{"rendered":"<p>Regluger\u00f0 um sk\u00e1kd\u00f3mst\u00f3l Kristian Guttesen 03. jan\u00faar 2005 1. gr. D\u00f3mst\u00f3ll Sk\u00e1ksambands \u00cdslands er kosinn \u00e1 a\u00f0alfundi Sk\u00e1ksambandsins og skipa hann \u00fer\u00edr menn og \u00fer\u00edr til vara. (\u00c6skilegt er a\u00f0 einn d\u00f3mara og einn varad\u00f3mara s\u00e9 l\u00f6gfr\u00e6\u00f0ingur, en hinir hafi r\u00e9ttindi sk\u00e1kd\u00f3mara.) Hlutverk d\u00f3mst\u00f3lsins er a\u00f0 \u00farskur\u00f0a um \u00e1greining, er kemur upp um t\u00falkun \u00e1 [&hellip;]<\/p>\n","protected":false},"author":1,"featured_media":0,"parent":144,"menu_order":0,"comment_status":"closed","ping_status":"closed","template":"","meta":{"footnotes":""},"class_list":["post-167","page","type-page","status-publish","hentry"],"_links":{"self":[{"href":"https:\/\/skak.is\/skaksamband\/wp-json\/wp\/v2\/pages\/167","targetHints":{"allow":["GET"]}}],"collection":[{"href":"https:\/\/skak.is\/skaksamband\/wp-json\/wp\/v2\/pages"}],"about":[{"href":"https:\/\/skak.is\/skaksamband\/wp-json\/wp\/v2\/types\/page"}],"author":[{"embeddable":true,"href":"https:\/\/skak.is\/skaksamband\/wp-json\/wp\/v2\/users\/1"}],"replies":[{"embeddable":true,"href":"https:\/\/skak.is\/skaksamband\/wp-json\/wp\/v2\/comments?post=167"}],"version-history":[{"count":1,"href":"https:\/\/skak.is\/skaksamband\/wp-json\/wp\/v2\/pages\/167\/revisions"}],"predecessor-version":[{"id":168,"href":"https:\/\/skak.is\/skaksamband\/wp-json\/wp\/v2\/pages\/167\/revisions\/168"}],"up":[{"embeddable":true,"href":"https:\/\/skak.is\/skaksamband\/wp-json\/wp\/v2\/pages\/144"}],"wp:attachment":[{"href":"https:\/\/skak.is\/skaksamband\/wp-json\/wp\/v2\/media?parent=167"}],"curies":[{"name":"wp","href":"https:\/\/api.w.org\/{rel}","templated":true}]}}