{"id":176,"date":"2019-06-23T17:59:38","date_gmt":"2019-06-23T17:59:38","guid":{"rendered":"https:\/\/skak.is\/skaksamband\/?page_id=176"},"modified":"2021-01-13T17:52:23","modified_gmt":"2021-01-13T17:52:23","slug":"reglugerd-um-islandsmot-unglingasveita","status":"publish","type":"page","link":"https:\/\/skak.is\/skaksamband\/um-ssi\/reglugerdir\/reglugerd-um-islandsmot-unglingasveita\/","title":{"rendered":"Regluger\u00f0 um \u00cdslandsm\u00f3t  barna- og unglingasveita"},"content":{"rendered":"<p>Regluger\u00f0 um \u00cdslandsm\u00f3t barna- og unglingasveita<\/p>\n<p>1.gr.<\/p>\n<p>M\u00f3ti\u00f0 skal heita \u00cdslandsm\u00f3t barna- og unglingasveita og gengst Sk\u00e1ksamband \u00cdslands fyrir \u00fev\u00ed a\u00f0 m\u00f3ti\u00f0 ver\u00f0i haldi\u00f0 \u00e1rlega.<\/p>\n<p>Sambandinu er heimilt a\u00f0 \u00fathluta m\u00f3tshaldinu til taflf\u00e9laga og ganga \u00fe\u00e1 skr\u00e1ningargj\u00f6ld til m\u00f3tshaldara.<\/p>\n<p>2. gr.<\/p>\n<p>\u00de\u00e1ttt\u00f6kur\u00e9tt hafa \u00f6ll taflf\u00e9l\u00f6g sem eru fullgild \u00ed sk\u00e1ksambandi \u00cdslands e\u00f0a tilheyra \u00ed\u00fer\u00f3tta og\/e\u00f0a ungmennaf\u00e9lagahreyfingunni ef ekki eru taflf\u00e9l\u00f6g \u00e1 vi\u00f0komandi sv\u00e6\u00f0i. F\u00e9l\u00f6g geta sent sameina\u00f0ar sveitir til leiks ef \u00feau n\u00e1 ekki a\u00f0 manna sveitir me\u00f0 f\u00e9lagsm\u00f6nnum.<\/p>\n<p>\u00de\u00f3 getur sameinu\u00f0 sveit ekki or\u00f0i\u00f0 \u00cdslandsmeistari<\/p>\n<p>3.gr.<\/p>\n<p>Eing\u00f6ngu fullgildir li\u00f0smenn vi\u00f0komandi taflf\u00e9laga geta keppt fyrir li\u00f0 sitt.<\/p>\n<p>4.gr.<\/p>\n<p>Hver sveit er skipu\u00f0 4 einstaklingum. Fj\u00f6ldi varamanna er ekki takmarka\u00f0ur en \u00fearf a\u00f0 liggja fyrir um lei\u00f0 og m\u00f3ti\u00f0 hefst. \u00de\u00e1 \u00fearf einnig a\u00f0 liggja fyrir bor\u00f0ar\u00f6\u00f0 sveitar. Einnig varamanna. Varamenn koma inn \u00e1 ne\u00f0stu bor\u00f0. T.d. forfallist fyrsta bor\u00f0s ma\u00f0ur, skal annars bor\u00f0s ma\u00f0ur flytjast upp \u00e1 fyrsta bor\u00f0 og \u00feannig koll af kolli. Varama\u00f0ur kemur inn \u00e1 fj\u00f3r\u00f0a bor\u00f0.<\/p>\n<p>R\u00f6\u00f0 allra keppenda skal vera r\u00e9tt mi\u00f0a\u00f0 vi\u00f0 skr\u00e1ningu. Ekki er h\u00e6gt a\u00f0 flytjast milli sveita innan f\u00e9lags.<\/p>\n<p>5.gr.<\/p>\n<p>M\u00f3tinu skal loki\u00f0 \u00e1 einum degi e\u00f0a \u00ed mesta lagi \u00e1 einni helgi. Keppt skal eftir svissnesku p\u00f6runarkerfi a.m.k. 6 umfer\u00f0ir.<\/p>\n<p>A- og B- sveitir fr\u00e1 sama f\u00e9lagi skulu m\u00e6tast \u00ed fyrstu umfer\u00f0.<\/p>\n<p>Lj\u00faki sveitir keppni jafnar a\u00f0 vinningum r\u00e6\u00f0st lokar\u00f6\u00f0 \u00feeirra sveita af eftirfarandi forsendum (tiebreaks):<\/p>\n<p>1. stig (matchpoints; 2 stig fyrir sigur, 1 stig fyrir jafntefli, 0 stig fyrir tap),<br \/>\n2. innbyr\u00f0is vi\u00f0ureign,<br \/>\n3. vinningafj\u00f6ldi\u00a0andst\u00e6\u00f0inga a\u00f0 fr\u00e1dregni ne\u00f0stu sveitinni (Buchholz Cut 1),<br \/>\n4. vinningafj\u00f6ldi andst\u00e6\u00f0inga (Buchholz),<br \/>\n5. Sonneborn-Berger,<br \/>\n6. hlutkesti.<\/p>\n<p>6.gr.<\/p>\n<p>\u00de\u00e1tttakendur \u00ed m\u00f3tinu skulu ekki vera eldri en 15 \u00e1ra (10 bekkur).<\/p>\n<p>7.gr.<\/p>\n<p>Hver sveit skal hafa li\u00f0sstj\u00f3ra sem ber \u00e1byrg\u00f0 \u00e1 a\u00f0 skr\u00e1ning \u00ed hverja umfer\u00f0 s\u00e9 r\u00e9tt, fylla \u00fat \u00farslit og koma til sk\u00e1kstj\u00f3ra a\u00f0 hverri vi\u00f0ureign lokinni.<\/p>\n<p>8.gr.<\/p>\n<p>Ef sveit er ekki stillt upp r\u00e9tt mi\u00f0a\u00f0 bor\u00f0ar\u00f6\u00f0 sem liggur fyrir, fyrir keppni, tapast sk\u00e1kin \u00fear sem rangt var stillt upp og einnig allar sk\u00e1kir \u00e1 bor\u00f0um \u00fear fyrir ne\u00f0an \u00ed vi\u00f0komandi vi\u00f0ureign.<\/p>\n<p>9.gr.<\/p>\n<p>Lengd t\u00edmamarka skal uppfylla skilyr\u00f0i al\u00fej\u00f3\u00f0lega sk\u00e1ksambandsins (Fide) um atsk\u00e1k. M\u00f3ti\u00f0 skal reikna\u00f0 til al\u00fej\u00f3\u00f0legra atsk\u00e1kstiga.<\/p>\n<p>10.gr.<\/p>\n<p>Ef upp koma \u00e1litam\u00e1l skal sk\u00e1kstj\u00f3ri \u00farskur\u00f0a \u00e1 sta\u00f0num. H\u00e6gt er a\u00f0 \u00e1fr\u00fdja d\u00f3mum sk\u00e1kst\u00f3ra til d\u00f3mst\u00f3ls Sk\u00e1ksambands \u00cdslands sem hefur endanlegt \u00farskur\u00f0arvald skv. almennum reglum um d\u00f3mst\u00f3linn.<\/p>\n<p>11.gr.<\/p>\n<p>\u00de\u00e1ttt\u00f6kugj\u00f6ld m\u00e1 innheimta fyrir hverja sveit sem f\u00e9lag sendir til keppni. Allan fer\u00f0akostna\u00f0 grei\u00f0a sveitirnar sj\u00e1lfar. Einnig f\u00e6\u00f0is og gistikostna\u00f0.<\/p>\n<p>12.gr.<\/p>\n<p>Regluger\u00f0 \u00feessi hl\u00fdtur \u00feegar gildi.<\/p>\n<p><em>Breytingar \u00e1 regluger\u00f0 sam\u00feykktar \u00e1 af stj\u00f3rn S\u00cd dags. 12. jan\u00faar 2021. S\u00fa breyting f\u00f3lst \u00ed \u00fev\u00ed a\u00f0 breyta nafni keppninnar.\u00a0<\/em><\/p>\n","protected":false},"excerpt":{"rendered":"<p>Regluger\u00f0 um \u00cdslandsm\u00f3t barna- og unglingasveita 1.gr. M\u00f3ti\u00f0 skal heita \u00cdslandsm\u00f3t barna- og unglingasveita og gengst Sk\u00e1ksamband \u00cdslands fyrir \u00fev\u00ed a\u00f0 m\u00f3ti\u00f0 ver\u00f0i haldi\u00f0 \u00e1rlega. Sambandinu er heimilt a\u00f0 \u00fathluta m\u00f3tshaldinu til taflf\u00e9laga og ganga \u00fe\u00e1 skr\u00e1ningargj\u00f6ld til m\u00f3tshaldara. 2. gr. \u00de\u00e1ttt\u00f6kur\u00e9tt hafa \u00f6ll taflf\u00e9l\u00f6g sem eru fullgild \u00ed sk\u00e1ksambandi \u00cdslands e\u00f0a tilheyra \u00ed\u00fer\u00f3tta og\/e\u00f0a [&hellip;]<\/p>\n","protected":false},"author":1,"featured_media":0,"parent":144,"menu_order":0,"comment_status":"closed","ping_status":"closed","template":"","meta":{"footnotes":""},"class_list":["post-176","page","type-page","status-publish","hentry"],"_links":{"self":[{"href":"https:\/\/skak.is\/skaksamband\/wp-json\/wp\/v2\/pages\/176","targetHints":{"allow":["GET"]}}],"collection":[{"href":"https:\/\/skak.is\/skaksamband\/wp-json\/wp\/v2\/pages"}],"about":[{"href":"https:\/\/skak.is\/skaksamband\/wp-json\/wp\/v2\/types\/page"}],"author":[{"embeddable":true,"href":"https:\/\/skak.is\/skaksamband\/wp-json\/wp\/v2\/users\/1"}],"replies":[{"embeddable":true,"href":"https:\/\/skak.is\/skaksamband\/wp-json\/wp\/v2\/comments?post=176"}],"version-history":[{"count":3,"href":"https:\/\/skak.is\/skaksamband\/wp-json\/wp\/v2\/pages\/176\/revisions"}],"predecessor-version":[{"id":1619,"href":"https:\/\/skak.is\/skaksamband\/wp-json\/wp\/v2\/pages\/176\/revisions\/1619"}],"up":[{"embeddable":true,"href":"https:\/\/skak.is\/skaksamband\/wp-json\/wp\/v2\/pages\/144"}],"wp:attachment":[{"href":"https:\/\/skak.is\/skaksamband\/wp-json\/wp\/v2\/media?parent=176"}],"curies":[{"name":"wp","href":"https:\/\/api.w.org\/{rel}","templated":true}]}}