{"id":182,"date":"2019-06-23T18:02:42","date_gmt":"2019-06-23T18:02:42","guid":{"rendered":"https:\/\/skak.is\/skaksamband\/?page_id=182"},"modified":"2019-06-23T18:02:42","modified_gmt":"2019-06-23T18:02:42","slug":"reglugerd-um-islandsmot-barnaskolasveita-i-skak","status":"publish","type":"page","link":"https:\/\/skak.is\/skaksamband\/um-ssi\/reglugerdir\/reglugerd-um-islandsmot-barnaskolasveita-i-skak\/","title":{"rendered":"Regluger\u00f0 um \u00cdslandsm\u00f3t barnask\u00f3lasveita \u00ed sk\u00e1k"},"content":{"rendered":"<p>REGLUGER\u00d0 UM \u00cdSLANDSM\u00d3T BARNASK\u00d3LA 4. \u2013 7. BEKKUR<\/p>\n<p>1. grein.<\/p>\n<p>Sk\u00e1ksamband \u00cdslands heldur \u00e1rlega \u00cdslandsm\u00f3t barnask\u00f3la 4. \u2013 7. bekkur \u00e1 t\u00edmabilinu febr\u00faar til ma\u00ed. Keppnin er sveitakeppni og er \u00f6llum barnask\u00f3lum heimil \u00fe\u00e1tttaka. Stj\u00f3rn S.\u00cd. er heimilt a\u00f0 fela a\u00f0ildarf\u00e9l\u00f6gum \u00feess , barnask\u00f3lum e\u00f0a \u00f6\u00f0rum vi\u00f0eigandi a\u00f0ilum m\u00f3tshaldi\u00f0 til lengri e\u00f0a skemmri t\u00edma.<\/p>\n<p>2. grein.<\/p>\n<p>\u00cd hverri sveit skulu vera fj\u00f3rir a\u00f0al keppendur auk 0-3 til vara. Keppendur skulu vera \u00ed 4. \u2013 7. bekk. Keppendur \u00ed 1. \u2013 3. bekk hvers sk\u00f3la mega tefla upp fyrir sig \u00e1 \u00feessu \u00cdslandsm\u00f3ti en a\u00f0eins me\u00f0 a-sveit sk\u00f3lans.<\/p>\n<p>\u00d3heimilt er a\u00f0 f\u00e6ra keppendur \u00e1 milli sveita til d\u00e6mis \u00far b-sveit yfir \u00ed a-sveit. Keppendum skal ra\u00f0a\u00f0 \u00e1 fyrsta til fj\u00f3r\u00f0a bor\u00f0 eftir sk\u00e1kstyrkleika. Vi\u00f0 mat \u00e1 sk\u00e1kstyrkleika skal hafa hli\u00f0sj\u00f3n af sk\u00e1kstigum og \u00e1rangri \u00ed opinberum sk\u00e1km\u00f3tum. Enginn keppandi m\u00e1 tefla fleiri en eina sk\u00e1k \u00ed s\u00f6mu umfer\u00f0.<\/p>\n<p>S\u00e9 auglj\u00f3slega broti\u00f0 gegn ofangreindum reglum hefur sk\u00e1kstj\u00f3ri heimild til a\u00f0 d\u00e6ma sk\u00e1kir tapa\u00f0ar e\u00f0a beita \u00f6\u00f0rum \u00farr\u00e6\u00f0um til \u00farb\u00f3ta.<\/p>\n<p>3. grein<\/p>\n<p>Fari\u00f0 er eftir sk\u00e1kreglum FIDE. Ef undantekning er ger\u00f0 \u00e1 \u00feeim skal m\u00f3tshaldari tilkynna um \u00fea\u00f0 vi\u00f0 upphaf m\u00f3tsins.<\/p>\n<p>4. grein.<\/p>\n<p>Keppnisfyrirkomulag \u00e1 \u00cdslandsm\u00f3tinu skal vera \u00feannig a\u00f0 tefldar skulu 6-9 umfer\u00f0ir eftir svissnesku kerfi. Ef \u00fe\u00e1tttaka er of l\u00edtil fyrir svissneskt kerfi \u00e1kve\u00f0ur m\u00f3tshaldari fyrirkomulag.<\/p>\n<p>5. grein.<\/p>\n<p>Stefnt skal a\u00f0 \u00fev\u00ed a\u00f0 \u00cdslandsm\u00f3t barnask\u00f3la fari fram \u00e1 einni helgi til a\u00f0 au\u00f0velda \u00fe\u00e1ttt\u00f6ku sveita v\u00ed\u00f0s vegar a\u00f0 af landinu.<\/p>\n<p>6. grein.<\/p>\n<p>Ver\u00f0i tv\u00e6r e\u00f0a fleiri sveitir jafnar og efstar a\u00f0 vinningum skal fara fram s\u00e9rst\u00f6k aukakeppni milli \u00feeirra um \u00cdslandsmeistaratitilinn. Fyrirkomulag \u00feeirrar aukakeppni skal \u00e1kve\u00f0i\u00f0 af m\u00f3tshaldara hverju sinni.<\/p>\n<p>7. grein.<\/p>\n<p>Sigursveitin hl\u00fdtur r\u00e9tt til \u00fe\u00e1ttt\u00f6ku \u00ed Nor\u00f0urlandam\u00f3ti barnask\u00f3lasveita \u00ed sk\u00e1k sem fer fram a\u00f0 hausti.<\/p>\n<p>8. grein<\/p>\n<p>Eins og fram kemur \u00ed l\u00f6gum FIDE \u00fe\u00e1 er utana\u00f0komandi a\u00f0ilum (a\u00f0rir keppendur, li\u00f0stj\u00f3rar, foreldrar, \u00e1horfendur ..) \u00f3heimilt a\u00f0 hafa \u00e1hrif \u00e1 gang einstakra sk\u00e1ka \u00e1 neinn h\u00e1tt. D\u00e6mi um sl\u00edk \u00f3heimil inngrip eru: gefa v\u00edsbendingar um leiki, l\u00e1ta vita um fall \u00e1 t\u00edma, r\u00e1\u00f0leggingar um jafnteflisbo\u00f0 e\u00f0a uppgj\u00f6f o.s.frv.<\/p>\n<p>Sk\u00e1kstj\u00f3ra er heimilt a\u00f0 refsa \u00feeirri sveit sem hagnast \u00e1 brotinu me\u00f0 vi\u00f0eigandi h\u00e6tti. Vi\u00f0 \u00edtreku\u00f0 brot er sk\u00e1kstj\u00f3ra heimilt a\u00f0 v\u00edsa sveit \u00far m\u00f3ti.<\/p>\n<p>9. grein<\/p>\n<p>Leitast skal eftir \u00fev\u00ed sveitir fr\u00e1 sama sk\u00f3la tefli innbyr\u00f0is \u00ed fyrstu umfer\u00f0. Sveitir fr\u00e1 sama sk\u00f3la geta ekki teflt innbyr\u00f0is \u00ed s\u00ed\u00f0ustu umfer\u00f0 s\u00e9u \u00fe\u00e6r \u00ed bar\u00e1ttu um ver\u00f0laun.<\/p>\n<p>Sam\u00feykkt af stj\u00f3rn S\u00cd \u00ed mars 2016.<\/p>\n","protected":false},"excerpt":{"rendered":"<p>REGLUGER\u00d0 UM \u00cdSLANDSM\u00d3T BARNASK\u00d3LA 4. \u2013 7. BEKKUR 1. grein. Sk\u00e1ksamband \u00cdslands heldur \u00e1rlega \u00cdslandsm\u00f3t barnask\u00f3la 4. \u2013 7. bekkur \u00e1 t\u00edmabilinu febr\u00faar til ma\u00ed. Keppnin er sveitakeppni og er \u00f6llum barnask\u00f3lum heimil \u00fe\u00e1tttaka. Stj\u00f3rn S.\u00cd. er heimilt a\u00f0 fela a\u00f0ildarf\u00e9l\u00f6gum \u00feess , barnask\u00f3lum e\u00f0a \u00f6\u00f0rum vi\u00f0eigandi a\u00f0ilum m\u00f3tshaldi\u00f0 til lengri e\u00f0a skemmri t\u00edma. 2. [&hellip;]<\/p>\n","protected":false},"author":1,"featured_media":0,"parent":144,"menu_order":0,"comment_status":"closed","ping_status":"closed","template":"","meta":{"footnotes":""},"class_list":["post-182","page","type-page","status-publish","hentry"],"_links":{"self":[{"href":"https:\/\/skak.is\/skaksamband\/wp-json\/wp\/v2\/pages\/182","targetHints":{"allow":["GET"]}}],"collection":[{"href":"https:\/\/skak.is\/skaksamband\/wp-json\/wp\/v2\/pages"}],"about":[{"href":"https:\/\/skak.is\/skaksamband\/wp-json\/wp\/v2\/types\/page"}],"author":[{"embeddable":true,"href":"https:\/\/skak.is\/skaksamband\/wp-json\/wp\/v2\/users\/1"}],"replies":[{"embeddable":true,"href":"https:\/\/skak.is\/skaksamband\/wp-json\/wp\/v2\/comments?post=182"}],"version-history":[{"count":1,"href":"https:\/\/skak.is\/skaksamband\/wp-json\/wp\/v2\/pages\/182\/revisions"}],"predecessor-version":[{"id":183,"href":"https:\/\/skak.is\/skaksamband\/wp-json\/wp\/v2\/pages\/182\/revisions\/183"}],"up":[{"embeddable":true,"href":"https:\/\/skak.is\/skaksamband\/wp-json\/wp\/v2\/pages\/144"}],"wp:attachment":[{"href":"https:\/\/skak.is\/skaksamband\/wp-json\/wp\/v2\/media?parent=182"}],"curies":[{"name":"wp","href":"https:\/\/api.w.org\/{rel}","templated":true}]}}