{"id":188,"date":"2019-06-23T18:05:05","date_gmt":"2019-06-23T18:05:05","guid":{"rendered":"https:\/\/skak.is\/skaksamband\/?page_id=188"},"modified":"2019-06-23T18:05:05","modified_gmt":"2019-06-23T18:05:05","slug":"reglugerd-um-islandsmot-framhaldskolasveita-i-skak","status":"publish","type":"page","link":"https:\/\/skak.is\/skaksamband\/um-ssi\/reglugerdir\/reglugerd-um-islandsmot-framhaldskolasveita-i-skak\/","title":{"rendered":"Regluger\u00f0 um \u00cdslandsm\u00f3t framhaldsk\u00f3lasveita \u00ed sk\u00e1k"},"content":{"rendered":"<p>Regluger\u00f0 um \u00cdslandsm\u00f3t Framhaldsk\u00f3lasveita \u00ed sk\u00e1k<br \/>\nP\u00e1ll Sigur\u00f0sson<br \/>\n24. mars 2006<br \/>\nSam\u00feykkt 19. ma\u00ed. 2005<br \/>\nBreytingar ger\u00f0ar 23.mars 2012<\/p>\n<p><strong><br \/>\nREGLUGER\u00d0 UM \u00cdSLANDSM\u00d3T FRAMHALDSSK\u00d3LASVEITA \u00cd SK\u00c1K<\/strong><\/p>\n<p>1. grein.<\/p>\n<p>Sk\u00e1ksamband \u00cdslands heldur \u00e1rlega \u00cdslandsm\u00f3t framhaldssk\u00f3lasveita \u00e1 t\u00edmabilinu febr\u00faar til j\u00fan\u00ed. Keppnin er sveitakeppni og er \u00f6llum framhaldssk\u00f3lum heimil \u00fe\u00e1tttaka. Stj\u00f3rn S.\u00cd. er heimilt a\u00f0 fela a\u00f0ildarf\u00e9l\u00f6gum \u00feess , framhaldssk\u00f3lum e\u00f0a \u00f6\u00f0rum vi\u00f0eigandi a\u00f0ilum m\u00f3tshaldi\u00f0 til lengri e\u00f0a skemmri t\u00edma.<\/p>\n<p>2. grein.<\/p>\n<p>\u00cd hverri sveit skulu vera fj\u00f3rir a\u00f0alkeppendur auk 1-4 til vara, sem eru nemendur sk\u00f3lans. Skulu \u00feeir allir vera \u00far sama sk\u00f3lanum. \u00deeir sem ver\u00f0a st\u00fadentar um \u00e1ram\u00f3t e\u00f0a h\u00e6tta \u00ed sk\u00f3lanum geta teki\u00f0 \u00fe\u00e1tt \u00ed \u00cdslandsm\u00f3tinu. S\u00e9u \u00feeir nemendur \u00ed \u00f6\u00f0rum sk\u00f3la \u00feegar keppnin hefst \u00fe\u00e1 ver\u00f0a \u00feeir a\u00f0 tefla fyrir \u00feann sk\u00f3la. Aldursh\u00e1mark er 21 \u00e1rs \u00e1 keppnis\u00e1ri.<br \/>\nTilkynna skal um bor\u00f0ar\u00f6\u00f0 keppenda fyrir upphaf 1. umfer\u00f0ar og m\u00e1 ekki breyta r\u00f6\u00f0inni eftir \u00fea\u00f0. Forfallist fyrsta bor\u00f0s ma\u00f0ur skal annars bor\u00f0s ma\u00f0ur flytjast upp \u00e1 fyrsta bor\u00f0 og \u00feannig koll af kolli. Varama\u00f0ur kemur inn \u00e1 fj\u00f3r\u00f0a bor\u00f0.<br \/>\n\u00d3heimilt er a\u00f0 f\u00e6ra keppendur \u00e1 milli sveita til d\u00e6mis \u00far b-sveit yfir \u00ed a-sveit. Keppendum skal ra\u00f0a\u00f0 \u00e1 fyrsta til fj\u00f3r\u00f0a bor\u00f0 eftir sk\u00e1kstyrkleika. Vi\u00f0 mat \u00e1 sk\u00e1kstyrkleika skal hafa hli\u00f0sj\u00f3n af sk\u00e1kstigum og \u00e1rangri \u00ed opinberum sk\u00e1km\u00f3tum. Enginn keppandi m\u00e1 tefla fleiri en eina sk\u00e1k \u00ed s\u00f6mu umfer\u00f0.<br \/>\nS\u00e9 auglj\u00f3slega broti\u00f0 gegn ofangreindum reglum hefur sk\u00e1kstj\u00f3ri heimild til a\u00f0 d\u00e6ma sk\u00e1kir tapa\u00f0ar e\u00f0a beita \u00f6\u00f0rum \u00farr\u00e6\u00f0um til \u00farb\u00f3ta.<\/p>\n<p>3. grein.<\/p>\n<p>Keppnisfyrirkomulag \u00e1 \u00cdslandsm\u00f3tinu skal vera \u00feannig a\u00f0 tefldar ver\u00f0a 6-9 umfer\u00f0ir eftir monrad e\u00f0a svissnesku kerfi, ef n\u00e6g \u00fe\u00e1tttaka f\u00e6st. A\u00f0 \u00f6\u00f0rum kosti skal l\u00e1ta sveitinar tefla einfalda umfer\u00f0, allar vi\u00f0 allar, e\u00f0a skipta \u00ed undanr\u00e1sarri\u00f0la og s\u00ed\u00f0an yr\u00f0i teflt til \u00farslita. \u00d6nnur atri\u00f0i svo sem umhugsunart\u00edmi o.fl. skulu \u00e1kve\u00f0in af m\u00f3tshaldara hverju sinni.<\/p>\n<p>4. grein.<\/p>\n<p>Stefnt skal a\u00f0 \u00fev\u00ed a\u00f0 \u00cdslandsm\u00f3t framhaldssk\u00f3lanna fari fram \u00e1 einni helgi til a\u00f0 au\u00f0velda \u00fe\u00e1ttt\u00f6ku sveita v\u00ed\u00f0s vegar a\u00f0 af landinu.<\/p>\n<p>5. grein.<\/p>\n<p>Ver\u00f0i tv\u00e6r e\u00f0a fleiri sveitir jafnar og efstar a\u00f0 vinningum \u00ed \u00cdslandsm\u00f3tinu, skal fara fram s\u00e9rst\u00f6k aukakeppni milli \u00feeirra um 1. s\u00e6ti\u00f0. Fyrirkomulag \u00feeirrar aukakeppni skal \u00e1kve\u00f0i\u00f0 af m\u00f3tshaldara hverju sinni.<\/p>\n<p>6. grein.<\/p>\n<p>Sigursveitin \u00ed \u00cdslandsm\u00f3tinu hl\u00fdtur r\u00e9tt til \u00fe\u00e1ttt\u00f6ku \u00ed Nor\u00f0urlandam\u00f3ti framhaldssk\u00f3lasveita \u00ed sk\u00e1k sem fram fer \u00e1 haustin.<br \/>\nHeimilt er stj\u00f3rn S.\u00cd. a\u00f0 fela taflf\u00e9l\u00f6gum \u00e1 sv\u00e6\u00f0i sigursveitarinnar, Sk\u00e1ksk\u00f3la \u00cdslands e\u00f0a \u00f6\u00f0rum \u00e1byrgum a\u00f0ilum, a\u00f0 annast undirb\u00faning a\u00f0 \u00fe\u00e1ttt\u00f6ku \u00ed Nor\u00f0urlandam\u00f3tinu.<\/p>\n<p>7. grein.<\/p>\n<p>Allan fer\u00f0akostna\u00f0 \u00ed sambandi vi\u00f0 \u00fe\u00e1ttt\u00f6ku \u00e1 \u00cdslandsm\u00f3tinu skulu sk\u00f3lasveitirnar grei\u00f0a sj\u00e1lfar. Einnig f\u00e6\u00f0is-og gistikostna\u00f0 \u00e1 me\u00f0an \u00e1 \u00cdslandsm\u00f3tinu stendur.<\/p>\n<p>8. gr.<\/p>\n<p>Eins og fram kemur \u00ed l\u00f6gum FIDE \u00fe\u00e1 er utana\u00f0komandi a\u00f0ilum (a\u00f0rir keppendur, li\u00f0stj\u00f3rar, foreldrar, \u00e1horfendur ..) \u00f3heimilt a\u00f0 hafa \u00e1hrif \u00e1 gang einstakra sk\u00e1ka \u00e1 neinn h\u00e1tt. D\u00e6mi um sl\u00edk \u00f3heimil inngrip eru: gefa v\u00edsbendingar um leiki, l\u00e1ta vita um fall \u00e1 t\u00edma, r\u00e1\u00f0leggingar um jafnteflisbo\u00f0 e\u00f0a uppgj\u00f6f o.s.frv.\u00a0 Undantekning fr\u00e1 \u00feessu er a\u00f0 li\u00f0stj\u00f3ri m\u00e1 r\u00e1\u00f0leggja um hvort taka eigi jafntefli e\u00f0a bj\u00f3\u00f0a jafntefli \u00ed keppni \u00fear sem\u00a0li\u00f0sstig (matchpoints)\u00a0r\u00e1\u00f0a \u00farslitum, sbr m\u00f3tareglur FIDE.<br \/>\nSk\u00e1kstj\u00f3ra er heimilt a\u00f0 refsa \u00feeirri sveit sem hagnast \u00e1 brotinu me\u00f0 vi\u00f0eigandi h\u00e6tti. Vi\u00f0 \u00edtreku\u00f0 brot er sk\u00e1kstj\u00f3ra heimilt a\u00f0 v\u00edsa sveit \u00far m\u00f3ti.<\/p>\n<p>9. gr.<\/p>\n<p>Leitast skal vi\u00f0 a\u00f0 sveitir fr\u00e1 sama sk\u00f3la tefli innbyr\u00f0is \u00ed 1.umfer\u00f0. Sveitir fr\u00e1 sama sk\u00f3la geta ekki teflt innbyr\u00f0is \u00ed s\u00ed\u00f0ustu umfer\u00f0.<\/p>\n","protected":false},"excerpt":{"rendered":"<p>Regluger\u00f0 um \u00cdslandsm\u00f3t Framhaldsk\u00f3lasveita \u00ed sk\u00e1k P\u00e1ll Sigur\u00f0sson 24. mars 2006 Sam\u00feykkt 19. ma\u00ed. 2005 Breytingar ger\u00f0ar 23.mars 2012 REGLUGER\u00d0 UM \u00cdSLANDSM\u00d3T FRAMHALDSSK\u00d3LASVEITA \u00cd SK\u00c1K 1. grein. Sk\u00e1ksamband \u00cdslands heldur \u00e1rlega \u00cdslandsm\u00f3t framhaldssk\u00f3lasveita \u00e1 t\u00edmabilinu febr\u00faar til j\u00fan\u00ed. Keppnin er sveitakeppni og er \u00f6llum framhaldssk\u00f3lum heimil \u00fe\u00e1tttaka. Stj\u00f3rn S.\u00cd. er heimilt a\u00f0 fela a\u00f0ildarf\u00e9l\u00f6gum \u00feess [&hellip;]<\/p>\n","protected":false},"author":1,"featured_media":0,"parent":144,"menu_order":0,"comment_status":"closed","ping_status":"closed","template":"","meta":{"footnotes":""},"class_list":["post-188","page","type-page","status-publish","hentry"],"_links":{"self":[{"href":"https:\/\/skak.is\/skaksamband\/wp-json\/wp\/v2\/pages\/188","targetHints":{"allow":["GET"]}}],"collection":[{"href":"https:\/\/skak.is\/skaksamband\/wp-json\/wp\/v2\/pages"}],"about":[{"href":"https:\/\/skak.is\/skaksamband\/wp-json\/wp\/v2\/types\/page"}],"author":[{"embeddable":true,"href":"https:\/\/skak.is\/skaksamband\/wp-json\/wp\/v2\/users\/1"}],"replies":[{"embeddable":true,"href":"https:\/\/skak.is\/skaksamband\/wp-json\/wp\/v2\/comments?post=188"}],"version-history":[{"count":1,"href":"https:\/\/skak.is\/skaksamband\/wp-json\/wp\/v2\/pages\/188\/revisions"}],"predecessor-version":[{"id":189,"href":"https:\/\/skak.is\/skaksamband\/wp-json\/wp\/v2\/pages\/188\/revisions\/189"}],"up":[{"embeddable":true,"href":"https:\/\/skak.is\/skaksamband\/wp-json\/wp\/v2\/pages\/144"}],"wp:attachment":[{"href":"https:\/\/skak.is\/skaksamband\/wp-json\/wp\/v2\/media?parent=188"}],"curies":[{"name":"wp","href":"https:\/\/api.w.org\/{rel}","templated":true}]}}