{"id":191,"date":"2019-06-23T18:06:37","date_gmt":"2019-06-23T18:06:37","guid":{"rendered":"https:\/\/skak.is\/skaksamband\/?page_id=191"},"modified":"2025-05-13T11:36:31","modified_gmt":"2025-05-13T11:36:31","slug":"styrkjareglur-si","status":"publish","type":"page","link":"https:\/\/skak.is\/skaksamband\/um-ssi\/reglugerdir\/styrkjareglur-si\/","title":{"rendered":"Styrkjareglur S\u00cd"},"content":{"rendered":"<p style=\"font-weight: 400;\"><strong>Styrkjareglur S\u00cd<\/strong><\/p>\n<p style=\"font-weight: 400;\"><strong>Styrkveitingar Sk\u00e1ksambands \u00cdslands<br \/>\nAlmennar reglur og vi\u00f0mi\u00f0<\/strong><\/p>\n<p style=\"font-weight: 400;\"><em>Endursko\u00f0a\u00f0ar \u00ed jan\u00faar 2023\u2013 taka gildi 1. jan\u00faar 2023 (kaflinn um EM einstaklinga uppf\u00e6r\u00f0ur \u00ed desember 2024). Afreksm\u00f6rk uppf\u00e6r\u00f0 \u00ed ma\u00ed 2025<\/em><\/p>\n<p style=\"font-weight: 400;\">A\u00f0almarkmi\u00f0 styrkveitinga stj\u00f3rnar Sk\u00e1ksambands \u00cdslands til einstaklinga er a\u00f0 sty\u00f0ja vi\u00f0 baki\u00f0 \u00e1 \u00feeim sk\u00e1km\u00f6nnum sem s\u00fdnt hafa mestar framfarir, metna\u00f0 og \u00e1stundun \u00e1 s\u00ed\u00f0ustu 12 m\u00e1nu\u00f0um, og \u00feykja \u00fev\u00ed l\u00edklegastir til a\u00f0 n\u00e1 enn lengra \u00ed n\u00e1nustu framt\u00ed\u00f0.\u00a0Einnig er markmi\u00f0i\u00f0 a\u00f0 ver\u00f0launa fyrir afbur\u00f0a\u00e1rangur og hvetja \u00feannig til afreka.<\/p>\n<p>Styrkjum fr\u00e1 S\u00cd er ekki \u00e6tla\u00f0 a\u00f0 styrkja hinn almenna sk\u00e1k\u00e1hugamann til farar erlendis, heldur einungis \u00fe\u00e1 sem \u00feykja skara fram \u00far. S\u00e9rst\u00f6k \u00e1hersla er l\u00f6g\u00f0 \u00e1 yngri sk\u00e1kmenn sem eru tilb\u00fanir til a\u00f0 leggja \u00e1 sig \u00fej\u00e1lfun til a\u00f0 standa sig \u00e1 \u00feeim m\u00f3tum sem styrkbei\u00f0ni liggur fyrir um.<\/p>\n<p>Vi\u00f0 allar \u00fathlutanir \u00e1 a\u00f0 vera l\u00f6g\u00f0 \u00e1hersla \u00e1 jafnr\u00e9tti kynjanna og a\u00f0 \u00feeim st\u00falkum sem skara\u00f0 hafa fram \u00far \u00ed hverjum aldursflokki s\u00e9 gert kleift a\u00f0 afla s\u00e9r reynslu \u00e1 sk\u00e1km\u00f3tum erlendis til jafns \u00e1 vi\u00f0 str\u00e1ka. Sams konar kr\u00f6fur um \u00e1stundun, \u00e1rangur og framfarir eru hins vegar ger\u00f0ar til allra, st\u00falkna og drengja, kvenna og karla.<\/p>\n<p style=\"font-weight: 400;\"><strong>Vi\u00f0mi\u00f0 vi\u00f0 styrk\u00fathlutanir<\/strong><\/p>\n<ol>\n<li style=\"font-weight: 400;\">Allir styrk\u00feegar S\u00cd (ungir, al\u00fej\u00f3\u00f0legir og a\u00f0rir) \u00feurfa a\u00f0 uppfylla eftirfarandi \u00ferj\u00fa skilyr\u00f0i:<\/li>\n<\/ol>\n<ul>\n<li style=\"font-weight: 400;\">Hafa teflt 60 reikna\u00f0ar kappsk\u00e1kir til al\u00fej\u00f3\u00f0legra stiga \u00e1 s\u00ed\u00f0ustu 24 m\u00e1nu\u00f0um.<\/li>\n<li style=\"font-weight: 400;\">Hafa s\u00fdnt mikinn metna\u00f0 og lagt mikla vinnu \u00ed sk\u00e1ki\u00f0kun undanfarin misseri.<\/li>\n<li style=\"font-weight: 400;\">Hafa s\u00fdnt virkni \u00ed sk\u00e1km\u00f3tum innanlands.<\/li>\n<\/ul>\n<ol start=\"2\">\n<li style=\"font-weight: 400;\">Ungir sk\u00e1kmenn (25 \u00e1ra og yngri) hafa forgang \u00feegar kemur a\u00f0 \u00fathlutun fer\u00f0astyrkja.<\/li>\n<li style=\"font-weight: 400;\">Al\u00fej\u00f3\u00f0legir meistarar geta fengi\u00f0 fer\u00f0astyrki fr\u00e1 S\u00cd \u00f3h\u00e1\u00f0 aldri.<\/li>\n<li style=\"font-weight: 400;\">\u00deeir sem \u00feiggja st\u00f3rmeistaralaun geta ekki fengi\u00f0 almenna fer\u00f0astyrki fr\u00e1 S\u00cd.<\/li>\n<li style=\"font-weight: 400;\">A\u00f0rir sk\u00e1kmenn geta fengi\u00f0 fer\u00f0astyrki ef \u00feeir n\u00e1 \u00e1rangri sem samsvarar 2350 stigum e\u00f0a meira (\u201cperformance\u201d) \u00ed m\u00f3ti sem styrkur er s\u00f3ttur um.\u00a0\u00c1kv\u00f6r\u00f0un um styrkveitingu er tekin eftir m\u00f3t.<\/li>\n<\/ol>\n<p style=\"font-weight: 400;\"><strong>Ums\u00f3knarey\u00f0ubl\u00f6\u00f0 og skil<\/strong><\/p>\n<p>Allir sem s\u00e6kja um styrk til S\u00cd \u00feurfa a\u00f0 leggja fram ums\u00f3kn \u00e1 \u00fear til ger\u00f0u rafr\u00e6nu ey\u00f0ubla\u00f0i.<\/p>\n<p style=\"font-weight: 400;\"><a href=\"https:\/\/spreadsheets.google.com\/viewform?formkey=dHA1UG5mb0ZRQ0ZPWWxYWGp6MFFnN1E6MQ\">Rafr\u00e6na ey\u00f0ubla\u00f0i\u00f0<\/a><\/p>\n<p style=\"font-weight: 400;\">\u00dear \u00e1 a\u00f0 koma fram hvers vegna tilteki\u00f0 sk\u00e1km\u00f3t er vali\u00f0 og hvers vegna vi\u00f0komandi telur a\u00f0 hann hafi r\u00e9tt \u00e1 styrk fr\u00e1 S\u00cd skv. ofangreindum skilyr\u00f0um.<\/p>\n<p style=\"font-weight: 400;\">Ef ums\u00f3kn er \u00f3fulln\u00e6gjandi og ekki skila\u00f0 \u00e1 \u00feann h\u00e1tt sem a\u00f0 ofan greinir, er henni sj\u00e1lfkrafa v\u00edsa\u00f0 fr\u00e1.<\/p>\n<p>Styrkir S\u00cd eru afgreiddir a.m.k. \u00ferisvar sinnum \u00e1 \u00e1ri. 10. febr\u00faar, 10. j\u00fan\u00ed og 10. okt\u00f3ber. S\u00e6kja \u00fearf um styrkina <strong>\u00ed lok undangengins m\u00e1na\u00f0ar<\/strong>. \u00c6tlast er til \u00feess a\u00f0 s\u00f3tt s\u00e9 um styrki \u00e1\u00f0ur en haldi\u00f0 er \u00e1 m\u00f3t en \u00fe\u00f3 ver\u00f0ur teki\u00f0 tillit til s\u00e9rstakra a\u00f0st\u00e6\u00f0na ef \u00fe\u00e6r eru nefndar og \u00feykja vera fyrir hendi.<\/p>\n<p style=\"font-weight: 400;\">S\u00e9rst\u00f6k styrkjanefnd, skipu\u00f0 af stj\u00f3rn S\u00cd, fer yfir allar ums\u00f3knir og gerir till\u00f6gur til stj\u00f3rnar um afgrei\u00f0slu styrkja hverju sinni. Styrkjum S\u00cd er skipt upp \u00ed fj\u00f3ra flokka. Vi\u00f0 \u00fathlutanir styrkja getur Styrkjanefnd horft \u00e1 h\u00e6stu FIDE-stig s\u00ed\u00f0ustu 12 m\u00e1nu\u00f0i.<\/p>\n<p style=\"font-weight: 400;\"><strong>Styrkflokkar<\/strong><\/p>\n<p style=\"font-weight: 400;\"><strong>\u00a0<\/strong><\/p>\n<ul>\n<li style=\"font-weight: 400;\">Efsta stig \u2013 allt a\u00f0 150.000 kr. \u00e1 almanks\u00e1ri (60.000 kr. h\u00e1mark \u00e1 m\u00f3t)<\/li>\n<li style=\"font-weight: 400;\">Anna\u00f0 stig \u2013 allt 100.000 kr. \u00e1 almanks\u00e1ri (40.000 kr. h\u00e1mark \u00e1 m\u00f3t)<\/li>\n<li style=\"font-weight: 400;\">\u00deri\u00f0ja stig \u2013 allt a\u00f0 60.000 kr. almanks\u00e1ri (30.000 kr. h\u00e1mark \u00e1 m\u00f3t)<\/li>\n<li style=\"font-weight: 400;\">Fj\u00f3r\u00f0a stig \u2013 allt a\u00f0 25.000 \u00e1 almanks\u00e1ri. (25.000 kr. h\u00e1mark \u00e1 m\u00f3t)<\/li>\n<\/ul>\n<p style=\"font-weight: 400;\"><strong>Allir sem hlj\u00f3ta styrki \u00feurfa a\u00f0 uppfylla 1. tl. regluger\u00f0arinnar.<\/strong><\/p>\n<p style=\"font-weight: 400;\"><strong>\u00a0<\/strong><\/p>\n<p style=\"font-weight: 400;\"><strong>Efsta stig<\/strong><\/p>\n<p style=\"font-weight: 400;\">A\u00f0eins al\u00fej\u00f3\u00f0legir meistarar me\u00f0 meira en 2400 al\u00fej\u00f3\u00f0leg sk\u00e1kstig og sk\u00e1kmenn \u00ed heimsafrekum (A1-sj\u00e1 t\u00f6flu \u00ed vi\u00f0auka) geta fengi\u00f0 styrki \u00e1 efsta stigi.<\/p>\n<p style=\"font-weight: 400;\">Al\u00fej\u00f3\u00f0legir meistarar geta a\u00f0eins fengi\u00f0 styrki \u00e1 \u00e1fangah\u00e6f m\u00f3t (GM-\u00e1fangar).<\/p>\n<p style=\"font-weight: 400;\"><strong>Anna\u00f0 stig<\/strong><\/p>\n<p style=\"font-weight: 400;\">Al\u00fej\u00f3\u00f0legir meistarar, \u00e1n tillits til aldurs, og FIDE-meistarar, 25 \u00e1ra og yngri, me\u00f0 meira en 2300 al\u00fej\u00f3\u00f0leg sk\u00e1kstig og sk\u00e1kmenn sem n\u00e1 afreksm\u00f6rkum (A2- sj\u00e1 t\u00f6flu \u00ed vi\u00f0auka) geta fengi\u00f0 styrki \u00e1 \u00f6\u00f0ru stigi.<\/p>\n<p style=\"font-weight: 400;\">Al\u00fej\u00f3\u00f0ir meistarar geta a\u00f0eins fengi\u00f0 styrki \u00e1 m\u00f3t \u00fear sem st\u00f3rmeistara\u00e1fangar eru \u00ed bo\u00f0i og FIDE-meistarar geta a\u00f0eins fengi\u00f0 styrki \u00e1 m\u00f3ti \u00fear sem IM-\u00e1fangar eru \u00ed bo\u00f0i.<\/p>\n<p style=\"font-weight: 400;\"><strong>\u00deri\u00f0ja stig<\/strong><\/p>\n<p style=\"font-weight: 400;\">A\u00f0eins sk\u00e1kmenn, 25 \u00e1ra og yngri, me\u00f0 2200 al\u00fej\u00f3\u00f0leg sk\u00e1kstig e\u00f0a meira og \u00feeir sem n\u00e1 l\u00e1gm\u00f6rkum (A3-sj\u00e1 t\u00f6flu \u00ed vi\u00f0auka) geta fengi\u00f0 styrki skv. \u00feri\u00f0ja stigi.<\/p>\n<p style=\"font-weight: 400;\"><strong>Fj\u00f3r\u00f0a stig<\/strong><\/p>\n<p style=\"font-weight: 400;\">Allir sem hlj\u00f3ta styrki \u00e1 fj\u00f3r\u00f0a stig \u00feurfa a\u00f0 uppfylla 1. tl. regluger\u00f0arinnar\u00a0\u00a0og vera 25 \u00e1ra yngri.<\/p>\n<p style=\"font-weight: 400;\"><strong>Skyldur styrk\u00feega gagnvart S\u00cd:<\/strong><\/p>\n<p>A\u00f0 loknu m\u00f3ti skulu styrk\u00feegar, \u00ed samr\u00e1\u00f0i vi\u00f0 skrifstofu S\u00cd, inna vinnu af hendi fyrir sk\u00e1khreyfinguna sem mi\u00f0ast vi\u00f0 u.\u00fe.b. h\u00e1lfan vinnudag. Um getur veri\u00f0 a\u00f0 r\u00e6\u00f0a pistil, sk\u00e1ksk\u00fdringar, kennslu, \u00fe\u00e1ttt\u00f6ku \u00ed n\u00e1mskei\u00f0i, fj\u00f6ltefli e\u00f0a eitthva\u00f0 anna\u00f0. Styrk\u00feegar skulu komast a\u00f0 samkomulagi vi\u00f0 skrifstofu S\u00cd um framkv\u00e6mdina. Ger\u00f0 er krafa um fyrirmyndar heg\u00f0un \u00e1 sk\u00e1km\u00f3tum erlendis. Styrkjanefnd getur svipt menn styrkjum s\u00e9 \u00fea\u00f0 ekki raunin.<\/p>\n<p style=\"font-weight: 400;\">Styrkir eru borga\u00f0ir \u00fat eftir a\u00f0 sk\u00e1km\u00f3ti l\u00fdkur, \u00feegar lj\u00f3st er a\u00f0 skyldur styrk\u00feega ver\u00f0a uppfylltar.<\/p>\n<p style=\"font-weight: 400;\"><strong>Reglur um \u00e1fangastyrki og bo\u00f0 \u00e1 EM-einstaklinga<\/strong><\/p>\n<p style=\"font-weight: 400;\"><strong>St\u00f3rmeistara \u00e1fangar:<\/strong>\u00a0S\u00cd veitir \u00edslenskum sk\u00e1kmanni sem n\u00e6r st\u00f3rmeistara\u00e1fanga karla 300.000 kr\u00f3nur. M\u00f6gulegt er a\u00f0 hlj\u00f3ta tvo \u00feannig styrki.<\/p>\n<p style=\"font-weight: 400;\"><strong>Al\u00fej\u00f3\u00f0legir \u00e1fangar:<\/strong>\u00a0S\u00cd veitir \u00edslenskum sk\u00e1kmanni sem n\u00e6r al\u00fej\u00f3\u00f0legum \u00e1fanga \u00a0karla 100.000 kr\u00f3nur. M\u00f6gulegt er a\u00f0 hlj\u00f3ta \u00ferj\u00e1 \u00feannig styrki.<\/p>\n<p style=\"font-weight: 400;\">\u00c1fangastyrkir eru ekki veittir \u00feeim sem hafa n\u00e1\u00f0 vi\u00f0komandi titlum.<\/p>\n<p style=\"font-weight: 400;\"><strong>EM-einstaklinga \u00ed opnum flokki:\u00a0<\/strong><\/p>\n<p style=\"font-weight: 400;\">Sigurvegari \u00e1 Sk\u00e1k\u00feingi \u00cdslands er sendur af S\u00cd \u00e1 n\u00e6sta EM-einstaklinga.<\/p>\n<p style=\"font-weight: 400;\">Ef \u00edslenskur sk\u00e1kma\u00f0ur,<\/p>\n<ol>\n<li style=\"font-weight: 400;\">N\u00e6r a\u00f0 fara yfir 2575 FIDE-stig s\u00ed\u00f0ustu t\u00f3lf m\u00e1nu\u00f0i fyrir EM<\/li>\n<li style=\"font-weight: 400;\">Vinnur Reykjav\u00edkurm\u00f3ti\u00f0 (jafnt efsta s\u00e6ti n\u00e6gir)<\/li>\n<\/ol>\n<p style=\"font-weight: 400;\">Ef stutt er fr\u00e1 \u00fev\u00ed a\u00f0 r\u00e9ttur til EM n\u00e1\u00f0ist fram a\u00f0 n\u00e6sta m\u00f3ti, er heimilt a\u00f0 taka bo\u00f0i\u00f0 \u00fat \u00e1 \u00fearn\u00e6sta EM \u00ed sta\u00f0inn.<\/p>\n<p>Stj\u00f3rn S\u00cd skal \u00e1vallt tryggja a\u00f0 \u00edslenskur keppandi fari \u00e1 EM einstaklinga svo framarlega a\u00f0 a.m.k. einn sk\u00e1kma\u00f0ur hafi 2500 sk\u00e1kstig e\u00f0a meira.<\/p>\n<p style=\"font-weight: 400;\"><strong>EM-einstaklinga \u00ed kvennaflokki:\u00a0<\/strong><\/p>\n<p style=\"font-weight: 400;\">Ef \u00edslensk sk\u00e1kkona n\u00e6r,<\/p>\n<ol>\n<li>N\u00e6r a\u00f0 fara yfir 2375 FIDE-stig s\u00ed\u00f0ustu t\u00f3lf m\u00e1nu\u00f0i fyrir EM<\/li>\n<\/ol>\n<p>Stj\u00f3rn S\u00cd skal \u00e1vallt tryggja a\u00f0 \u00edslensk sk\u00e1kkona fari \u00e1 EM einstaklinga svo framarlega a\u00f0 a.m.k. ein sk\u00e1kkona hafi 2300 sk\u00e1kstig e\u00f0a meira.<\/p>\n<p style=\"font-weight: 400;\">\u00cd bo\u00f0i \u00e1 EM einstaklinga og EM kvenna felst eftirfarandi<\/p>\n<p style=\"font-weight: 400;\">a) H\u00f3flegur flugkostna\u00f0ur innan Evr\u00f3pu<br \/>\nb) H\u00f3flegur kostna\u00f0ur vi\u00f0 gistingu og f\u00e6\u00f0i<\/p>\n<p style=\"font-weight: 400;\"><strong>Vi\u00f0auki<\/strong><\/p>\n<p>Afreksm\u00f6rk uppf\u00e6r\u00f0 13. ma\u00ed 2025<\/p>\n<table dir=\"ltr\" border=\"1\" cellspacing=\"0\" cellpadding=\"0\" data-sheets-root=\"1\" data-sheets-baot=\"1\">\n<colgroup>\n<col width=\"58\" \/>\n<col width=\"64\" \/>\n<col width=\"40\" \/>\n<col width=\"58\" \/>\n<col width=\"64\" \/>\n<col width=\"40\" \/><\/colgroup>\n<tbody>\n<tr>\n<td><strong>Str\u00e1kar<\/strong><\/td>\n<td><\/td>\n<td><strong>N\u00fdtt<\/strong><\/td>\n<td><strong>Stelpur<\/strong><\/td>\n<td><\/td>\n<td><strong>N\u00fdtt<\/strong><\/td>\n<\/tr>\n<tr>\n<td>U18<\/td>\n<td>Heims<\/td>\n<td>2350<\/td>\n<td>U18<\/td>\n<td>Heims<\/td>\n<td>2100<\/td>\n<\/tr>\n<tr>\n<td><\/td>\n<td>Afreks<\/td>\n<td>2200<\/td>\n<td><\/td>\n<td>Afreks<\/td>\n<td>1950<\/td>\n<\/tr>\n<tr>\n<td><\/td>\n<td>L\u00e1gmark<\/td>\n<td>2000<\/td>\n<td><\/td>\n<td>L\u00e1gmark<\/td>\n<td>1850<\/td>\n<\/tr>\n<tr>\n<td>U16<\/td>\n<td>Heims<\/td>\n<td>2250<\/td>\n<td>U16<\/td>\n<td>Heims<\/td>\n<td>2000<\/td>\n<\/tr>\n<tr>\n<td><\/td>\n<td>Afreks<\/td>\n<td>2100<\/td>\n<td><\/td>\n<td>Afreks<\/td>\n<td>1850<\/td>\n<\/tr>\n<tr>\n<td><\/td>\n<td>L\u00e1gmark<\/td>\n<td>1950<\/td>\n<td><\/td>\n<td>L\u00e1gmark<\/td>\n<td>1750<\/td>\n<\/tr>\n<tr>\n<td>U14<\/td>\n<td>Heims<\/td>\n<td>2100<\/td>\n<td>U14<\/td>\n<td>Heims<\/td>\n<td>1900<\/td>\n<\/tr>\n<tr>\n<td><\/td>\n<td>Afreks<\/td>\n<td>1950<\/td>\n<td><\/td>\n<td>Afreks<\/td>\n<td>1800<\/td>\n<\/tr>\n<tr>\n<td><\/td>\n<td>L\u00e1gmark<\/td>\n<td>1800<\/td>\n<td><\/td>\n<td>L\u00e1gmark<\/td>\n<td>1650<\/td>\n<\/tr>\n<tr>\n<td>U12<\/td>\n<td>Heims<\/td>\n<td>2000<\/td>\n<td>U12<\/td>\n<td>Heims<\/td>\n<td>1750<\/td>\n<\/tr>\n<tr>\n<td><\/td>\n<td>Afreks<\/td>\n<td>1850<\/td>\n<td><\/td>\n<td>Afreks<\/td>\n<td>1650<\/td>\n<\/tr>\n<tr>\n<td><\/td>\n<td>L\u00e1gmark<\/td>\n<td>1700<\/td>\n<td><\/td>\n<td>L\u00e1gmark<\/td>\n<td>1550<\/td>\n<\/tr>\n<tr>\n<td>U10<\/td>\n<td>Heims<\/td>\n<td>1800<\/td>\n<td>U10<\/td>\n<td>Heims<\/td>\n<td>1650<\/td>\n<\/tr>\n<tr>\n<td><\/td>\n<td>Afreks<\/td>\n<td>1700<\/td>\n<td><\/td>\n<td>Afreks<\/td>\n<td>1550<\/td>\n<\/tr>\n<tr>\n<td><\/td>\n<td>L\u00e1gmark<\/td>\n<td>1550<\/td>\n<td><\/td>\n<td>L\u00e1gmark<\/td>\n<td>1450<\/td>\n<\/tr>\n<tr>\n<td>U8<\/td>\n<td>Heims<\/td>\n<td>1650<\/td>\n<td>U8<\/td>\n<td>Heims<\/td>\n<td>1500<\/td>\n<\/tr>\n<tr>\n<td><\/td>\n<td>Afreks<\/td>\n<td>1550<\/td>\n<td><\/td>\n<td>Afreks<\/td>\n<td>1450<\/td>\n<\/tr>\n<tr>\n<td><\/td>\n<td>L\u00e1gmark<\/td>\n<td>1450<\/td>\n<td><\/td>\n<td>L\u00e1gmark<\/td>\n<td>1400<\/td>\n<\/tr>\n<\/tbody>\n<\/table>\n","protected":false},"excerpt":{"rendered":"<p>Styrkjareglur S\u00cd Styrkveitingar Sk\u00e1ksambands \u00cdslands Almennar reglur og vi\u00f0mi\u00f0 Endursko\u00f0a\u00f0ar \u00ed jan\u00faar 2023\u2013 taka gildi 1. jan\u00faar 2023 (kaflinn um EM einstaklinga uppf\u00e6r\u00f0ur \u00ed desember 2024). Afreksm\u00f6rk uppf\u00e6r\u00f0 \u00ed ma\u00ed 2025 A\u00f0almarkmi\u00f0 styrkveitinga stj\u00f3rnar Sk\u00e1ksambands \u00cdslands til einstaklinga er a\u00f0 sty\u00f0ja vi\u00f0 baki\u00f0 \u00e1 \u00feeim sk\u00e1km\u00f6nnum sem s\u00fdnt hafa mestar framfarir, metna\u00f0 og \u00e1stundun \u00e1 [&hellip;]<\/p>\n","protected":false},"author":1,"featured_media":0,"parent":144,"menu_order":0,"comment_status":"closed","ping_status":"closed","template":"","meta":{"footnotes":""},"class_list":["post-191","page","type-page","status-publish","hentry"],"_links":{"self":[{"href":"https:\/\/skak.is\/skaksamband\/wp-json\/wp\/v2\/pages\/191","targetHints":{"allow":["GET"]}}],"collection":[{"href":"https:\/\/skak.is\/skaksamband\/wp-json\/wp\/v2\/pages"}],"about":[{"href":"https:\/\/skak.is\/skaksamband\/wp-json\/wp\/v2\/types\/page"}],"author":[{"embeddable":true,"href":"https:\/\/skak.is\/skaksamband\/wp-json\/wp\/v2\/users\/1"}],"replies":[{"embeddable":true,"href":"https:\/\/skak.is\/skaksamband\/wp-json\/wp\/v2\/comments?post=191"}],"version-history":[{"count":7,"href":"https:\/\/skak.is\/skaksamband\/wp-json\/wp\/v2\/pages\/191\/revisions"}],"predecessor-version":[{"id":3445,"href":"https:\/\/skak.is\/skaksamband\/wp-json\/wp\/v2\/pages\/191\/revisions\/3445"}],"up":[{"embeddable":true,"href":"https:\/\/skak.is\/skaksamband\/wp-json\/wp\/v2\/pages\/144"}],"wp:attachment":[{"href":"https:\/\/skak.is\/skaksamband\/wp-json\/wp\/v2\/media?parent=191"}],"curies":[{"name":"wp","href":"https:\/\/api.w.org\/{rel}","templated":true}]}}