{"id":205,"date":"2019-06-23T18:14:30","date_gmt":"2019-06-23T18:14:30","guid":{"rendered":"https:\/\/skak.is\/skaksamband\/?page_id=205"},"modified":"2025-08-28T12:42:57","modified_gmt":"2025-08-28T12:42:57","slug":"heidursfelagar-si","status":"publish","type":"page","link":"https:\/\/skak.is\/skaksamband\/um-ssi\/heidursfelagar-si\/","title":{"rendered":"Hei\u00f0ursf\u00e9lagar S\u00cd"},"content":{"rendered":"<p align=\"center\"><strong><span style=\"font-size: small;\">Hei\u00f0ursf\u00e9lagar S\u00cd<\/span><\/strong><\/p>\n<p><strong><img data-recalc-dims=\"1\" loading=\"lazy\" decoding=\"async\" src=\"https:\/\/i0.wp.com\/skaksamband.is\/assets\/images\/Pzoph.jpg?resize=92%2C120\" alt=\"\" width=\"92\" height=\"120\" align=\"right\" hspace=\"9\" vspace=\"9\" \/><img data-recalc-dims=\"1\" loading=\"lazy\" decoding=\"async\" class=\"size-full wp-image-208 alignright\" src=\"https:\/\/i0.wp.com\/skak.is\/skaksamband\/wp-content\/uploads\/sites\/8\/2019\/06\/Pzoph.jpg?resize=92%2C120&#038;ssl=1\" alt=\"\" width=\"92\" height=\"120\" \/>P\u00e9tur Z\u00f3ph\u00f3n\u00edasson \u00e6ttfr\u00e6\u00f0ingur<\/strong>\u00a0var fyrsti hei\u00f0ursf\u00e9lagi S\u00cd \u00e1ri\u00f0 1933. Hann haf\u00f0i gengist fyrir\u00a0<a href=\"http:\/\/www.taflfelag.is\/?c=webpage&amp;id=117&amp;lid=128&amp;option=links\" target=\"_blank\" rel=\"noopener noreferrer\">stofnun Taflf\u00e9lags Reykjav\u00edkur<\/a>\u00a01901 og veri\u00f0 \u00ed forystu f\u00e9lagsins lengi vel. Hann var jafnframt margfaldur meistari f\u00e9lagsins og sk\u00e1kmeistari \u00cdslands fimm fyrstu \u00e1rin, 1913-1917. Synir hans, \u00c1ki og Sturla, \u00e1ttu s\u00ed\u00f0an eftir a\u00f0 koma miki\u00f0 vi\u00f0 s\u00f6gu \u00edslenskrar sk\u00e1khreyfingar.<\/p>\n<p>Gull- og silfurmerki S\u00cd voru veitt \u00ed fyrsta skipti 2001.\u00a0<strong>Gunnar Eyj\u00f3lfsson leikari<\/strong>\u00a0f\u00e9kk fyrsta gullmerki\u00f0, en hann haf\u00f0i veri\u00f0 fararstj\u00f3ri og andlegur lei\u00f0togi \u00e1 m\u00f6rgum \u00f3lymp\u00edusk\u00e1km\u00f3tum, auk \u00feess a\u00f0 hafa s\u00fdnt sk\u00e1kinni g\u00f3\u00f0vild \u00e1 l\u00f6ngum ferli. S\u00ed\u00f0ar \u00e1tti d\u00f3ttir hans, \u00deorger\u00f0ur Gunnarsd\u00f3ttir menntam\u00e1lar\u00e1\u00f0herra 2007-2008, eftir a\u00f0 reynast sk\u00e1khreyfingunni haukur \u00ed horni.<\/p>\n<table border=\"0\" width=\"450\" cellspacing=\"5\" cellpadding=\"5\" align=\"center\">\n<tbody>\n<tr>\n<td><strong><span style=\"font-size: small;\">Hei\u00f0ursf\u00e9lagar<br \/>\nSk\u00e1ksambands \u00cdslands<br \/>\n<\/span><\/strong><br \/>\nP\u00e9tur Z\u00f3ph\u00f3n\u00edasson 1933<br \/>\nAri Gu\u00f0mundsson 1965<br \/>\nJ\u00f3n Sigur\u00f0sson 1965<br \/>\nBaldur M\u00f6ller 1965<br \/>\nGu\u00f0mundur Arnlaugsson 1975<br \/>\nFri\u00f0rik \u00d3lafsson 1975<br \/>\nGu\u00f0mundur \u00c1g\u00fastsson 1979<br \/>\n\u00c1smundur \u00c1sgeirsson 1981<br \/>\nGu\u00f0mundur Arason 1982<br \/>\n\u00c1sgeir \u00de\u00f3r \u00c1sgeirsson 1982<br \/>\nAlbert Sigur\u00f0sson 1986<br \/>\nJohn W. Collins 1986<br \/>\nJ\u00f3hann \u00de\u00f3rir J\u00f3nsson 1993<br \/>\n\u00der\u00e1inn Gu\u00f0mundsson 1998<br \/>\nGu\u00f0mundur G. \u00de\u00f3rarinsson 1999<br \/>\nEinar S. Einarsson 2000<br \/>\n\u00d3lafur H. \u00d3lafsson 2001<br \/>\n\u00d3lafur \u00c1sgr\u00edmsson 2006<br \/>\nGylfi \u00de\u00f3rhallsson 2011<br \/>\nBirgir Sigur\u00f0sson 2013<br \/>\n\u00c1sd\u00eds Bragad\u00f3ttir 2020<br \/>\n\u00deorsteinn \u00deorsteinsson 2021<br \/>\n\u00c1skell \u00d6rn K\u00e1rason 2025<\/td>\n<td><strong><span style=\"font-size: small;\">Hei\u00f0ursmerki<br \/>\nSk\u00e1ksambands \u00cdslands<br \/>\n<\/span><\/strong><br \/>\n<em>Gullmerki:<\/em>Gunnar Eyj\u00f3lfsson 2001<br \/>\nBirna Nor\u00f0dahl 2002<br \/>\nGu\u00f0bjartur Gu\u00f0mundsson 2002<br \/>\nS\u00e6mundur P\u00e1lsson (2017)<br \/>\nH\u00f6r\u00f0ur J\u00f3nasson (2021)<br \/>\nHj\u00e1lmar Sigurvaldason (2021)<br \/>\nS\u00e6var Bjarnason (2021)<br \/>\nHilmar Vigg\u00f3sson (2022)<br \/>\nGu\u00f0mundur Ingvi J\u00f3hannsson (2022)<em>Silfurmerki:<\/em>Bjarni Felixson 2001<br \/>\nJ\u00f3n Bj\u00f6rnsson 2001<br \/>\nT\u00f3mas Rasmus 2001<br \/>\nGar\u00f0ar Gu\u00f0mundsson 2002<\/p>\n<p>&nbsp;<\/p>\n<p>&nbsp;<\/p>\n<p>&nbsp;<\/td>\n<\/tr>\n<\/tbody>\n<\/table>\n","protected":false},"excerpt":{"rendered":"<p>Hei\u00f0ursf\u00e9lagar S\u00cd P\u00e9tur Z\u00f3ph\u00f3n\u00edasson \u00e6ttfr\u00e6\u00f0ingur\u00a0var fyrsti hei\u00f0ursf\u00e9lagi S\u00cd \u00e1ri\u00f0 1933. Hann haf\u00f0i gengist fyrir\u00a0stofnun Taflf\u00e9lags Reykjav\u00edkur\u00a01901 og veri\u00f0 \u00ed forystu f\u00e9lagsins lengi vel. Hann var jafnframt margfaldur meistari f\u00e9lagsins og sk\u00e1kmeistari \u00cdslands fimm fyrstu \u00e1rin, 1913-1917. Synir hans, \u00c1ki og Sturla, \u00e1ttu s\u00ed\u00f0an eftir a\u00f0 koma miki\u00f0 vi\u00f0 s\u00f6gu \u00edslenskrar sk\u00e1khreyfingar. Gull- og silfurmerki S\u00cd [&hellip;]<\/p>\n","protected":false},"author":1,"featured_media":0,"parent":104,"menu_order":0,"comment_status":"closed","ping_status":"closed","template":"","meta":{"footnotes":""},"class_list":["post-205","page","type-page","status-publish","hentry"],"_links":{"self":[{"href":"https:\/\/skak.is\/skaksamband\/wp-json\/wp\/v2\/pages\/205","targetHints":{"allow":["GET"]}}],"collection":[{"href":"https:\/\/skak.is\/skaksamband\/wp-json\/wp\/v2\/pages"}],"about":[{"href":"https:\/\/skak.is\/skaksamband\/wp-json\/wp\/v2\/types\/page"}],"author":[{"embeddable":true,"href":"https:\/\/skak.is\/skaksamband\/wp-json\/wp\/v2\/users\/1"}],"replies":[{"embeddable":true,"href":"https:\/\/skak.is\/skaksamband\/wp-json\/wp\/v2\/comments?post=205"}],"version-history":[{"count":7,"href":"https:\/\/skak.is\/skaksamband\/wp-json\/wp\/v2\/pages\/205\/revisions"}],"predecessor-version":[{"id":3535,"href":"https:\/\/skak.is\/skaksamband\/wp-json\/wp\/v2\/pages\/205\/revisions\/3535"}],"up":[{"embeddable":true,"href":"https:\/\/skak.is\/skaksamband\/wp-json\/wp\/v2\/pages\/104"}],"wp:attachment":[{"href":"https:\/\/skak.is\/skaksamband\/wp-json\/wp\/v2\/media?parent=205"}],"curies":[{"name":"wp","href":"https:\/\/api.w.org\/{rel}","templated":true}]}}