{"id":210,"date":"2019-06-23T18:20:20","date_gmt":"2019-06-23T18:20:20","guid":{"rendered":"https:\/\/skak.is\/skaksamband\/?page_id=210"},"modified":"2024-05-08T13:52:53","modified_gmt":"2024-05-08T13:52:53","slug":"adildarfelog","status":"publish","type":"page","link":"https:\/\/skak.is\/skaksamband\/um-ssi\/adildarfelog\/","title":{"rendered":"A\u00f0ildarf\u00e9l\u00f6g S\u00cd"},"content":{"rendered":"<p>F\u00e9l\u00f6g: <a href=\"https:\/\/skakmenn.skak.is\/clubs\/\">https:\/\/skakmenn.skak.is\/clubs\/<\/a><\/p>\n<p>Eftirfarandi f\u00e9l\u00f6g eru fullgildir a\u00f0ilar a\u00f0 S\u00cd<\/p>\n<table dir=\"ltr\" border=\"1\" cellspacing=\"0\" cellpadding=\"0\" data-sheets-root=\"1\">\n<colgroup>\n<col width=\"200\" \/><\/colgroup>\n<tbody>\n<tr>\n<td data-sheets-value=\"{&quot;1&quot;:2,&quot;2&quot;:&quot;Hr\u00f3kar alls fagna\u00f0ar&quot;}\">Hr\u00f3kar alls fagna\u00f0ar<\/td>\n<\/tr>\n<tr>\n<td data-sheets-value=\"{&quot;1&quot;:2,&quot;2&quot;:&quot;Sk\u00e1kdeild Brei\u00f0abliks&quot;}\">Sk\u00e1kdeild Brei\u00f0abliks<\/td>\n<\/tr>\n<tr>\n<td data-sheets-value=\"{&quot;1&quot;:2,&quot;2&quot;:&quot;Sk\u00e1kdeild Fj\u00f6lnis&quot;}\">Sk\u00e1kdeild Fj\u00f6lnis<\/td>\n<\/tr>\n<tr>\n<td data-sheets-value=\"{&quot;1&quot;:2,&quot;2&quot;:&quot;Sk\u00e1kdeild Hauka&quot;}\">Sk\u00e1kdeild Hauka<\/td>\n<\/tr>\n<tr>\n<td data-sheets-value=\"{&quot;1&quot;:2,&quot;2&quot;:&quot;Sk\u00e1kdeild KR&quot;}\">Sk\u00e1kdeild KR<\/td>\n<\/tr>\n<tr>\n<td data-sheets-value=\"{&quot;1&quot;:2,&quot;2&quot;:&quot;Sk\u00e1kf\u00e9lag Akureyrar&quot;}\">Sk\u00e1kf\u00e9lag Akureyrar<\/td>\n<\/tr>\n<tr>\n<td data-sheets-value=\"{&quot;1&quot;:2,&quot;2&quot;:&quot;Sk\u00e1kf\u00e9lag Austurlands&quot;}\">Sk\u00e1kf\u00e9lag Austurlands<\/td>\n<\/tr>\n<tr>\n<td data-sheets-value=\"{&quot;1&quot;:2,&quot;2&quot;:&quot;Sk\u00e1kf\u00e9lag eldri borgara&quot;}\">Sk\u00e1kf\u00e9lag eldri borgara<\/td>\n<\/tr>\n<tr>\n<td data-sheets-value=\"{&quot;1&quot;:2,&quot;2&quot;:&quot;Sk\u00e1kf\u00e9lag HR&quot;}\">Sk\u00e1kf\u00e9lag HR<\/td>\n<\/tr>\n<tr>\n<td data-sheets-value=\"{&quot;1&quot;:2,&quot;2&quot;:&quot;Sk\u00e1kf\u00e9lag \u00cdslands&quot;}\">Sk\u00e1kf\u00e9lag \u00cdslands<\/td>\n<\/tr>\n<tr>\n<td data-sheets-value=\"{&quot;1&quot;:2,&quot;2&quot;:&quot;Sk\u00e1kf\u00e9lag Sau\u00f0\u00e1rkr\u00f3ks&quot;}\">Sk\u00e1kf\u00e9lag Sau\u00f0\u00e1rkr\u00f3ks<\/td>\n<\/tr>\n<tr>\n<td data-sheets-value=\"{&quot;1&quot;:2,&quot;2&quot;:&quot;Sk\u00e1kf\u00e9lag Selfoss og n\u00e1grennis&quot;}\">Sk\u00e1kf\u00e9lag Selfoss og n\u00e1grennis<\/td>\n<\/tr>\n<tr>\n<td data-sheets-value=\"{&quot;1&quot;:2,&quot;2&quot;:&quot;Sk\u00e1kf\u00e9lag Siglufjar\u00f0ar&quot;}\">Sk\u00e1kf\u00e9lag Siglufjar\u00f0ar<\/td>\n<\/tr>\n<tr>\n<td data-sheets-value=\"{&quot;1&quot;:2,&quot;2&quot;:&quot;Sk\u00e1kgengi\u00f0&quot;}\">Sk\u00e1kgengi\u00f0<\/td>\n<\/tr>\n<tr>\n<td data-sheets-value=\"{&quot;1&quot;:2,&quot;2&quot;:&quot;Taflf\u00e9lag Gar\u00f0ab\u00e6jar&quot;}\">Taflf\u00e9lag Gar\u00f0ab\u00e6jar<\/td>\n<\/tr>\n<tr>\n<td data-sheets-value=\"{&quot;1&quot;:2,&quot;2&quot;:&quot;Taflf\u00e9lag Reykjav\u00edkur&quot;}\">Taflf\u00e9lag Reykjav\u00edkur<\/td>\n<\/tr>\n<tr>\n<td data-sheets-value=\"{&quot;1&quot;:2,&quot;2&quot;:&quot;Taflf\u00e9lag Vestmannaeyja&quot;}\">Taflf\u00e9lag Vestmannaeyja<\/td>\n<\/tr>\n<tr>\n<td data-sheets-value=\"{&quot;1&quot;:2,&quot;2&quot;:&quot;V\u00edkingakl\u00fabburinn&quot;}\">V\u00edkingakl\u00fabburinn<\/td>\n<\/tr>\n<tr>\n<td data-sheets-value=\"{&quot;1&quot;:2,&quot;2&quot;:&quot;Vinask\u00e1kf\u00e9lag\u00f0&quot;}\">Vinask\u00e1kf\u00e9lag\u00f0<\/td>\n<\/tr>\n<tr>\n<td data-sheets-value=\"{&quot;1&quot;:2,&quot;2&quot;:&quot;Sk\u00e1kf\u00e9lagi\u00f0 Go\u00f0inn&quot;}\">Sk\u00e1kf\u00e9lagi\u00f0 Go\u00f0inn<\/td>\n<\/tr>\n<tr>\n<td data-sheets-value=\"{&quot;1&quot;:2,&quot;2&quot;:&quot;Sk\u00e1kf\u00e9lag Dj\u00fapavogs&quot;}\">Sk\u00e1kf\u00e9lag Dj\u00fapavogs<\/td>\n<\/tr>\n<tr>\n<td data-sheets-value=\"{&quot;1&quot;:2,&quot;2&quot;:&quot;Sk\u00e1kf\u00e9lag Sn\u00e6flellsb\u00e6jar&quot;}\">Sk\u00e1kf\u00e9lag Sn\u00e6flellsb\u00e6jar<\/td>\n<\/tr>\n<tr>\n<td data-sheets-value=\"{&quot;1&quot;:2,&quot;2&quot;:&quot;D\u00edmon&quot;}\">D\u00edmon<\/td>\n<\/tr>\n<\/tbody>\n<\/table>\n","protected":false},"excerpt":{"rendered":"<p>F\u00e9l\u00f6g: https:\/\/skakmenn.skak.is\/clubs\/ Eftirfarandi f\u00e9l\u00f6g eru fullgildir a\u00f0ilar a\u00f0 S\u00cd Hr\u00f3kar alls fagna\u00f0ar Sk\u00e1kdeild Brei\u00f0abliks Sk\u00e1kdeild Fj\u00f6lnis Sk\u00e1kdeild Hauka Sk\u00e1kdeild KR Sk\u00e1kf\u00e9lag Akureyrar Sk\u00e1kf\u00e9lag Austurlands Sk\u00e1kf\u00e9lag eldri borgara Sk\u00e1kf\u00e9lag HR Sk\u00e1kf\u00e9lag \u00cdslands Sk\u00e1kf\u00e9lag Sau\u00f0\u00e1rkr\u00f3ks Sk\u00e1kf\u00e9lag Selfoss og n\u00e1grennis Sk\u00e1kf\u00e9lag Siglufjar\u00f0ar Sk\u00e1kgengi\u00f0 Taflf\u00e9lag Gar\u00f0ab\u00e6jar Taflf\u00e9lag Reykjav\u00edkur Taflf\u00e9lag Vestmannaeyja V\u00edkingakl\u00fabburinn Vinask\u00e1kf\u00e9lag\u00f0 Sk\u00e1kf\u00e9lagi\u00f0 Go\u00f0inn Sk\u00e1kf\u00e9lag Dj\u00fapavogs Sk\u00e1kf\u00e9lag Sn\u00e6flellsb\u00e6jar D\u00edmon<\/p>\n","protected":false},"author":1,"featured_media":0,"parent":104,"menu_order":0,"comment_status":"closed","ping_status":"closed","template":"","meta":{"footnotes":""},"class_list":["post-210","page","type-page","status-publish","hentry"],"_links":{"self":[{"href":"https:\/\/skak.is\/skaksamband\/wp-json\/wp\/v2\/pages\/210","targetHints":{"allow":["GET"]}}],"collection":[{"href":"https:\/\/skak.is\/skaksamband\/wp-json\/wp\/v2\/pages"}],"about":[{"href":"https:\/\/skak.is\/skaksamband\/wp-json\/wp\/v2\/types\/page"}],"author":[{"embeddable":true,"href":"https:\/\/skak.is\/skaksamband\/wp-json\/wp\/v2\/users\/1"}],"replies":[{"embeddable":true,"href":"https:\/\/skak.is\/skaksamband\/wp-json\/wp\/v2\/comments?post=210"}],"version-history":[{"count":8,"href":"https:\/\/skak.is\/skaksamband\/wp-json\/wp\/v2\/pages\/210\/revisions"}],"predecessor-version":[{"id":2948,"href":"https:\/\/skak.is\/skaksamband\/wp-json\/wp\/v2\/pages\/210\/revisions\/2948"}],"up":[{"embeddable":true,"href":"https:\/\/skak.is\/skaksamband\/wp-json\/wp\/v2\/pages\/104"}],"wp:attachment":[{"href":"https:\/\/skak.is\/skaksamband\/wp-json\/wp\/v2\/media?parent=210"}],"curies":[{"name":"wp","href":"https:\/\/api.w.org\/{rel}","templated":true}]}}