{"id":214,"date":"2019-06-23T18:22:11","date_gmt":"2019-06-23T18:22:11","guid":{"rendered":"https:\/\/skak.is\/skaksamband\/?page_id=214"},"modified":"2020-06-17T07:53:44","modified_gmt":"2020-06-17T07:53:44","slug":"thjonusta-og-eydublod","status":"publish","type":"page","link":"https:\/\/skak.is\/skaksamband\/um-ssi\/thjonusta-og-eydublod\/","title":{"rendered":"\u00dej\u00f3nusta og ey\u00f0ubl\u00f6\u00f0"},"content":{"rendered":"<div id=\"webpage\">\n<table border=\"0\" width=\"400\" cellspacing=\"4\" cellpadding=\"4\" align=\"center\">\n<tbody>\n<tr>\n<td><span style=\"font-size: small;\"><strong>M\u00f3tst\u00f6flur<\/strong><\/span><\/p>\n<p><span style=\"font-size: small;\">H\u00e9r m\u00e1 n\u00e1lgast uppl\u00fdsingar um<\/span><\/p>\n<p><span style=\"font-size: small;\"><a href=\"https:\/\/skak.is\/skaksamband\/wp-content\/uploads\/sites\/8\/2019\/08\/allir_vid_alla_-_toflur.xlsx\" target=\"_blank\" rel=\"noopener noreferrer\">Allir vi\u00f0 alla (\u00fdmsar t\u00f6flur) &#8211; h\u00e6grismella og velja &#8222;save as&#8220;.<br \/>\n<\/a><\/span><\/p>\n<p><span style=\"font-size: small;\"><a href=\"https:\/\/skak.is\/skaksamband\/wp-content\/uploads\/sites\/8\/2019\/08\/allir_vid_allad_-_annad_form.xlsx\" target=\"_blank\" rel=\"noopener noreferrer\">Allir vi\u00f0 alla (anna\u00f0 form)\u00a0<\/a><\/span><span style=\"font-size: small;\">&#8211; h\u00e6grismella og velja &#8222;save as&#8220;.<br \/>\n<\/span><\/p>\n<p>Og h\u00e9rna eru Monrad spj\u00f6ld fyrir 7 e\u00f0a 9 umfer\u00f0ir.<\/p>\n<p><img data-recalc-dims=\"1\" loading=\"lazy\" decoding=\"async\" src=\"https:\/\/i0.wp.com\/skaksamband.is\/8\/images\/fileupload\/pdf16.gif?resize=16%2C16\" alt=\"\" width=\"16\" height=\"16\" align=\"absMiddle\" border=\"0\" hspace=\"2\" \/><a href=\"https:\/\/skak.is\/skaksamband\/wp-content\/uploads\/sites\/8\/2019\/08\/Monradspjald07_Clean.pdf\" target=\"_blank\" rel=\"noopener noreferrer\">Monradspjald07_Clean.pdf<\/a><\/p>\n<p><img data-recalc-dims=\"1\" loading=\"lazy\" decoding=\"async\" src=\"https:\/\/i0.wp.com\/skaksamband.is\/8\/images\/fileupload\/pdf16.gif?resize=16%2C16\" alt=\"\" width=\"16\" height=\"16\" align=\"absMiddle\" border=\"0\" hspace=\"2\" \/><a href=\"https:\/\/skak.is\/skaksamband\/wp-content\/uploads\/sites\/8\/2019\/08\/Monradspjald09_Clean.pdf\" target=\"_blank\" rel=\"noopener noreferrer\">Monradspjald09_Clean.pdf<\/a><\/td>\n<td><\/td>\n<td><span style=\"font-size: small;\"><img data-recalc-dims=\"1\" loading=\"lazy\" decoding=\"async\" src=\"https:\/\/i0.wp.com\/skaksamband.is\/assets\/Rvk_open_2009\/icelandair.jpg?resize=120%2C112\" alt=\"\" width=\"120\" height=\"112\" \/><\/span><\/td>\n<\/tr>\n<tr>\n<td>&nbsp;<\/p>\n<p><strong><span style=\"font-size: small;\">Styrkums\u00f3kn<\/span><\/strong><\/p>\n<p><a href=\"https:\/\/skak.is\/skaksamband\/um-ssi\/reglugerdir\/styrkjareglur-si\/\" target=\"_blank\" rel=\"noopener noreferrer\"><span style=\"font-size: small;\">Styrkjareglur S\u00cd<\/span><\/a><\/p>\n<p><a href=\"https:\/\/spreadsheets.google.com\/viewform?formkey=dHA1UG5mb0ZRQ0ZPWWxYWGp6MFFnN1E6MQ\"><span style=\"font-size: small;\">Rafr\u00e6nt ums\u00f3knarey\u00f0ubla\u00f0<\/span><\/a><\/td>\n<td><\/td>\n<td><span style=\"font-size: small;\">\u00a0<img data-recalc-dims=\"1\" loading=\"lazy\" decoding=\"async\" src=\"https:\/\/i0.wp.com\/skaksamband.is\/assets\/images\/grid.jpg?resize=120%2C82\" alt=\"\" width=\"120\" height=\"82\" \/><\/span><\/td>\n<\/tr>\n<tr>\n<td>&nbsp;<\/p>\n<p><strong><span style=\"font-size: small;\">F\u00e9lagaskipti<\/span><\/strong><\/p>\n<p><span style=\"font-size: small;\">F\u00e9lagaskiptaey\u00f0ubla\u00f0 m\u00e1 finna h\u00e9r:<\/span><br \/>\n<span style=\"font-size: small;\"><br \/>\n<a href=\"https:\/\/skak.is\/skaksamband\/skakmenn\/\" target=\"_blank\" rel=\"noopener noreferrer\">Keppendaskr\u00e1 Sk\u00e1ksambandsins<\/a><\/span><\/td>\n<td><\/td>\n<td><span style=\"font-size: small;\"><img data-recalc-dims=\"1\" loading=\"lazy\" decoding=\"async\" src=\"https:\/\/i0.wp.com\/skaksamband.is\/assets\/images\/dollarar.jpg?resize=120%2C93\" alt=\"\" width=\"120\" height=\"93\" \/><\/span><\/td>\n<\/tr>\n<tr>\n<td><strong>L\u00f3g\u00f3 Sk\u00e1ksambandsins<\/strong><\/p>\n<p><img data-recalc-dims=\"1\" loading=\"lazy\" decoding=\"async\" src=\"https:\/\/i0.wp.com\/skaksamband.is\/8\/images\/fileupload\/jpg16.gif?resize=16%2C16\" alt=\"\" width=\"16\" height=\"16\" align=\"absMiddle\" border=\"0\" hspace=\"2\" \/><a href=\"https:\/\/skak.is\/skaksamband\/wp-content\/uploads\/sites\/8\/2019\/08\/SkaksambandIslandsLogo.jpg\" target=\"_blank\" rel=\"noopener noreferrer\">SkaksambandIslandsLogo.jpg<\/a><\/p>\n<p><img data-recalc-dims=\"1\" loading=\"lazy\" decoding=\"async\" src=\"https:\/\/i0.wp.com\/skaksamband.is\/8\/images\/fileupload\/png16.gif?resize=16%2C16\" alt=\"\" width=\"16\" height=\"16\" align=\"absMiddle\" border=\"0\" hspace=\"2\" \/><a href=\"https:\/\/skak.is\/skaksamband\/wp-content\/uploads\/sites\/8\/2019\/08\/SkaksambandIslandsLogo.png\" target=\"_blank\" rel=\"noopener noreferrer\">SkaksambandIslandsLogo.png<\/a><\/td>\n<td><\/td>\n<td>\u00a0<img data-recalc-dims=\"1\" loading=\"lazy\" decoding=\"async\" src=\"https:\/\/i0.wp.com\/skaksamband.is\/assets\/Rvk_open_2009\/rvkopen09_17.jpg?resize=120%2C68\" alt=\"\" width=\"120\" height=\"68\" align=\"middle\" \/><\/td>\n<\/tr>\n<tr>\n<td><strong>Tilkynna m\u00f3t til stiga\u00fatreiknings<\/strong><\/p>\n<p>S\u00cd \u00fearf a\u00f0 skr\u00e1 \u00f6ll \u00edslensk m\u00f3t til stiga\u00fatreiknings til FIDE me\u00f0 vikufyrirvara.<\/p>\n<p>F\u00e9l\u00f6g sem vilja l\u00e1ta reikna s\u00edn m\u00f3t til \u00fatreiknings \u00feurfta a\u00f0 fylla \u00fat ne\u00f0angreint form me\u00f0 a.m.k. 10 daga fyrirvara.<\/p>\n<p><a href=\"https:\/\/docs.google.com\/forms\/d\/e\/1FAIpQLSfZel_7Xl84jb3__TFgqS3keJGxyLGOQC6WXdoj9Q6E2p_l0g\/viewform\">Skila m\u00f3tum til stiga\u00fatreiknings<\/a><\/td>\n<td><\/td>\n<td align=\"center\"><img data-recalc-dims=\"1\" loading=\"lazy\" decoding=\"async\" src=\"https:\/\/i0.wp.com\/skaksamband.is\/assets\/files\/SkaksambandIslandsLogo.jpg?resize=96%2C30\" alt=\"\" width=\"96\" height=\"30\" \/><\/td>\n<\/tr>\n<tr>\n<td>&nbsp;<\/td>\n<td><\/td>\n<td align=\"center\"><\/td>\n<\/tr>\n<tr>\n<td>&nbsp;<\/td>\n<\/tr>\n<\/tbody>\n<\/table>\n<\/div>\n","protected":false},"excerpt":{"rendered":"<p>M\u00f3tst\u00f6flur H\u00e9r m\u00e1 n\u00e1lgast uppl\u00fdsingar um Allir vi\u00f0 alla (\u00fdmsar t\u00f6flur) &#8211; h\u00e6grismella og velja &#8222;save as&#8220;. Allir vi\u00f0 alla (anna\u00f0 form)\u00a0&#8211; h\u00e6grismella og velja &#8222;save as&#8220;. Og h\u00e9rna eru Monrad spj\u00f6ld fyrir 7 e\u00f0a 9 umfer\u00f0ir. Monradspjald07_Clean.pdf Monradspjald09_Clean.pdf &nbsp; Styrkums\u00f3kn Styrkjareglur S\u00cd Rafr\u00e6nt ums\u00f3knarey\u00f0ubla\u00f0 \u00a0 &nbsp; F\u00e9lagaskipti F\u00e9lagaskiptaey\u00f0ubla\u00f0 m\u00e1 finna h\u00e9r: Keppendaskr\u00e1 Sk\u00e1ksambandsins L\u00f3g\u00f3 [&hellip;]<\/p>\n","protected":false},"author":1,"featured_media":0,"parent":104,"menu_order":0,"comment_status":"closed","ping_status":"closed","template":"","meta":{"footnotes":""},"class_list":["post-214","page","type-page","status-publish","hentry"],"_links":{"self":[{"href":"https:\/\/skak.is\/skaksamband\/wp-json\/wp\/v2\/pages\/214","targetHints":{"allow":["GET"]}}],"collection":[{"href":"https:\/\/skak.is\/skaksamband\/wp-json\/wp\/v2\/pages"}],"about":[{"href":"https:\/\/skak.is\/skaksamband\/wp-json\/wp\/v2\/types\/page"}],"author":[{"embeddable":true,"href":"https:\/\/skak.is\/skaksamband\/wp-json\/wp\/v2\/users\/1"}],"replies":[{"embeddable":true,"href":"https:\/\/skak.is\/skaksamband\/wp-json\/wp\/v2\/comments?post=214"}],"version-history":[{"count":11,"href":"https:\/\/skak.is\/skaksamband\/wp-json\/wp\/v2\/pages\/214\/revisions"}],"predecessor-version":[{"id":1302,"href":"https:\/\/skak.is\/skaksamband\/wp-json\/wp\/v2\/pages\/214\/revisions\/1302"}],"up":[{"embeddable":true,"href":"https:\/\/skak.is\/skaksamband\/wp-json\/wp\/v2\/pages\/104"}],"wp:attachment":[{"href":"https:\/\/skak.is\/skaksamband\/wp-json\/wp\/v2\/media?parent=214"}],"curies":[{"name":"wp","href":"https:\/\/api.w.org\/{rel}","templated":true}]}}