{"id":224,"date":"2019-06-23T18:28:29","date_gmt":"2019-06-23T18:28:29","guid":{"rendered":"https:\/\/skak.is\/skaksamband\/?page_id=224"},"modified":"2025-08-06T13:55:46","modified_gmt":"2025-08-06T13:55:46","slug":"althjodlegir-meistarar","status":"publish","type":"page","link":"https:\/\/skak.is\/skaksamband\/islenskir-titilhafar\/althjodlegir-meistarar\/","title":{"rendered":"Al\u00fej\u00f3\u00f0legir meistarar"},"content":{"rendered":"<table width=\"256\">\n<tbody>\n<tr>\n<td width=\"44\"><strong>\u00c1r<\/strong><\/td>\n<td width=\"212\"><strong>Al\u00fej\u00f3\u00f0legur meistari<\/strong><\/td>\n<\/tr>\n<tr>\n<td width=\"44\">1963<\/td>\n<td width=\"212\">Ingi R. J\u00f3hannsson (l\u00e1tinn)<\/td>\n<\/tr>\n<tr>\n<td width=\"44\">1980<\/td>\n<td width=\"212\">Haukur Angant\u00fdsson (l\u00e1tinn)<\/td>\n<\/tr>\n<tr>\n<td width=\"44\">1985<\/td>\n<td width=\"212\">Karl \u00deorsteins<\/td>\n<\/tr>\n<tr>\n<td width=\"44\">1985<\/td>\n<td width=\"212\">S\u00e6var Bjarnason (l\u00e1tinn)<\/td>\n<\/tr>\n<tr>\n<td width=\"44\">1993<\/td>\n<td width=\"212\">Bj\u00f6rgvin J\u00f3nsson<\/td>\n<\/tr>\n<tr>\n<td width=\"44\">1998<\/td>\n<td width=\"212\">J\u00f3n Viktor Gunnarsson<\/td>\n<\/tr>\n<tr>\n<td width=\"44\">2002<\/td>\n<td width=\"212\">J\u00f3n Gar\u00f0ar Vi\u00f0arsson<\/td>\n<\/tr>\n<tr>\n<td width=\"44\">2003<\/td>\n<td width=\"212\">Bragi \u00deorfinnsson<\/td>\n<\/tr>\n<tr>\n<td width=\"44\">2005<\/td>\n<td width=\"212\">Arnar E. Gunnarsson<\/td>\n<\/tr>\n<tr>\n<td width=\"44\">2009<\/td>\n<td width=\"212\">Dagur Arngr\u00edmsson<\/td>\n<\/tr>\n<tr>\n<td width=\"44\">2009<\/td>\n<td width=\"212\">Gu\u00f0mundur Kjartansson<\/td>\n<\/tr>\n<tr>\n<td width=\"44\">2009<\/td>\n<td width=\"212\">Bj\u00f6rn \u00deorfinnsson<\/td>\n<\/tr>\n<tr>\n<td width=\"44\">2015<\/td>\n<td width=\"212\">Einar Hjalti Jensson<\/td>\n<\/tr>\n<tr>\n<td width=\"44\">2018<\/td>\n<td width=\"212\">\u00c1skell \u00d6rn K\u00e1rason<\/td>\n<\/tr>\n<tr>\n<td width=\"44\">2019<\/td>\n<td width=\"212\">Dav\u00ed\u00f0 Kjartansson<\/td>\n<\/tr>\n<tr>\n<td width=\"44\">2022<\/td>\n<td width=\"212\">Hilmir Freyr Heimsson<\/td>\n<\/tr>\n<tr>\n<td width=\"44\">2023<\/td>\n<td width=\"212\">Dagur Ragnarsson<\/td>\n<\/tr>\n<tr>\n<td width=\"44\">2024<\/td>\n<td width=\"212\">Aleksandr Domalchuk-Jonasson<\/td>\n<\/tr>\n<tr>\n<td><\/td>\n<td><\/td>\n<\/tr>\n<tr>\n<td colspan=\"2\"><strong>Al\u00fej\u00f3\u00f0legur meistari kvenna<\/strong><\/td>\n<\/tr>\n<tr>\n<td><\/td>\n<td><\/td>\n<\/tr>\n<tr>\n<td width=\"44\"><strong>\u00c1r<\/strong><\/td>\n<td width=\"212\"><strong>Al\u00fej\u00f3\u00f0legur meistari<\/strong><\/td>\n<\/tr>\n<tr>\n<td width=\"44\">2004<\/td>\n<td width=\"212\">Gu\u00f0fr\u00ed\u00f0ur Lilja Gr\u00e9tarsd\u00f3ttir<\/td>\n<\/tr>\n<tr>\n<td>2017<\/td>\n<td>Lisseth Acevedo Mendez<\/td>\n<\/tr>\n<tr>\n<td>2017<\/td>\n<td>Olga Prudnykova<\/td>\n<\/tr>\n<\/tbody>\n<\/table>\n","protected":false},"excerpt":{"rendered":"<p>\u00c1r Al\u00fej\u00f3\u00f0legur meistari 1963 Ingi R. J\u00f3hannsson (l\u00e1tinn) 1980 Haukur Angant\u00fdsson (l\u00e1tinn) 1985 Karl \u00deorsteins 1985 S\u00e6var Bjarnason (l\u00e1tinn) 1993 Bj\u00f6rgvin J\u00f3nsson 1998 J\u00f3n Viktor Gunnarsson 2002 J\u00f3n Gar\u00f0ar Vi\u00f0arsson 2003 Bragi \u00deorfinnsson 2005 Arnar E. Gunnarsson 2009 Dagur Arngr\u00edmsson 2009 Gu\u00f0mundur Kjartansson 2009 Bj\u00f6rn \u00deorfinnsson 2015 Einar Hjalti Jensson 2018 \u00c1skell \u00d6rn K\u00e1rason 2019 [&hellip;]<\/p>\n","protected":false},"author":1,"featured_media":0,"parent":219,"menu_order":0,"comment_status":"closed","ping_status":"closed","template":"","meta":{"footnotes":""},"class_list":["post-224","page","type-page","status-publish","hentry"],"_links":{"self":[{"href":"https:\/\/skak.is\/skaksamband\/wp-json\/wp\/v2\/pages\/224","targetHints":{"allow":["GET"]}}],"collection":[{"href":"https:\/\/skak.is\/skaksamband\/wp-json\/wp\/v2\/pages"}],"about":[{"href":"https:\/\/skak.is\/skaksamband\/wp-json\/wp\/v2\/types\/page"}],"author":[{"embeddable":true,"href":"https:\/\/skak.is\/skaksamband\/wp-json\/wp\/v2\/users\/1"}],"replies":[{"embeddable":true,"href":"https:\/\/skak.is\/skaksamband\/wp-json\/wp\/v2\/comments?post=224"}],"version-history":[{"count":5,"href":"https:\/\/skak.is\/skaksamband\/wp-json\/wp\/v2\/pages\/224\/revisions"}],"predecessor-version":[{"id":3509,"href":"https:\/\/skak.is\/skaksamband\/wp-json\/wp\/v2\/pages\/224\/revisions\/3509"}],"up":[{"embeddable":true,"href":"https:\/\/skak.is\/skaksamband\/wp-json\/wp\/v2\/pages\/219"}],"wp:attachment":[{"href":"https:\/\/skak.is\/skaksamband\/wp-json\/wp\/v2\/media?parent=224"}],"curies":[{"name":"wp","href":"https:\/\/api.w.org\/{rel}","templated":true}]}}