{"id":226,"date":"2019-06-23T18:29:18","date_gmt":"2019-06-23T18:29:18","guid":{"rendered":"https:\/\/skak.is\/skaksamband\/?page_id=226"},"modified":"2025-08-06T13:56:28","modified_gmt":"2025-08-06T13:56:28","slug":"fide-meistarar","status":"publish","type":"page","link":"https:\/\/skak.is\/skaksamband\/islenskir-titilhafar\/fide-meistarar\/","title":{"rendered":"FIDE-meistarar"},"content":{"rendered":"<p><strong>FIDE-meistarar<\/strong><\/p>\n<p>Uppl\u00fdsingar um \u00e1rt\u00f6l liggja ekki oft fyrir.<\/p>\n<table width=\"254\">\n<tbody>\n<tr>\n<td width=\"45\"><strong>\u00c1r<\/strong><\/td>\n<td width=\"209\"><strong>Nafn<\/strong><\/td>\n<\/tr>\n<tr>\n<td width=\"45\"><\/td>\n<td width=\"209\">Andri \u00c1ss Gr\u00e9tarsson<\/td>\n<\/tr>\n<tr>\n<td width=\"45\"><\/td>\n<td width=\"209\">\u00c1g\u00fast Sindri Karlsson<\/td>\n<\/tr>\n<tr>\n<td width=\"45\">2012<\/td>\n<td width=\"209\">\u00c1sgeir \u00c1sbj\u00f6rnsson<\/td>\n<\/tr>\n<tr>\n<td width=\"45\"><\/td>\n<td width=\"209\">Benedikt J\u00f3nasson<\/td>\n<\/tr>\n<tr>\n<td width=\"45\">2016<\/td>\n<td width=\"209\">Bj\u00f6rn \u00cdvar Karlsson<\/td>\n<\/tr>\n<tr>\n<td width=\"45\"><\/td>\n<td width=\"209\">Bj\u00f6rn Sigurj\u00f3nsson (l\u00e1tinn)<\/td>\n<\/tr>\n<tr>\n<td width=\"45\"><\/td>\n<td width=\"209\">Bragi Kristj\u00e1nsson<\/td>\n<\/tr>\n<tr>\n<td width=\"45\"><\/td>\n<td width=\"209\">Dav\u00ed\u00f0 Kjartansson<\/td>\n<\/tr>\n<tr>\n<td width=\"45\"><\/td>\n<td width=\"209\">Dav\u00ed\u00f0 \u00d3lafsson<\/td>\n<\/tr>\n<tr>\n<td width=\"45\"><\/td>\n<td width=\"209\">Elvar Gu\u00f0mundsson (l\u00e1tinn)<\/td>\n<\/tr>\n<tr>\n<td width=\"45\">2012<\/td>\n<td width=\"209\">Gu\u00f0mundur S. G\u00edslason<\/td>\n<\/tr>\n<tr>\n<td width=\"45\"><\/td>\n<td width=\"209\">Halld\u00f3r Gr\u00e9tar Einarsson<\/td>\n<\/tr>\n<tr>\n<td width=\"45\"><\/td>\n<td width=\"209\">Ingvar \u00c1smundsson (l\u00e1tinn)<\/td>\n<\/tr>\n<tr>\n<td width=\"45\">2004<\/td>\n<td width=\"209\">Ingvar \u00de\u00f3r J\u00f3hannesson<\/td>\n<\/tr>\n<tr>\n<td width=\"45\"><\/td>\n<td width=\"209\">J\u00f3hannes \u00c1g\u00fastsson<\/td>\n<\/tr>\n<tr>\n<td width=\"45\">2017<\/td>\n<td width=\"209\">J\u00f3n Kristinn \u00deorgeirsson<\/td>\n<\/tr>\n<tr>\n<td width=\"45\"><\/td>\n<td width=\"209\">L\u00e1rus J\u00f3hannesson<\/td>\n<\/tr>\n<tr>\n<td width=\"45\"><\/td>\n<td width=\"209\">Magn\u00fas \u00d6rn \u00dalfarsson<\/td>\n<\/tr>\n<tr>\n<td width=\"45\">2015<\/td>\n<td width=\"209\">Oliver Aron J\u00f3hannesson<\/td>\n<\/tr>\n<tr>\n<td width=\"45\">2017<\/td>\n<td width=\"209\">P\u00e1ll A. \u00de\u00f3rarinsson<\/td>\n<\/tr>\n<tr>\n<td width=\"45\">2013<\/td>\n<td width=\"209\">P\u00e1lmi R. P\u00e9tursson<\/td>\n<\/tr>\n<tr>\n<td width=\"45\"><\/td>\n<td width=\"209\">R\u00f3bert Lagerman<\/td>\n<\/tr>\n<tr>\n<td width=\"45\"><\/td>\n<td width=\"209\">Sigurbj\u00f6rn J. Bj\u00f6rnsson<\/td>\n<\/tr>\n<tr>\n<td width=\"45\">2015<\/td>\n<td width=\"209\">R\u00fanar Sigurp\u00e1lsson<\/td>\n<\/tr>\n<tr>\n<td width=\"45\"><\/td>\n<td width=\"209\">Sigur\u00f0ur Da\u00f0i Sigf\u00fasson<\/td>\n<\/tr>\n<tr>\n<td width=\"45\"><\/td>\n<td width=\"209\">Snorri G. Bergsson<\/td>\n<\/tr>\n<tr>\n<td width=\"45\">2017<\/td>\n<td width=\"209\">Sverrir \u00deorgeirsson<\/td>\n<\/tr>\n<tr>\n<td width=\"45\"><\/td>\n<td width=\"209\">T\u00f3mas Bj\u00f6rnsson<\/td>\n<\/tr>\n<tr>\n<td width=\"45\"><\/td>\n<td width=\"209\">\u00deorsteinn \u00deorsteinsson<\/td>\n<\/tr>\n<tr>\n<td width=\"45\"><\/td>\n<td width=\"209\">\u00der\u00f6stur \u00c1rnason<\/td>\n<\/tr>\n<tr>\n<td><\/td>\n<td><\/td>\n<\/tr>\n<tr>\n<td colspan=\"2\"><strong>FIDE-meistarar kvenna<\/strong><\/td>\n<\/tr>\n<tr>\n<td><\/td>\n<td><\/td>\n<\/tr>\n<tr>\n<td width=\"45\"><strong>\u00c1r<\/strong><\/td>\n<td width=\"209\"><strong>Nafn<\/strong><\/td>\n<\/tr>\n<tr>\n<td width=\"45\"><\/td>\n<td width=\"209\">Gu\u00f0laug \u00deorsteinsd\u00f3ttir<\/td>\n<\/tr>\n<tr>\n<td width=\"45\">2016<\/td>\n<td width=\"209\">Hallger\u00f0ur Helga \u00deorsteinsd\u00f3ttir<\/td>\n<\/tr>\n<\/tbody>\n<\/table>\n","protected":false},"excerpt":{"rendered":"<p>FIDE-meistarar Uppl\u00fdsingar um \u00e1rt\u00f6l liggja ekki oft fyrir. \u00c1r Nafn Andri \u00c1ss Gr\u00e9tarsson \u00c1g\u00fast Sindri Karlsson 2012 \u00c1sgeir \u00c1sbj\u00f6rnsson Benedikt J\u00f3nasson 2016 Bj\u00f6rn \u00cdvar Karlsson Bj\u00f6rn Sigurj\u00f3nsson (l\u00e1tinn) Bragi Kristj\u00e1nsson Dav\u00ed\u00f0 Kjartansson Dav\u00ed\u00f0 \u00d3lafsson Elvar Gu\u00f0mundsson (l\u00e1tinn) 2012 Gu\u00f0mundur S. G\u00edslason Halld\u00f3r Gr\u00e9tar Einarsson Ingvar \u00c1smundsson (l\u00e1tinn) 2004 Ingvar \u00de\u00f3r J\u00f3hannesson J\u00f3hannes \u00c1g\u00fastsson 2017 J\u00f3n [&hellip;]<\/p>\n","protected":false},"author":1,"featured_media":0,"parent":219,"menu_order":0,"comment_status":"closed","ping_status":"closed","template":"","meta":{"footnotes":""},"class_list":["post-226","page","type-page","status-publish","hentry"],"_links":{"self":[{"href":"https:\/\/skak.is\/skaksamband\/wp-json\/wp\/v2\/pages\/226","targetHints":{"allow":["GET"]}}],"collection":[{"href":"https:\/\/skak.is\/skaksamband\/wp-json\/wp\/v2\/pages"}],"about":[{"href":"https:\/\/skak.is\/skaksamband\/wp-json\/wp\/v2\/types\/page"}],"author":[{"embeddable":true,"href":"https:\/\/skak.is\/skaksamband\/wp-json\/wp\/v2\/users\/1"}],"replies":[{"embeddable":true,"href":"https:\/\/skak.is\/skaksamband\/wp-json\/wp\/v2\/comments?post=226"}],"version-history":[{"count":4,"href":"https:\/\/skak.is\/skaksamband\/wp-json\/wp\/v2\/pages\/226\/revisions"}],"predecessor-version":[{"id":3510,"href":"https:\/\/skak.is\/skaksamband\/wp-json\/wp\/v2\/pages\/226\/revisions\/3510"}],"up":[{"embeddable":true,"href":"https:\/\/skak.is\/skaksamband\/wp-json\/wp\/v2\/pages\/219"}],"wp:attachment":[{"href":"https:\/\/skak.is\/skaksamband\/wp-json\/wp\/v2\/media?parent=226"}],"curies":[{"name":"wp","href":"https:\/\/api.w.org\/{rel}","templated":true}]}}