{"id":234,"date":"2019-06-23T18:31:39","date_gmt":"2019-06-23T18:31:39","guid":{"rendered":"https:\/\/skak.is\/skaksamband\/?page_id=234"},"modified":"2025-08-06T14:36:44","modified_gmt":"2025-08-06T14:36:44","slug":"fide-motshaldarar","status":"publish","type":"page","link":"https:\/\/skak.is\/skaksamband\/islenskir-titilhafar\/fide-motshaldarar\/","title":{"rendered":"FIDE-M\u00f3tshaldarar"},"content":{"rendered":"<p><strong>Al\u00fej\u00f3\u00f0legir m\u00f3tshaldarar -International organizers (IO)<\/strong><\/p>\n<table width=\"414\">\n<tbody>\n<tr>\n<td width=\"131\"><strong>\u00c1r<\/strong><\/td>\n<td width=\"283\"><strong>Nafn<\/strong><\/td>\n<\/tr>\n<tr>\n<td width=\"131\">2011<\/td>\n<td width=\"283\">Gunnar Bj\u00f6rnsson*<\/td>\n<\/tr>\n<tr>\n<td width=\"131\">2012<\/td>\n<td width=\"283\">Omar Salama<\/td>\n<\/tr>\n<tr>\n<td width=\"131\">2013<\/td>\n<td width=\"283\">R\u00f3bert Lagerman<\/td>\n<\/tr>\n<tr>\n<td width=\"131\">2018<\/td>\n<td width=\"283\">Kristj\u00e1n \u00d6rn El\u00edasson<\/td>\n<\/tr>\n<\/tbody>\n<\/table>\n<p>* Hefur kennslur\u00e9ttindi.<\/p>\n","protected":false},"excerpt":{"rendered":"<p>Al\u00fej\u00f3\u00f0legir m\u00f3tshaldarar -International organizers (IO) \u00c1r Nafn 2011 Gunnar Bj\u00f6rnsson* 2012 Omar Salama 2013 R\u00f3bert Lagerman 2018 Kristj\u00e1n \u00d6rn El\u00edasson * Hefur kennslur\u00e9ttindi.<\/p>\n","protected":false},"author":1,"featured_media":0,"parent":219,"menu_order":0,"comment_status":"closed","ping_status":"closed","template":"","meta":{"footnotes":""},"class_list":["post-234","page","type-page","status-publish","hentry"],"_links":{"self":[{"href":"https:\/\/skak.is\/skaksamband\/wp-json\/wp\/v2\/pages\/234","targetHints":{"allow":["GET"]}}],"collection":[{"href":"https:\/\/skak.is\/skaksamband\/wp-json\/wp\/v2\/pages"}],"about":[{"href":"https:\/\/skak.is\/skaksamband\/wp-json\/wp\/v2\/types\/page"}],"author":[{"embeddable":true,"href":"https:\/\/skak.is\/skaksamband\/wp-json\/wp\/v2\/users\/1"}],"replies":[{"embeddable":true,"href":"https:\/\/skak.is\/skaksamband\/wp-json\/wp\/v2\/comments?post=234"}],"version-history":[{"count":3,"href":"https:\/\/skak.is\/skaksamband\/wp-json\/wp\/v2\/pages\/234\/revisions"}],"predecessor-version":[{"id":3513,"href":"https:\/\/skak.is\/skaksamband\/wp-json\/wp\/v2\/pages\/234\/revisions\/3513"}],"up":[{"embeddable":true,"href":"https:\/\/skak.is\/skaksamband\/wp-json\/wp\/v2\/pages\/219"}],"wp:attachment":[{"href":"https:\/\/skak.is\/skaksamband\/wp-json\/wp\/v2\/media?parent=234"}],"curies":[{"name":"wp","href":"https:\/\/api.w.org\/{rel}","templated":true}]}}