{"id":239,"date":"2019-06-23T18:34:17","date_gmt":"2019-06-23T18:34:17","guid":{"rendered":"https:\/\/skak.is\/skaksamband\/?page_id=239"},"modified":"2019-06-23T18:34:17","modified_gmt":"2019-06-23T18:34:17","slug":"reykjavikurskakmot-i-50-ar","status":"publish","type":"page","link":"https:\/\/skak.is\/skaksamband\/reykjavikurskakmot-i-50-ar\/","title":{"rendered":"Reykjav\u00edkursk\u00e1km\u00f3t \u00ed 50 \u00e1r"},"content":{"rendered":"<p align=\"center\"><img data-recalc-dims=\"1\" loading=\"lazy\" decoding=\"async\" src=\"https:\/\/i0.wp.com\/skaksamband.is\/assets\/reykjavikurskakmot_50_ara.jpg?resize=380%2C225\" alt=\"\" width=\"380\" height=\"225\" \/><\/p>\n<p>Eins og kunnugt er hefur Sk\u00e1ksamband \u00cdslands r\u00e1\u00f0ist \u00ed ritun b\u00f3kar um s\u00f6gu Reykjav\u00edkursk\u00e1km\u00f3tsins.\u00a0<strong>Helgi \u00d3lafsson<\/strong>, st\u00f3rmeistari og sk\u00f3lastj\u00f3ri Sk\u00e1ksk\u00f3la \u00cdslands, er h\u00f6fundur b\u00f3karinnar. Lj\u00f3st m\u00e1 vera a\u00f0 f\u00e1ir valda \u00fev\u00ed hlutverki eins vel. Helgi er hafsj\u00f3r fr\u00f3\u00f0leiks um m\u00f3ti\u00f0 og var sj\u00e1lfur staddur \u00ed hringi\u00f0u \u00feess um 30 \u00e1ra skei\u00f0.<\/p>\n<p>Saga Reykjav\u00edkurm\u00f3tsins er jafnframt saga sk\u00e1klistarinnar \u00e1 \u00cdslandi, \u00fear sem m\u00f3ti\u00f0 hefur mynda\u00f0 \u00feungami\u00f0ju sk\u00e1kl\u00edfs og veitt \u00edslenskum sk\u00e1km\u00f6nnum t\u00e6kif\u00e6ri til \u00feess a\u00f0 etja kappi vi\u00f0 erlenda sk\u00e1kmeistara \u00e1 heimavelli og \u00fej\u00f3\u00f0inni \u00e1n\u00e6gju af \u00fev\u00ed a\u00f0 geta fylgst me\u00f0 sk\u00e1k \u00e1 heimsm\u00e6likvar\u00f0a \u00far n\u00e1v\u00edgi. Reykjav\u00edkursk\u00e1km\u00f3ti\u00f0 er elsti vi\u00f0bur\u00f0ur sem ber \u00ed titli nafn h\u00f6fu\u00f0borgarinnar og er enn starfr\u00e6kt og haldi\u00f0 reglulega. Sagan er einnig aldarspegill, \u00fear sem Helgi hefur ekki einatt n\u00e6mt auga fyrir \u00fev\u00ed sem gerist \u00e1 sk\u00e1kbor\u00f0inu heldur einnig utan \u00feess.<\/p>\n<p align=\"center\"><img data-recalc-dims=\"1\" loading=\"lazy\" decoding=\"async\" src=\"https:\/\/i0.wp.com\/skaksamband.is\/assets\/forsida_bokar.jpg?resize=380%2C278\" alt=\"\" width=\"380\" height=\"278\" \/><\/p>\n<p>Verki\u00f0 ver\u00f0ur gefi\u00f0 \u00fat \u00ed tveimur bindum. Hi\u00f0 fyrra segir s\u00f6gu m\u00f3tanna fr\u00e1 1964 til 1990 og kom \u00fat mars 2015 fyrir Opna Reykjav\u00edkursk\u00e1km\u00f3ti\u00f0 \u00ed umsj\u00f3n Sagna \u00fatg\u00e1fu, en Menningarf\u00e9lagi\u00f0 M\u00e1tar s\u00e1 um yfirlestur ritsins. S\u00fa \u00e1kv\u00f6r\u00f0un hefur einnig veri\u00f0 tekin a\u00f0 fresta \u00fatg\u00e1fu t\u00edmaritsins Sk\u00e1kar en leggja \u00feess \u00ed sta\u00f0 \u00e1herslu \u00e1 S\u00f6gu Reykjav\u00edkursk\u00e1km\u00f3tsins \u00ed 50 \u00e1r. Seinna bindi\u00f0 kemur \u00fat a\u00f0 \u00e1ri.<\/p>\n<p><strong>\u00dea\u00f0 er von Sk\u00e1ksambands \u00cdslands a\u00f0 b\u00f3kin hlj\u00f3ti g\u00f3\u00f0ar vi\u00f0t\u00f6kur. H\u00e6gt er a\u00f0 skr\u00e1 sig fyrir eintaki\u00a0<a href=\"https:\/\/docs.google.com\/forms\/d\/1vsJUuayFd3gFQQKmIpjagyPD7TzLELHHGky5qrGNv1A\/viewform\">h\u00e9r<\/a>\u00a0e\u00f0a \u00e1 Sk\u00e1k.is (guli kassinn efst) . Hvort bindi mun kostar 4.900 kr.<\/strong><\/p>\n<p>Vi\u00f0tal um Helga \u00d3lafsson \u00ed Morgunbla\u00f0inu um b\u00f3kina m\u00e1 finna\u00a0<a href=\"http:\/\/skak.blog.is\/blog\/skak\/entry\/1676898\/\">h\u00e9r.<\/a><\/p>\n","protected":false},"excerpt":{"rendered":"<p>Eins og kunnugt er hefur Sk\u00e1ksamband \u00cdslands r\u00e1\u00f0ist \u00ed ritun b\u00f3kar um s\u00f6gu Reykjav\u00edkursk\u00e1km\u00f3tsins.\u00a0Helgi \u00d3lafsson, st\u00f3rmeistari og sk\u00f3lastj\u00f3ri Sk\u00e1ksk\u00f3la \u00cdslands, er h\u00f6fundur b\u00f3karinnar. Lj\u00f3st m\u00e1 vera a\u00f0 f\u00e1ir valda \u00fev\u00ed hlutverki eins vel. Helgi er hafsj\u00f3r fr\u00f3\u00f0leiks um m\u00f3ti\u00f0 og var sj\u00e1lfur staddur \u00ed hringi\u00f0u \u00feess um 30 \u00e1ra skei\u00f0. Saga Reykjav\u00edkurm\u00f3tsins er jafnframt saga [&hellip;]<\/p>\n","protected":false},"author":1,"featured_media":0,"parent":0,"menu_order":0,"comment_status":"closed","ping_status":"closed","template":"","meta":{"footnotes":""},"class_list":["post-239","page","type-page","status-publish","hentry"],"_links":{"self":[{"href":"https:\/\/skak.is\/skaksamband\/wp-json\/wp\/v2\/pages\/239","targetHints":{"allow":["GET"]}}],"collection":[{"href":"https:\/\/skak.is\/skaksamband\/wp-json\/wp\/v2\/pages"}],"about":[{"href":"https:\/\/skak.is\/skaksamband\/wp-json\/wp\/v2\/types\/page"}],"author":[{"embeddable":true,"href":"https:\/\/skak.is\/skaksamband\/wp-json\/wp\/v2\/users\/1"}],"replies":[{"embeddable":true,"href":"https:\/\/skak.is\/skaksamband\/wp-json\/wp\/v2\/comments?post=239"}],"version-history":[{"count":1,"href":"https:\/\/skak.is\/skaksamband\/wp-json\/wp\/v2\/pages\/239\/revisions"}],"predecessor-version":[{"id":241,"href":"https:\/\/skak.is\/skaksamband\/wp-json\/wp\/v2\/pages\/239\/revisions\/241"}],"wp:attachment":[{"href":"https:\/\/skak.is\/skaksamband\/wp-json\/wp\/v2\/media?parent=239"}],"curies":[{"name":"wp","href":"https:\/\/api.w.org\/{rel}","templated":true}]}}