{"id":256,"date":"2019-06-23T18:41:11","date_gmt":"2019-06-23T18:41:11","guid":{"rendered":"https:\/\/skak.is\/skaksamband\/?page_id=256"},"modified":"2019-06-23T20:32:12","modified_gmt":"2019-06-23T20:32:12","slug":"islandsmot-skakfelaga","status":"publish","type":"page","link":"https:\/\/skak.is\/skaksamband\/islandsmot-skakfelaga\/","title":{"rendered":"\u00cdslandsm\u00f3t Sk\u00e1kf\u00e9laga"},"content":{"rendered":"","protected":false},"excerpt":{"rendered":"","protected":false},"author":1,"featured_media":0,"parent":0,"menu_order":0,"comment_status":"closed","ping_status":"closed","template":"page-pagebuilder-latest.php","meta":{"footnotes":""},"class_list":["post-256","page","type-page","status-publish","hentry"],"_links":{"self":[{"href":"https:\/\/skak.is\/skaksamband\/wp-json\/wp\/v2\/pages\/256","targetHints":{"allow":["GET"]}}],"collection":[{"href":"https:\/\/skak.is\/skaksamband\/wp-json\/wp\/v2\/pages"}],"about":[{"href":"https:\/\/skak.is\/skaksamband\/wp-json\/wp\/v2\/types\/page"}],"author":[{"embeddable":true,"href":"https:\/\/skak.is\/skaksamband\/wp-json\/wp\/v2\/users\/1"}],"replies":[{"embeddable":true,"href":"https:\/\/skak.is\/skaksamband\/wp-json\/wp\/v2\/comments?post=256"}],"version-history":[{"count":6,"href":"https:\/\/skak.is\/skaksamband\/wp-json\/wp\/v2\/pages\/256\/revisions"}],"predecessor-version":[{"id":349,"href":"https:\/\/skak.is\/skaksamband\/wp-json\/wp\/v2\/pages\/256\/revisions\/349"}],"wp:attachment":[{"href":"https:\/\/skak.is\/skaksamband\/wp-json\/wp\/v2\/media?parent=256"}],"curies":[{"name":"wp","href":"https:\/\/api.w.org\/{rel}","templated":true}]}}