{"id":259,"date":"2019-06-23T18:42:46","date_gmt":"2019-06-23T18:42:46","guid":{"rendered":"https:\/\/skak.is\/skaksamband\/?page_id=259"},"modified":"2019-06-23T18:42:46","modified_gmt":"2019-06-23T18:42:46","slug":"skakstig","status":"publish","type":"page","link":"https:\/\/skak.is\/skaksamband\/skakstig\/","title":{"rendered":"Sk\u00e1kstig"},"content":{"rendered":"<p style=\"font-weight: 400;\">\u00cdslensk sk\u00e1kstig<\/p>\n<p style=\"font-weight: 400;\"><strong><br \/>\nInngangur\u00a0<\/strong><\/p>\n<p>1.desember 2010 var byrja\u00f0 a\u00f0 reikna \u00edslensk sk\u00e1kstig hj\u00e1 chess-results.com.\u00a0\u00dea\u00f0 var Austurr\u00edkisma\u00f0urinn Heinz Herzog hj\u00e1 Chess-Results sem skrifa\u00f0i vi\u00f0b\u00e6tur vi\u00f0 Swiss-Manager forriti\u00f0 og Chess-Results stiga\u00fej\u00f3nustuna til \u00feess a\u00f0 unnt v\u00e6ri a\u00f0 reikna \u00edslensku stigin \u00fear.<\/p>\n<p style=\"font-weight: 400;\">Sl\u00f3\u00f0in inn \u00e1 stiga\u00fej\u00f3nustuna er:\u00a0<a href=\"http:\/\/chess-results.com\/isl\/\">http:\/\/chess-results.com\/isl\/<\/a><\/p>\n<p style=\"font-weight: 400;\">\u00c1\u00f0ur voru \u00edslensku sk\u00e1kstigin reiknu\u00f0 af Da\u00f0a Erni J\u00f3nssyni 1984-1998, \u00a0Halld\u00f3ri Gr\u00e9tari Einarssyni me\u00f0 Sk\u00e1karanum 1998-2006 og Omari Salama me\u00f0 Sk\u00e1karanum 2006-2010.<\/p>\n<p style=\"font-weight: 400;\">\u00cd grundvallaratri\u00f0um er beitt \u00feeim a\u00f0fer\u00f0um sem kenndar eru vi\u00f0 st\u00e6r\u00f0fr\u00e6\u00f0inginn Arpad E. Elo.<\/p>\n<p style=\"font-weight: 400;\">\n<strong>Almenn atri\u00f0i<\/strong><\/p>\n<p style=\"font-weight: 400;\">\n<strong>Umsj\u00f3n \u00fatreikninga<\/strong><\/p>\n<p>Stj\u00f3rn Sk\u00e1ksambands \u00cdslands skipar s\u00e9rstaka nefnd, sk\u00e1kstiganefnd, sem hefur umsj\u00f3n me\u00f0 \u00fatreikningi \u00edslensku sk\u00e1kstiganna og sendingu \u00edslenskra sk\u00e1km\u00f3ta til \u00fatreiknings hj\u00e1 FIDE. \u00a0\u00cdslensku sk\u00e1kstigin eru reiknu\u00f0 hj\u00e1 chess-results.com.\u00a0M\u00f3tum skal a\u00f0 jafna\u00f0i skila rafr\u00e6nt inn \u00e1 chess-results.com stiga\u00fej\u00f3nustuna me\u00f0 a\u00f0sto\u00f0 Swiss-Manager forritsins.<\/p>\n<p style=\"font-weight: 400;\">\n<strong>Hver sendir uppl\u00fdsingar til sk\u00e1kstiganefndar?<\/strong><\/p>\n<p style=\"font-weight: 400;\">\u00dea\u00f0 er hlutverk sk\u00e1kstj\u00f3rans a\u00f0 senda inn ni\u00f0urst\u00f6\u00f0ur m\u00f3ts \u00e1samt \u00f6llum uppl\u00fdsingum sem nau\u00f0synlegar eru fyrir stiga\u00fatreikningana. Sk\u00e1kstiganefnd tekur einnig vi\u00f0 uppl\u00fdsingum fr\u00e1 sk\u00e1km\u00f6nnum sj\u00e1lfum ef \u00fe\u00e6r eru fulln\u00e6gjandi. \u00c1r\u00ed\u00f0andi er a\u00f0 senda inn allar nau\u00f0synlegar uppl\u00fdsingar strax a\u00f0 m\u00f3ti loknu.<\/p>\n<p><strong>Kr\u00f6fur um t\u00edmam\u00f6rk<\/strong><\/p>\n<p style=\"font-weight: 400;\">\u00d6ll m\u00f3t sem tefld eru innanlands \u00fear sem hvor sk\u00e1kma\u00f0ur hefur a\u00f0 minnsta kosti 60 m\u00edn\u00fatur til a\u00f0 lj\u00faka sk\u00e1kinni eru tekin til \u00fatreiknings. Ef teflt er me\u00f0 vi\u00f0b\u00f3tart\u00edma \u00fe\u00e1 eru t\u00edmam\u00f6rkin uppreiknu\u00f0 mi\u00f0a\u00f0 vi\u00f0 60 leikja sk\u00e1k.<\/p>\n<p style=\"font-weight: 400;\">\n<strong>Uppl\u00fdsingar sem senda \u00fearf me\u00f0 m\u00f3ti<\/strong><\/p>\n<p>Eftirtaldar uppl\u00fdsingar \u00feurfa alltaf a\u00f0 fylgja m\u00f3tst\u00f6flunni:<br \/>\n1. Kennit\u00f6lur \u00fe\u00e1tttakenda.<br \/>\n2. Upphafs- og lokadagur m\u00f3ts \u00e1samt dagsetningu hverrar umfer\u00f0ar.<\/p>\n<ol start=\"3\">\n<li style=\"font-weight: 400;\">T\u00edmam\u00f6rk sk\u00e1kanna ver\u00f0a a\u00f0 fylgja svo m\u00f6gulegt s\u00e9 a\u00f0 d\u00e6ma um hvort m\u00f3ti\u00f0 (e\u00f0a hugsanlega hluti \u00feess) s\u00e9 h\u00e6ft til \u00fatreiknings.<br \/>\n4. \u00d3tefldar sk\u00e1kir skulu vera merktar s\u00e9rstaklega \u00fev\u00ed sl\u00edkar sk\u00e1kir eru ekki reikna\u00f0ar til stiga.<\/li>\n<\/ol>\n<p style=\"font-weight: 400;\">Sj\u00e1 n\u00e1nar:\u00a0<a href=\"http:\/\/skaksamband.is\/?c=webpage&amp;id=452\">Regluger\u00f0in um \u00fatreikning sk\u00e1kstiga<\/a><\/p>\n<p style=\"font-weight: 400;\"><strong>Lei\u00f0beiningar fyrir almenna sk\u00e1kmenn<\/strong><\/p>\n<p style=\"font-weight: 400;\"><strong>Eftir a\u00f0 komi\u00f0 er inn \u00e1\u00a0<\/strong><a href=\"http:\/\/chess-results.com\/isl\"><strong>http:\/\/chess-results.com\/isl<\/strong><\/a><strong>\u00a0:<\/strong><\/p>\n<p style=\"font-weight: 400;\"><strong>\u00a0<\/strong><\/p>\n<p style=\"font-weight: 400;\"><strong>A\u00f0 sj\u00e1 lei\u00f0beiningar \u00e1 \u00edslensku:<\/strong><\/p>\n<p style=\"font-weight: 400;\">Valinn \u201cISL\u201d hnappurinn ofarlega t.v.<\/p>\n<p style=\"font-weight: 400;\"><strong>A\u00f0 sko\u00f0a stigalista:\u00a0<\/strong><\/p>\n<p style=\"font-weight: 400;\">Flipinn \u201cSk\u00e1kstig\u201d valinn og svo dagsetning stigalistans sem sko\u00f0a \u00e1 \u00ed flettiglugga.<\/p>\n<p style=\"font-weight: 400;\">Leita\u00f0 a\u00f0 einst\u00f6ku nafni, e\u00f0a hala\u00f0 ni\u00f0ur Excel skjali me\u00f0 heildarlistanum.<\/p>\n<p style=\"font-weight: 400;\"><strong>A\u00f0 sko\u00f0a stiga\u00fer\u00f3un e\u00f0a n\u00e1kv\u00e6ma sundurli\u00f0un \u00e1 \u00fatreikningi:<\/strong><\/p>\n<p style=\"font-weight: 400;\">Flipinn \u201cSk\u00e1kstig\u201d valinn og svo dagsetning stigalistans sem sko\u00f0a \u00e1 \u00ed flettiglugga.<\/p>\n<p style=\"font-weight: 400;\">Leita\u00f0 a\u00f0 nafni vi\u00f0komandi og s\u00ed\u00f0an stutt \u00e1 \u201cN\u00e1kv\u00e6mt\u201d hnappinn.<\/p>\n<p style=\"font-weight: 400;\"><strong>A\u00f0 sko\u00f0a br\u00e1\u00f0abirg\u00f0a\u00fatreikning fyrir l\u00ed\u00f0andi stigat\u00edmabil:<\/strong><\/p>\n<p style=\"font-weight: 400;\">Flipinn \u201cratings-preview\u201d valinn.<\/p>\n<p style=\"font-weight: 400;\">Leitargildi sett inn og svo \u00ed framhaldinu valinn \u201cN\u00e1kv\u00e6mt\u201d hnappurinn.<\/p>\n<p style=\"font-weight: 400;\"><strong>A\u00f0 sko\u00f0a sk\u00e1km\u00f3t:<\/strong><\/p>\n<p style=\"font-weight: 400;\">Flipinn \u201cSk\u00e1km\u00f3t\u201d valinn og<strong>\u00a0<\/strong>svo dagsetning stigat\u00edmabilsins sem sko\u00f0a \u00e1 \u00ed flettiglugga.<\/p>\n<p style=\"font-weight: 400;\">Stutt \u00e1 \u201cSearch\u201d\u00a0\u00a0\u00a0-&gt;\u00a0\u00a0N\u00fana er h\u00e6gt a\u00f0 sj\u00e1 st\u00f6\u00f0u allra m\u00f3ta\u00a0\u00a0sem hafa veri\u00f0 skr\u00e1\u00f0 inn \u00e1 \u00fev\u00ed t\u00edmabili.<\/p>\n<p style=\"font-weight: 400;\">Til a\u00f0 sj\u00e1 m\u00f3tst\u00f6fluna \u00ed vi\u00f0komandi m\u00f3ti er stutt \u00e1 \u201cBreyta\u201d og svo \u201cShow Tournament\u201d<\/p>\n<p style=\"font-weight: 400;\"><strong>A\u00f0 sko\u00f0a grunnuppl\u00fdsingar um sk\u00e1kmann:<\/strong><\/p>\n<p style=\"font-weight: 400;\">Flipinn \u201cSk\u00e1kmannagrunnur\u201d valinn og leita\u00f0 a\u00f0 nafni.<\/p>\n<p style=\"font-weight: 400;\"><a href=\"http:\/\/skaksamband.is\/?c=webpage&amp;id=509\"><strong>Lei\u00f0beiningar fyrir sk\u00e1kstj\u00f3ra og sk\u00e1kstiganefnd S\u00cd<\/strong><\/a><\/p>\n<p>1.mars 2011 og s\u00ed\u00f0ar,\u00a0sj\u00e1:\u00a0<a href=\"http:\/\/chess-results.com\/isl\/\">http:\/\/chess-results.com\/isl\/<\/a><\/p>\n","protected":false},"excerpt":{"rendered":"<p>\u00cdslensk sk\u00e1kstig Inngangur\u00a0 1.desember 2010 var byrja\u00f0 a\u00f0 reikna \u00edslensk sk\u00e1kstig hj\u00e1 chess-results.com.\u00a0\u00dea\u00f0 var Austurr\u00edkisma\u00f0urinn Heinz Herzog hj\u00e1 Chess-Results sem skrifa\u00f0i vi\u00f0b\u00e6tur vi\u00f0 Swiss-Manager forriti\u00f0 og Chess-Results stiga\u00fej\u00f3nustuna til \u00feess a\u00f0 unnt v\u00e6ri a\u00f0 reikna \u00edslensku stigin \u00fear. Sl\u00f3\u00f0in inn \u00e1 stiga\u00fej\u00f3nustuna er:\u00a0http:\/\/chess-results.com\/isl\/ \u00c1\u00f0ur voru \u00edslensku sk\u00e1kstigin reiknu\u00f0 af Da\u00f0a Erni J\u00f3nssyni 1984-1998, \u00a0Halld\u00f3ri Gr\u00e9tari [&hellip;]<\/p>\n","protected":false},"author":1,"featured_media":0,"parent":0,"menu_order":0,"comment_status":"closed","ping_status":"closed","template":"","meta":{"footnotes":""},"class_list":["post-259","page","type-page","status-publish","hentry"],"_links":{"self":[{"href":"https:\/\/skak.is\/skaksamband\/wp-json\/wp\/v2\/pages\/259","targetHints":{"allow":["GET"]}}],"collection":[{"href":"https:\/\/skak.is\/skaksamband\/wp-json\/wp\/v2\/pages"}],"about":[{"href":"https:\/\/skak.is\/skaksamband\/wp-json\/wp\/v2\/types\/page"}],"author":[{"embeddable":true,"href":"https:\/\/skak.is\/skaksamband\/wp-json\/wp\/v2\/users\/1"}],"replies":[{"embeddable":true,"href":"https:\/\/skak.is\/skaksamband\/wp-json\/wp\/v2\/comments?post=259"}],"version-history":[{"count":1,"href":"https:\/\/skak.is\/skaksamband\/wp-json\/wp\/v2\/pages\/259\/revisions"}],"predecessor-version":[{"id":261,"href":"https:\/\/skak.is\/skaksamband\/wp-json\/wp\/v2\/pages\/259\/revisions\/261"}],"wp:attachment":[{"href":"https:\/\/skak.is\/skaksamband\/wp-json\/wp\/v2\/media?parent=259"}],"curies":[{"name":"wp","href":"https:\/\/api.w.org\/{rel}","templated":true}]}}