{"id":265,"date":"2019-06-23T18:48:23","date_gmt":"2019-06-23T18:48:23","guid":{"rendered":"https:\/\/skak.is\/skaksamband\/?page_id=265"},"modified":"2025-06-28T17:24:00","modified_gmt":"2025-06-28T17:24:00","slug":"fundargerdir","status":"publish","type":"page","link":"https:\/\/skak.is\/skaksamband\/fundargerdir\/","title":{"rendered":"Fundarger\u00f0ir"},"content":{"rendered":"<h4><strong>A\u00f0alfundir<\/strong><\/h4>\n<ul>\n<li><strong><a href=\"https:\/\/www.dropbox.com\/sh\/spqsshk7erzxfd3\/AABWAhUMHHPhsVKP5GPSqGYpa?dl=0\" target=\"_blank\" rel=\"noopener noreferrer\">A\u00f0alfundir<\/a><\/strong><\/li>\n<\/ul>\n<h4><strong>Stj\u00f3rnarfundir<\/strong><\/h4>\n<table style=\"height: 564px;\" width=\"615\">\n<tbody>\n<tr>\n<td width=\"73\"><a href=\"https:\/\/www.dropbox.com\/scl\/fo\/6kz68ttp603v05oxe10vj\/AD8kEtf6Dhq7Rfm1GsRv_2Q?rlkey=uodjdrxc091zlyivjggh1qp4r&amp;dl=0\">2025-2026<\/a><\/p>\n<p><a href=\"https:\/\/www.dropbox.com\/scl\/fo\/s3z6jm9srjw5xf0a00nb3\/ALGMlQklGa78phMAE4cLnRk?rlkey=d6xxcdrk0tr4t5legi5kk760d&amp;st=jwpci49n&amp;dl=0\">2024-2025<\/a><\/p>\n<p><a href=\"https:\/\/www.dropbox.com\/scl\/fo\/0krn9yuc914etvottrmfw\/h?rlkey=w3pjuiwpz074bgx6i6l49n31o&amp;dl=0\">2023-2024<\/a><\/p>\n<p><a href=\"https:\/\/www.dropbox.com\/sh\/wevxywiv2lla4xo\/AACI55vV_MvO2caSqpShzUpVa?dl=0\">2022-2023<\/a><\/p>\n<p><a href=\"https:\/\/www.dropbox.com\/sh\/j2c64specegi8lv\/AAB4mUuB4o9jIArQvDRBXdaHa?dl=0\">2021-2022<\/a><\/p>\n<p><a href=\"https:\/\/www.dropbox.com\/sh\/nj6x6jabzvzj7zo\/AACvy_kJRs69Ki6MRf_-gV8Da?dl=0\">2020-2021<\/a><\/p>\n<p><a href=\"https:\/\/www.dropbox.com\/sh\/d0msukzpor1zp1j\/AAAfdKPMo4QpUdBYLUcghLqFa?dl=0\" target=\"_blank\" rel=\"noopener noreferrer\">2019-2020<\/a><\/p>\n<p><a href=\"https:\/\/www.dropbox.com\/sh\/1dv58as4hes0iea\/AABRvxaWb16c1A1OrmnWei6ma?dl=0\" target=\"_blank\" rel=\"noopener noreferrer\">2018-2019<\/a><\/p>\n<p><a href=\"https:\/\/www.dropbox.com\/sh\/6fpfonyms7mch8o\/AADG7RegkiWOiTMGZaPp-a7na?dl=0\" target=\"_blank\" rel=\"noopener noreferrer\">2017-2018<\/a><\/p>\n<p><a href=\"https:\/\/www.dropbox.com\/sh\/x9c7134uan2zv7l\/AADOlbQSNsLYmpcws7JNV1Ffa?dl=0\" target=\"_blank\" rel=\"noopener noreferrer\">2016-2017<\/a><\/p>\n<p><a href=\"https:\/\/www.dropbox.com\/sh\/hpn9hxa4so31507\/AAD8gmh08SdfDjzXMqDEHaW0a?dl=0\" target=\"_blank\" rel=\"noopener noreferrer\">2015-2016<\/a><\/p>\n<p><a href=\"https:\/\/www.dropbox.com\/sh\/4x7gg2ypyx5i119\/AACvsggUObdGXmMtvr202dPHa?dl=0\" target=\"_blank\" rel=\"noopener noreferrer\">2014-2015<\/a><\/p>\n<p>&nbsp;<\/td>\n<td width=\"95\"><a href=\"https:\/\/www.dropbox.com\/sh\/q2eqnvvi4yks5l0\/AAAd1CzY5KWHQSCYFjm2cKfea?dl=0\" target=\"_blank\" rel=\"noopener noreferrer\">2013-2014<\/a><\/p>\n<p><a href=\"https:\/\/www.dropbox.com\/sh\/rmpwipg1dtv3j20\/AADalLC66AVkDMN6vZmT-_0ra?dl=0\" target=\"_blank\" rel=\"noopener noreferrer\">2012-2013<\/a><\/p>\n<p><a href=\"https:\/\/www.dropbox.com\/sh\/a15f4n7ttientyb\/AABry_d7PXYKcSygQeGYgcJQa?dl=0\" target=\"_blank\" rel=\"noopener noreferrer\">2011-2012<\/a><\/p>\n<p><a href=\"https:\/\/www.dropbox.com\/sh\/465w2q4csdy58i0\/AAAFAP3f8S_cqcmqVEodpwhoa?dl=0\" target=\"_blank\" rel=\"noopener noreferrer\">2010-2011<\/a><\/p>\n<p><a href=\"https:\/\/www.dropbox.com\/sh\/qziv22euy1rohqm\/AAD3f4BRu1r_F8DO6_vxrpY7a?dl=0\" target=\"_blank\" rel=\"noopener noreferrer\">2009-2010<\/a><\/p>\n<p><a href=\"https:\/\/www.dropbox.com\/sh\/qbrh10ucexydya8\/AADTksgf4-6KNzhdGyhwgH7Va?dl=0\" target=\"_blank\" rel=\"noopener noreferrer\">2008-2009<\/a><\/p>\n<p><a href=\"https:\/\/www.dropbox.com\/sh\/wrwot47kwxct6zj\/AAA1shQRcWqOpeiSegnl4Rx2a?dl=0\" target=\"_blank\" rel=\"noopener noreferrer\">2007-2008<\/a><\/p>\n<p><a href=\"https:\/\/www.dropbox.com\/sh\/a5leg53i2qyrauq\/AADJvUwACRUjLrZd-5i6-hWUa?dl=0\" target=\"_blank\" rel=\"noopener noreferrer\">2006-2007<\/a><\/p>\n<p><a href=\"https:\/\/www.dropbox.com\/sh\/juc3bww66ut10vd\/AACg9Srggb5NtJvigO8Ab6ypa?dl=0\" target=\"_blank\" rel=\"noopener noreferrer\">2005-2006<\/a><\/p>\n<p><a href=\"https:\/\/www.dropbox.com\/sh\/arx2eam092ym8fc\/AAA2rY1IVGyisu-fwoay9uvKa?dl=0\" target=\"_blank\" rel=\"noopener noreferrer\">2004-2005<\/a><\/p>\n<p><a href=\"https:\/\/www.dropbox.com\/sh\/hp07zdzuyc723de\/AAA2jmuxDloZXSpm5GqDVqdqa?dl=0\" target=\"_blank\" rel=\"noopener noreferrer\">2003-2004<\/a><\/td>\n<\/tr>\n<\/tbody>\n<\/table>\n","protected":false},"excerpt":{"rendered":"<p>A\u00f0alfundir A\u00f0alfundir Stj\u00f3rnarfundir 2025-2026 2024-2025 2023-2024 2022-2023 2021-2022 2020-2021 2019-2020 2018-2019 2017-2018 2016-2017 2015-2016 2014-2015 &nbsp; 2013-2014 2012-2013 2011-2012 2010-2011 2009-2010 2008-2009 2007-2008 2006-2007 2005-2006 2004-2005 2003-2004<\/p>\n","protected":false},"author":1,"featured_media":0,"parent":0,"menu_order":0,"comment_status":"closed","ping_status":"closed","template":"","meta":{"footnotes":""},"class_list":["post-265","page","type-page","status-publish","hentry"],"_links":{"self":[{"href":"https:\/\/skak.is\/skaksamband\/wp-json\/wp\/v2\/pages\/265","targetHints":{"allow":["GET"]}}],"collection":[{"href":"https:\/\/skak.is\/skaksamband\/wp-json\/wp\/v2\/pages"}],"about":[{"href":"https:\/\/skak.is\/skaksamband\/wp-json\/wp\/v2\/types\/page"}],"author":[{"embeddable":true,"href":"https:\/\/skak.is\/skaksamband\/wp-json\/wp\/v2\/users\/1"}],"replies":[{"embeddable":true,"href":"https:\/\/skak.is\/skaksamband\/wp-json\/wp\/v2\/comments?post=265"}],"version-history":[{"count":17,"href":"https:\/\/skak.is\/skaksamband\/wp-json\/wp\/v2\/pages\/265\/revisions"}],"predecessor-version":[{"id":3476,"href":"https:\/\/skak.is\/skaksamband\/wp-json\/wp\/v2\/pages\/265\/revisions\/3476"}],"wp:attachment":[{"href":"https:\/\/skak.is\/skaksamband\/wp-json\/wp\/v2\/media?parent=265"}],"curies":[{"name":"wp","href":"https:\/\/api.w.org\/{rel}","templated":true}]}}