{"id":27,"date":"2018-09-03T20:53:41","date_gmt":"2018-09-03T20:53:41","guid":{"rendered":"https:\/\/skak.is\/skaksamband\/?page_id=27"},"modified":"2025-07-03T15:57:50","modified_gmt":"2025-07-03T15:57:50","slug":"skrifstofa-s-i","status":"publish","type":"page","link":"https:\/\/skak.is\/skaksamband\/um-ssi\/skrifstofa-s-i\/","title":{"rendered":"Skrifstofa S\u00cd"},"content":{"rendered":"<p>A\u00f0setur: Faxafen 12, 108 Reykjav\u00edk<br \/>\nS\u00edmi: 568 9141 (10-16 \u00e1 virkum d\u00f6gum)<br \/>\nT\u00f6lvup\u00f3stur: <a href=\"mailto:skaksamband@skaksamband.is\">skaksamband@skaksamband.is<\/a><br \/>\nKennitala: 580269-5409<br \/>\nReikningsn\u00famer: 101-26-12763<br \/>\nFramkv\u00e6mdastj\u00f3ri: Gunnar Bj\u00f6rnsson<\/p>\n","protected":false},"excerpt":{"rendered":"<p>A\u00f0setur: Faxafen 12, 108 Reykjav\u00edk S\u00edmi: 568 9141 (10-16 \u00e1 virkum d\u00f6gum) T\u00f6lvup\u00f3stur: skaksamband@skaksamband.is Kennitala: 580269-5409 Reikningsn\u00famer: 101-26-12763 Framkv\u00e6mdastj\u00f3ri: Gunnar Bj\u00f6rnsson<\/p>\n","protected":false},"author":1,"featured_media":0,"parent":104,"menu_order":0,"comment_status":"closed","ping_status":"closed","template":"","meta":{"footnotes":""},"class_list":["post-27","page","type-page","status-publish","hentry"],"_links":{"self":[{"href":"https:\/\/skak.is\/skaksamband\/wp-json\/wp\/v2\/pages\/27","targetHints":{"allow":["GET"]}}],"collection":[{"href":"https:\/\/skak.is\/skaksamband\/wp-json\/wp\/v2\/pages"}],"about":[{"href":"https:\/\/skak.is\/skaksamband\/wp-json\/wp\/v2\/types\/page"}],"author":[{"embeddable":true,"href":"https:\/\/skak.is\/skaksamband\/wp-json\/wp\/v2\/users\/1"}],"replies":[{"embeddable":true,"href":"https:\/\/skak.is\/skaksamband\/wp-json\/wp\/v2\/comments?post=27"}],"version-history":[{"count":9,"href":"https:\/\/skak.is\/skaksamband\/wp-json\/wp\/v2\/pages\/27\/revisions"}],"predecessor-version":[{"id":3488,"href":"https:\/\/skak.is\/skaksamband\/wp-json\/wp\/v2\/pages\/27\/revisions\/3488"}],"up":[{"embeddable":true,"href":"https:\/\/skak.is\/skaksamband\/wp-json\/wp\/v2\/pages\/104"}],"wp:attachment":[{"href":"https:\/\/skak.is\/skaksamband\/wp-json\/wp\/v2\/media?parent=27"}],"curies":[{"name":"wp","href":"https:\/\/api.w.org\/{rel}","templated":true}]}}