{"id":48,"date":"2018-09-03T21:06:56","date_gmt":"2018-09-03T21:06:56","guid":{"rendered":"https:\/\/skak.is\/skaksamband\/?page_id=48"},"modified":"2025-09-19T12:38:57","modified_gmt":"2025-09-19T12:38:57","slug":"stjorn-s-i","status":"publish","type":"page","link":"https:\/\/skak.is\/skaksamband\/um-ssi\/stjorn-s-i\/","title":{"rendered":"Stj\u00f3rn S\u00cd 2025-26"},"content":{"rendered":"<table width=\"696\">\n<tbody>\n<tr>\n<td><strong>J\u00f3hanna Bj\u00f6rg J\u00f3hannsd\u00f3ttir<\/strong><\/p>\n<p>Forseti<\/p>\n<p><a href=\"mailto:johanna@skaksamband.is\">johanna@skaksamband.is<\/a><\/td>\n<\/tr>\n<tr>\n<td><strong>Harald Bj\u00f6rnsson<\/strong><\/p>\n<p>Varaforseti<\/p>\n<p><a href=\"mailto:harald.bjornsson@gmail.com\">harald.bjornsson@gmail.com<\/a><\/td>\n<\/tr>\n<tr>\n<td><strong>Dav\u00ed\u00f0 Stef\u00e1nsson<\/strong><\/p>\n<p>Gjaldkeri<\/p>\n<p><a href=\"mailto:david@skaksamband.is\">david@skaksamband.is<\/a><\/td>\n<\/tr>\n<tr>\n<td><strong>Unnar Rafn Ingvarsson<\/strong><\/p>\n<p>Ritari<\/p>\n<p><a href=\"mailto:unnar.ingvarsson@gmail.com\">unnar.ingvarsson@gmail.com<\/a><\/td>\n<\/tr>\n<tr>\n<td><strong>Da\u00f0i \u00d3marsson<\/strong><\/p>\n<p>\u00c6skul\u00fd\u00f0sfulltr\u00fai<\/p>\n<p><a href=\"mailto:ymbi91@gmail.com\">ymbi91@gmail.com<\/a><\/td>\n<\/tr>\n<tr>\n<td><strong>Au\u00f0bergur Magn\u00fasson<\/strong><\/p>\n<p>Me\u00f0stj\u00f3rnandi<\/p>\n<p><a href=\"mailto:aui@simnet.is\">aui@simnet.is<\/a><\/td>\n<\/tr>\n<tr>\n<td><strong>Arnar Milutin Hei\u00f0arsson<\/strong><\/p>\n<p>Me\u00f0stj\u00f3rnandi<\/p>\n<p><a href=\"arnarheidarsson@gmail.com\">arnarheidarsson@gmail.com<\/a><\/td>\n<\/tr>\n<tr>\n<td><strong>T\u00f3mas Tandri J\u00f3hannsson<\/strong><\/p>\n<p>1. varama\u00f0ur<\/p>\n<p><a href=\"mailto:tommitandri@gmail.com\">tommitandri@gmail.com<\/a><\/td>\n<\/tr>\n<tr>\n<td><strong>Hermann A\u00f0alsteinsson<\/strong><\/p>\n<p>2. varama\u00f0ur<\/p>\n<p><a href=\"mailto:lyngbrekku@simnet.is\">lyngbrekku@simnet.is<\/a><\/td>\n<\/tr>\n<tr>\n<td><strong>Tinna Krist\u00edn Finnbogad\u00f3ttir<\/strong><\/p>\n<p>3. varama\u00f0ur<\/p>\n<p><a href=\"mailto:tinnakr@gmail.com\">tinnakr@gmail.com<\/a><\/td>\n<\/tr>\n<tr>\n<td><strong>Harpa Ing\u00f3lfd\u00f3ttir G\u00edgja<\/strong><\/p>\n<p>4. varama\u00f0ur<\/p>\n<p><a href=\"mailto:harpa.skaksamband@gmail.com\">harpa.skaksamband@gmail.com<\/a><\/td>\n<\/tr>\n<tr>\n<td><strong>Gunnar Bj\u00f6rnsson<\/strong><\/p>\n<p>Framkv\u00e6mdastj\u00f3ri<\/p>\n<p><a href=\"mailto:gunnar@skaksamband.is\">gunnar@skaksamband.is<\/a><\/td>\n<\/tr>\n<\/tbody>\n<\/table>\n<p>&nbsp;<\/p>\n","protected":false},"excerpt":{"rendered":"<p>J\u00f3hanna Bj\u00f6rg J\u00f3hannsd\u00f3ttir Forseti johanna@skaksamband.is Harald Bj\u00f6rnsson Varaforseti harald.bjornsson@gmail.com Dav\u00ed\u00f0 Stef\u00e1nsson Gjaldkeri david@skaksamband.is Unnar Rafn Ingvarsson Ritari unnar.ingvarsson@gmail.com Da\u00f0i \u00d3marsson \u00c6skul\u00fd\u00f0sfulltr\u00fai ymbi91@gmail.com Au\u00f0bergur Magn\u00fasson Me\u00f0stj\u00f3rnandi aui@simnet.is Arnar Milutin Hei\u00f0arsson Me\u00f0stj\u00f3rnandi arnarheidarsson@gmail.com T\u00f3mas Tandri J\u00f3hannsson 1. varama\u00f0ur tommitandri@gmail.com Hermann A\u00f0alsteinsson 2. varama\u00f0ur lyngbrekku@simnet.is Tinna Krist\u00edn Finnbogad\u00f3ttir 3. varama\u00f0ur tinnakr@gmail.com Harpa Ing\u00f3lfd\u00f3ttir G\u00edgja 4. varama\u00f0ur harpa.skaksamband@gmail.com Gunnar [&hellip;]<\/p>\n","protected":false},"author":1,"featured_media":0,"parent":104,"menu_order":0,"comment_status":"closed","ping_status":"closed","template":"","meta":{"footnotes":""},"class_list":["post-48","page","type-page","status-publish","hentry"],"_links":{"self":[{"href":"https:\/\/skak.is\/skaksamband\/wp-json\/wp\/v2\/pages\/48","targetHints":{"allow":["GET"]}}],"collection":[{"href":"https:\/\/skak.is\/skaksamband\/wp-json\/wp\/v2\/pages"}],"about":[{"href":"https:\/\/skak.is\/skaksamband\/wp-json\/wp\/v2\/types\/page"}],"author":[{"embeddable":true,"href":"https:\/\/skak.is\/skaksamband\/wp-json\/wp\/v2\/users\/1"}],"replies":[{"embeddable":true,"href":"https:\/\/skak.is\/skaksamband\/wp-json\/wp\/v2\/comments?post=48"}],"version-history":[{"count":20,"href":"https:\/\/skak.is\/skaksamband\/wp-json\/wp\/v2\/pages\/48\/revisions"}],"predecessor-version":[{"id":3545,"href":"https:\/\/skak.is\/skaksamband\/wp-json\/wp\/v2\/pages\/48\/revisions\/3545"}],"up":[{"embeddable":true,"href":"https:\/\/skak.is\/skaksamband\/wp-json\/wp\/v2\/pages\/104"}],"wp:attachment":[{"href":"https:\/\/skak.is\/skaksamband\/wp-json\/wp\/v2\/media?parent=48"}],"curies":[{"name":"wp","href":"https:\/\/api.w.org\/{rel}","templated":true}]}}