{"id":55,"date":"2019-01-02T16:32:05","date_gmt":"2019-01-02T16:32:05","guid":{"rendered":"https:\/\/skak.is\/skakskolinn\/?page_id=55"},"modified":"2024-09-10T15:55:15","modified_gmt":"2024-09-10T15:55:15","slug":"starfssemi","status":"publish","type":"page","link":"https:\/\/skak.is\/skakskolinn\/starfssemi\/","title":{"rendered":"Starfsemi"},"content":{"rendered":"<p>H\u00fasn\u00e6\u00f0i Sk\u00e1ksk\u00f3lans og kennslua\u00f0sta\u00f0a er \u00ed Faxafeni 12 \u00ed Reykjav\u00edk.<\/p>\n<p>Kennsla \u00ed flokkum sk\u00f3lans \u00e1 haust\u00f6nn hefst \u00ed september \u00e1r hvert og \u00e1 vetrar\u00f6nn \u00ed jan\u00faar.<\/p>\n<p>Sk\u00e1ksk\u00f3li \u00cdslands b\u00fd\u00f0ur upp \u00e1 einstaklingsmi\u00f0a\u00f0 \u00ferepaskipt n\u00e1msefni sem \u00e6tla\u00f0 er fyrir \u00fe\u00e1 sem hafa mikinn metna\u00f0 fyrir \u00fev\u00ed a\u00f0 n\u00e1 langt \u00ed sk\u00e1k. \u00c6fingar fara fram \u00ed h\u00fasn\u00e6\u00f0i Sk\u00e1ksk\u00f3lans Faxafeni 12 en nemendur hafa a\u00f0gang a\u00f0 kennsluefni \u00ed gegnum neti\u00f0. Sk\u00f3linn hvetur nemendur til sj\u00e1lfst\u00e6\u00f0ra vinnubrag\u00f0a.<\/p>\n<p>Sk\u00e1ksk\u00f3linn hefur sami\u00f0 vi\u00f0 sveitarf\u00e9l\u00f6gin og geta nemendur sk\u00f3lans n\u00fdtt s\u00e9r fr\u00edstundastyrk vi\u00f0 grei\u00f0slur \u00e1 n\u00e1mskei\u00f0um.<\/p>\n<p>Sk\u00e1ksk\u00f3li \u00cdslands leggur mikla \u00e1herslu \u00e1 gott samstarf sk\u00f3lans vi\u00f0 taflf\u00e9l\u00f6g \u00e1 landinu \u00f6llu og tekur vel \u00e1 m\u00f3ti i\u00f0kendum af landsbygg\u00f0inni \u00ed fjarkennslu. Sk\u00e1ksk\u00f3linn veitir taflf\u00e9l\u00f6gum r\u00e1\u00f0gj\u00f6f var\u00f0andi uppbyggingu \u00e1 sk\u00e1k\u00e6fingum \u00feeirra.<\/p>\n<p><strong>Me\u00f0al verkefna utan hef\u00f0bundinnar starfssemi m\u00e1 nefna:<\/strong><\/p>\n<ul>\n<li>Unglingameistaram\u00f3t \u00cdslands \u00ed sk\u00e1k<\/li>\n<li>\u00dej\u00e1lfun keppenda og h\u00f3pa fyrir EM og HM ungmenna<\/li>\n<li>\u00dej\u00e1lfun keppenda og h\u00f3pa fyrir Nor\u00f0urlandam\u00f3t<\/li>\n<li>\u00d3lymp\u00edum\u00f3t ungmenna 16 \u00e1ra og yngri<\/li>\n<li>N\u00e1msefnisger\u00f0<\/li>\n<\/ul>\n<p><strong>Heimas\u00ed\u00f0a Sk\u00e1ksk\u00f3la \u00cdslands<\/strong> er <a href=\"https:\/\/skak.is\/skakskolinn\/\">skak.is\/skakskolinn<\/a><\/p>\n","protected":false},"excerpt":{"rendered":"<p>H\u00fasn\u00e6\u00f0i Sk\u00e1ksk\u00f3lans og kennslua\u00f0sta\u00f0a er \u00ed Faxafeni 12 \u00ed Reykjav\u00edk. Kennsla \u00ed flokkum sk\u00f3lans \u00e1 haust\u00f6nn hefst \u00ed september \u00e1r hvert og \u00e1 vetrar\u00f6nn \u00ed jan\u00faar. Sk\u00e1ksk\u00f3li \u00cdslands b\u00fd\u00f0ur upp \u00e1 einstaklingsmi\u00f0a\u00f0 \u00ferepaskipt n\u00e1msefni sem \u00e6tla\u00f0 er fyrir \u00fe\u00e1 sem hafa mikinn metna\u00f0 fyrir \u00fev\u00ed a\u00f0 n\u00e1 langt \u00ed sk\u00e1k. \u00c6fingar fara fram \u00ed h\u00fasn\u00e6\u00f0i [&hellip;]<\/p>\n","protected":false},"author":1,"featured_media":0,"parent":0,"menu_order":0,"comment_status":"closed","ping_status":"closed","template":"","meta":{"footnotes":""},"class_list":["post-55","page","type-page","status-publish","hentry"],"jetpack_sharing_enabled":true,"jetpack_shortlink":"https:\/\/wp.me\/PaA5Rs-T","_links":{"self":[{"href":"https:\/\/skak.is\/skakskolinn\/wp-json\/wp\/v2\/pages\/55","targetHints":{"allow":["GET"]}}],"collection":[{"href":"https:\/\/skak.is\/skakskolinn\/wp-json\/wp\/v2\/pages"}],"about":[{"href":"https:\/\/skak.is\/skakskolinn\/wp-json\/wp\/v2\/types\/page"}],"author":[{"embeddable":true,"href":"https:\/\/skak.is\/skakskolinn\/wp-json\/wp\/v2\/users\/1"}],"replies":[{"embeddable":true,"href":"https:\/\/skak.is\/skakskolinn\/wp-json\/wp\/v2\/comments?post=55"}],"version-history":[{"count":9,"href":"https:\/\/skak.is\/skakskolinn\/wp-json\/wp\/v2\/pages\/55\/revisions"}],"predecessor-version":[{"id":1065,"href":"https:\/\/skak.is\/skakskolinn\/wp-json\/wp\/v2\/pages\/55\/revisions\/1065"}],"wp:attachment":[{"href":"https:\/\/skak.is\/skakskolinn\/wp-json\/wp\/v2\/media?parent=55"}],"curies":[{"name":"wp","href":"https:\/\/api.w.org\/{rel}","templated":true}]}}