{"id":1719,"date":"2023-05-08T21:51:45","date_gmt":"2023-05-08T21:51:45","guid":{"rendered":"https:\/\/skak.is\/skakthing\/?page_id=1719"},"modified":"2023-05-08T22:27:42","modified_gmt":"2023-05-08T22:27:42","slug":"landslidsflokkur","status":"publish","type":"page","link":"https:\/\/skak.is\/skakthing\/landslidsflokkur\/","title":{"rendered":"Landsli\u00f0sflokkur"},"content":{"rendered":"<div class=\"td-page-header\"><\/div>\n<div class=\"td-page-header\">\n<h1 class=\"entry-title td-page-title\"><strong>LANDSLI\u00d0SFLOKKUR 2023<\/strong><\/h1>\n<\/div>\n<div class=\"td-page-content\">\n<p>Landsli\u00f0sflokkur \u00cdslandsm\u00f3tsins \u00ed sk\u00e1k (Sk\u00e1k\u00feing \u00cdslands) fer fram \u00e1 \u00c1sv\u00f6llum \u00ed Hafnarfir\u00f0i dagana 15.-25. ma\u00ed 2023<\/p>\n<p>Eftirtaldir tefla \u00ed landsli\u00f0sflokki 2021.<\/p>\n<table width=\"295\">\n<tbody>\n<tr>\n<td width=\"38\"><strong>Nr.<\/strong><\/td>\n<td width=\"38\">Titill<\/td>\n<td width=\"186\"><strong>Hafn<\/strong><\/td>\n<td width=\"33\"><strong>Stig<\/strong><\/td>\n<\/tr>\n<tr>\n<td>1<\/td>\n<td>GM<\/td>\n<td>Hjorvar Steinn Gretarsson<\/td>\n<td>2539<\/td>\n<\/tr>\n<tr>\n<td>2<\/td>\n<td>GM<\/td>\n<td>Hannes Stefansson<\/td>\n<td>2521<\/td>\n<\/tr>\n<tr>\n<td>3<\/td>\n<td>GM<\/td>\n<td>Henrik Danielsen<\/td>\n<td>2501<\/td>\n<\/tr>\n<tr>\n<td>4<\/td>\n<td>GM<\/td>\n<td>Hedinn Steingrimsson<\/td>\n<td>2491<\/td>\n<\/tr>\n<tr>\n<td>5<\/td>\n<td>GM<\/td>\n<td>Vignir Vatnar Stefansson<\/td>\n<td>2470<\/td>\n<\/tr>\n<tr>\n<td>6<\/td>\n<td>GM<\/td>\n<td>Johann Hjartarson<\/td>\n<td>2466<\/td>\n<\/tr>\n<tr>\n<td>7<\/td>\n<td>GM<\/td>\n<td>Bragi Thorfinnsson<\/td>\n<td>2431<\/td>\n<\/tr>\n<tr>\n<td>8<\/td>\n<td>GM<\/td>\n<td>Gudmundur Kjartansson<\/td>\n<td>2402<\/td>\n<\/tr>\n<tr>\n<td>9<\/td>\n<td>IM<\/td>\n<td>Hilmir Freyr Heimisson<\/td>\n<td>2353<\/td>\n<\/tr>\n<tr>\n<td>10<\/td>\n<td>FM<\/td>\n<td>Aleksandr Domalchuk-Jonasson<\/td>\n<td>2338<\/td>\n<\/tr>\n<tr>\n<td>11<\/td>\n<td>WGM<\/td>\n<td>Lenka Ptacnikova<\/td>\n<td>2099<\/td>\n<\/tr>\n<tr>\n<td>12<\/td>\n<td><\/td>\n<td>Johann Ingvason<\/td>\n<td>2076<\/td>\n<\/tr>\n<\/tbody>\n<\/table>\n<h3><strong>DAGSKR\u00c1<\/strong><\/h3>\n<p>Teflt daglega fr\u00e1 15.-25. ma\u00ed. Taflmennska hefst kl. 15 alla daga nema lokaumfer\u00f0in sem hefst kl. 13. Ef tveir e\u00f0a fleiri keppendur ver\u00f0a efstir og jafnir fer fram aukakeppni.<\/p>\n<h3><strong>VER\u00d0LAUN<\/strong><\/h3>\n<p>Ver\u00f0laun hafa veri\u00f0 h\u00e6kku\u00f0 verulega fr\u00e1 s\u00ed\u00f0asta \u00e1ri e\u00f0a \u00far 550.000 kr. \u00ed 850.000 kr.<\/p>\n<ol>\n<li>350.000 kr.<\/li>\n<li>200.000 kr.<\/li>\n<li>150.000 kr.<\/li>\n<li>100.000 kr.<\/li>\n<li>\u00a0 50.000 kr.<\/li>\n<\/ol>\n<p>Ver\u00f0launaf\u00e9 skiptist eftir \u00farslitum aukakeppni um \u00cdslandsmeistaratitilinn fari sl\u00edk keppni fram. Komi ekki til aukakeppni skiptast ver\u00f0laun jafnt \u00e1 milli \u00feeirra sem hafa jafn marga vinninga.<\/p>\n<p>Samkv\u00e6mt 14. grein <a href=\"http:\/\/web.archive.org\/web\/20210921052728\/https:\/\/skak.is\/skaksamband\/um-ssi\/skaklog-skaksambands-islands\/\"><strong>sk\u00e1klaga S\u00cd<\/strong>\u00a0<\/a>skal \u00cdslandsmeistarinn \u00ed sk\u00e1k eiga s\u00e6ti \u00ed landsli\u00f0i \u00cdslands (EM landsli\u00f0a \u00ed Svartfjalllandi 2023) og eiga keppnisr\u00e9tt \u00e1 n\u00e6sta EM einstaklinga (\u00cdsrael 2024).<\/p>\n<h3><strong>M\u00d3TSREGLUR<\/strong><\/h3>\n<ul>\n<li><strong><a href=\"http:\/\/web.archive.org\/web\/20210921052728\/https:\/\/www.fide.com\/FIDE\/handbook\/Competition_Rules.pdf\">Keppnisreglur FIDE (FIDE Competition Rules)<\/a><\/strong><\/li>\n<li><strong><a href=\"http:\/\/web.archive.org\/web\/20210921052728\/https:\/\/skak.is\/skaksamband\/um-ssi\/reglugerdir\/reglugerd-um-landslidsflokk\/\">Regluger\u00f0 um landsli\u00f0sflokk<\/a><\/strong><\/li>\n<\/ul>\n<h3><strong>T\u00cdMAM\u00d6RK<\/strong><\/h3>\n<p>90 m\u00edn\u00fatur + 30 m\u00edn\u00fatur eftir 40 leiki. 30 sek\u00fandna vi\u00f0b\u00f3tart\u00edmi eftir hvern leik.<\/p>\n<h3><strong>JAFNTEFLISREGLUR\u00a0<\/strong><\/h3>\n<p>Takmarkanir eru settar \u00e1 jafnteflisbo\u00f0. H\u00fan gengur \u00fat \u00e1 \u00fea\u00f0 a\u00f0\u00a0ekki\u00a0er heimilt a\u00f0 bj\u00f3\u00f0a jafntefli fyrr en b\u00e1\u00f0ir keppendur hafa leiki\u00f0 30 leiki. \u00c1 \u00fev\u00ed m\u00e1 gera undantekningar s\u00e9 \u00fer\u00e1teflt en \u00fe\u00e1 ver\u00f0ur a\u00f0 st\u00f6\u00f0va klukku, kalla \u00e1 sk\u00e1kstj\u00f3ra og koma me\u00f0 jafntefliskr\u00f6fu.<\/p>\n<h3><strong>A\u00d0RAR REGLUR<\/strong><\/h3>\n<p><strong>M\u00e6ting \u00ed sk\u00e1kir<\/strong>: Menn hafa 30 m\u00edn\u00fatur til a\u00f0 koma s\u00e9r \u00e1 sk\u00e1ksta\u00f0 eftir a\u00f0 augl\u00fdstur upphafst\u00edmi er augl\u00fdstur \u2013 \u00e1\u00f0ur en tap er d\u00e6mt. M\u00f3tshaldarar \u00f3ska engu a\u00f0 s\u00ed\u00f0ur eftir \u00fev\u00ed a\u00f0 keppendur s\u00e9u stundv\u00edsir.<\/p>\n<p><strong>Kl\u00e6\u00f0na\u00f0ur<\/strong>: \u00c6tlast er til a\u00f0 keppendur s\u00e9u \u00e1vallt snyrtilega kl\u00e6ddir. (<em>All the participants should be dressed in a suitable manner<\/em>).<\/p>\n<p><strong>T\u00f6fludr\u00e1ttur<\/strong>: Fer fram degi fyrir m\u00f3t.<\/p>\n<p>Keppendur geta \u00e1tt \u00e1 von \u00e1 \u00fev\u00ed a\u00f0 \u00fea\u00f0 ver\u00f0i leita\u00f0 \u00e1 \u00feeim me\u00f0 m\u00e1lmleitart\u00e6ki (Garret-t\u00e6kinu) \u00e1 sk\u00e1ksta\u00f0 b\u00e6\u00f0i vi\u00f0 upphaf umfer\u00f0ar og \u00ed mi\u00f0ri sk\u00e1k<\/p>\n<p>Stranglega er banna\u00f0 fyrir keppendur og \u00e1horfendur a\u00f0 koma me\u00f0 t\u00f6lvur, snjalls\u00edma og snjall\u00far \u00ed sk\u00e1ksal<\/p>\n<h3><strong>REGLUR UM AUKAKEPPNI<\/strong><\/h3>\n<p>S\u00e9u tveir efstir og jafnir ver\u00f0ur teflt til \u00ferautar og eftir sama fyrirkomulagi \u00e1 Heimsbikarm\u00f3tinu.<\/p>\n<p>Ver\u00f0i fleiri en tveir efstir og jafnir ver\u00f0ur stu\u00f0st er vi\u00f0 grein 13.2 \u00ed reglum\u00a0 FIDE um sk\u00e1km\u00f3tahald (<a href=\"http:\/\/web.archive.org\/web\/20210921052728\/https:\/\/handbook.fide.com\/files\/handbook\/C02Standards.pdf\">https:\/\/handbook.fide.com\/files\/handbook\/C02Standards.pdf<\/a>).<\/p>\n<h3><strong>ODDASTIG<\/strong><\/h3>\n<ol>\n<li>Innbyr\u00f0is \u00farslita<\/li>\n<li>Flestar sigursk\u00e1kir<\/li>\n<li>Sonneborn-Berger<\/li>\n<li>Koya System<\/li>\n<li>Hlutkesti<\/li>\n<\/ol>\n<h3><strong>SK\u00c1KSTJ\u00d3RN<\/strong><\/h3>\n<p>IA P\u00e1ll Sigur\u00f0sson er yfird\u00f3mari landsli\u00f0sflokks.<\/p>\n<h3><strong>M\u00d3TSSTJ\u00d3RN<\/strong><\/h3>\n<p>Stj\u00f3rn Sk\u00e1ksamband \u00cdslands<\/p>\n<h3><strong>\u00c1FR\u00ddJUNARNEFND<\/strong><\/h3>\n<p>D\u00f3mst\u00f3ll S\u00cd<\/p>\n<\/div>\n","protected":false},"excerpt":{"rendered":"<p>LANDSLI\u00d0SFLOKKUR 2023 Landsli\u00f0sflokkur \u00cdslandsm\u00f3tsins \u00ed sk\u00e1k (Sk\u00e1k\u00feing \u00cdslands) fer fram \u00e1 \u00c1sv\u00f6llum \u00ed Hafnarfir\u00f0i dagana 15.-25. ma\u00ed 2023 Eftirtaldir tefla \u00ed landsli\u00f0sflokki 2021. Nr. Titill Hafn Stig 1 GM Hjorvar Steinn Gretarsson 2539 2 GM Hannes Stefansson 2521 3 GM Henrik Danielsen 2501 4 GM Hedinn Steingrimsson 2491 5 GM Vignir Vatnar Stefansson 2470 6 [&hellip;]<\/p>\n","protected":false},"author":2,"featured_media":0,"parent":0,"menu_order":0,"comment_status":"closed","ping_status":"closed","template":"","meta":{"footnotes":""},"class_list":["post-1719","page","type-page","status-publish","hentry"],"jetpack_sharing_enabled":true,"_links":{"self":[{"href":"https:\/\/skak.is\/skakthing\/wp-json\/wp\/v2\/pages\/1719","targetHints":{"allow":["GET"]}}],"collection":[{"href":"https:\/\/skak.is\/skakthing\/wp-json\/wp\/v2\/pages"}],"about":[{"href":"https:\/\/skak.is\/skakthing\/wp-json\/wp\/v2\/types\/page"}],"author":[{"embeddable":true,"href":"https:\/\/skak.is\/skakthing\/wp-json\/wp\/v2\/users\/2"}],"replies":[{"embeddable":true,"href":"https:\/\/skak.is\/skakthing\/wp-json\/wp\/v2\/comments?post=1719"}],"version-history":[{"count":1,"href":"https:\/\/skak.is\/skakthing\/wp-json\/wp\/v2\/pages\/1719\/revisions"}],"predecessor-version":[{"id":1720,"href":"https:\/\/skak.is\/skakthing\/wp-json\/wp\/v2\/pages\/1719\/revisions\/1720"}],"wp:attachment":[{"href":"https:\/\/skak.is\/skakthing\/wp-json\/wp\/v2\/media?parent=1719"}],"curies":[{"name":"wp","href":"https:\/\/api.w.org\/{rel}","templated":true}]}}