{"id":294,"date":"2020-01-28T15:12:59","date_gmt":"2020-01-28T15:12:59","guid":{"rendered":"https:\/\/skak.is\/skakthing\/?page_id=294"},"modified":"2020-01-28T15:17:01","modified_gmt":"2020-01-28T15:17:01","slug":"eldri-vefir","status":"publish","type":"page","link":"https:\/\/skak.is\/skakthing\/eldri-vefir\/","title":{"rendered":"Eldri vefir"},"content":{"rendered":"<p>&nbsp;<\/p>\n<p><a href=\"https:\/\/web.archive.org\/web\/20170619231811\/http:\/\/icelandicchesschampionship.com\/\" target=\"_blank\" rel=\"noopener noreferrer\">Sk\u00e1k\u00feing \u00cdslands 2016-2017<\/a><\/p>\n<p><a href=\"https:\/\/web.archive.org\/web\/20150801124537\/http:\/\/icelandicchesschampionship.com\/\" target=\"_blank\" rel=\"noopener noreferrer\">Sk\u00e1k\u00feing \u00cdslands 2015<\/a><\/p>\n<p><a href=\"https:\/\/web.archive.org\/web\/20170628202430\/http:\/\/2014.icelandicchesschampionship.com\/\" target=\"_blank\" rel=\"noopener noreferrer\">Sk\u00e1k\u00feing \u00cdslands 2014<\/a><\/p>\n<p><a href=\"https:\/\/web.archive.org\/web\/20141119015102\/http:\/\/icelandicopen.com\/category\/news\/\" target=\"_blank\" rel=\"noopener noreferrer\">Sk\u00e1k\u00feing \u00cdslands 2013<\/a><\/p>\n","protected":false},"excerpt":{"rendered":"<p>&nbsp; Sk\u00e1k\u00feing \u00cdslands 2016-2017 Sk\u00e1k\u00feing \u00cdslands 2015 Sk\u00e1k\u00feing \u00cdslands 2014 Sk\u00e1k\u00feing \u00cdslands 2013<\/p>\n","protected":false},"author":1,"featured_media":0,"parent":0,"menu_order":0,"comment_status":"closed","ping_status":"closed","template":"","meta":{"footnotes":""},"class_list":["post-294","page","type-page","status-publish","hentry"],"jetpack_sharing_enabled":true,"_links":{"self":[{"href":"https:\/\/skak.is\/skakthing\/wp-json\/wp\/v2\/pages\/294","targetHints":{"allow":["GET"]}}],"collection":[{"href":"https:\/\/skak.is\/skakthing\/wp-json\/wp\/v2\/pages"}],"about":[{"href":"https:\/\/skak.is\/skakthing\/wp-json\/wp\/v2\/types\/page"}],"author":[{"embeddable":true,"href":"https:\/\/skak.is\/skakthing\/wp-json\/wp\/v2\/users\/1"}],"replies":[{"embeddable":true,"href":"https:\/\/skak.is\/skakthing\/wp-json\/wp\/v2\/comments?post=294"}],"version-history":[{"count":2,"href":"https:\/\/skak.is\/skakthing\/wp-json\/wp\/v2\/pages\/294\/revisions"}],"predecessor-version":[{"id":296,"href":"https:\/\/skak.is\/skakthing\/wp-json\/wp\/v2\/pages\/294\/revisions\/296"}],"wp:attachment":[{"href":"https:\/\/skak.is\/skakthing\/wp-json\/wp\/v2\/media?parent=294"}],"curies":[{"name":"wp","href":"https:\/\/api.w.org\/{rel}","templated":true}]}}