{"id":30,"date":"2020-01-25T23:34:46","date_gmt":"2020-01-25T23:34:46","guid":{"rendered":"https:\/\/skak.is\/skakthing\/?page_id=30"},"modified":"2022-04-24T09:01:07","modified_gmt":"2022-04-24T09:01:07","slug":"landslidsflokkur-2022","status":"publish","type":"page","link":"https:\/\/skak.is\/skakthing\/landslidsflokkur-2022\/","title":{"rendered":"Landsli\u00f0sflokkur 2022"},"content":{"rendered":"<p>Landsli\u00f0sflokkur \u00cdslandsm\u00f3tsins \u00ed sk\u00e1k (Sk\u00e1k\u00feings \u00cdslands) fara fram vi\u00f0 gl\u00e6silegar a\u00f0st\u00e6\u00f0ur \u00ed Bankanum &#8211; Vinnustofu \u00e1 Selfossi, sem n\u00fdlega var opnu\u00f0.<\/p>\n<p>Eftirtaldir tefla \u00ed landsli\u00f0sflokki 2022.<\/p>\n<table width=\"258\">\n<tbody>\n<tr>\n<td width=\"38\"><strong>Nr.<\/strong><\/td>\n<td width=\"25\"><strong>Titill<\/strong><\/td>\n<td width=\"162\"><strong>Sk\u00e1kma\u00f0ur<\/strong><\/td>\n<td width=\"33\"><strong>Stig<\/strong><\/td>\n<\/tr>\n<tr>\n<td>1<\/td>\n<td>GM<\/td>\n<td>Hj\u00f6rvar Steinn Gr\u00e9tarsson<\/td>\n<td>2542<\/td>\n<\/tr>\n<tr>\n<td>2<\/td>\n<td>GM<\/td>\n<td>H\u00e9\u00f0inn Steingr\u00edmsson<\/td>\n<td>2538<\/td>\n<\/tr>\n<tr>\n<td>3<\/td>\n<td>GM<\/td>\n<td>Hannes Hl\u00edfar Stef\u00e1nsson<\/td>\n<td>2524<\/td>\n<\/tr>\n<tr>\n<td>4<\/td>\n<td>IM<\/td>\n<td>Vignir Vatnar Stef\u00e1nsson<\/td>\n<td>2501<\/td>\n<\/tr>\n<tr>\n<td>5<\/td>\n<td>GM<\/td>\n<td>Gu\u00f0mundur Kjartansson<\/td>\n<td>2430<\/td>\n<\/tr>\n<tr>\n<td>6<\/td>\n<td>GM<\/td>\n<td>\u00der\u00f6stur \u00de\u00f3rhallsson<\/td>\n<td>2422<\/td>\n<\/tr>\n<tr>\n<td>7<\/td>\n<td>GM<\/td>\n<td>Bragi \u00deorfinnsson<\/td>\n<td>2419<\/td>\n<\/tr>\n<tr>\n<td>8<\/td>\n<td>FM<\/td>\n<td>Hilmir Freyr Heimisson<\/td>\n<td>2321<\/td>\n<\/tr>\n<tr>\n<td>9<\/td>\n<td>FM<\/td>\n<td>S\u00edmon \u00de\u00f3rhallsson<\/td>\n<td>2252<\/td>\n<\/tr>\n<tr>\n<td>10<\/td>\n<td><\/td>\n<td>Alexander Oliver Mai<\/td>\n<td>2177<\/td>\n<\/tr>\n<tr>\n<td><\/td>\n<td><\/td>\n<td style=\"text-align: right;\"><strong>Me\u00f0alstig<\/strong><\/td>\n<td><strong>2408<\/strong><\/td>\n<\/tr>\n<\/tbody>\n<\/table>\n<p>&nbsp;<\/p>\n<h3><strong>Dagskr\u00e1<\/strong><\/h3>\n<p>Teflt daglega fr\u00e1 21.-1. ma\u00ed, nema 28. og 29. apr\u00edl sem eru fr\u00eddagar. Taflmennska hefst kl. 16 alla daga en 14 um helgar og \u00e1 rau\u00f0um d\u00f6gum. Lokaumfer\u00f0in hefst kl. 13. Ef tveir e\u00f0a fleiri keppendur ver\u00f0a efstir og jafnir fer fram aukakeppni,<\/p>\n<h3><strong>Ver\u00f0laun<\/strong><\/h3>\n<ol>\n<li>300.000<\/li>\n<li>150.000<\/li>\n<li>100.000<\/li>\n<\/ol>\n<p>Ver\u00f0launaf\u00e9 skiptist eftir \u00farslitum aukakeppni um \u00cdslandsmeistaratitilinn fari sl\u00edk keppni fram. Komi ekki til aukakeppni skiptast ver\u00f0laun jafnt \u00e1 milli \u00feeirra sem hafa jafn marga vinninga.<\/p>\n<p>Samkv\u00e6mt 15. grein\u00a0<a href=\"https:\/\/skak.is\/skaksamband\/um-ssi\/skaklog-skaksambands-islands\/\"><strong>sk\u00e1klaga S\u00cd<\/strong>\u00a0<\/a>skal \u00cdslandsmeistarinn \u00ed sk\u00e1k eiga s\u00e6ti \u00ed landsli\u00f0i \u00cdslands (\u00d3lymp\u00edusk\u00e1km\u00f3ti\u00f0 \u00e1 Indlandi 2022) og eiga keppnisr\u00e9tt \u00e1 n\u00e6sta EM einstaklinga<\/p>\n<h3><strong>M\u00f3tsreglur<\/strong><\/h3>\n<ul>\n<li><strong><a href=\"https:\/\/www.fide.com\/FIDE\/handbook\/Competition_Rules.pdf\">Keppnisreglur FIDE (FIDE Competition Rules)<\/a><\/strong><\/li>\n<li><strong><a href=\"https:\/\/skak.is\/skaksamband\/um-ssi\/reglugerdir\/reglugerd-um-landslidsflokk\/\">Regluger\u00f0 um landsli\u00f0sflokk<\/a><\/strong><\/li>\n<\/ul>\n<h3><strong>T\u00edmam\u00f6rk<\/strong><\/h3>\n<p>90 m\u00edn\u00fatur + 30 m\u00edn\u00fatur eftir 40 leiki. 30 sek\u00fandna vi\u00f0b\u00f3tart\u00edmi eftir hvern leik.<\/p>\n<h3><strong>Jafnteflisreglur\u00a0<\/strong><\/h3>\n<p>Takmarkanir eru settar \u00e1 jafnteflisbo\u00f0. H\u00fan gengur \u00fat \u00e1 \u00fea\u00f0 a\u00f0\u00a0ekki\u00a0er heimilt a\u00f0 bj\u00f3\u00f0a jafntefli fyrr en b\u00e1\u00f0ir keppendur hafa leiki\u00f0 30 leiki. \u00c1 \u00fev\u00ed m\u00e1 gera undantekningar s\u00e9 \u00fer\u00e1teflt en \u00fe\u00e1 ver\u00f0ur a\u00f0 st\u00f6\u00f0va klukku, kalla \u00e1 sk\u00e1kstj\u00f3ra og koma me\u00f0 jafntefliskr\u00f6fu.<\/p>\n<h3><strong>A\u00f0rar reglur<\/strong><\/h3>\n<p><strong>M\u00e6ting \u00ed sk\u00e1kir<\/strong>: Menn hafa 30 m\u00edn\u00fatur til a\u00f0 koma s\u00e9r \u00e1 sk\u00e1ksta\u00f0 eftir a\u00f0 umfer\u00f0 hefst \u2013 \u00e1\u00f0ur en tap er d\u00e6mt. M\u00f3tshaldarar \u00f3ska engu a\u00f0 s\u00ed\u00f0ur eftir \u00fev\u00ed a\u00f0 keppendur s\u00e9u stundv\u00edsir.<\/p>\n<p><strong>Kl\u00e6\u00f0na\u00f0ur<\/strong>: \u00c6tlast er til a\u00f0 keppendur s\u00e9u \u00e1vallt snyrtilega kl\u00e6ddir. (<em>All the participants should be dressed in a suitable manner<\/em>).<\/p>\n<p><strong>T\u00f6fludr\u00e1ttur<\/strong>: Fer fram degi fyrir m\u00f3t.<\/p>\n<p>Keppendur geta \u00e1tt \u00e1 von \u00e1 \u00fev\u00ed a\u00f0 \u00fea\u00f0 ver\u00f0i leita\u00f0 \u00e1 \u00feeim me\u00f0 m\u00e1lmleitart\u00e6ki (Garret-t\u00e6kinu) \u00e1 sk\u00e1ksta\u00f0 b\u00e6\u00f0i vi\u00f0 upphaf umfer\u00f0ar og \u00ed mi\u00f0ri sk\u00e1k<\/p>\n<p>T\u00f6lvur, snjalls\u00edmar og snjallt\u00e6ki eru b\u00f6nnu\u00f0 \u00ed sk\u00e1ksal.<\/p>\n<h3><strong>Reglur um aukakeppni<\/strong><\/h3>\n<p>S\u00e9u tveir efstir og jafnir ver\u00f0ur teflt til \u00ferautar og eftir sama fyrirkomulagi \u00e1 \u00cdslandsbikarnum\/Heimsbikarm\u00f3tinu.<\/p>\n<p>Ver\u00f0i fleiri en tveir efstir og jafnir ver\u00f0ur stu\u00f0st er vi\u00f0 grein 13.2 \u00ed reglum\u00a0 FIDE um sk\u00e1km\u00f3tahald (<a href=\"https:\/\/handbook.fide.com\/files\/handbook\/C02Standards.pdf\">https:\/\/handbook.fide.com\/files\/handbook\/C02Standards.pdf<\/a>).<\/p>\n<h3><strong>Oddastig<\/strong><\/h3>\n<ol>\n<li>Innbyr\u00f0is \u00farslita<\/li>\n<li>Flestar sigursk\u00e1kir<\/li>\n<li>Sonneborn-Bergur<\/li>\n<li>Koya System<\/li>\n<li>Hlutkesti<\/li>\n<\/ol>\n<h3><strong>Sk\u00e1kstj\u00f3rn<\/strong><\/h3>\n<p>IA R\u00f3bert Lagerman er yfird\u00f3mari m\u00f3tsins<\/p>\n<h3><strong>M\u00f3tsstj\u00f3rn<\/strong><\/h3>\n<p>Stj\u00f3rn Sk\u00e1ksamband \u00cdslands<\/p>\n<h3><strong>\u00c1fr\u00fdjunarnefnd<\/strong><\/h3>\n<p>D\u00f3mst\u00f3ll S\u00cd<\/p>\n","protected":false},"excerpt":{"rendered":"<p>Landsli\u00f0sflokkur \u00cdslandsm\u00f3tsins \u00ed sk\u00e1k (Sk\u00e1k\u00feings \u00cdslands) fara fram vi\u00f0 gl\u00e6silegar a\u00f0st\u00e6\u00f0ur \u00ed Bankanum &#8211; Vinnustofu \u00e1 Selfossi, sem n\u00fdlega var opnu\u00f0. Eftirtaldir tefla \u00ed landsli\u00f0sflokki 2022. Nr. Titill Sk\u00e1kma\u00f0ur Stig 1 GM Hj\u00f6rvar Steinn Gr\u00e9tarsson 2542 2 GM H\u00e9\u00f0inn Steingr\u00edmsson 2538 3 GM Hannes Hl\u00edfar Stef\u00e1nsson 2524 4 IM Vignir Vatnar Stef\u00e1nsson 2501 5 GM [&hellip;]<\/p>\n","protected":false},"author":1,"featured_media":0,"parent":0,"menu_order":0,"comment_status":"closed","ping_status":"closed","template":"","meta":{"footnotes":""},"class_list":["post-30","page","type-page","status-publish","hentry"],"jetpack_sharing_enabled":true,"_links":{"self":[{"href":"https:\/\/skak.is\/skakthing\/wp-json\/wp\/v2\/pages\/30","targetHints":{"allow":["GET"]}}],"collection":[{"href":"https:\/\/skak.is\/skakthing\/wp-json\/wp\/v2\/pages"}],"about":[{"href":"https:\/\/skak.is\/skakthing\/wp-json\/wp\/v2\/types\/page"}],"author":[{"embeddable":true,"href":"https:\/\/skak.is\/skakthing\/wp-json\/wp\/v2\/users\/1"}],"replies":[{"embeddable":true,"href":"https:\/\/skak.is\/skakthing\/wp-json\/wp\/v2\/comments?post=30"}],"version-history":[{"count":15,"href":"https:\/\/skak.is\/skakthing\/wp-json\/wp\/v2\/pages\/30\/revisions"}],"predecessor-version":[{"id":1648,"href":"https:\/\/skak.is\/skakthing\/wp-json\/wp\/v2\/pages\/30\/revisions\/1648"}],"wp:attachment":[{"href":"https:\/\/skak.is\/skakthing\/wp-json\/wp\/v2\/media?parent=30"}],"curies":[{"name":"wp","href":"https:\/\/api.w.org\/{rel}","templated":true}]}}