{"id":32,"date":"2020-01-25T23:37:54","date_gmt":"2020-01-25T23:37:54","guid":{"rendered":"https:\/\/skak.is\/skakthing\/?page_id=32"},"modified":"2021-03-24T12:27:15","modified_gmt":"2021-03-24T12:27:15","slug":"askorendaflokkur-2020","status":"publish","type":"page","link":"https:\/\/skak.is\/skakthing\/askorendaflokkur-2020\/","title":{"rendered":"\u00c1skorendaflokkur 2020"},"content":{"rendered":"<p><strong>\u00c1skorendaflokkur 2021 fer fram s\u00ed\u00f0sumars e\u00f0a \u00ed haust.\u00a0<\/strong><\/p>\n<h3><strong>\u00c1skorendaflokkur 2020<\/strong><\/h3>\n<p>\u00c1skorendaflokkur \u00cdslandsm\u00f3tsins \u00ed sk\u00e1k (Sk\u00e1k\u00feings \u00cdslands) fer fram vi\u00f0 gl\u00e6silegar a\u00f0st\u00e6\u00f0ur \u00ed sk\u00e1kh\u00f6ll TR 22.-30. \u00e1g\u00fast<\/p>\n<p>\u00c1skorendaflokkur er opinn fyrir alla a\u00f0ra en \u00fe\u00e1 sem tefla \u00ed landsli\u00f0sflokki.<\/p>\n<h5><strong>Dagskr\u00e1<\/strong><\/h5>\n<table width=\"300\">\n<tbody>\n<tr>\n<td width=\"84\"><strong>Dags.<\/strong><\/td>\n<td width=\"103\"><strong>Vikud.<\/strong><\/td>\n<td width=\"55\"><strong>Umfer\u00f0<\/strong><\/td>\n<td width=\"59\"><strong>T\u00edmi<\/strong><\/td>\n<\/tr>\n<tr>\n<td width=\"84\">22. \u00e1g\u00fast<\/td>\n<td width=\"103\">Laugardagur<\/td>\n<td width=\"55\">1<\/td>\n<td width=\"59\">15-20<\/td>\n<\/tr>\n<tr>\n<td width=\"84\">23. \u00e1g\u00fast<\/td>\n<td width=\"103\">Sunnudagur<\/td>\n<td width=\"55\">2<\/td>\n<td width=\"59\">15-20<\/td>\n<\/tr>\n<tr>\n<td width=\"84\">24. \u00e1g\u00fast<\/td>\n<td width=\"103\">M\u00e1nudagur<\/td>\n<td width=\"55\">3<\/td>\n<td width=\"59\">18-23<\/td>\n<\/tr>\n<tr>\n<td width=\"84\">25. \u00e1g\u00fast<\/td>\n<td width=\"103\">\u00deri\u00f0judagur<\/td>\n<td width=\"55\">4<\/td>\n<td width=\"59\">18-23<\/td>\n<\/tr>\n<tr>\n<td width=\"84\">26. \u00e1g\u00fast<\/td>\n<td width=\"103\">Mi\u00f0vikudagur<\/td>\n<td width=\"55\">5<\/td>\n<td width=\"59\">18-23<\/td>\n<\/tr>\n<tr>\n<td width=\"84\">27. \u00e1g\u00fast<\/td>\n<td width=\"103\">Fimmtudagur<\/td>\n<td width=\"55\">6<\/td>\n<td width=\"59\">18-23<\/td>\n<\/tr>\n<tr>\n<td width=\"84\">28. \u00e1g\u00fast<\/td>\n<td width=\"103\">F\u00f6studagur<\/td>\n<td width=\"55\">7<\/td>\n<td width=\"59\">18-23<\/td>\n<\/tr>\n<tr>\n<td width=\"84\">29. \u00e1g\u00fast<\/td>\n<td width=\"103\">Laugardagur<\/td>\n<td width=\"55\">8<\/td>\n<td width=\"59\">15-20<\/td>\n<\/tr>\n<tr>\n<td width=\"84\">30. \u00e1g\u00fast<\/td>\n<td width=\"103\">Sunnudagur<\/td>\n<td width=\"55\">9<\/td>\n<td width=\"59\">13-18<\/td>\n<\/tr>\n<\/tbody>\n<\/table>\n<p>&nbsp;<\/p>\n<h5><strong>Ver\u00f0laun<\/strong><\/h5>\n<ol>\n<li>75.000 kr.<\/li>\n<li>45.000 kr.<\/li>\n<li>30.000 kr.<\/li>\n<\/ol>\n<p>Ver\u00f0laun skiptast eftir Hort-kerfi s\u00e9u menn efstir \u00ed ver\u00f0launas\u00e6tum \u00ed \u00e1skorendaflokki. Tv\u00f6 efstu s\u00e6tin gefa keppnisr\u00e9tt \u00ed landsli\u00f0sflokki \u00e1ri\u00f0 2021. Oddastiga\u00fatreikningur r\u00e6\u00f0ur s\u00e9u menn jafnir \u00ed ver\u00f0launas\u00e6tum.<\/p>\n<h5><strong>Oddastig<\/strong><\/h5>\n<ol>\n<li>Flestar tefldar sk\u00e1kir<\/li>\n<li>Buchholz-1<\/li>\n<li>Buchholz<\/li>\n<li>Sonneborn-Berger<\/li>\n<li>Innbyr\u00f0is \u00farslit<\/li>\n<\/ol>\n<h5><strong>Skr\u00e1ning<\/strong><\/h5>\n<p>\u00de\u00e1ttt\u00f6kugj\u00f6ld eru 6.000 kr. Unglingar 15 \u00e1ra og yngri (2003 og s\u00ed\u00f0ar) f\u00e1 50% afsl\u00e1tt. Titilhafar a\u00f0rir en CM\/WCM f\u00e1 fr\u00ed \u00fe\u00e1ttt\u00f6kugj\u00f6ld.<\/p>\n<p>Skr\u00e1ning fer eing\u00f6ngu fram \u00e1 Sk\u00e1k.is \u2013 gula kassanum. Ekki ver\u00f0ur h\u00e6gt a\u00f0 skr\u00e1 sig til leiks \u00e1 sk\u00e1ksta\u00f0.\u00a0 <strong>Skr\u00e1ningarfrestur rennur \u00fat 21. \u00e1g\u00fast 2020.\u00a0<\/strong><\/p>\n<p>\u00de\u00e1ttt\u00f6kugj\u00f6ld grei\u00f0ist inn \u00e1 reikning 101-26-12763, kt. 580269-5409 fyrir lok skr\u00e1ningarfrests.<\/p>\n<ul>\n<li><a href=\"https:\/\/docs.google.com\/forms\/d\/e\/1FAIpQLScRW-vQxGHpz3cWzdcMpbbwdt5RHH1P5kWWhXnek9ea08jppg\/viewform\">Skr\u00e1ningarform<\/a><\/li>\n<li><a href=\"https:\/\/www.google.com\/url?q=https:\/\/docs.google.com\/spreadsheets\/d\/1X1agHJDpz19u46Yl-QPD5mzhmh4aL9SXCxr1Btqecl0&amp;sa=D&amp;ust=1580247011497000&amp;usg=AFQjCNFAu9qPPsOqiSuydRpofttDZQSrxw\">\u00deegar skr\u00e1\u00f0ir keppendur<\/a><\/li>\n<\/ul>\n<h5><strong>T\u00edmam\u00f6rk<\/strong><\/h5>\n<p>\u00c1skorendaflokkur: 90 m\u00edn\u00fatur + 15 m\u00edn\u00fatur eftir 40 leiki. 30 sek\u00fanda vi\u00f0b\u00f3tart\u00edmi eftir hvern leik.<\/p>\n<h5><strong>Jafnteflisreglur\u00a0<\/strong><\/h5>\n<p>Takmarkanir eru settar \u00e1 jafnteflisbo\u00f0. H\u00fan gengur \u00fat \u00e1 \u00fea\u00f0 a\u00f0\u00a0ekki\u00a0er heimilt a\u00f0 bj\u00f3\u00f0a jafntefli fyrr en b\u00e1\u00f0ir keppendur hafa leiki\u00f0 30 leiki. \u00c1 \u00fev\u00ed m\u00e1 gera undantekningar s\u00e9 \u00fer\u00e1teflt en \u00fe\u00e1 ver\u00f0ur a\u00f0 st\u00f6\u00f0va klukku, kalla \u00e1 sk\u00e1kstj\u00f3ra og koma me\u00f0 jafntefliskr\u00f6fu.<\/p>\n<h5><strong>Yfirseta<\/strong><\/h5>\n<p>H\u00e6gt er a\u00f0 taka tv\u00e6r yfirsetur \u00ed umfer\u00f0um 1-6 og f\u00e1 fyrir hana h\u00e1lfan vinning. \u00d3ska \u00fearf eftir yfirsetunni fyrir lok umfer\u00f0arinnar \u00e1 undan og fylla \u00fat ey\u00f0ubla\u00f0 \u00feess efnis hj\u00e1 sk\u00e1kstj\u00f3ra.<\/p>\n","protected":false},"excerpt":{"rendered":"<p>\u00c1skorendaflokkur 2021 fer fram s\u00ed\u00f0sumars e\u00f0a \u00ed haust.\u00a0 \u00c1skorendaflokkur 2020 \u00c1skorendaflokkur \u00cdslandsm\u00f3tsins \u00ed sk\u00e1k (Sk\u00e1k\u00feings \u00cdslands) fer fram vi\u00f0 gl\u00e6silegar a\u00f0st\u00e6\u00f0ur \u00ed sk\u00e1kh\u00f6ll TR 22.-30. \u00e1g\u00fast \u00c1skorendaflokkur er opinn fyrir alla a\u00f0ra en \u00fe\u00e1 sem tefla \u00ed landsli\u00f0sflokki. Dagskr\u00e1 Dags. Vikud. Umfer\u00f0 T\u00edmi 22. \u00e1g\u00fast Laugardagur 1 15-20 23. \u00e1g\u00fast Sunnudagur 2 15-20 24. \u00e1g\u00fast [&hellip;]<\/p>\n","protected":false},"author":1,"featured_media":0,"parent":0,"menu_order":0,"comment_status":"closed","ping_status":"closed","template":"","meta":{"footnotes":""},"class_list":["post-32","page","type-page","status-publish","hentry"],"jetpack_sharing_enabled":true,"_links":{"self":[{"href":"https:\/\/skak.is\/skakthing\/wp-json\/wp\/v2\/pages\/32","targetHints":{"allow":["GET"]}}],"collection":[{"href":"https:\/\/skak.is\/skakthing\/wp-json\/wp\/v2\/pages"}],"about":[{"href":"https:\/\/skak.is\/skakthing\/wp-json\/wp\/v2\/types\/page"}],"author":[{"embeddable":true,"href":"https:\/\/skak.is\/skakthing\/wp-json\/wp\/v2\/users\/1"}],"replies":[{"embeddable":true,"href":"https:\/\/skak.is\/skakthing\/wp-json\/wp\/v2\/comments?post=32"}],"version-history":[{"count":9,"href":"https:\/\/skak.is\/skakthing\/wp-json\/wp\/v2\/pages\/32\/revisions"}],"predecessor-version":[{"id":1201,"href":"https:\/\/skak.is\/skakthing\/wp-json\/wp\/v2\/pages\/32\/revisions\/1201"}],"wp:attachment":[{"href":"https:\/\/skak.is\/skakthing\/wp-json\/wp\/v2\/media?parent=32"}],"curies":[{"name":"wp","href":"https:\/\/api.w.org\/{rel}","templated":true}]}}