{"id":20,"date":"2023-03-11T20:09:49","date_gmt":"2023-03-11T20:09:49","guid":{"rendered":"https:\/\/skak.is\/timarit\/?page_id=20"},"modified":"2023-03-11T20:13:48","modified_gmt":"2023-03-11T20:13:48","slug":"forsida","status":"publish","type":"page","link":"https:\/\/skak.is\/timarit\/","title":{"rendered":"Fors\u00ed\u00f0a"},"content":{"rendered":"<div id=\"td_uid_1_69e82e645929f\" class=\"tdc-row\"><div class=\"vc_row td_uid_1_69e82e64592a4_rand  wpb_row td-pb-row\" >\n<style scoped>\n\n\/* custom css *\/\n.td_uid_1_69e82e64592a4_rand {\r\n                    min-height: 0;\r\n                }\n<\/style><div class=\"vc_column td_uid_2_69e82e645941f_rand  wpb_column vc_column_container tdc-column td-pb-span12\"><div class=\"wpb_wrapper\"><div class=\"td_block_wrap td_block_big_grid_7 td_uid_3_69e82e64594d7_rand td-grid-style-1 td-hover-1 td-big-grids td-pb-border-top td_block_template_1\"  data-td-block-uid=\"td_uid_3_69e82e64594d7\" >\n<style>\n\n\/* custom css *\/\n\n\n\/* phone *\/\n@media (max-width: 767px){\n.td_uid_3_69e82e64594d7_rand .td_block_inner .td-big-grid-scroll .entry-title {\r\n\t\t\t\t\t@mx6f_title\r\n\t\t\t\t}\r\n\t\t\t\t.td_uid_3_69e82e64594d7_rand .td-big-grid-scroll .td-post-category {\r\n\t\t\t\t\t@mx6f_cat\r\n\t\t\t\t}\n}\n<\/style><div id=td_uid_3_69e82e64594d7 class=\"td_block_inner\"><div class=\"td-big-grid-wrapper\">\r\n        <div class=\"td_module_mx12 td-animation-stack td-big-grid-post-0 td-big-grid-post td-small-thumb\">\r\n            <div class=\"td-module-thumb\"><a href=\"https:\/\/skak.is\/timarit\/2025\/03\/05\/vorhefti-skakar-2025-komid-ut\/\" rel=\"bookmark\" class=\"td-image-wrap\" title=\"Vorhefti Sk\u00e1kar 2025 komi\u00f0 \u00fat!\"><img loading=\"lazy\" decoding=\"async\" width=\"356\" height=\"220\" class=\"entry-thumb\" src=\"https:\/\/skak.is\/timarit\/wp-content\/uploads\/sites\/16\/2025\/03\/timarit_vor25-356x220.jpeg\" alt=\"\" title=\"Vorhefti Sk\u00e1kar 2025 komi\u00f0 \u00fat!\"\/><\/a><\/div>            <div class=\"td-meta-info-container\">\r\n                <div class=\"td-meta-align\">\r\n                    <div class=\"td-big-grid-meta\">\r\n                        <a href=\"https:\/\/skak.is\/timarit\/category\/frettir\/\" class=\"td-post-category\">Fr\u00e9ttir<\/a>                        <h3 class=\"entry-title td-module-title\"><a href=\"https:\/\/skak.is\/timarit\/2025\/03\/05\/vorhefti-skakar-2025-komid-ut\/\" rel=\"bookmark\" title=\"Vorhefti Sk\u00e1kar 2025 komi\u00f0 \u00fat!\">Vorhefti Sk\u00e1kar 2025 komi\u00f0 \u00fat!<\/a><\/h3>                    <\/div>\r\n                    <div class=\"td-module-meta-info\">\r\n                        <span class=\"td-post-author-name\"><a href=\"https:\/\/skak.is\/timarit\/author\/ryksuguskyr\/\">Gauti P\u00e1ll J\u00f3nsson<\/a> <span>-<\/span> <\/span>                        <span class=\"td-post-date\"><time class=\"entry-date updated td-module-date\" datetime=\"2025-03-05T20:40:24+00:00\" >5. mars, 2025<\/time><\/span>                    <\/div>\r\n                <\/div>\r\n            <\/div>\r\n\r\n        <\/div>\r\n\r\n        <div class=\"td-big-grid-scroll\">\r\n        <div class=\"td_module_mx12 td-animation-stack td-big-grid-post-1 td-big-grid-post td-small-thumb\">\r\n            <div class=\"td-module-thumb\"><a href=\"https:\/\/skak.is\/timarit\/2024\/10\/13\/timaritid-skak-kemur-ut-i-dag-2\/\" rel=\"bookmark\" class=\"td-image-wrap\" title=\"T\u00edmariti\u00f0 Sk\u00e1k komi\u00f0 \u00fat &#8211; h\u00e6gt a\u00f0 n\u00e1lgast \u00ed TR!\"><img loading=\"lazy\" decoding=\"async\" width=\"356\" height=\"220\" class=\"entry-thumb\" src=\"https:\/\/skak.is\/timarit\/wp-content\/uploads\/sites\/16\/2024\/10\/GB-og-GPJ-356x220.jpg\" alt=\"\" title=\"T\u00edmariti\u00f0 Sk\u00e1k komi\u00f0 \u00fat &#8211; h\u00e6gt a\u00f0 n\u00e1lgast \u00ed TR!\"\/><\/a><\/div>            <div class=\"td-meta-info-container\">\r\n                <div class=\"td-meta-align\">\r\n                    <div class=\"td-big-grid-meta\">\r\n                        <a href=\"https:\/\/skak.is\/timarit\/category\/frettir\/\" class=\"td-post-category\">Fr\u00e9ttir<\/a>                        <h3 class=\"entry-title td-module-title\"><a href=\"https:\/\/skak.is\/timarit\/2024\/10\/13\/timaritid-skak-kemur-ut-i-dag-2\/\" rel=\"bookmark\" title=\"T\u00edmariti\u00f0 Sk\u00e1k komi\u00f0 \u00fat &#8211; h\u00e6gt a\u00f0 n\u00e1lgast \u00ed TR!\">T\u00edmariti\u00f0 Sk\u00e1k komi\u00f0 \u00fat &#8211; h\u00e6gt a\u00f0 n\u00e1lgast \u00ed TR!<\/a><\/h3>                    <\/div>\r\n                    <div class=\"td-module-meta-info\">\r\n                        <span class=\"td-post-author-name\"><a href=\"https:\/\/skak.is\/timarit\/author\/ryksuguskyr\/\">Gauti P\u00e1ll J\u00f3nsson<\/a> <span>-<\/span> <\/span>                        <span class=\"td-post-date\"><time class=\"entry-date updated td-module-date\" datetime=\"2024-10-13T17:00:20+00:00\" >13. okt\u00f3ber, 2024<\/time><\/span>                    <\/div>\r\n                <\/div>\r\n            <\/div>\r\n\r\n        <\/div>\r\n\r\n        \r\n        <div class=\"td_module_mx12 td-animation-stack td-big-grid-post-2 td-big-grid-post td-small-thumb\">\r\n            <div class=\"td-module-thumb\"><a href=\"https:\/\/skak.is\/timarit\/2024\/10\/03\/timaritid-skak-kemur-ut-i-dag\/\" rel=\"bookmark\" class=\"td-image-wrap\" title=\"T\u00edmariti\u00f0 Sk\u00e1k kemur \u00fat \u00ed dag!\"><img loading=\"lazy\" decoding=\"async\" width=\"356\" height=\"220\" class=\"entry-thumb\" src=\"https:\/\/skak.is\/timarit\/wp-content\/uploads\/sites\/16\/2024\/01\/Screenshot-2023-03-09-155410-356x220.jpg\" alt=\"\" title=\"T\u00edmariti\u00f0 Sk\u00e1k kemur \u00fat \u00ed dag!\"\/><\/a><\/div>            <div class=\"td-meta-info-container\">\r\n                <div class=\"td-meta-align\">\r\n                    <div class=\"td-big-grid-meta\">\r\n                        <a href=\"https:\/\/skak.is\/timarit\/category\/frettir\/\" class=\"td-post-category\">Fr\u00e9ttir<\/a>                        <h3 class=\"entry-title td-module-title\"><a href=\"https:\/\/skak.is\/timarit\/2024\/10\/03\/timaritid-skak-kemur-ut-i-dag\/\" rel=\"bookmark\" title=\"T\u00edmariti\u00f0 Sk\u00e1k kemur \u00fat \u00ed dag!\">T\u00edmariti\u00f0 Sk\u00e1k kemur \u00fat \u00ed dag!<\/a><\/h3>                    <\/div>\r\n                    <div class=\"td-module-meta-info\">\r\n                        <span class=\"td-post-author-name\"><a href=\"https:\/\/skak.is\/timarit\/author\/gunnar\/\">Gunnar Bj\u00f6rnsson<\/a> <span>-<\/span> <\/span>                        <span class=\"td-post-date\"><time class=\"entry-date updated td-module-date\" datetime=\"2024-10-03T11:15:20+00:00\" >3. okt\u00f3ber, 2024<\/time><\/span>                    <\/div>\r\n                <\/div>\r\n            <\/div>\r\n\r\n        <\/div>\r\n\r\n        \r\n        <div class=\"td_module_mx6 td-animation-stack td-big-grid-post-3 td-big-grid-post td-small-thumb\">\r\n            <div class=\"td-module-thumb\"><a href=\"https:\/\/skak.is\/timarit\/2024\/08\/13\/timaritid-skak-lifir-her-er-haegt-ad-gerast-askrifandi\/\" rel=\"bookmark\" class=\"td-image-wrap\" title=\"T\u00edmariti\u00f0 Sk\u00e1k lifir! H\u00e9r er h\u00e6gt a\u00f0 gerast \u00e1skrifandi!\"><img loading=\"lazy\" decoding=\"async\" width=\"265\" height=\"198\" class=\"entry-thumb\" src=\"https:\/\/skak.is\/timarit\/wp-content\/uploads\/sites\/16\/2024\/08\/timarit_vor24-265x198.jpg\" srcset=\"https:\/\/skak.is\/timarit\/wp-content\/uploads\/sites\/16\/2024\/08\/timarit_vor24-265x198.jpg 265w, https:\/\/skak.is\/timarit\/wp-content\/uploads\/sites\/16\/2024\/08\/timarit_vor24-300x225.jpg 300w, https:\/\/skak.is\/timarit\/wp-content\/uploads\/sites\/16\/2024\/08\/timarit_vor24-1024x768.jpg 1024w, https:\/\/skak.is\/timarit\/wp-content\/uploads\/sites\/16\/2024\/08\/timarit_vor24-768x576.jpg 768w, https:\/\/skak.is\/timarit\/wp-content\/uploads\/sites\/16\/2024\/08\/timarit_vor24-1536x1152.jpg 1536w, https:\/\/skak.is\/timarit\/wp-content\/uploads\/sites\/16\/2024\/08\/timarit_vor24-2048x1536.jpg 2048w, https:\/\/skak.is\/timarit\/wp-content\/uploads\/sites\/16\/2024\/08\/timarit_vor24-80x60.jpg 80w, https:\/\/skak.is\/timarit\/wp-content\/uploads\/sites\/16\/2024\/08\/timarit_vor24-485x360.jpg 485w, https:\/\/skak.is\/timarit\/wp-content\/uploads\/sites\/16\/2024\/08\/timarit_vor24-696x522.jpg 696w, https:\/\/skak.is\/timarit\/wp-content\/uploads\/sites\/16\/2024\/08\/timarit_vor24-1068x801.jpg 1068w, https:\/\/skak.is\/timarit\/wp-content\/uploads\/sites\/16\/2024\/08\/timarit_vor24-560x420.jpg 560w, https:\/\/skak.is\/timarit\/wp-content\/uploads\/sites\/16\/2024\/08\/timarit_vor24-600x450.jpg 600w\" sizes=\"auto, (max-width: 265px) 100vw, 265px\" alt=\"\" title=\"T\u00edmariti\u00f0 Sk\u00e1k lifir! H\u00e9r er h\u00e6gt a\u00f0 gerast \u00e1skrifandi!\"\/><\/a><\/div>            <div class=\"td-meta-info-container\">\r\n                <div class=\"td-meta-align\">\r\n                    <div class=\"td-big-grid-meta\">\r\n                        <a href=\"https:\/\/skak.is\/timarit\/category\/frettir\/\" class=\"td-post-category\">Fr\u00e9ttir<\/a>                        <h3 class=\"entry-title td-module-title\"><a href=\"https:\/\/skak.is\/timarit\/2024\/08\/13\/timaritid-skak-lifir-her-er-haegt-ad-gerast-askrifandi\/\" rel=\"bookmark\" title=\"T\u00edmariti\u00f0 Sk\u00e1k lifir! H\u00e9r er h\u00e6gt a\u00f0 gerast \u00e1skrifandi!\">T\u00edmariti\u00f0 Sk\u00e1k lifir! H\u00e9r er h\u00e6gt a\u00f0 gerast \u00e1skrifandi!<\/a><\/h3>                    <\/div>\r\n                <\/div>\r\n            <\/div>\r\n\r\n        <\/div>\r\n\r\n\r\n        \r\n        <div class=\"td_module_mx6 td-animation-stack td-big-grid-post-4 td-big-grid-post td-small-thumb\">\r\n            <div class=\"td-module-thumb\"><a href=\"https:\/\/skak.is\/timarit\/2024\/01\/16\/kynning-a-timaritinu-skak\/\" rel=\"bookmark\" class=\"td-image-wrap\" title=\"Kynning \u00e1 T\u00edmaritinu Sk\u00e1k! Kaupa bla\u00f0i\u00f0\"><img loading=\"lazy\" decoding=\"async\" width=\"265\" height=\"198\" class=\"entry-thumb\" src=\"https:\/\/skak.is\/timarit\/wp-content\/uploads\/sites\/16\/2023\/03\/Screenshot-2023-03-09-155410-265x198.jpg\" srcset=\"https:\/\/skak.is\/timarit\/wp-content\/uploads\/sites\/16\/2023\/03\/Screenshot-2023-03-09-155410-265x198.jpg 265w, https:\/\/skak.is\/timarit\/wp-content\/uploads\/sites\/16\/2023\/03\/Screenshot-2023-03-09-155410-80x60.jpg 80w, https:\/\/skak.is\/timarit\/wp-content\/uploads\/sites\/16\/2023\/03\/Screenshot-2023-03-09-155410-485x360.jpg 485w\" sizes=\"auto, (max-width: 265px) 100vw, 265px\" alt=\"\" title=\"Kynning \u00e1 T\u00edmaritinu Sk\u00e1k! Kaupa bla\u00f0i\u00f0\"\/><\/a><\/div>            <div class=\"td-meta-info-container\">\r\n                <div class=\"td-meta-align\">\r\n                    <div class=\"td-big-grid-meta\">\r\n                        <a href=\"https:\/\/skak.is\/timarit\/category\/frettir\/\" class=\"td-post-category\">Fr\u00e9ttir<\/a>                        <h3 class=\"entry-title td-module-title\"><a href=\"https:\/\/skak.is\/timarit\/2024\/01\/16\/kynning-a-timaritinu-skak\/\" rel=\"bookmark\" title=\"Kynning \u00e1 T\u00edmaritinu Sk\u00e1k! Kaupa bla\u00f0i\u00f0\">Kynning \u00e1 T\u00edmaritinu Sk\u00e1k! Kaupa bla\u00f0i\u00f0<\/a><\/h3>                    <\/div>\r\n                <\/div>\r\n            <\/div>\r\n\r\n        <\/div>\r\n\r\n\r\n        \r\n        <div class=\"td_module_mx_empty td-animation-stack td-big-grid-post-5 td-big-grid-post td-module-empty td_module_mx6\">\r\n            <div class=\"td-module-thumb\"><\/div>\r\n        <\/div>\r\n\r\n        \r\n        <div class=\"td_module_mx_empty td-animation-stack td-big-grid-post-6 td-big-grid-post td-module-empty td_module_mx6\">\r\n            <div class=\"td-module-thumb\"><\/div>\r\n        <\/div>\r\n\r\n        <\/div><\/div><div class=\"clearfix\"><\/div><\/div><\/div> <!-- .\/block --><\/div><\/div><\/div><\/div>\r\n\t\t<script>\r\n\r\n\t\t\tjQuery(window).load(function () {\r\n\t\t\t\tjQuery('body').find('#td_uid_1_69e82e645929f .td-element-style').each(function (index, element) {\r\n\t\t\t\t\tjQuery(element).css('opacity', 1);\r\n\t\t\t\t\treturn;\r\n\t\t\t\t});\r\n\t\t\t});\r\n\r\n\t\t<\/script>\r\n\r\n\t\t\r\n\t\t\t<script>\r\n\r\n\t\t\t\tjQuery(window).ready(function () {\r\n\r\n\t\t\t\t\t\/\/ We need timeout because the content must be rendered and interpreted on client\r\n\t\t\t\t\tsetTimeout(function () {\r\n\r\n\t\t\t\t\t\tvar $content = jQuery('body').find('#tdc-live-iframe'),\r\n\t\t\t\t\t\t\trefWindow = undefined;\r\n\r\n\t\t\t\t\t\tif ($content.length) {\r\n\t\t\t\t\t\t\t$content = $content.contents();\r\n\t\t\t\t\t\t\trefWindow = document.getElementById('tdc-live-iframe').contentWindow || document.getElementById('tdc-live-iframe').contentDocument;\r\n\r\n\t\t\t\t\t\t} else {\r\n\t\t\t\t\t\t\t$content = jQuery('body');\r\n\t\t\t\t\t\t\trefWindow = window;\r\n\t\t\t\t\t\t}\r\n\r\n\t\t\t\t\t\t$content.find('#td_uid_1_69e82e645929f .td-element-style').each(function (index, element) {\r\n\t\t\t\t\t\t\tjQuery(element).css('opacity', 1);\r\n\t\t\t\t\t\t\treturn;\r\n\t\t\t\t\t\t});\r\n\t\t\t\t\t});\r\n\r\n\t\t\t\t}, 200);\r\n\t\t\t<\/script>\r\n\r\n\t\t\t<div id=\"td_uid_3_69e82e645bdff\" class=\"tdc-row\"><div class=\"vc_row td_uid_4_69e82e645be03_rand  wpb_row td-pb-row\" >\n<style scoped>\n\n\/* custom css *\/\n.td_uid_4_69e82e645be03_rand {\r\n                    min-height: 0;\r\n                }\n<\/style><div class=\"vc_column td_uid_5_69e82e645bf02_rand  wpb_column vc_column_container tdc-column td-pb-span8\"><div class=\"wpb_wrapper\"><div class=\"td_block_wrap td_block_11 td_uid_6_69e82e645bfc2_rand td-pb-border-top td_block_template_1 tdc-no-posts td-column-2\"  data-td-block-uid=\"td_uid_6_69e82e645bfc2\" ><script>var block_td_uid_6_69e82e645bfc2 = new tdBlock();\nblock_td_uid_6_69e82e645bfc2.id = \"td_uid_6_69e82e645bfc2\";\nblock_td_uid_6_69e82e645bfc2.atts = '{\"limit\":\"8\",\"offset\":\"7\",\"separator\":\"\",\"custom_title\":\"\",\"custom_url\":\"\",\"block_template_id\":\"\",\"m10_tl\":\"\",\"m10_el\":\"\",\"post_ids\":\"\",\"category_id\":\"\",\"category_ids\":\"\",\"tag_slug\":\"\",\"autors_id\":\"\",\"installed_post_types\":\"\",\"sort\":\"\",\"el_class\":\"\",\"td_ajax_filter_type\":\"\",\"td_ajax_filter_ids\":\"\",\"td_filter_default_txt\":\"All\",\"td_ajax_preloading\":\"\",\"f_header_font_header\":\"\",\"f_header_font_title\":\"Block header\",\"f_header_font_settings\":\"\",\"f_header_font_family\":\"\",\"f_header_font_size\":\"\",\"f_header_font_line_height\":\"\",\"f_header_font_style\":\"\",\"f_header_font_weight\":\"\",\"f_header_font_transform\":\"\",\"f_header_font_spacing\":\"\",\"f_header_\":\"\",\"f_ajax_font_title\":\"Ajax categories\",\"f_ajax_font_settings\":\"\",\"f_ajax_font_family\":\"\",\"f_ajax_font_size\":\"\",\"f_ajax_font_line_height\":\"\",\"f_ajax_font_style\":\"\",\"f_ajax_font_weight\":\"\",\"f_ajax_font_transform\":\"\",\"f_ajax_font_spacing\":\"\",\"f_ajax_\":\"\",\"f_more_font_title\":\"Load more button\",\"f_more_font_settings\":\"\",\"f_more_font_family\":\"\",\"f_more_font_size\":\"\",\"f_more_font_line_height\":\"\",\"f_more_font_style\":\"\",\"f_more_font_weight\":\"\",\"f_more_font_transform\":\"\",\"f_more_font_spacing\":\"\",\"f_more_\":\"\",\"m10f_title_font_header\":\"\",\"m10f_title_font_title\":\"Article title\",\"m10f_title_font_settings\":\"\",\"m10f_title_font_family\":\"\",\"m10f_title_font_size\":\"\",\"m10f_title_font_line_height\":\"\",\"m10f_title_font_style\":\"\",\"m10f_title_font_weight\":\"\",\"m10f_title_font_transform\":\"\",\"m10f_title_font_spacing\":\"\",\"m10f_title_\":\"\",\"m10f_cat_font_title\":\"Article category tag\",\"m10f_cat_font_settings\":\"\",\"m10f_cat_font_family\":\"\",\"m10f_cat_font_size\":\"\",\"m10f_cat_font_line_height\":\"\",\"m10f_cat_font_style\":\"\",\"m10f_cat_font_weight\":\"\",\"m10f_cat_font_transform\":\"\",\"m10f_cat_font_spacing\":\"\",\"m10f_cat_\":\"\",\"m10f_meta_font_title\":\"Article meta info\",\"m10f_meta_font_settings\":\"\",\"m10f_meta_font_family\":\"\",\"m10f_meta_font_size\":\"\",\"m10f_meta_font_line_height\":\"\",\"m10f_meta_font_style\":\"\",\"m10f_meta_font_weight\":\"\",\"m10f_meta_font_transform\":\"\",\"m10f_meta_font_spacing\":\"\",\"m10f_meta_\":\"\",\"m10f_ex_font_title\":\"Article excerpt\",\"m10f_ex_font_settings\":\"\",\"m10f_ex_font_family\":\"\",\"m10f_ex_font_size\":\"\",\"m10f_ex_font_line_height\":\"\",\"m10f_ex_font_style\":\"\",\"m10f_ex_font_weight\":\"\",\"m10f_ex_font_transform\":\"\",\"m10f_ex_font_spacing\":\"\",\"m10f_ex_\":\"\",\"ajax_pagination\":\"\",\"ajax_pagination_infinite_stop\":\"\",\"css\":\"\",\"tdc_css\":\"\",\"td_column_number\":2,\"header_color\":\"\",\"color_preset\":\"\",\"border_top\":\"\",\"class\":\"td_uid_6_69e82e645bfc2_rand\",\"tdc_css_class\":\"td_uid_6_69e82e645bfc2_rand\",\"tdc_css_class_style\":\"td_uid_6_69e82e645bfc2_rand_style\"}';\nblock_td_uid_6_69e82e645bfc2.td_column_number = \"2\";\nblock_td_uid_6_69e82e645bfc2.block_type = \"td_block_11\";\nblock_td_uid_6_69e82e645bfc2.post_count = \"0\";\nblock_td_uid_6_69e82e645bfc2.found_posts = \"0\";\nblock_td_uid_6_69e82e645bfc2.header_color = \"\";\nblock_td_uid_6_69e82e645bfc2.ajax_pagination_infinite_stop = \"\";\nblock_td_uid_6_69e82e645bfc2.max_num_pages = \"-0\";\ntdBlocksArray.push(block_td_uid_6_69e82e645bfc2);\n<\/script><div class=\"td-block-title-wrap\"><\/div><div id=td_uid_6_69e82e645bfc2 class=\"td_block_inner\"><\/div><\/div> <!-- .\/block --><\/div><\/div><div class=\"vc_column td_uid_7_69e82e645c766_rand  wpb_column vc_column_container tdc-column td-pb-span4\"><div class=\"wpb_wrapper\"><div class=\"wpb_wrapper td_block_wrap vc_widget_sidebar td_uid_8_69e82e645c7e2_rand \" ><\/div><\/div><\/div><\/div><\/div>\r\n\t\t<script>\r\n\r\n\t\t\tjQuery(window).load(function () {\r\n\t\t\t\tjQuery('body').find('#td_uid_3_69e82e645bdff .td-element-style').each(function (index, element) {\r\n\t\t\t\t\tjQuery(element).css('opacity', 1);\r\n\t\t\t\t\treturn;\r\n\t\t\t\t});\r\n\t\t\t});\r\n\r\n\t\t<\/script>\r\n\r\n\t\t\r\n\t\t\t<script>\r\n\r\n\t\t\t\tjQuery(window).ready(function () {\r\n\r\n\t\t\t\t\t\/\/ We need timeout because the content must be rendered and interpreted on client\r\n\t\t\t\t\tsetTimeout(function () {\r\n\r\n\t\t\t\t\t\tvar $content = jQuery('body').find('#tdc-live-iframe'),\r\n\t\t\t\t\t\t\trefWindow = undefined;\r\n\r\n\t\t\t\t\t\tif ($content.length) {\r\n\t\t\t\t\t\t\t$content = $content.contents();\r\n\t\t\t\t\t\t\trefWindow = document.getElementById('tdc-live-iframe').contentWindow || document.getElementById('tdc-live-iframe').contentDocument;\r\n\r\n\t\t\t\t\t\t} else {\r\n\t\t\t\t\t\t\t$content = jQuery('body');\r\n\t\t\t\t\t\t\trefWindow = window;\r\n\t\t\t\t\t\t}\r\n\r\n\t\t\t\t\t\t$content.find('#td_uid_3_69e82e645bdff .td-element-style').each(function (index, element) {\r\n\t\t\t\t\t\t\tjQuery(element).css('opacity', 1);\r\n\t\t\t\t\t\t\treturn;\r\n\t\t\t\t\t\t});\r\n\t\t\t\t\t});\r\n\r\n\t\t\t\t}, 200);\r\n\t\t\t<\/script>\r\n\r\n\t\t\t<\/p>\r\n","protected":false},"excerpt":{"rendered":"Fr\u00e9ttir Vorhefti Sk\u00e1kar 2025 komi\u00f0 \u00fat! Gauti P\u00e1ll J\u00f3nsson - 5. mars, 2025 Fr\u00e9ttir T\u00edmariti\u00f0 Sk\u00e1k komi\u00f0 \u00fat &#8211; h\u00e6gt a\u00f0 n\u00e1lgast \u00ed TR! Gauti P\u00e1ll J\u00f3nsson - 13. okt\u00f3ber, 2024 Fr\u00e9ttir T\u00edmariti\u00f0 Sk\u00e1k kemur \u00fat \u00ed dag! Gunnar Bj\u00f6rnsson - 3. okt\u00f3ber, 2024 Fr\u00e9ttir T\u00edmariti\u00f0 Sk\u00e1k lifir! H\u00e9r er h\u00e6gt a\u00f0 gerast \u00e1skrifandi! Fr\u00e9ttir [...]","protected":false},"author":1,"featured_media":0,"parent":0,"menu_order":0,"comment_status":"closed","ping_status":"closed","template":"","meta":{"footnotes":""},"class_list":["post-20","page","type-page","status-publish","hentry"],"jetpack_sharing_enabled":true,"_links":{"self":[{"href":"https:\/\/skak.is\/timarit\/wp-json\/wp\/v2\/pages\/20","targetHints":{"allow":["GET"]}}],"collection":[{"href":"https:\/\/skak.is\/timarit\/wp-json\/wp\/v2\/pages"}],"about":[{"href":"https:\/\/skak.is\/timarit\/wp-json\/wp\/v2\/types\/page"}],"author":[{"embeddable":true,"href":"https:\/\/skak.is\/timarit\/wp-json\/wp\/v2\/users\/1"}],"replies":[{"embeddable":true,"href":"https:\/\/skak.is\/timarit\/wp-json\/wp\/v2\/comments?post=20"}],"version-history":[{"count":4,"href":"https:\/\/skak.is\/timarit\/wp-json\/wp\/v2\/pages\/20\/revisions"}],"predecessor-version":[{"id":26,"href":"https:\/\/skak.is\/timarit\/wp-json\/wp\/v2\/pages\/20\/revisions\/26"}],"wp:attachment":[{"href":"https:\/\/skak.is\/timarit\/wp-json\/wp\/v2\/media?parent=20"}],"curies":[{"name":"wp","href":"https:\/\/api.w.org\/{rel}","templated":true}]}}